{"id":242,"date":"2019-02-21T08:40:26","date_gmt":"2019-02-21T11:40:26","guid":{"rendered":"https:\/\/litoral.ufpr.br\/geografia\/?page_id=242"},"modified":"2026-01-29T16:34:51","modified_gmt":"2026-01-29T19:34:51","slug":"oferta-de-modulos","status":"publish","type":"page","link":"https:\/\/litoral.ufpr.br\/geografia\/curriculo\/oferta-de-modulos\/","title":{"rendered":"Oferta de M\u00f3dulos"},"content":{"rendered":"\n<p><strong>2026-1<\/strong><\/p>\n\n\n\n<p><strong>Fundamentos Te\u00f3rico Pr\u00e1ticos<\/strong><\/p>\n\n\n\n<div class=\"wp-block-columns is-layout-flex wp-container-core-columns-is-layout-9d6595d7 wp-block-columns-is-layout-flex\">\n<div class=\"wp-block-column is-vertically-aligned-center is-layout-flow wp-block-column-is-layout-flow\" style=\"flex-basis:100%\">\n<figure class=\"wp-block-table is-style-regular has-small-font-size\"><table class=\"has-black-color has-light-green-cyan-background-color has-text-color has-background has-fixed-layout\"><tbody><tr><td class=\"has-text-align-center\" data-align=\"center\">C\u00f3digo M\u00f3dulo<\/td><td class=\"has-text-align-center\" data-align=\"center\">Nome<\/td><td class=\"has-text-align-center\" data-align=\"center\">Hor\u00e1rio<\/td><td class=\"has-text-align-center\" data-align=\"center\">Docentes<\/td><td class=\"has-text-align-center\" data-align=\"center\">Carga Hor\u00e1ria Total<\/td><td class=\"has-text-align-center\" data-align=\"center\">Sala<\/td><\/tr><tr><td class=\"has-text-align-center\" data-align=\"center\">SLGEO001<\/td><td class=\"has-text-align-center\" data-align=\"center\">INTEGRA\u00c7\u00c3O UNIVERSIT\u00c1RIA E RECONHECIMENTO DO LITORAL<\/td><td class=\"has-text-align-center\" data-align=\"center\">Quinta-feira: 19:00 &#8211; 22:30<\/td><td class=\"has-text-align-center\" data-align=\"center\">Paulo Gaspar Graziola Junior<\/td><td class=\"has-text-align-center\" data-align=\"center\">90 horas<\/td><td class=\"has-text-align-center\" data-align=\"center\">36A<\/td><\/tr><tr><td class=\"has-text-align-center\" data-align=\"center\">SLGEO002<\/td><td class=\"has-text-align-center\" data-align=\"center\">REPRESENTA\u00c7\u00d5ES, LEITURAS E AN\u00c1LISES GEOGR\u00c1FICAS<\/td><td class=\"has-text-align-center\" data-align=\"center\">Segunda-feira: 19:00 &#8211; 22:30<\/td><td class=\"has-text-align-center\" data-align=\"center\">Gislaine Garcia de Faria<\/td><td class=\"has-text-align-center\" data-align=\"center\">75 horas<\/td><td class=\"has-text-align-center\" data-align=\"center\">36A<\/td><\/tr><tr><td class=\"has-text-align-center\" data-align=\"center\">SLGEO003<\/td><td class=\"has-text-align-center\" data-align=\"center\">EDUCA\u00c7\u00d5ES, ESCOLAS, CULTURAS E SOCIEDADES<\/td><td class=\"has-text-align-center\" data-align=\"center\">Ter\u00e7a-feira: 19:00 &#8211; 22:30<\/td><td class=\"has-text-align-center\" data-align=\"center\">Airton Leitzke<\/td><td class=\"has-text-align-center\" data-align=\"center\">105 horas<\/td><td class=\"has-text-align-center\" data-align=\"center\">36A<\/td><\/tr><tr><td class=\"has-text-align-center\" data-align=\"center\">SLGEO007<\/td><td class=\"has-text-align-center\" data-align=\"center\">COMPREENS\u00c3O DO SISTEMA MUNDO I<\/td><td class=\"has-text-align-center\" data-align=\"center\">Quinta-feira: 19:00 &#8211; 22:30,<\/td><td class=\"has-text-align-center\" data-align=\"center\">Airton Leitzke<\/td><td class=\"has-text-align-center\" data-align=\"center\">60 horas<\/td><td class=\"has-text-align-center\" data-align=\"center\">35A<\/td><\/tr><tr><td class=\"has-text-align-center\" data-align=\"center\">SLGEO008<\/td><td class=\"has-text-align-center\" data-align=\"center\">O TERRIT\u00d3RIO BRASILEIRO NA CONTEMPORANEIDADE<\/td><td class=\"has-text-align-center\" data-align=\"center\">Segunda-Feira: 19:00 &#8211; 22:30<\/td><td class=\"has-text-align-center\" data-align=\"center\">Fernando dos Santos Vargas<\/td><td class=\"has-text-align-center\" data-align=\"center\">75 horas<\/td><td class=\"has-text-align-center\" data-align=\"center\">35A<\/td><\/tr><tr><td class=\"has-text-align-center\" data-align=\"center\">SLGEO009<\/td><td class=\"has-text-align-center\" data-align=\"center\">FUNDAMENTOS E EESTRUTURAS DAS EDUCA\u00c7\u00d5ES<\/td><td class=\"has-text-align-center\" data-align=\"center\">Ter\u00e7a-feira19:00 &#8211; 22:30<\/td><td class=\"has-text-align-center\" data-align=\"center\">Neusa Maria Tauschek<\/td><td class=\"has-text-align-center\" data-align=\"center\">105 horas<\/td><td class=\"has-text-align-center\" data-align=\"center\">35A<\/td><\/tr><tr><td class=\"has-text-align-center\" data-align=\"center\">SLGEO013<\/td><td class=\"has-text-align-center\" data-align=\"center\">NATUREZA E ESPA\u00c7O GEOGR\u00c1FICO: UM OLHAR SOBRE O MUNDO<\/td><td class=\"has-text-align-center\" data-align=\"center\">Quinta-feira: 19:00 &#8211; 22:30<\/td><td class=\"has-text-align-center\" data-align=\"center\">Giovanni Regazzo<\/td><td class=\"has-text-align-center\" data-align=\"center\">75 horas<\/td><td class=\"has-text-align-center\" data-align=\"center\">32A<\/td><\/tr><tr><td class=\"has-text-align-center\" data-align=\"center\">SLGEO014<\/td><td class=\"has-text-align-center\" data-align=\"center\">GLOBALIZA\u00c7\u00c3O E GEOPOL\u00cdTICA<\/td><td class=\"has-text-align-center\" data-align=\"center\">Segunda-Feira: 19:00 &#8211; 22:30<\/td><td class=\"has-text-align-center\" data-align=\"center\">Antonio M\u00e1rcio Haliski<\/td><td class=\"has-text-align-center\" data-align=\"center\">75 horas<\/td><td class=\"has-text-align-center\" data-align=\"center\">32A<\/td><\/tr><tr><td class=\"has-text-align-center\" data-align=\"center\">SLGEO015<\/td><td class=\"has-text-align-center\" data-align=\"center\">EST\u00c1GIO I: QUEST\u00d5ES DEMOCR\u00c1TICAS DA EDUCA\u00c7\u00c3O<\/td><td class=\"has-text-align-center\" data-align=\"center\">Ter\u00e7a-feira: 19:00 &#8211; 22:30<\/td><td class=\"has-text-align-center\" data-align=\"center\">\u00c2ngela Massumi Katuta<\/td><td class=\"has-text-align-center\" data-align=\"center\">105 horas<\/td><td class=\"has-text-align-center\" data-align=\"center\">32A<\/td><\/tr><tr><td class=\"has-text-align-center\" data-align=\"center\">SLGEO019<\/td><td class=\"has-text-align-center\" data-align=\"center\">A REINVEN\u00c7\u00c3O DOS TERRIT\u00d3RIOS E DAS (R)EXIST\u00caNCIAS<\/td><td class=\"has-text-align-center\" data-align=\"center\">Segunda-feira: 19:00 &#8211; 22:30<\/td><td class=\"has-text-align-center\" data-align=\"center\">Fernando dos Santos Vargas<\/td><td class=\"has-text-align-center\" data-align=\"center\">75 horas<\/td><td class=\"has-text-align-center\" data-align=\"center\">31A<\/td><\/tr><tr><td class=\"has-text-align-center\" data-align=\"center\">SLGEO020<\/td><td class=\"has-text-align-center\" data-align=\"center\">DI\u00c1LOGO DE SABERES: GEOGRAFANDO OS PROJETOS DE APRENDIZAGEM I<\/td><td class=\"has-text-align-center\" data-align=\"center\">Ter\u00e7a-feira: 19:00 &#8211; 22:30<\/td><td class=\"has-text-align-center\" data-align=\"center\">Marcos Aur\u00e9lio Zanlorenzi + Airton Leitzke<\/td><td class=\"has-text-align-center\" data-align=\"center\">60 horas<\/td><td class=\"has-text-align-center\" data-align=\"center\">31A<\/td><\/tr><tr><td class=\"has-text-align-center\" data-align=\"center\">SLGEOEX020<\/td><td class=\"has-text-align-center\" data-align=\"center\">DI\u00c1LOGO DE SABERES: GEOGRAFANDO OS PROJETOS DE APRENDIZAGEM I<\/td><td class=\"has-text-align-center\" data-align=\"center\">Ter\u00e7a-feira: 19:00 &#8211; 22:30<\/td><td class=\"has-text-align-center\" data-align=\"center\">Marcos Aur\u00e9lio Zanlorenzi + Airton Leitzke<\/td><td class=\"has-text-align-center\" data-align=\"center\"> 60 horas <\/td><td class=\"has-text-align-center\" data-align=\"center\">31A<\/td><\/tr><tr><td class=\"has-text-align-center\" data-align=\"center\">SLGEO021<\/td><td class=\"has-text-align-center\" data-align=\"center\">EST\u00c1GIO III: IDENTIDADES E COMPROMISSOS NOS ESPA\u00c7OS EDUCACIONAIS<\/td><td class=\"has-text-align-center\" data-align=\"center\"> Quinta-feira: 19:00 &#8211; 22:30 <\/td><td class=\"has-text-align-center\" data-align=\"center\">Antonio M\u00e1rcio Haliski<\/td><td class=\"has-text-align-center\" data-align=\"center\">105 horas<\/td><td class=\"has-text-align-center\" data-align=\"center\">31A<\/td><\/tr><\/tbody><\/table><\/figure>\n<\/div>\n<\/div>\n\n\n\n<p><strong>Intera\u00e7\u00f5es Culturais e Human\u00edsticas<\/strong> ( Carga Hor\u00e1ria Semestral de 60 horas)<\/p>\n\n\n\n<div data-wp-interactive=\"core\/file\" class=\"wp-block-file\"><object data-wp-bind--hidden=\"!state.hasPdfPreview\" hidden class=\"wp-block-file__embed\" data=\"https:\/\/litoral.ufpr.br\/geografia\/wp-content\/uploads\/sites\/11\/2026\/01\/Oferta_ICH_2026-1-1.pdf\" type=\"application\/pdf\" style=\"width:100%;height:600px\" aria-label=\"Incorporado de Oferta_ICH_2026-1  (1).\"><\/object><a id=\"wp-block-file--media-9484ad53-9a3a-4459-a1c6-5b735e01afb5\" href=\"https:\/\/litoral.ufpr.br\/geografia\/wp-content\/uploads\/sites\/11\/2026\/01\/Oferta_ICH_2026-1-1.pdf\">Oferta_ICH_2026-1  (1)<\/a><a href=\"https:\/\/litoral.ufpr.br\/geografia\/wp-content\/uploads\/sites\/11\/2026\/01\/Oferta_ICH_2026-1-1.pdf\" class=\"wp-block-file__button wp-element-button\" download aria-describedby=\"wp-block-file--media-9484ad53-9a3a-4459-a1c6-5b735e01afb5\">Baixar<\/a><\/div>\n\n\n\n<p><strong>Projetos de Aprendizagem<\/strong> (Carga Hor\u00e1ria Semestral de 60 horas)<\/p>\n\n\n\n<p>2021-2:<\/p>\n\n\n\n<div data-wp-interactive=\"core\/file\" class=\"wp-block-file\"><a href=\"https:\/\/litoral.ufpr.br\/geografia\/wp-content\/uploads\/sites\/11\/2022\/05\/Encargos-Didaticos-2021-2.pdf\">Encargos-Didaticos-2021-2<\/a><a href=\"https:\/\/litoral.ufpr.br\/geografia\/wp-content\/uploads\/sites\/11\/2022\/05\/Encargos-Didaticos-2021-2.pdf\" class=\"wp-block-file__button\" download>Baixar<\/a><\/div>\n\n\n\n<p>2021-1:<\/p>\n\n\n\n<div data-wp-interactive=\"core\/file\" class=\"wp-block-file\"><a href=\"https:\/\/litoral.ufpr.br\/geografia\/wp-content\/uploads\/sites\/11\/2022\/05\/Encargos-didaticos-2021-1.pdf\">Encargos did\u00e1ticos 2021-1<\/a><a href=\"https:\/\/litoral.ufpr.br\/geografia\/wp-content\/uploads\/sites\/11\/2022\/05\/Encargos-didaticos-2021-1.pdf\" class=\"wp-block-file__button\" download>Baixar<\/a><\/div>\n\n\n\n<p>2020-1:<\/p>\n\n\n\n<div data-wp-interactive=\"core\/file\" class=\"wp-block-file\"><a href=\"https:\/\/litoral.ufpr.br\/geografia\/wp-content\/uploads\/sites\/11\/2022\/05\/Encargos-Didaticos-2020-1.pdf\">Encargos-Didaticos-2020-1<\/a><a href=\"https:\/\/litoral.ufpr.br\/geografia\/wp-content\/uploads\/sites\/11\/2022\/05\/Encargos-Didaticos-2020-1.pdf\" class=\"wp-block-file__button\" download>Baixar<\/a><\/div>\n\n\n\n<p>2019-2<\/p>\n\n\n\n<div data-wp-interactive=\"core\/file\" class=\"wp-block-file\"><a href=\"https:\/\/litoral.ufpr.br\/geografia\/wp-content\/uploads\/sites\/11\/2022\/05\/Encargos-Didaticos-2019-2.pdf\">Encargos-Didaticos-2019-2<\/a><a href=\"https:\/\/litoral.ufpr.br\/geografia\/wp-content\/uploads\/sites\/11\/2022\/05\/Encargos-Didaticos-2019-2.pdf\" class=\"wp-block-file__button\" download>Baixar<\/a><\/div>\n\n\n\n<p>2019-1:<\/p>\n\n\n\n<div data-wp-interactive=\"core\/file\" class=\"wp-block-file\"><a href=\"https:\/\/litoral.ufpr.br\/geografia\/wp-content\/uploads\/sites\/11\/2022\/05\/Encargos-didaticos-2019-1-oficial.pdf\">Encargos-didaticos-2019-1-oficial<\/a><a href=\"https:\/\/litoral.ufpr.br\/geografia\/wp-content\/uploads\/sites\/11\/2022\/05\/Encargos-didaticos-2019-1-oficial.pdf\" class=\"wp-block-file__button\" download>Baixar<\/a><\/div>\n\n\n\n<p>2018-2:<\/p>\n\n\n\n<div data-wp-interactive=\"core\/file\" class=\"wp-block-file\"><a href=\"https:\/\/litoral.ufpr.br\/geografia\/wp-content\/uploads\/sites\/11\/2022\/05\/OFERTA_GEO-2018-2.pdf\">OFERTA_GEO-2018-2<\/a><a href=\"https:\/\/litoral.ufpr.br\/geografia\/wp-content\/uploads\/sites\/11\/2022\/05\/OFERTA_GEO-2018-2.pdf\" class=\"wp-block-file__button\" download>Baixar<\/a><\/div>\n\n\n\n<p>2018-1:<\/p>\n\n\n\n<div data-wp-interactive=\"core\/file\" class=\"wp-block-file\"><a href=\"https:\/\/litoral.ufpr.br\/geografia\/wp-content\/uploads\/sites\/11\/2022\/05\/Encargos-Didaticos-2018-1.pdf\">Encargos-Didaticos-2018-1<\/a><a href=\"https:\/\/litoral.ufpr.br\/geografia\/wp-content\/uploads\/sites\/11\/2022\/05\/Encargos-Didaticos-2018-1.pdf\" class=\"wp-block-file__button\" download>Baixar<\/a><\/div>\n\n\n\n<p><\/p>\n\n\n\n<p>(Atualiza\u00e7\u00e3o: 19\/05\/2022)<\/p>\n","protected":false},"excerpt":{"rendered":"<p>2026-1 Fundamentos Te\u00f3rico Pr\u00e1ticos C\u00f3digo M\u00f3dulo Nome Hor\u00e1rio Docentes Carga Hor\u00e1ria Total Sala SLGEO001 INTEGRA\u00c7\u00c3O UNIVERSIT\u00c1RIA E RECONHECIMENTO DO LITORAL Quinta-feira: 19:00 &#8211; 22:30 Paulo Gaspar Graziola Junior 90 horas 36A SLGEO002 REPRESENTA\u00c7\u00d5ES, LEITURAS E AN\u00c1LISES GEOGR\u00c1FICAS Segunda-feira: 19:00 &#8211; 22:30 Gislaine Garcia de Faria 75 horas 36A SLGEO003 EDUCA\u00c7\u00d5ES, ESCOLAS, CULTURAS E SOCIEDADES Ter\u00e7a-feira: [&hellip;]<\/p>\n","protected":false},"author":3,"featured_media":0,"parent":240,"menu_order":0,"comment_status":"closed","ping_status":"closed","template":"","meta":{"_acf_changed":false,"footnotes":""},"class_list":["post-242","page","type-page","status-publish","hentry"],"acf":[],"_links":{"self":[{"href":"https:\/\/litoral.ufpr.br\/geografia\/wp-json\/wp\/v2\/pages\/242","targetHints":{"allow":["GET"]}}],"collection":[{"href":"https:\/\/litoral.ufpr.br\/geografia\/wp-json\/wp\/v2\/pages"}],"about":[{"href":"https:\/\/litoral.ufpr.br\/geografia\/wp-json\/wp\/v2\/types\/page"}],"author":[{"embeddable":true,"href":"https:\/\/litoral.ufpr.br\/geografia\/wp-json\/wp\/v2\/users\/3"}],"replies":[{"embeddable":true,"href":"https:\/\/litoral.ufpr.br\/geografia\/wp-json\/wp\/v2\/comments?post=242"}],"version-history":[{"count":29,"href":"https:\/\/litoral.ufpr.br\/geografia\/wp-json\/wp\/v2\/pages\/242\/revisions"}],"predecessor-version":[{"id":1048,"href":"https:\/\/litoral.ufpr.br\/geografia\/wp-json\/wp\/v2\/pages\/242\/revisions\/1048"}],"up":[{"embeddable":true,"href":"https:\/\/litoral.ufpr.br\/geografia\/wp-json\/wp\/v2\/pages\/240"}],"wp:attachment":[{"href":"https:\/\/litoral.ufpr.br\/geografia\/wp-json\/wp\/v2\/media?parent=242"}],"curies":[{"name":"wp","href":"https:\/\/api.w.org\/{rel}","templated":true}]}}