{"id":1002,"date":"2025-11-19T19:32:38","date_gmt":"2025-11-19T22:32:38","guid":{"rendered":"https:\/\/litoral.ufpr.br\/geografia\/?page_id=1002"},"modified":"2025-11-19T19:32:38","modified_gmt":"2025-11-19T22:32:38","slug":"links-e-servicos","status":"publish","type":"page","link":"https:\/\/litoral.ufpr.br\/geografia\/links-e-servicos\/","title":{"rendered":"Links e Servi\u00e7os"},"content":{"rendered":"\n<p>SIGA<\/p>\n\n\n\n<p>Para acessar o hist\u00f3rico escolar, fazer matr\u00edculas em m\u00f3dulos e verificar situa\u00e7\u00e3o acad\u00eamica acesse o SIGA-UFPR no endere\u00e7o: Portal de Sistemas UFPR<\/p>\n\n\n\n<p>Para acessar o SIGA UFPR voc\u00ea precisa ter:<\/p>\n\n\n\n<p>\u00b7 Email UFPR cadastrado<\/p>\n\n\n\n<p>\u00b7 Senha de acesso ao sistema atualizada<\/p>\n\n\n\n<p>Se quer aprender mais sobre o SIGA UFPR, acesse:<a href=\"https:\/\/ufpraberta.ufpr.br\/course\/view.php?id=9\"> https:\/\/ufpraberta.ufpr.br\/course\/view.php?id=9<\/a><\/p>\n\n\n\n<p>Recupera\u00e7\u00e3o senha e-mail UFPR: https:\/\/intranet.ufpr.br\/intranet\/public\/senha!input.action<\/p>\n\n\n\n<p><a href=\"https:\/\/litoral.ufpr.br\/lecampo\/wp-content\/uploads\/sites\/10\/2025\/04\/MANUAL-DOS-SITEMAS-UFPR-1-2.pdf\" data-type=\"link\" data-id=\"https:\/\/litoral.ufpr.br\/lecampo\/wp-content\/uploads\/sites\/10\/2025\/04\/MANUAL-DOS-SITEMAS-UFPR-1-2.pdf\">Manual de como acessar os Sistemas UFPR<\/a><\/p>\n\n\n\n<p>UFPR VIRTUAL<\/p>\n\n\n\n<p>A UFPR Virtual \u00e9 o Ambiente Virtual de Aprendizagem (AVA) oferecidos \u00e0 comunidade acad\u00eamica. Voc\u00ea, estudante, ter\u00e1 acesso \u00e0s disciplinas em que est\u00e1 matriculado ou matriculada. Para acessar, entre no seguinte link: <a href=\"https:\/\/ufprvirtual.ufpr.br\/\">https:\/\/ufprvirtual.ufpr.br\/<\/a> e clique no \u00edcone \u201cacesso\u201d, que est\u00e1 no canto superior direito. Para realizar o login, insira seu CPF na identifica\u00e7\u00e3o e sua data de nascimento (sem abreviatura do ano) na senha.<\/p>\n\n\n\n<figure class=\"wp-block-image size-full\"><img loading=\"lazy\" decoding=\"async\" width=\"515\" height=\"535\" src=\"https:\/\/litoral.ufpr.br\/geografia\/wp-content\/uploads\/sites\/11\/2025\/11\/image-3.png\" alt=\"\" class=\"wp-image-1003\" srcset=\"https:\/\/litoral.ufpr.br\/geografia\/wp-content\/uploads\/sites\/11\/2025\/11\/image-3.png 515w, https:\/\/litoral.ufpr.br\/geografia\/wp-content\/uploads\/sites\/11\/2025\/11\/image-3-289x300.png 289w\" sizes=\"auto, (max-width: 515px) 100vw, 515px\" \/><\/figure>\n\n\n\n<p>UFPR ABERTA<\/p>\n\n\n\n<p>A UFPR Aberta \u00e9 uma plataforma com os mais diversos cursos livres para todas as pessoas e de forma on-line e gratuita. <a href=\"https:\/\/ufpraberta.ufpr.br\/\" data-type=\"link\" data-id=\"https:\/\/ufpraberta.ufpr.br\/\">Acesse aqui<\/a> e conhe\u00e7a dezenas de cursos.<\/p>\n\n\n\n<p>No site, voc\u00ea tamb\u00e9m pode aprender mais como utilizar o SIGA (Sistema Integrado de Gest\u00e3o Acad\u00eamica). Para conhecer mais sobre o SIGA, <a href=\"https:\/\/ufpraberta.ufpr.br\/course\/view.php?id=9\" data-type=\"link\" data-id=\"https:\/\/ufpraberta.ufpr.br\/course\/view.php?id=9\">clique aqui<\/a>.<\/p>\n\n\n\n<figure class=\"wp-block-image size-full\"><img loading=\"lazy\" decoding=\"async\" width=\"499\" height=\"247\" src=\"https:\/\/litoral.ufpr.br\/geografia\/wp-content\/uploads\/sites\/11\/2025\/11\/image-4.png\" alt=\"\" class=\"wp-image-1004\" srcset=\"https:\/\/litoral.ufpr.br\/geografia\/wp-content\/uploads\/sites\/11\/2025\/11\/image-4.png 499w, https:\/\/litoral.ufpr.br\/geografia\/wp-content\/uploads\/sites\/11\/2025\/11\/image-4-300x148.png 300w\" sizes=\"auto, (max-width: 499px) 100vw, 499px\" \/><\/figure>\n\n\n\n<p>Diplomas<\/p>\n\n\n\n<p>DIPLOMA DIGITAL<\/p>\n\n\n\n<p>Ap\u00f3s 2023, todos os diplomas emitidos pela UFPR s\u00e3o digitais e s\u00e3o retirados via SIGA, no campo de \u201cegressos\u201d.<\/p>\n\n\n\n<p>O prazo para que o diploma fique dispon\u00edvel \u00e9 de at\u00e9 120 dias ap\u00f3s a ata de cola\u00e7\u00e3o e estando o egresso ou a egressa com a documenta\u00e7\u00e3o pessoal regularizada. Aconselhamos verificar a cada 15 dias.<\/p>\n\n\n\n<p>Tutorial para acesso ao Diploma:<\/p>\n\n\n\n<figure class=\"wp-block-embed\"><div class=\"wp-block-embed__wrapper\">\nhttps:\/\/ufpraberta.ufpr.br\/pluginfile.php\/142636\/mod_resource\/content\/1\/Tutorial%20Diploma%20Digital%20-%20Perfil%20Egresso.pdf\n<\/div><\/figure>\n\n\n\n<p>REPRESENTA\u00c7\u00c3O VISUAL DIPLOMA DIGITAL (RVDD)<\/p>\n\n\n\n<p>Para imprimir a Representa\u00e7\u00e3o Visual do Diploma Digital, com a utiliza\u00e7\u00e3o de papel e tratamento gr\u00e1ficos, \u00e9 necess\u00e1rio o pagamento de taxa que deve ser feito com Guia de Recolhimento da Uni\u00e3o (GRU). O valor da Taxa \u00e9 de R$ 70,00 (setenta reais). A solicita\u00e7\u00e3o de impress\u00e3o da RVDD dever\u00e1 ser feita por e-mail, anexando a guia de recolhimento da uni\u00e3o, o comprovante de pagamento e requerimento preenchido e assinado.<\/p>\n\n\n\n<figure class=\"wp-block-embed\"><div class=\"wp-block-embed__wrapper\">\nhttps:\/\/direito.ufpr.br\/wp-content\/uploads\/2023\/09\/Requerimento_RVDD.pdf\n<\/div><\/figure>\n\n\n\n<p>ORIENTA\u00c7\u00d5ES PARA PREENCHIMENTO DA GRU (EXCLUSIVO RVDD)<\/p>\n\n\n\n<figure class=\"wp-block-embed\"><div class=\"wp-block-embed__wrapper\">\nhttps:\/\/pagtesouro.tesouro.gov.br\/portal-gru\/#\/emissao-gru\/formulario?ug=153079&#038;codigoRecolhimento=78929-1\n<\/div><\/figure>\n\n\n\n<p>1. Unidade Gestora (UG) = 153079<\/p>\n\n\n\n<p>2. Gest\u00e3o = 15232<\/p>\n\n\n\n<p>3. C\u00f3digo de Recolhimento = 78929-1<\/p>\n\n\n\n<p>4. N\u00famero de Refer\u00eancia = 1715366206001<\/p>\n\n\n\n<p>5. Compet\u00eancia: m\u00eas de vencimento<\/p>\n\n\n\n<p>6. Vencimento: dia de vencimento<\/p>\n\n\n\n<p>7. CNPJ\/CPF do Contribuinte<\/p>\n\n\n\n<p>8. Nome do Contribuinte\/Recolhedor<\/p>\n\n\n\n<p>9. Valor Principal: : R$70,00<\/p>\n\n\n\n<p>10. Valor Total: R$70,00<\/p>\n\n\n\n<p>SEGUNDA VIA DE DIPLOMA<\/p>\n\n\n\n<p>Para solicitar a segunda via do diploma, \u00e9 necess\u00e1rio encaminhar os seguintes documentos para ligeo@ufpr.br:<\/p>\n\n\n\n<p>\u2022 Formul\u00e1rio de Solicita\u00e7\u00e3o de Segunda Via do Diploma preenchido e assinado;<\/p>\n\n\n\n<p>\u2022 C\u00f3pia autenticada da Certid\u00e3o de Nascimento ou Casamento;<\/p>\n\n\n\n<p>\u2022 C\u00f3pia autenticada do RG;<\/p>\n\n\n\n<p>\u2022 Guia de Recolhimento da Uni\u00e3o (GRU) com o comprovante de pagamento.<\/p>\n\n\n\n<p><a href=\"https:\/\/direito.ufpr.br\/wp-content\/uploads\/2022\/04\/REQUERIMENTO-PARA-SOLICITACAO-DE-2-VIA-DE-DIPLOMA.pdf\">https:\/\/direito.ufpr.br\/wp-content\/uploads\/2022\/04\/REQUERIMENTO-PARA-SOLICITACAO-DE-2-VIA-DE-DIPLOMA.pdf<\/a><\/p>\n\n\n\n<p>ORIENTA\u00c7\u00d5ES PARA PREENCHIMENTO DA GRU (EXCLUSIVO PARA SEGUNDA VIA DE DIPLOMA)<\/p>\n\n\n\n<p>1. Unidade Gestora Arrecadadora = 153079<\/p>\n\n\n\n<p>2. Gest\u00e3o = 15232<\/p>\n\n\n\n<p>3. C\u00f3digo de Recolhimento = 28927-2<\/p>\n\n\n\n<p>4. N\u00famero de Refer\u00eancia = 1715366206001<\/p>\n\n\n\n<p>5. Compet\u00eancia: m\u00eas de vencimento<\/p>\n\n\n\n<p>6. Vencimento: dia de vencimento<\/p>\n\n\n\n<p>7. CNPJ\/CPF do Contribuinte<\/p>\n\n\n\n<p>8. Nome do Contribuinte\/Recolhedor<\/p>\n\n\n\n<p>9. Valor Principal: 275,00<\/p>\n\n\n\n<p>10. Valor Total: 275,00<\/p>\n\n\n\n<p><a href=\"https:\/\/pagtesouro.tesouro.gov.br\/portal-gru\/#\/emissao-gru\/formulario?ug=153079&amp;codigoRecolhimento=28927-2\" data-type=\"link\" data-id=\"https:\/\/pagtesouro.tesouro.gov.br\/portal-gru\/#\/emissao-gru\/formulario?ug=153079&amp;codigoRecolhimento=28927-2\">Link: https:\/\/pagtesouro.tesouro.gov.br\/portal-gru\/#\/emissao-gru\/formulario?ug=153079&amp;codigoRecolhimento=28927-2<\/a><\/p>\n\n\n\n<p>Projeto Office 365<\/p>\n\n\n\n<p>A UFPR, atrav\u00e9s da AGTIC, firmou contrato de ades\u00e3o, sem custos para a Institui\u00e7\u00e3o, ao Office 365 Education.<\/p>\n\n\n\n<p>A partir da implanta\u00e7\u00e3o do Projeto Office 365, todos os usu\u00e1rios de e-mails @ufpr ter\u00e3o acesso gratuito a essa ferramenta.<\/p>\n\n\n\n<p>O que \u00e9 o Projeto?<\/p>\n\n\n\n<p>\u00c9 a implementa\u00e7\u00e3o de recursos que permitir\u00e1 \u00e0 UFPR oferecer a sua comunidade acad\u00eamica, de forma gratuita, o acesso online aos principais aplicativos disponibilizados pelo Office 365, como Outlook (e-mail), OneDrive (nuvem de armazenamento), Teams (ferramenta de reuni\u00e3o e compartilhamento de arquivos), Excel (ferramenta de planilhas), PowerPoint (ferramenta de apresenta\u00e7\u00f5es), Word (ferramenta de texto), Forms (formul\u00e1rios) Planner (agenda e ferramenta de tarefas) entre outros.<\/p>\n\n\n\n<p>Como acessar?<\/p>\n\n\n\n<p>Basta acessar seu e-mail @ufpr por meio do aplicativo Outlook (se estiver pelo celular) ou pelo link outlook.com (se estiver pelo computador) e acessar pelo \u00edcone superior esquerdo, com os nove pontos.<\/p>\n\n\n\n<figure class=\"wp-block-image size-full\"><img loading=\"lazy\" decoding=\"async\" width=\"482\" height=\"471\" src=\"https:\/\/litoral.ufpr.br\/geografia\/wp-content\/uploads\/sites\/11\/2025\/11\/image-5.png\" alt=\"\" class=\"wp-image-1005\" srcset=\"https:\/\/litoral.ufpr.br\/geografia\/wp-content\/uploads\/sites\/11\/2025\/11\/image-5.png 482w, https:\/\/litoral.ufpr.br\/geografia\/wp-content\/uploads\/sites\/11\/2025\/11\/image-5-300x293.png 300w\" sizes=\"auto, (max-width: 482px) 100vw, 482px\" \/><\/figure>\n\n\n\n<p> Reserva de espa\u00e7os<\/p>\n\n\n\n<p>Reserva de espa\u00e7os e Ensalamento<\/p>\n\n\n\n<p>Para solicita\u00e7\u00f5es de reserva dos espa\u00e7os a seguir, envie e-mail para: coord.academica.litoral@ufpr.br <a href=\"https:\/\/calendar.google.com\/calendar\/u\/0\/embed?src=cnri5o1pje7gmhrgrppm698ooc@group.calendar.google.com&amp;ctz=America\/Sao_Paulo&amp;pli=1\" data-type=\"link\" data-id=\"https:\/\/calendar.google.com\/calendar\/u\/0\/embed?src=cnri5o1pje7gmhrgrppm698ooc@group.calendar.google.com&amp;ctz=America\/Sao_Paulo&amp;pli=1\">Agenda<\/a> da sala Teresa Urban <\/p>\n\n\n\n<p><a href=\"https:\/\/calendar.google.com\/calendar\/u\/0\/embed?src=kvngl058mqd0nl3j82m3ka9ggc@group.calendar.google.com&amp;ctz=America\/Sao_Paulo\" data-type=\"link\" data-id=\"https:\/\/calendar.google.com\/calendar\/u\/0\/embed?src=kvngl058mqd0nl3j82m3ka9ggc@group.calendar.google.com&amp;ctz=America\/Sao_Paulo\">Agenda<\/a> do Laborat\u00f3rio de Inform\u00e1tica <\/p>\n\n\n\n<p><a href=\"https:\/\/calendar.google.com\/calendar\/u\/0\/embed?src=d728599f3db370a39231ab58e3eadd5dd098435515fd26ce002e92ab35e8127e@group.calendar.google.com&amp;ctz=America\/Sao_Paulo\" data-type=\"link\" data-id=\"https:\/\/calendar.google.com\/calendar\/u\/0\/embed?src=d728599f3db370a39231ab58e3eadd5dd098435515fd26ce002e92ab35e8127e@group.calendar.google.com&amp;ctz=America\/Sao_Paulo\">Agenda<\/a> do Gabinete das Coordena\u00e7\u00f5es das Gradua\u00e7\u00f5es<\/p>\n\n\n\n<p>Para solicita\u00e7\u00f5es de reserva dos espa\u00e7os a seguir, preencha o formul\u00e1rio abaixo:<\/p>\n\n\n\n<p>Link para solicitar esses espa\u00e7os: <a href=\"https:\/\/docs.google.com\/forms\/d\/e\/1FAIpQLSeJxAenb5vYYB5IUF7G0mVagXSHOwErwxnPJ_NQfzfZDa0pZg\/viewform\">https:\/\/docs.google.com\/forms\/d\/e\/1FAIpQLSeJxAenb5vYYB5IUF7G0mVagXSHOwErwxnPJ_NQfzfZDa0pZg\/viewform<\/a> <\/p>\n\n\n\n<p><a href=\"https:\/\/calendar.google.com\/calendar\/u\/0\/r?cid=N3EybnI3bmJsMWxsOWoyZDhnM2lmbG1qOW9AZ3JvdXAuY2FsZW5kYXIuZ29vZ2xlLmNvbQ\" data-type=\"link\" data-id=\"https:\/\/calendar.google.com\/calendar\/u\/0\/r?cid=N3EybnI3bmJsMWxsOWoyZDhnM2lmbG1qOW9AZ3JvdXAuY2FsZW5kYXIuZ29vZ2xlLmNvbQ\">Agenda<\/a> do Audit\u00f3rio Juliano Fumaneri Weiss <\/p>\n\n\n\n<p><a href=\"https:\/\/litoral.ufpr.br\/ufpr-litoral\/estrutura-administrativa\/coordenacao-administrativa\/gestao-de-eventos\/agenda-do-hall-de-exposicoes-do-auditorio-juliano-fumaneri-weiss\/\" data-type=\"link\" data-id=\"https:\/\/litoral.ufpr.br\/ufpr-litoral\/estrutura-administrativa\/coordenacao-administrativa\/gestao-de-eventos\/agenda-do-hall-de-exposicoes-do-auditorio-juliano-fumaneri-weiss\/\">Agenda<\/a> do Hall de Exposi\u00e7\u00f5es do Audit\u00f3rio Juliano Fumaneri Weiss <\/p>\n\n\n\n<p><a href=\"https:\/\/litoral.ufpr.br\/ufpr-litoral\/estrutura-administrativa\/coordenacao-administrativa\/gestao-de-eventos\/agenda-do-espaco-multiuso\/\" data-type=\"link\" data-id=\"https:\/\/litoral.ufpr.br\/ufpr-litoral\/estrutura-administrativa\/coordenacao-administrativa\/gestao-de-eventos\/agenda-do-espaco-multiuso\/\">Agenda<\/a> do Espa\u00e7o Paulo Freire <\/p>\n\n\n\n<p><a href=\"https:\/\/litoral.ufpr.br\/ufpr-litoral\/estrutura-administrativa\/coordenacao-administrativa\/gestao-de-eventos\/agenda-da-tenda-interblocos\/\" data-type=\"link\" data-id=\"https:\/\/litoral.ufpr.br\/ufpr-litoral\/estrutura-administrativa\/coordenacao-administrativa\/gestao-de-eventos\/agenda-da-tenda-interblocos\/\">Agenda<\/a> da Pra\u00e7a Jussara <\/p>\n\n\n\n<p><a href=\"https:\/\/calendar.google.com\/calendar\/u\/0\/embed?src=jpk03r0obh9rrr8vhf2cbasqs4@group.calendar.google.com&amp;ctz=America\/Sao_Paulo\" data-type=\"link\" data-id=\"https:\/\/calendar.google.com\/calendar\/u\/0\/embed?src=jpk03r0obh9rrr8vhf2cbasqs4@group.calendar.google.com&amp;ctz=America\/Sao_Paulo\">Agenda<\/a> do Hall de exposi\u00e7\u00f5es do 1\u00ba andar do Pr\u00e9dio Administrativo Sala de Reuni\u00f5es \u2013 Camarim do Audit\u00f3rio<\/p>\n\n\n\n<p>Manuais (como fazer e-mail institucional, acesso ao SIGA, diploma, manual do estudante)<\/p>\n\n\n\n<figure class=\"wp-block-image size-full\"><img loading=\"lazy\" decoding=\"async\" width=\"375\" height=\"619\" src=\"https:\/\/litoral.ufpr.br\/geografia\/wp-content\/uploads\/sites\/11\/2025\/11\/image-6.png\" alt=\"\" class=\"wp-image-1006\" srcset=\"https:\/\/litoral.ufpr.br\/geografia\/wp-content\/uploads\/sites\/11\/2025\/11\/image-6.png 375w, https:\/\/litoral.ufpr.br\/geografia\/wp-content\/uploads\/sites\/11\/2025\/11\/image-6-182x300.png 182w\" sizes=\"auto, (max-width: 375px) 100vw, 375px\" \/><\/figure>\n","protected":false},"excerpt":{"rendered":"<p>SIGA Para acessar o hist\u00f3rico escolar, fazer matr\u00edculas em m\u00f3dulos e verificar situa\u00e7\u00e3o acad\u00eamica acesse o SIGA-UFPR no endere\u00e7o: Portal de Sistemas UFPR Para acessar o SIGA UFPR voc\u00ea precisa ter: \u00b7 Email UFPR cadastrado \u00b7 Senha de acesso ao sistema atualizada Se quer aprender mais sobre o SIGA UFPR, acesse: https:\/\/ufpraberta.ufpr.br\/course\/view.php?id=9 Recupera\u00e7\u00e3o senha e-mail [&hellip;]<\/p>\n","protected":false},"author":1657,"featured_media":0,"parent":0,"menu_order":0,"comment_status":"closed","ping_status":"closed","template":"","meta":{"_acf_changed":false,"footnotes":""},"class_list":["post-1002","page","type-page","status-publish","hentry"],"acf":[],"_links":{"self":[{"href":"https:\/\/litoral.ufpr.br\/geografia\/wp-json\/wp\/v2\/pages\/1002","targetHints":{"allow":["GET"]}}],"collection":[{"href":"https:\/\/litoral.ufpr.br\/geografia\/wp-json\/wp\/v2\/pages"}],"about":[{"href":"https:\/\/litoral.ufpr.br\/geografia\/wp-json\/wp\/v2\/types\/page"}],"author":[{"embeddable":true,"href":"https:\/\/litoral.ufpr.br\/geografia\/wp-json\/wp\/v2\/users\/1657"}],"replies":[{"embeddable":true,"href":"https:\/\/litoral.ufpr.br\/geografia\/wp-json\/wp\/v2\/comments?post=1002"}],"version-history":[{"count":2,"href":"https:\/\/litoral.ufpr.br\/geografia\/wp-json\/wp\/v2\/pages\/1002\/revisions"}],"predecessor-version":[{"id":1018,"href":"https:\/\/litoral.ufpr.br\/geografia\/wp-json\/wp\/v2\/pages\/1002\/revisions\/1018"}],"wp:attachment":[{"href":"https:\/\/litoral.ufpr.br\/geografia\/wp-json\/wp\/v2\/media?parent=1002"}],"curies":[{"name":"wp","href":"https:\/\/api.w.org\/{rel}","templated":true}]}}