{"id":7806,"date":"2025-09-19T10:54:40","date_gmt":"2025-09-19T13:54:40","guid":{"rendered":"https:\/\/litoral.ufpr.br\/educacaofisica\/?page_id=7806"},"modified":"2025-09-19T11:35:57","modified_gmt":"2025-09-19T14:35:57","slug":"ufpr-aberta","status":"publish","type":"page","link":"https:\/\/litoral.ufpr.br\/educacaofisica\/ufpr-aberta\/","title":{"rendered":"UFPR Aberta"},"content":{"rendered":"\n<p>A UFPR Aberta \u00e9 uma plataforma com os mais diversos cursos livres para todas as pessoas e de forma on-line e gratuita.&nbsp;<a href=\"https:\/\/ufpraberta.ufpr.br\/\">Acesse aqui<\/a>&nbsp;e conhe\u00e7a dezenas de cursos.<\/p>\n\n\n\n<p>No site, voc\u00ea tamb\u00e9m pode aprender mais como utilizar o SIGA (Sistema Integrado de Gest\u00e3o Acad\u00eamica). Para conhecer mais sobre o SIGA,&nbsp;<a href=\"https:\/\/ufpraberta.ufpr.br\/course\/view.php?id=9\">clique aqui<\/a>.<\/p>\n\n\n\n<figure class=\"wp-block-image\"><img decoding=\"async\" src=\"https:\/\/litoral.ufpr.br\/admpublica\/wp-content\/uploads\/sites\/6\/2025\/08\/image-1.png\" alt=\"\" class=\"wp-image-4170\" \/><figcaption>UFPR Aberta<\/figcaption><\/figure>\n\n\n\n<p>P\u00e1gina atualizada em:\u00a0<strong>19 de setembro de 2025.<\/strong><\/p>\n","protected":false},"excerpt":{"rendered":"<p>A UFPR Aberta \u00e9 uma plataforma com os mais diversos cursos livres para todas as pessoas e de forma on-line e gratuita.&nbsp;Acesse aqui&nbsp;e conhe\u00e7a dezenas de cursos. No site, voc\u00ea tamb\u00e9m pode aprender mais como utilizar o SIGA (Sistema Integrado de Gest\u00e3o Acad\u00eamica). Para conhecer mais sobre o SIGA,&nbsp;clique aqui. P\u00e1gina atualizada em:\u00a019 de setembro [&hellip;]<\/p>\n","protected":false},"author":1635,"featured_media":0,"parent":0,"menu_order":0,"comment_status":"closed","ping_status":"closed","template":"","meta":{"_acf_changed":false,"footnotes":""},"class_list":["post-7806","page","type-page","status-publish","hentry"],"acf":[],"_links":{"self":[{"href":"https:\/\/litoral.ufpr.br\/educacaofisica\/wp-json\/wp\/v2\/pages\/7806","targetHints":{"allow":["GET"]}}],"collection":[{"href":"https:\/\/litoral.ufpr.br\/educacaofisica\/wp-json\/wp\/v2\/pages"}],"about":[{"href":"https:\/\/litoral.ufpr.br\/educacaofisica\/wp-json\/wp\/v2\/types\/page"}],"author":[{"embeddable":true,"href":"https:\/\/litoral.ufpr.br\/educacaofisica\/wp-json\/wp\/v2\/users\/1635"}],"replies":[{"embeddable":true,"href":"https:\/\/litoral.ufpr.br\/educacaofisica\/wp-json\/wp\/v2\/comments?post=7806"}],"version-history":[{"count":3,"href":"https:\/\/litoral.ufpr.br\/educacaofisica\/wp-json\/wp\/v2\/pages\/7806\/revisions"}],"predecessor-version":[{"id":7817,"href":"https:\/\/litoral.ufpr.br\/educacaofisica\/wp-json\/wp\/v2\/pages\/7806\/revisions\/7817"}],"wp:attachment":[{"href":"https:\/\/litoral.ufpr.br\/educacaofisica\/wp-json\/wp\/v2\/media?parent=7806"}],"curies":[{"name":"wp","href":"https:\/\/api.w.org\/{rel}","templated":true}]}}