{"id":7737,"date":"2025-10-08T18:53:50","date_gmt":"2025-10-08T21:53:50","guid":{"rendered":"https:\/\/litoral.ufpr.br\/educacaofisica\/?page_id=7737"},"modified":"2025-10-08T18:58:38","modified_gmt":"2025-10-08T21:58:38","slug":"apresentacao-geral","status":"publish","type":"page","link":"https:\/\/litoral.ufpr.br\/educacaofisica\/apresentacao-geral\/","title":{"rendered":"Apresenta\u00e7\u00e3o Geral"},"content":{"rendered":"\n<h4 class=\"wp-block-heading\" style=\"text-transform:uppercase\">Informa\u00e7\u00f5es sobre a Licenciatura em Educa\u00e7\u00e3o F\u00edsica<\/h4>\n\n\n\n<p><strong>Modalidade:&nbsp;<\/strong>Presencial<strong><br>Regime:&nbsp;<\/strong>Semestral<strong><br>N\u00famero total de vagas\/ano:&nbsp;<\/strong>35 vagas<strong><br>Carga hor\u00e1ria total:<\/strong>&nbsp;3300 horas<strong><br>Turno de funcionamento:<\/strong>&nbsp;Noturno<strong><br>Prazo de integraliza\u00e7\u00e3o curricular:&nbsp;<\/strong>m\u00ednimo de 08 e m\u00e1ximo de 12 semestres.<\/p>\n\n\n\n<h4 class=\"wp-block-heading\">HIST\u00d3RICO<\/h4>\n\n\n\n<p>O curso de Licenciatura em Educa\u00e7\u00e3o F\u00edsica, iniciou suas atividades em 2015 e graduou at\u00e9 2025 &#8211; 92 discente. O curso prop\u00f5e uma forma\u00e7\u00e3o com interlocu\u00e7\u00e3o progressiva com pr\u00e1ticas pedag\u00f3gicas e profissionais situadas fora do contexto escolar, especialmente em torno das \u00e1reas da Gest\u00e3o e do Meio Ambiente, em suas interfaces com a Educa\u00e7\u00e3o F\u00edsica, o esporte e o lazer. Os\/as estudantes s\u00e3o desafiados\/as a reconhecer e interagir com demandas emergentes da atua\u00e7\u00e3o profissional e pedag\u00f3gica tanto no contexto local como nacional.<\/p>\n\n\n\n<h4 class=\"wp-block-heading\"><strong>OBJETIVO GERAL <\/strong><\/h4>\n\n\n\n<p>Formar licenciados e licenciadas em Educa\u00e7\u00e3o F\u00edsica que se identifiquem com os princ\u00edpios da Educa\u00e7\u00e3o B\u00e1sica e com as atribui\u00e7\u00f5es pol\u00edtico-pedag\u00f3gicas desta disciplina na escola, bem como fora dela, sens\u00edveis e competentes tamb\u00e9m para an\u00e1lise cr\u00edtico-reflexiva da realidade social, suas demandas e de seu papel social.<\/p>\n\n\n\n<h4 class=\"wp-block-heading\"><strong>OBJETIVOS ESPEC\u00cdFICOS<\/strong><\/h4>\n\n\n\n<ul class=\"wp-block-list\"><li>Propiciar uma forma\u00e7\u00e3o articulada com as atribui\u00e7\u00f5es da Educa\u00e7\u00e3o F\u00edsica na Educa\u00e7\u00e3o B\u00e1sica;<\/li><li>Formar licenciados e licenciadas com habilidades pedag\u00f3gicas e t\u00e9cnicas espec\u00edficas ao ensino dos componentes curriculares da Educa\u00e7\u00e3o F\u00edsica na escola;<\/li><li>Estimular a criatividade e a pr\u00e1tica investigativa como recursos para autoforma\u00e7\u00e3o cont\u00ednua;<\/li><li>Oferecer instrumentos te\u00f3rico-metodol\u00f3gicos que oportunizem melhor conhecimento, an\u00e1lise e a\u00e7\u00e3o sobre a realidade, reconhecendo as complexidades do processo de ensino-aprendizagem, bem como sua express\u00e3o inter e multidisciplinar na Educa\u00e7\u00e3o F\u00edsica.<\/li><\/ul>\n\n\n\n<h4 class=\"wp-block-heading\"><strong>PERFIL DO EGRESSO<\/strong><\/h4>\n\n\n\n<p>O\/A licenciado\/a em Educa\u00e7\u00e3o F\u00edsica \u00e9 o\/a professor\/a que planeja, organiza e desenvolve atividades pedag\u00f3gicas referentes \u00e0s pr\u00e1ticas corporais sistematizadas na Educa\u00e7\u00e3o B\u00e1sica em suas diferentes modalidades e em ambientes extraescolares. Dentro e fora da escola, atua como professor\/a, gestor\/a ou supervisor\/a de equipes de trabalhos em a\u00e7\u00f5es, projetos e programas que tematizem as diferentes manifesta\u00e7\u00f5es e express\u00f5es do movimento humano &#8211; tais como os esportes, jogos, brincadeiras, gin\u00e1sticas, lutas, express\u00f5es r\u00edtmicas e dan\u00e7as \u2013 considerando sempre os contextos e caracter\u00edsticas dos sujeitos envolvidos.<\/p>\n\n\n\n<p>Em sua interven\u00e7\u00e3o como educador\/a \u00e9 orientado para a constru\u00e7\u00e3o de uma sociedade plural e democr\u00e1tica e para o desenvolvimento sociocultural da regi\u00e3o na qual est\u00e1 inserido\/a, prima pela atua\u00e7\u00e3o \u00e9tica e socialmente respons\u00e1vel, bem como pela forma\u00e7\u00e3o reflexiva, cr\u00edtica e aut\u00f4noma dos seus\/suas educandos\/as. Como resultado do processo de forma\u00e7\u00e3o em Licenciatura em Educa\u00e7\u00e3o F\u00edsica, no qual o\/a graduando\/a \u00e9 sujeito ativo e participativo, espera-se formar profissionais cujas compet\u00eancias s\u00e3o:<\/p>\n\n\n\n<ul class=\"wp-block-list\"><li>Pautar-se na \u00e9tica, na solidariedade e nos princ\u00edpios democr\u00e1ticos como ser humano, cidad\u00e3o\/\u00e3 e profissional;<\/li><li>Comprometer-se com a preserva\u00e7\u00e3o do meio ambiente, com a sustentabilidade e melhoria da qualidade de vida;<\/li><li>Aprender de forma aut\u00f4noma e independente, sabendo acompanhar as transforma\u00e7\u00f5es acad\u00eamico-cient\u00edficas pertinentes ao campo de atua\u00e7\u00e3o, mantendo-se apto \u00e0 cont\u00ednua atualiza\u00e7\u00e3o acad\u00eamico-profissional e \u00e0 produ\u00e7\u00e3o e divulga\u00e7\u00e3o de novos conhecimentos, tecnologias e servi\u00e7os;<\/li><li>Dominar conhecimentos conceituais, procedimentais e atitudinais espec\u00edficos da Educa\u00e7\u00e3o F\u00edsica e aqueles advindos das ci\u00eancias e \u00e1reas afins adequados ao desempenho t\u00e9cnico-profissional;<\/li><li>Criar, planejar, gerir, mediar e avaliar a\u00e7\u00f5es, projetos e programas referentes \u00e0s pr\u00e1ticas corporais sistematizadas e diferentes manifesta\u00e7\u00f5es e express\u00f5es do movimento humano, considerando as capacidades e os limites dos sujeitos envolvidos, as caracter\u00edsticas socioculturais locais e o contexto que os envolve;<\/li><li>Conhecer, dominar, produzir, selecionar e avaliar os efeitos da aplica\u00e7\u00e3o de diferentes t\u00e9cnicas, instrumentos, equipamentos, procedimentos e metodologias para a interven\u00e7\u00e3o acad\u00eamico-profissional na Educa\u00e7\u00e3o F\u00edsica escolar.<\/li><\/ul>\n\n\n\n<h4 class=\"wp-block-heading\"><strong>DIPLOMA CONCEDIDO:<\/strong><\/h4>\n\n\n\n<p>&#8211; Diploma de Graduado\/a em Educa\u00e7\u00e3o F\u00edsica &#8211; Licenciatura<\/p>\n\n\n\n<h4 class=\"wp-block-heading\"><strong>CAMPOS DE ATUA\u00c7\u00c3O<\/strong><\/h4>\n\n\n\n<p>Dentro e fora da escola, atua como professor\/a, gestor\/a ou supervisor\/a de equipes de trabalhos em a\u00e7\u00f5es, projetos e programas que tematizem as diferentes manifesta\u00e7\u00f5es e express\u00f5es do movimento humano &#8211; tais como os esportes, jogos, brincadeiras, gin\u00e1sticas, lutas, express\u00f5es r\u00edtmicas e dan\u00e7as \u2013 considerando sempre os contextos e caracter\u00edsticas dos sujeitos envolvidos.<\/p>\n\n\n\n<h4 class=\"wp-block-heading\"><strong>PROJETOS PEDAG\u00d3GICOS DO CURSO (PPCs)<\/strong><\/h4>\n\n\n\n<p>O curso tem atualmente tr\u00eas PPCs (2015, 2018 e 2023), os quais podem ser acessados por meio do&nbsp;<em>link<\/em>&nbsp;abaixo:<br><strong>***<\/strong><\/p>\n\n\n\n<h4 class=\"wp-block-heading\"><strong>PLANO DE DESENVOLVIMENTO INSTITUCIONAL DA UFPR<\/strong><\/h4>\n\n\n\n<p><a href=\"https:\/\/litoral.ufpr.br\/admpublica\/wp-content\/uploads\/sites\/6\/2025\/08\/Plano-de-Desenvolvimento-Institucional-UFPR-2022-2026-1.pdf\">Plano de Desenvolvimento Institucional (2022-2026)<\/a><\/p>\n\n\n\n<p>P\u00e1gina atualizada em: <strong>22 de agosto de 2025.<\/strong><\/p>\n","protected":false},"excerpt":{"rendered":"<p>Informa\u00e7\u00f5es sobre a Licenciatura em Educa\u00e7\u00e3o F\u00edsica Modalidade:&nbsp;PresencialRegime:&nbsp;SemestralN\u00famero total de vagas\/ano:&nbsp;35 vagasCarga hor\u00e1ria total:&nbsp;3300 horasTurno de funcionamento:&nbsp;NoturnoPrazo de integraliza\u00e7\u00e3o curricular:&nbsp;m\u00ednimo de 08 e m\u00e1ximo de 12 semestres. HIST\u00d3RICO O curso de Licenciatura em Educa\u00e7\u00e3o F\u00edsica, iniciou suas atividades em 2015 e graduou at\u00e9 2025 &#8211; 92 discente. O curso prop\u00f5e uma forma\u00e7\u00e3o com interlocu\u00e7\u00e3o progressiva [&hellip;]<\/p>\n","protected":false},"author":1635,"featured_media":0,"parent":0,"menu_order":0,"comment_status":"closed","ping_status":"closed","template":"","meta":{"_acf_changed":false,"footnotes":""},"class_list":["post-7737","page","type-page","status-publish","hentry"],"acf":[],"_links":{"self":[{"href":"https:\/\/litoral.ufpr.br\/educacaofisica\/wp-json\/wp\/v2\/pages\/7737","targetHints":{"allow":["GET"]}}],"collection":[{"href":"https:\/\/litoral.ufpr.br\/educacaofisica\/wp-json\/wp\/v2\/pages"}],"about":[{"href":"https:\/\/litoral.ufpr.br\/educacaofisica\/wp-json\/wp\/v2\/types\/page"}],"author":[{"embeddable":true,"href":"https:\/\/litoral.ufpr.br\/educacaofisica\/wp-json\/wp\/v2\/users\/1635"}],"replies":[{"embeddable":true,"href":"https:\/\/litoral.ufpr.br\/educacaofisica\/wp-json\/wp\/v2\/comments?post=7737"}],"version-history":[{"count":9,"href":"https:\/\/litoral.ufpr.br\/educacaofisica\/wp-json\/wp\/v2\/pages\/7737\/revisions"}],"predecessor-version":[{"id":7941,"href":"https:\/\/litoral.ufpr.br\/educacaofisica\/wp-json\/wp\/v2\/pages\/7737\/revisions\/7941"}],"wp:attachment":[{"href":"https:\/\/litoral.ufpr.br\/educacaofisica\/wp-json\/wp\/v2\/media?parent=7737"}],"curies":[{"name":"wp","href":"https:\/\/api.w.org\/{rel}","templated":true}]}}