{"id":7730,"date":"2025-09-19T10:50:23","date_gmt":"2025-09-19T13:50:23","guid":{"rendered":"https:\/\/litoral.ufpr.br\/educacaofisica\/?page_id=7730"},"modified":"2025-09-19T10:50:23","modified_gmt":"2025-09-19T13:50:23","slug":"sobre-o-curso-2","status":"publish","type":"page","link":"https:\/\/litoral.ufpr.br\/educacaofisica\/sobre-o-curso-2\/","title":{"rendered":"Sobre o Curso"},"content":{"rendered":"\n<pre class=\"wp-block-preformatted\"><strong>Apresenta\u00e7\u00e3o Geral<\/strong>\n<strong>Periodiza\u00e7\u00e3o Recomendada (Grade Curricular a partir de 2023)\nPeriodiza\u00e7\u00e3o Recomendada (Grade Curricular a partir de 2018)\nIndicadores do Curso\n<\/strong>\n<\/pre>\n\n\n\n<p><\/p>\n","protected":false},"excerpt":{"rendered":"<p>Apresenta\u00e7\u00e3o Geral Periodiza\u00e7\u00e3o Recomendada (Grade Curricular a partir de 2023) Periodiza\u00e7\u00e3o Recomendada (Grade Curricular a partir de 2018) Indicadores do Curso<\/p>\n","protected":false},"author":1635,"featured_media":0,"parent":0,"menu_order":0,"comment_status":"closed","ping_status":"closed","template":"","meta":{"_acf_changed":false,"footnotes":""},"class_list":["post-7730","page","type-page","status-publish","hentry"],"acf":[],"_links":{"self":[{"href":"https:\/\/litoral.ufpr.br\/educacaofisica\/wp-json\/wp\/v2\/pages\/7730","targetHints":{"allow":["GET"]}}],"collection":[{"href":"https:\/\/litoral.ufpr.br\/educacaofisica\/wp-json\/wp\/v2\/pages"}],"about":[{"href":"https:\/\/litoral.ufpr.br\/educacaofisica\/wp-json\/wp\/v2\/types\/page"}],"author":[{"embeddable":true,"href":"https:\/\/litoral.ufpr.br\/educacaofisica\/wp-json\/wp\/v2\/users\/1635"}],"replies":[{"embeddable":true,"href":"https:\/\/litoral.ufpr.br\/educacaofisica\/wp-json\/wp\/v2\/comments?post=7730"}],"version-history":[{"count":20,"href":"https:\/\/litoral.ufpr.br\/educacaofisica\/wp-json\/wp\/v2\/pages\/7730\/revisions"}],"predecessor-version":[{"id":7760,"href":"https:\/\/litoral.ufpr.br\/educacaofisica\/wp-json\/wp\/v2\/pages\/7730\/revisions\/7760"}],"wp:attachment":[{"href":"https:\/\/litoral.ufpr.br\/educacaofisica\/wp-json\/wp\/v2\/media?parent=7730"}],"curies":[{"name":"wp","href":"https:\/\/api.w.org\/{rel}","templated":true}]}}