{"id":7118,"date":"2022-03-23T19:42:00","date_gmt":"2022-03-23T22:42:00","guid":{"rendered":"https:\/\/litoral.ufpr.br\/educacaofisica\/?page_id=7118"},"modified":"2025-12-18T18:47:00","modified_gmt":"2025-12-18T21:47:00","slug":"corpo-docente","status":"publish","type":"page","link":"https:\/\/litoral.ufpr.br\/educacaofisica\/corpo-docente\/","title":{"rendered":"Corpo Docente"},"content":{"rendered":"\n<figure class=\"wp-block-table\"><table><tbody><tr><td><strong>Docente<\/strong><\/td><td><strong>Titula\u00e7\u00e3o<\/strong><\/td><td><strong>In\u00edcio do vinculo<\/strong><\/td><td><strong>Contato<\/strong><\/td><td><strong>Curr\u00edculo Lattes<\/strong><\/td><\/tr><tr><td>Carlos Augusto Euz\u00e9bio<\/td><td>Doutorado<\/td><td>07\/03\/2018<\/td><td>carloseuzebio@ufpr.br<\/td><td><a href=\"http:\/\/lattes.cnpq.br\/2017613829729607\" target=\"_blank\" rel=\"noreferrer noopener\">lattes.cnpq.br\/2017613829729607<\/a><\/td><\/tr><tr><td>Eliane Regina Crestani Tortola<\/td><td>Doutorado<\/td><td>24\/12\/2020<\/td><td>elianetortola@ufpr.br<\/td><td><a href=\"http:\/\/lattes.cnpq.br\/9525373665655654\">lattes.cnpq.br\/9525373665655654<\/a><\/td><\/tr><tr><td>Evaldo Jos\u00e9 Ribeiro Junior<\/td><td>Doutorado<\/td><td>31\/01\/2018<\/td><td>evaldo.ribeirojr@ufpr.br<\/td><td><a href=\"http:\/\/lattes.cnpq.br\/6772885095214639\" target=\"_blank\" rel=\"noreferrer noopener\">lattes.cnpq.br\/6772885095214639<\/a><\/td><\/tr><tr><td>F\u00e1bio de Carvalho Messa<\/td><td>Doutorado<\/td><td>04\/11\/2009<\/td><td>fabiomessa@ufpr.br<\/td><td><a href=\"http:\/\/lattes.cnpq.br\/5047956171315237\">lattes.cnpq.br\/5047956171315237<\/a><\/td><\/tr><tr><td>Isabel Cristina Martines<\/td><td>Doutorado<\/td><td>25\/02\/2010<\/td><td>belmartines@ufpr.br<\/td><td><a href=\"http:\/\/lattes.cnpq.br\/6283128348125544\" target=\"_blank\" rel=\"noreferrer noopener\">lattes.cnpq.br\/6283128348125544<\/a><\/td><\/tr><tr><td>Le\u00f4ncio Jos\u00e9 de Almeida Reis<\/td><td>Doutorado<\/td><td>31\/08\/2009<\/td><td>leoncio@ufpr.br<\/td><td><a href=\"http:\/\/lattes.cnpq.br\/6418118237104624\" target=\"_blank\" rel=\"noreferrer noopener\">lattes.cnpq.br\/6418118237104624<\/a><\/td><\/tr><tr><td>Luciana Vieira Castilho Weinert<\/td><td>Doutorado<\/td><td>11\/03\/2010<\/td><td>luciana.weinert@ufpr.br<\/td><td><a href=\"http:\/\/lattes.cnpq.br\/6193820960253190\">lattes.cnpq.br\/6193820960253190<\/a><\/td><\/tr><tr><td>Luis Eduardo Cunha Thomassim<\/td><td>Doutorado<\/td><td>26\/02\/2010<\/td><td>luis.thomassim@ufpr.br<\/td><td><a href=\"http:\/\/lattes.cnpq.br\/0668015745469201\" target=\"_blank\" rel=\"noreferrer noopener\">lattes.cnpq.br\/0668015745469201<\/a><\/td><\/tr><tr><td>Luize Moro<\/td><td>Doutorado<\/td><td>19\/12\/2024<\/td><td>luizemoro@ufpr.br<\/td><td><a href=\"http:\/\/lattes.cnpq.br\/9885038422277720\">lattes.cnpq.br\/9885038422277720<\/a><\/td><\/tr><tr><td>Natalia Gomes dos Santos <\/td><td>Doutorado<\/td><td><\/td><td>gomesnatalia@ufpr.br<\/td><td><a href=\"http:\/\/lattes.cnpq.br\/0285421632971107\">lattes.cnpq.br\/0285421632971107<\/a><\/td><\/tr><tr><td>Palmira Sevegnani<\/td><td>Doutorado<\/td><td>09\/07\/1998<\/td><td>palmira@ufpr.br<\/td><td><a href=\"http:\/\/lattes.cnpq.br\/1326380165389823\">lattes.cnpq.br\/1326380165389823&nbsp;<\/a><\/td><\/tr><tr><td>Patricia Paula Schelp<\/td><td>Doutorado<\/td><td><\/td><td>patriciapaula@ufpr.br<\/td><td><a href=\"http:\/\/lattes.cnpq.br\/8637972394942072\">lattes.cnpq.br\/8637972394942072<\/a><\/td><\/tr><tr><td>Ricardo Rodrigues Monteiro<\/td><td>Doutorado<\/td><td>2004<\/td><td>cosmo@ufpr.br<\/td><td><a href=\"http:\/\/lattes.cnpq.br\/3035821821937774\">lattes.cnpq.br\/3035821821937774<\/a><\/td><\/tr><tr><td>Vilson Aparecido da Mata<\/td><td>Doutorado<\/td><td>05\/02\/2007<\/td><td>vdamata@ufpr.br<\/td><td><a href=\"http:\/\/lattes.cnpq.br\/1615914409227018\" target=\"_blank\" rel=\"noreferrer noopener\">lattes.cnpq.br\/1615914409227018<\/a><\/td><\/tr><tr><td><\/td><td><\/td><td><\/td><td><\/td><td><\/td><\/tr><tr><td>Alysson Afonso Nadalin Enes (substituto)<\/td><td>Doutorando<\/td><td>2025-2<\/td><td>alysson.enes@ufpr.br<\/td><td><a href=\"http:\/\/lattes.cnpq.br\/2504927998335226\">lattes.cnpq.br\/2504927998335226<\/a><\/td><\/tr><tr><td>Thais Adriane Vieira de Matos (substituta)<\/td><td>Doutora<\/td><td>2025-2<\/td><td>thaisvieira@ufpr.br<\/td><td><a href=\"http:\/\/lattes.cnpq.br\/7515707400606325\">lattes.cnpq.br\/7515707400606325<\/a><\/td><\/tr><\/tbody><\/table><figcaption class=\"wp-element-caption\">Atualizado em: 18 dez. de 2025.<\/figcaption><\/figure>\n\n\n\n<h2 class=\"wp-block-heading has-text-align-center\">M\u00f3dulos Ministrados<br><\/h2>\n\n\n\n<figure class=\"wp-block-table\"><table><tbody><tr><td class=\"has-text-align-left\" data-align=\"left\">Prof. Dr. Carlos Augusto Euz\u00e9bio<br><br><br><\/td><td>Dimens\u00f5es do Processo Ensino-Aprendizagem da Educa\u00e7\u00e3o F\u00edsica II (SLEF30)<br>Educa\u00e7\u00e3o F\u00edsica no Ensino Fundamental: Curr\u00edculo e Metodologia do Ensino (SLEF20 e SLEF601)<br>Educa\u00e7\u00e3o F\u00edsica no Ensino M\u00e9dio e EJA: Curr\u00edculo e Metodologia do Ensino (SLEF23)<br>Esporte II (SLEF21 e SLEF404)<br>Est\u00e1gio Curricular Supervisionado III (SLEF03)<br>Trabalho de Conclus\u00e3o de Curso I (SLEF44 e SLEF52)<br>Trabalho de Conclus\u00e3o de Curso II (SLEF45 e SLEF53)<\/td><\/tr><tr><td class=\"has-text-align-left\" data-align=\"left\">Profa. Dra. Eliane Regina Crestani Tortola<br><\/td><td>Atividades R\u00edtmicas e Expressivas (SLEF15 e SLEF48)<br>Atua\u00e7\u00e3o Profissional em Educa\u00e7\u00e3o F\u00edsica, Esporte e Lazer (SLEF26 e SLEF61)<br>Fundamentos da Dan\u00e7a (SLEF503)<br>Projeto de Aprendizagem IV: Educa\u00e7\u00e3o F\u00edsica e Diversidade (SLEF301)<br>Ritmo e Movimento (SLEF204)<br>T\u00f3picos Avan\u00e7ados em Pr\u00e1ticas Corporais (SLEF64)<br>T\u00f3picos Avan\u00e7ados em Pr\u00e1ticas Esportivas (SLEF41)<br>Trabalho de Conclus\u00e3o de Curso I (SLEF44 e SLEF52)<br>Trabalho de Conclus\u00e3o de Curso II (SLEF45 e SLEF53)<\/td><\/tr><tr><td class=\"has-text-align-left\" data-align=\"left\">Prof. Dr. Evaldo Jos\u00e9 Ribeiro Junior<\/td><td>Atividade F\u00edsica e Sa\u00fade (SLEF303)<br>Educa\u00e7\u00e3o F\u00edsica e Promo\u00e7\u00e3o da Sa\u00fade (SLEF24)<br>Esporte I (SLEF16)<br>Est\u00e1gio Curricular Supervisionado I (SLEF01)<br>Est\u00e1gio Curricular Supervisionado II (SLEF02)<br>Est\u00e1gio Curricular Supervisionado III (SLEF03)<br>Est\u00e1gio Curricular Supervisionado IV (SLEF04)<br>Fundamentos do Movimento Humano (SLEF403)<br>Fundamentos Morfofuncionais I (SLEF102)<br>Fundamentos Morfofuncionais II (SLEF302)<br>Projeto de Aprendizagem III &#8211; Metodologia da Pesquisa I (SLEF202)<br>Trabalho de Conclus\u00e3o de Curso I (SLEF44 e SLEF52)<br>Trabalho de Conclus\u00e3o de Curso II (SLEF45 e SLEF53)<br>Treinamento Esportivo (SLEF43)<\/td><\/tr><tr><td class=\"has-text-align-left\" data-align=\"left\">Prof. Dr. F\u00e1bio de Carvalho Messa<\/td><td>Atividades Aqu\u00e1ticas (SLEF18 e SLEF50)<br>Educa\u00e7\u00e3o F\u00edsica e Promo\u00e7\u00e3o da Sa\u00fade (SLEF24)<br>Educa\u00e7\u00e3o F\u00edsica no Ensino Fundamental: Curr\u00edculo e Metodologia do Ensino (SLEF20)<br>Educa\u00e7\u00e3o F\u00edsica, M\u00eddia e Novas Tecnologias (SLEF31)<br>Est\u00e1gio Curricular Supervisionado IV (SLEF04)<br>Gin\u00e1stica (SLEF12, SLEF54 e SLEF405)<br>Gin\u00e1stica Escolar (SLEF502)<br>Trabalho de Conclus\u00e3o de Curso I (SLEF44 e SLEF52)<br>Trabalho de Conclus\u00e3o de Curso II (SLEF45 e SLEF53)<br>Treinamento Esportivo (SLEF43)<\/td><\/tr><tr><td class=\"has-text-align-left\" data-align=\"left\">Profa. Dra. Isabel Cristina Martines<\/td><td>Atua\u00e7\u00e3o Profissional em Educa\u00e7\u00e3o F\u00edsica, Esporte e Lazer (SLEF26 e SLEF61)<br>Comunica\u00e7\u00e3o em L\u00edngua Brasileira de Sinais &#8211; Libras (SL17)<br>Educa\u00e7\u00e3o F\u00edsica e Meio Ambiente (SLEF104)<br>Educa\u00e7\u00e3o F\u00edsica Escolar e Meio Ambiente (SLEF58)<br>Meio Ambiente e Atua\u00e7\u00e3o Profissional em Esporte e Lazer (SLEF36 e SLEF909)<br>Trabalho de Conclus\u00e3o de Curso I (SLEF44 e SLEF52)<br>Trabalho de Conclus\u00e3o de Curso II (SLEF45 e SLEF53)<\/td><\/tr><tr><td class=\"has-text-align-left\" data-align=\"left\">Prof. Dr. Le\u00f4ncio Jos\u00e9 de Almeida Reis<\/td><td>Est\u00e1gio Curricular Supervisionado I (SLEF01)<br>Est\u00e1gio Curricular Supervisionado II (SLEF02)<br>Est\u00e1gio Curricular Supervisionado III (SLEF03)<br>Est\u00e1gio em Doc\u00eancia II (SLEF606)<br>Jogos e Brincadeiras (SLEF14, SLEF55 e SLEF205)<br>Lutas (SLEF11, SLEF46 e SLEF207)<br>Trabalho de Conclus\u00e3o de Curso I (SLEF44 e SLEF52)<br>Trabalho de Conclus\u00e3o de Curso II (SLEF45 e SLEF53)<\/td><\/tr><tr><td class=\"has-text-align-left\" data-align=\"left\">Profa. Dra. Luciana Vieira Castilho Weinert<\/td><td>Controle, Aprendizagem e Desenvolvimento Motor (SLEF57 e SLEF203)<br>Fundamentos Morfofuncionais I (SLEF56 e SLEF102)<br>Fundamentos Morfofuncionais II (SLEF22, SLEF59 e SLEF302)<br>Interven\u00e7\u00f5es Pedag\u00f3gicas e Necessidades Especiais (SLEF19, SLEF51 e SLEF406)<br>Trabalho de Conclus\u00e3o de Curso I (SLEF44 e SLEF52)<br>Trabalho de Conclus\u00e3o de Curso II (SLEF45 e SLEF53)<\/td><\/tr><tr><td class=\"has-text-align-left\" data-align=\"left\">Prof. Dr. Luis Eduardo Cunha Thomassim<\/td><td>Dimens\u00f5es Socioculturais da Educa\u00e7\u00e3o (SLEF07 e SLEF49)<br>Educa\u00e7\u00e3o F\u00edsica no Ensino Fundamental: Curr\u00edculo e Metodologia do Ensino (SLEF16)<br>Esporte I (SLEF16 e SLEF103)<br>Esporte II (SLEF21)<br>Gest\u00e3o em Educa\u00e7\u00e3o F\u00edsica, Esporte e Lazer I (SLEF27 e SLEF62) <br>Projeto de Aprendizagem II: Dimens\u00f5es Socioculturais da Educa\u00e7\u00e3o (SLEF201)<br>T\u00f3picos Avan\u00e7ados em Lazer e Educa\u00e7\u00e3o F\u00edsica (SLEF40)<br>Trabalho de Conclus\u00e3o de Curso I (SLEF44 e SLEF52)<br>Trabalho de Conclus\u00e3o de Curso II (SLEF45 e SLEF53)<\/td><\/tr><tr><td class=\"has-text-align-left\" data-align=\"left\">Profa. Dra. Luize Moro<\/td><td>Dimens\u00f5es Socioculturais da Educa\u00e7\u00e3o (SLEF07 e SLEF49)<br>Educa\u00e7\u00e3o F\u00edsica Escolar e Meio Ambiente (SLEF13 e SLEF58)<br>Educa\u00e7\u00e3o F\u00edsica na Educa\u00e7\u00e3o Infantil: Curr\u00edculo e Metodologia do Ensino (SLEF501)<br>Educa\u00e7\u00e3o F\u00edsica no Ensino M\u00e9dio e EJA: Curr\u00edculo e Metodologia do Ensino (SLEF23)<br>Est\u00e1gio Curricular Supervisionado I (SLEF01)<br>Est\u00e1gio em Doc\u00eancia I (SLEF506)<br>Estudos do Lazer (SLEF10)<br>Gest\u00e3o em Educa\u00e7\u00e3o F\u00edsica, Esporte e Lazer I (SLEF27 e SLEF62) <br>T\u00f3picos Avan\u00e7ados em Lazer e Educa\u00e7\u00e3o F\u00edsica (SLEF912)<br>T\u00f3picos em Ensino da Educa\u00e7\u00e3o F\u00edsica (SLEF42)<br>Trabalho de Conclus\u00e3o de Curso I (SLEF44 e SLEF52)<br>Trabalho de Conclus\u00e3o de Curso II (SLEF45 e SLEF53)<\/td><\/tr><tr><td class=\"has-text-align-left\" data-align=\"left\">Profa. Dra. Natalia Gomes dos Santos <\/td><td>Projeto de Aprendizagem V: Educa\u00e7\u00e3o Especial (SLEF401)<\/td><\/tr><tr><td class=\"has-text-align-left\" data-align=\"left\">Profa. Dra. Palmira Sevegnani<\/td><td>Dimens\u00f5es Socioculturais da Educa\u00e7\u00e3o (SLEF49)<br>Educa\u00e7\u00e3o F\u00edsica na Educa\u00e7\u00e3o Infantil: Curr\u00edculo e Metodologia do Ensino (SLEF17)<br>Est\u00e1gio Curricular Supervisionado I (SLEF01)<br>Est\u00e1gio Curricular Supervisionado II (SLEF02)<br>Est\u00e1gio Curricular Supervisionado III (SLEF03)<br>Est\u00e1gio Curricular Supervisionado IV (SLEF04)<br>Estudos do Lazer (SLEF10)<br>Gest\u00e3o em Educa\u00e7\u00e3o F\u00edsica, Esporte e Lazer I (SLEF62)<br>Projeto de Aprendizagem II: Dimens\u00f5es Socioculturais da Educa\u00e7\u00e3o (SLEF201)<br>Reconhecimento da Educa\u00e7\u00e3o B\u00e1sica (SLEF06 e SLEF47)<br>Trabalho de Conclus\u00e3o de Curso I (SLEF44 e SLEF52)<br>Trabalho de Conclus\u00e3o de Curso II (SLEF45 e SLEF53)<\/td><\/tr><tr><td class=\"has-text-align-left\" data-align=\"left\">Profa. Dra. Patr\u00edcia Paula Schelp<\/td><td>Comunica\u00e7\u00e3o em L\u00edngua Brasileira de Sinais &#8211; Libras (SL17)<br>Introdu\u00e7\u00e3o ao Estudo da L\u00edngua Brasileira de Sinais &#8211; Libras (SL84)<\/td><\/tr><tr><td class=\"has-text-align-left\" data-align=\"left\">Prof. Dr. Ricardo Rodrigues Monteiro<\/td><td>Pr\u00e1ticas Introspectivas Mente-Corpo (SLEF910)<br>Projeto de Aprendizagem III &#8211; Metodologia da Pesquisa I (SLEF202)<br>Projeto de Aprendizagem VI &#8211; Metodologia da Pesquisa II (SLEF402)<br>Trabalho de Conclus\u00e3o de Curso I (SLEF52)<br>Trabalho de Conclus\u00e3o de Curso II (SLEF53)<\/td><\/tr><tr><td class=\"has-text-align-left\" data-align=\"left\">Prof. Dr. Vilson Aparecido da Mata<\/td><td>Dimens\u00f5es do Processo de Ensino-Aprendizagem da Educa\u00e7\u00e3o F\u00edsica (SLEF602)<br>Dimens\u00f5es do Processo de Ensino-Aprendizagem da Educa\u00e7\u00e3o F\u00edsica I (SLEF25 e SLEF60)<br>Disciplina: Projeto de Aprendizagem I: Introdu\u00e7\u00e3o aos Estudos da Educa\u00e7\u00e3o F\u00edsica (SLEF101)<br>Educa\u00e7\u00e3o F\u00edsica na Educa\u00e7\u00e3o Infantil: Curr\u00edculo e Metodologia do Ensino (SLEF17)<br>Estudos do Lazer (SLEF10 e SLEF206)<br>Introdu\u00e7\u00e3o aos Estudos da Educa\u00e7\u00e3o F\u00edsica (SLEF08)<br>Projeto de Aprendizagem VI &#8211; Metodologia da Pesquisa II (SLEF402)<br>Trabalho de Conclus\u00e3o de Curso I (SLEF44 e SLEF52)<br>Trabalho de Conclus\u00e3o de Curso II (SLEF45 e SLEF53)<\/td><\/tr><tr><td class=\"has-text-align-left\" data-align=\"left\">Profa. Ma. Adriana de Moraes da Silva (substituta)<\/td><td>Introdu\u00e7\u00e3o ao Estudo da L\u00edngua Brasileira de Sinais &#8211; Libras (SL84)<\/td><\/tr><tr><td class=\"has-text-align-left\" data-align=\"left\">Prof. Me. Alysson Afonso Nadalin Enes (substituto)<\/td><td>Fundamentos Morfofuncionais I (SLEF102)<br>Fundamentos Morfofuncionais II (SLEF302)<br>Interven\u00e7\u00f5es Pedag\u00f3gicas e Necessidades Especiais (SLEF406)<\/td><\/tr><tr><td class=\"has-text-align-left\" data-align=\"left\">Profa. Dra. Thais Adriane Vieira de Matos (substituta)<\/td><td>Controle, Aprendizagem e Desenvolvimento Motor (SLEF203)<br>Educa\u00e7\u00e3o F\u00edsica no Ensino M\u00e9dio e EJA: Curr\u00edculo e Metodologia do Ensino (SLEF702)<\/td><\/tr><\/tbody><\/table><figcaption class=\"wp-element-caption\">Atualizado em: 18 dez. de 2025.<\/figcaption><\/figure>\n\n\n\n<p><\/p>\n","protected":false},"excerpt":{"rendered":"<p>Docente Titula\u00e7\u00e3o In\u00edcio do vinculo Contato Curr\u00edculo Lattes Carlos Augusto Euz\u00e9bio Doutorado 07\/03\/2018 carloseuzebio@ufpr.br lattes.cnpq.br\/2017613829729607 Eliane Regina Crestani Tortola Doutorado 24\/12\/2020 elianetortola@ufpr.br lattes.cnpq.br\/9525373665655654 Evaldo Jos\u00e9 Ribeiro Junior Doutorado 31\/01\/2018 evaldo.ribeirojr@ufpr.br lattes.cnpq.br\/6772885095214639 F\u00e1bio de Carvalho Messa Doutorado 04\/11\/2009 fabiomessa@ufpr.br lattes.cnpq.br\/5047956171315237 Isabel Cristina Martines Doutorado 25\/02\/2010 belmartines@ufpr.br lattes.cnpq.br\/6283128348125544 Le\u00f4ncio Jos\u00e9 de Almeida Reis Doutorado 31\/08\/2009 leoncio@ufpr.br lattes.cnpq.br\/6418118237104624 [&hellip;]<\/p>\n","protected":false},"author":11,"featured_media":0,"parent":0,"menu_order":0,"comment_status":"closed","ping_status":"closed","template":"","meta":{"_acf_changed":false,"footnotes":""},"class_list":["post-7118","page","type-page","status-publish","hentry"],"acf":[],"_links":{"self":[{"href":"https:\/\/litoral.ufpr.br\/educacaofisica\/wp-json\/wp\/v2\/pages\/7118","targetHints":{"allow":["GET"]}}],"collection":[{"href":"https:\/\/litoral.ufpr.br\/educacaofisica\/wp-json\/wp\/v2\/pages"}],"about":[{"href":"https:\/\/litoral.ufpr.br\/educacaofisica\/wp-json\/wp\/v2\/types\/page"}],"author":[{"embeddable":true,"href":"https:\/\/litoral.ufpr.br\/educacaofisica\/wp-json\/wp\/v2\/users\/11"}],"replies":[{"embeddable":true,"href":"https:\/\/litoral.ufpr.br\/educacaofisica\/wp-json\/wp\/v2\/comments?post=7118"}],"version-history":[{"count":31,"href":"https:\/\/litoral.ufpr.br\/educacaofisica\/wp-json\/wp\/v2\/pages\/7118\/revisions"}],"predecessor-version":[{"id":8074,"href":"https:\/\/litoral.ufpr.br\/educacaofisica\/wp-json\/wp\/v2\/pages\/7118\/revisions\/8074"}],"wp:attachment":[{"href":"https:\/\/litoral.ufpr.br\/educacaofisica\/wp-json\/wp\/v2\/media?parent=7118"}],"curies":[{"name":"wp","href":"https:\/\/api.w.org\/{rel}","templated":true}]}}