{"id":6139,"date":"2026-04-30T14:03:56","date_gmt":"2026-04-30T17:03:56","guid":{"rendered":"https:\/\/litoral.ufpr.br\/educacaofisica\/?page_id=6139"},"modified":"2026-04-30T14:03:56","modified_gmt":"2026-04-30T17:03:56","slug":"editais","status":"publish","type":"page","link":"https:\/\/litoral.ufpr.br\/educacaofisica\/editais\/","title":{"rendered":"Editais"},"content":{"rendered":"\n<p><strong>Sele\u00e7\u00e3o de Estudantes para Concess\u00e3o de Bolsa Tutoria<\/strong><\/p>\n\n\n\n<div data-wp-interactive=\"core\/file\" class=\"wp-block-file\"><object data-wp-bind--hidden=\"!state.hasPdfPreview\" hidden class=\"wp-block-file__embed\" data=\"https:\/\/litoral.ufpr.br\/educacaofisica\/wp-content\/uploads\/sites\/4\/2026\/04\/SELECAO-DE-ESTUDANTE-PARA-CONCESSAO-DE-BOLSA-TUTORIA.pdf\" type=\"application\/pdf\" style=\"width:100%;height:1180px\" aria-label=\"Incorporado de SELE\u00c7\u00c3O DE ESTUDANTE PARA CONCESS\u00c3O DE BOLSA TUTORIA.\"><\/object><a id=\"wp-block-file--media-87bfbba1-5b58-4e90-a48a-ecae6971e903\" href=\"https:\/\/litoral.ufpr.br\/educacaofisica\/wp-content\/uploads\/sites\/4\/2026\/04\/SELECAO-DE-ESTUDANTE-PARA-CONCESSAO-DE-BOLSA-TUTORIA.pdf\">SELE\u00c7\u00c3O DE ESTUDANTE PARA CONCESS\u00c3O DE BOLSA TUTORIA<\/a><a href=\"https:\/\/litoral.ufpr.br\/educacaofisica\/wp-content\/uploads\/sites\/4\/2026\/04\/SELECAO-DE-ESTUDANTE-PARA-CONCESSAO-DE-BOLSA-TUTORIA.pdf\" class=\"wp-block-file__button wp-element-button\" download aria-describedby=\"wp-block-file--media-87bfbba1-5b58-4e90-a48a-ecae6971e903\">Baixar<\/a><\/div>\n\n\n\n<p><\/p>\n","protected":false},"excerpt":{"rendered":"<p>Sele\u00e7\u00e3o de Estudantes para Concess\u00e3o de Bolsa Tutoria<\/p>\n","protected":false},"author":11,"featured_media":0,"parent":0,"menu_order":0,"comment_status":"closed","ping_status":"closed","template":"","meta":{"_acf_changed":false,"footnotes":""},"class_list":["post-6139","page","type-page","status-publish","hentry"],"acf":[],"_links":{"self":[{"href":"https:\/\/litoral.ufpr.br\/educacaofisica\/wp-json\/wp\/v2\/pages\/6139","targetHints":{"allow":["GET"]}}],"collection":[{"href":"https:\/\/litoral.ufpr.br\/educacaofisica\/wp-json\/wp\/v2\/pages"}],"about":[{"href":"https:\/\/litoral.ufpr.br\/educacaofisica\/wp-json\/wp\/v2\/types\/page"}],"author":[{"embeddable":true,"href":"https:\/\/litoral.ufpr.br\/educacaofisica\/wp-json\/wp\/v2\/users\/11"}],"replies":[{"embeddable":true,"href":"https:\/\/litoral.ufpr.br\/educacaofisica\/wp-json\/wp\/v2\/comments?post=6139"}],"version-history":[{"count":2,"href":"https:\/\/litoral.ufpr.br\/educacaofisica\/wp-json\/wp\/v2\/pages\/6139\/revisions"}],"predecessor-version":[{"id":8113,"href":"https:\/\/litoral.ufpr.br\/educacaofisica\/wp-json\/wp\/v2\/pages\/6139\/revisions\/8113"}],"wp:attachment":[{"href":"https:\/\/litoral.ufpr.br\/educacaofisica\/wp-json\/wp\/v2\/media?parent=6139"}],"curies":[{"name":"wp","href":"https:\/\/api.w.org\/{rel}","templated":true}]}}