{"id":50,"date":"2017-10-31T11:42:32","date_gmt":"2017-10-31T13:42:32","guid":{"rendered":"https:\/\/litoral.ufpr.br\/educacaofisica\/?page_id=50"},"modified":"2024-12-03T18:47:05","modified_gmt":"2024-12-03T21:47:05","slug":"documentos","status":"publish","type":"page","link":"https:\/\/litoral.ufpr.br\/educacaofisica\/documentos\/","title":{"rendered":"Documentos"},"content":{"rendered":"<p><a href=\"http:\/\/www.prograd.ufpr.br\/wp-content\/uploads\/PDF\/Manual_Estudante_2019.pdf\">Manual do Estudante 2019<\/a><\/p>\n<p><strong>PROJETO POL\u00cdTICO PEDAG\u00d3GICO DO CURSO<\/strong><\/p>\n<p><a href=\"https:\/\/litoral.ufpr.br\/wp-content\/uploads\/2015\/03\/PPC-Licenciatura-em-Educa%C3%A7%C3%A3o-F%C3%ADsica.pdf\">PPC EDF 2015<\/a><\/p>\n<p><a href=\"https:\/\/litoral.ufpr.br\/educacaofisica\/wp-content\/uploads\/sites\/4\/2024\/12\/PPC-EF-2023.pdf\">PPC EDF 2023<\/a><\/p>\n<p><a href=\"https:\/\/litoral.ufpr.br\/educacaofisica\/wp-content\/uploads\/sites\/4\/2019\/12\/Licenciatura_Educa\u00e7\u00e3o_F\u00edsica_Litoral_Resolu\u00e7\u00e3o_CEPE_12_14.pdf\">RESOLU\u00c7\u00c3O n\u00ba 12\/14 &#8211; Curr\u00edculo do Curso de Licenciatura em Educa\u00e7\u00e3o F\u00edsica 2015<\/a><\/p>\n<p><a href=\"https:\/\/litoral.ufpr.br\/educacaofisica\/wp-content\/uploads\/sites\/4\/2019\/12\/Licenciatura_Educa\u00e7\u00e3o_F\u00edsica_Litoral_Resolu\u00e7\u00e3o_CEPE_22_17.pdf\">RESOLU\u00c7\u00c3O n\u00ba 22\/17 &#8211; Curr\u00edculo do Curso de Licenciatura em Educa\u00e7\u00e3o F\u00edsica 2018<\/a><\/p>\n<p><a href=\"https:\/\/litoral.ufpr.br\/educacaofisica\/wp-content\/uploads\/sites\/4\/2024\/12\/Resolucao-55-23-Curriculo-do-Curso.pdf\">RESOLU\u00c7\u00c3O n\u00ba 55\/23 &#8211; Curr\u00edculo do Curso de Licenciatura em Educa\u00e7\u00e3o F\u00edsica 2023<\/a><\/p>\n\n\n<p><strong>Ementas <\/strong><\/p>\n\n\n\n<p><a href=\"https:\/\/litoral.ufpr.br\/wp-content\/uploads\/2022\/06\/Ementas_2015.zip\">2015<\/a><\/p>\n\n\n\n<p><a href=\"https:\/\/litoral.ufpr.br\/educacaofisica\/wp-content\/uploads\/sites\/4\/2022\/06\/2018-parte-1.zip\">2018 parte 1<\/a><\/p>\n\n\n\n<p><a href=\"https:\/\/litoral.ufpr.br\/educacaofisica\/wp-content\/uploads\/sites\/4\/2022\/06\/2018-parte-2.zip\">2018 parte 2<\/a><\/p>\n\n\n\n<p><a href=\"https:\/\/litoral.ufpr.br\/educacaofisica\/wp-content\/uploads\/sites\/4\/2022\/06\/2018-parte-3.zip\">2018 parte 3<\/a><\/p>\n\n\n\n<p><\/p>\n","protected":false},"excerpt":{"rendered":"<p>Manual do Estudante 2019 PROJETO POL\u00cdTICO PEDAG\u00d3GICO DO CURSO PPC EDF 2015 PPC EDF 2023 RESOLU\u00c7\u00c3O n\u00ba 12\/14 &#8211; Curr\u00edculo do Curso de Licenciatura em Educa\u00e7\u00e3o F\u00edsica 2015 RESOLU\u00c7\u00c3O n\u00ba 22\/17 &#8211; Curr\u00edculo do Curso de Licenciatura em Educa\u00e7\u00e3o F\u00edsica 2018 RESOLU\u00c7\u00c3O n\u00ba 55\/23 &#8211; Curr\u00edculo do Curso de Licenciatura em Educa\u00e7\u00e3o F\u00edsica 2023 Ementas [&hellip;]<\/p>\n","protected":false},"author":3,"featured_media":0,"parent":0,"menu_order":0,"comment_status":"closed","ping_status":"closed","template":"","meta":{"_acf_changed":false,"footnotes":""},"class_list":["post-50","page","type-page","status-publish","hentry"],"acf":[],"_links":{"self":[{"href":"https:\/\/litoral.ufpr.br\/educacaofisica\/wp-json\/wp\/v2\/pages\/50","targetHints":{"allow":["GET"]}}],"collection":[{"href":"https:\/\/litoral.ufpr.br\/educacaofisica\/wp-json\/wp\/v2\/pages"}],"about":[{"href":"https:\/\/litoral.ufpr.br\/educacaofisica\/wp-json\/wp\/v2\/types\/page"}],"author":[{"embeddable":true,"href":"https:\/\/litoral.ufpr.br\/educacaofisica\/wp-json\/wp\/v2\/users\/3"}],"replies":[{"embeddable":true,"href":"https:\/\/litoral.ufpr.br\/educacaofisica\/wp-json\/wp\/v2\/comments?post=50"}],"version-history":[{"count":13,"href":"https:\/\/litoral.ufpr.br\/educacaofisica\/wp-json\/wp\/v2\/pages\/50\/revisions"}],"predecessor-version":[{"id":7644,"href":"https:\/\/litoral.ufpr.br\/educacaofisica\/wp-json\/wp\/v2\/pages\/50\/revisions\/7644"}],"wp:attachment":[{"href":"https:\/\/litoral.ufpr.br\/educacaofisica\/wp-json\/wp\/v2\/media?parent=50"}],"curies":[{"name":"wp","href":"https:\/\/api.w.org\/{rel}","templated":true}]}}