{"id":1442,"date":"2020-05-18T10:43:34","date_gmt":"2020-05-18T13:43:34","guid":{"rendered":"https:\/\/litoral.ufpr.br\/direcao\/?page_id=1442"},"modified":"2024-03-14T14:49:53","modified_gmt":"2024-03-14T17:49:53","slug":"equipe","status":"publish","type":"page","link":"https:\/\/litoral.ufpr.br\/direcao\/equipe\/","title":{"rendered":"Gest\u00f5es Setoriais"},"content":{"rendered":"\n<p><strong>Gest\u00e3o 2024-2028<\/strong><\/p>\n\n\n\n<p><strong>Diretora<\/strong>: <a href=\"https:\/\/buscatextual.cnpq.br\/buscatextual\/visualizacv.do?id=K4138001D2&amp;tokenCaptchar=03AFcWeA7ZFlhglSc4aUUDF7xGSJfJhbQva7aXSv8kEcjEoHzJsGDqFnrL1L1RPvDErOe007JZHz3xSY4HjkzbSJ8tx2Jdznn-c05Fyyc6SdP43PSj-0fWJetlDTTQsMPgfkt2iED4uuwYtpEzX1m75SD0KSZZoyGEcjkzXjFuwPvcuq5sCYtucL3gZbxNIpy0e-M7yttDwvXfGb7VLkKMuijuv7d00xxKURPGw6s9A8lzIsjfqRq4DlwLvLLwlJD1xa4VjfiLBmWzO3WcEF3WQy4e9a5oRrrCFqP2y1M9K5KI4dVJxeo_D69zb82D0ZQpC4_J_vyCUJ1nXx6V-vfYi04FH5XgE86iDnpzJiT476A9BXo9gpt29vX5WkcdBfFq_9eE-Zu-NSDf4w5EvZIb8kkPF56FGBsnvRpbxZNjPvLCp0pplRr2ve5ghbHkNBtQXU0710fRZB09u6KIcp-_ociAxo1H8QMK8YRsjbfJFIN0lO8ooSxtQvte5tZiL9VP-97miqECiIKxWhXo5vMInRWeTA5uq9rcnVJ5FdQJwE5DN07Y658vUpblncCLIT_ZDki8anvG95KzbXiU06CwwTUEFJH7wrfum6dzTcTgG5mKJvCmkgL1-00VlgkvhMNzOcsPNS3-5uMkwCKkI9T_5aPD-u76LHKVxIqE0t4LLRZ_nkPaCttOT6M\">Vanessa Marion Andreoli<\/a><br><strong>Vice-diretor<\/strong>: <a href=\"https:\/\/buscatextual.cnpq.br\/buscatextual\/visualizacv.do?id=K4284853J1&amp;tokenCaptchar=03AFcWeA4AiX6A_GF-X29dHaT617YxgNl37YMqR-9aq-IW8W0GB5MIAX-QhAJSaX4DGr8hMZijT4vlzqoKpYZgz4KJ5EeVJ8Ji3g9hMIVsFG6EW50zbyLeEb__3w7bulxhu6Zk5xijk70UveQ57OBVkrJ0boOcmMSzPPrXEPIW6fZVAs8Pk7a5sPJ8VW248WLuls3SZy5KhmAUJ_POvL89PwjAMeMvA_EHUgU6l3vz8NbCCtGIAS6g-ruaXL1dSyX5hS9ChC5gqO2fWMbbtGnOWfOjEYbkqB9qlbh9ViWZKDYIg4O3Ee6m2tmpol7tOOWJyGBr5JKEO-eJg4p2EGhZAZZrgq3ptySZoOVtdzxe20voHZBOYSYYWb08PRjYnbimHAfQNCLkQ_EmVlmFm1j_B8jDTprSQRDNH3ETJbhvdL3FIj5K4F_krpZwpE0Cm3llFVS3OMzVt0ciIoXuPM9SvsjGlSsKiV7foSnyGAsWRioA2Lg_tcf6YCom9d6HKRWySKNpr44dqtxluTu0VV8GKrimMjB63zKU2RXyzCieXMibgfozgNcLCv5eRoI5AxnaF5AoIYxOzwxETlJtjweJtuQdjTT3JiXT6ilHoH8Nj6DXTWdgTh-Wl3DN3z1Omr8mOoh1RZlsQlg9r0PQYSGzrckfWGGAQUfPV3jFILWIMMW-2JsQu8rrAZI\" target=\"_blank\" rel=\"noreferrer noopener\">Luis Eduardo Cunha Thomassim<\/a><\/p>\n\n\n\n<p class=\"has-text-align-left\"><strong>Se\u00e7\u00e3o de Gest\u00e3o Administrativa<\/strong> <strong>do Gabinete da Dire\u00e7\u00e3o<\/strong><br>Mariane Wippel<br>Vanessa Padilha Wosniak <\/p>\n\n\n\n<p>Hor\u00e1rio de atendimento: 08h00 \u00e0s 12h00 \/ 13h00 \u00e0s 17h00<br>e-mail: dir.ufprlitoral@ufpr.br<br>teams: @dir.ufprlitoral<br>Telefone: 41 9 8406-8343 (tamb\u00e9m atendemos via whatsapp)<\/p>\n\n\n\n<p class=\"has-text-align-center\">_________________________________________<\/p>\n\n\n\n<p><strong>Gest\u00e3o 2020-2024<\/strong><\/p>\n\n\n\n<p class=\"has-text-align-left\"><strong>Dire\u00e7\u00e3o Setorial<br><\/strong>Diretora:\u00a0<a href=\"http:\/\/lattes.cnpq.br\/7148899466683562\">Elisiani Vit\u00f3ria Tiepolo<\/a><br>Vice-diretor:\u00a0<a href=\"http:\/\/lattes.cnpq.br\/4043167673688973\">Lourival de Moraes Fidelis<\/a><\/p>\n\n\n\n<p class=\"has-text-align-left\"><strong>Planejamento Setorial (PES) <\/strong><\/p>\n\n\n\n<div data-wp-interactive=\"core\/file\" class=\"wp-block-file\"><a href=\"https:\/\/litoral.ufpr.br\/direcao\/wp-content\/uploads\/sites\/22\/2021\/10\/SINTESES-GTs-ELABORADA-PELA-DIRECAO.pdf\">PES 2020\/2024<\/a><a href=\"https:\/\/litoral.ufpr.br\/direcao\/wp-content\/uploads\/sites\/22\/2021\/10\/SINTESES-GTs-ELABORADA-PELA-DIRECAO.pdf\" class=\"wp-block-file__button\" download>Baixar<\/a><\/div>\n\n\n\n<div data-wp-interactive=\"core\/file\" class=\"wp-block-file\"><a href=\"https:\/\/litoral.ufpr.br\/direcao\/wp-content\/uploads\/sites\/22\/2021\/10\/Proposta-de-Plenejamento-Direcao-Setorial.pdf\">Proposta de discuss\u00e3o PES 2020 2024 Direc\u00e3o Setorial<\/a><a href=\"https:\/\/litoral.ufpr.br\/direcao\/wp-content\/uploads\/sites\/22\/2021\/10\/Proposta-de-Plenejamento-Direcao-Setorial.pdf\" class=\"wp-block-file__button\" download>Baixar<\/a><\/div>\n\n\n\n<hr class=\"wp-block-separator has-css-opacity\" \/>\n\n\n\n<p><strong>Gest\u00e3o 2016-2020<\/strong><br>Diretor:\u00a0<a href=\"http:\/\/lattes.cnpq.br\/7405162718514276\">Renato Bochicchio<\/a> <br>Vice-diretor:\u00a0<a rel=\"noreferrer noopener\" href=\"http:\/\/lattes.cnpq.br\/0668015745469201\" target=\"_blank\">Luis Eduardo Thomassim\u00a0<\/a><\/p>\n\n\n\n<hr class=\"wp-block-separator has-css-opacity\" \/>\n\n\n\n<p><strong>Gest\u00e3o 2012-2016<\/strong><br>Diretor:\u00a0<a rel=\"noreferrer noopener\" href=\"http:\/\/lattes.cnpq.br\/9630390852281763\" target=\"_blank\">Valdo Jos\u00e9 Cavallet<br><\/a>Vice-diretor:\u00a0<a rel=\"noreferrer noopener\" href=\"http:\/\/lattes.cnpq.br\/7405162718514276\" target=\"_blank\">Renato Bochicchio<br><\/a><a href=\"https:\/\/litoral.ufpr.br\/ufpr-litoral\/carta-do-diretor-setorial\/\">:: Carta do Diretor do Setor Litoral Valdo Cavallet<\/a><\/p>\n\n\n\n<hr class=\"wp-block-separator has-css-opacity\" \/>\n\n\n\n<p><strong>Gest\u00e3o 2008-2012<\/strong><br>Diretor:&nbsp;<a href=\"http:\/\/lattes.cnpq.br\/9630390852281763\" target=\"_blank\" rel=\"noreferrer noopener\">Valdo Jos\u00e9 Cavallet<br><\/a>Vice-diretora:&nbsp;<a href=\"http:\/\/lattes.cnpq.br\/2041263871305136\" target=\"_blank\" rel=\"noreferrer noopener\">Vera L\u00facia Israel&nbsp;<\/a><\/p>\n\n\n\n<hr class=\"wp-block-separator has-css-opacity\" \/>\n\n\n\n<p>A Dire\u00e7\u00e3o, \u00f3rg\u00e3o executivo e de supervis\u00e3o das atividades do Setor Litoral da UFPR, \u00e9&nbsp;exercida pelo Diretor do Setor.&nbsp;O Diretor e o Vice-Diretor do Setor ser\u00e3o nomeados pelo Reitor, escolhidos dentre os&nbsp;indicados em listas tr\u00edplices elaboradas pelo Conselho Setorial, para o mandato de 4 (quatro) anos,&nbsp;permitida uma recondu\u00e7\u00e3o.<\/p>\n\n\n\n<p>S\u00e3o atribui\u00e7\u00f5es da Dire\u00e7\u00e3o:<br>I- planejar, dirigir, superintender e executar os processos e atividades administrativas e&nbsp;pedag\u00f3gicas do Setor Litoral, sempre em conson\u00e2ncia com seu Projeto Pol\u00edtico Pedag\u00f3gico;<br>II- executar as delibera\u00e7\u00f5es do Conselho Setorial e prestar contas de suas a\u00e7\u00f5es;<br>III- convocar e presidir as reuni\u00f5es do Conselho Setorial, com direito a voto, inclusive o de&nbsp;qualidade;<br>IV- zelar pelos bens de uso comum do Setor, ficando os mesmos em suas respectivas cargas&nbsp;patrimoniais;<br>V- emitir documentos referentes a cargos e representa\u00e7\u00f5es com ou sem fun\u00e7\u00f5es gratificadas.<br>VI- aplicar as verbas or\u00e7ament\u00e1rias;<br>VII- ordenar despesas;<br>VIII- organizar a proposta or\u00e7ament\u00e1ria, para os fins do art. 7\u00ba, XI;<br>IX- apresentar ao Conselho Setorial, no final de cada exerc\u00edcio, relat\u00f3rio e presta\u00e7\u00e3o de contas e&nbsp;encaminh\u00e1-los \u00e0 Reitoria;<br>X- instaurar procedimento administrativo disciplinar e propor aplica\u00e7\u00e3o de pena;<br>XI- exercer outras atribui\u00e7\u00f5es previstas em Lei, Regulamento, Regimento, no \u00e2mbito de sua&nbsp;compet\u00eancia;<br>XII- solicitar medidas necess\u00e1rias para a realiza\u00e7\u00e3o dos processos seletivos;<br>XIII- cumprir e fazer cumprir o presente Regimento. I &#8211; planejar, dirigir, superintender e executar os processos e atividades administrativas e pedag\u00f3gicas do Setor Litoral, sempre em conson\u00e2ncia com seu Projeto Pol\u00edtico Pedag\u00f3gico; II &#8211; executar as delibera\u00e7\u00f5es do Conselho Setorial e prestar contas de suas a\u00e7\u00f5es; III &#8211; convocar e presidir as reuni\u00f5es do Conselho Setorial, com direito a voto, inclusive o de qualidade; IV- zelar pelos bens de uso comum do Setor, ficando os mesmos em suas respectivas cargas patrimoniais; V- emitir documentos referentes a cargos e representa\u00e7\u00f5es com ou sem fun\u00e7\u00f5es gratificadas; VI &#8211; aplicar as verbas or\u00e7ament\u00e1rias; VII &#8211; ordenar despesas; VIII &#8211; organizar a proposta or\u00e7ament\u00e1ria, para os fins do art. 14, XI; IX &#8211; apresentar ao Conselho Setorial, no final de cada exerc\u00edcio, relat\u00f3rio e presta\u00e7\u00e3o de contas e encaminh\u00e1-los \u00e0 Reitoria; X &#8211; instaurar procedimento administrativo disciplinar e propor aplica\u00e7\u00e3o de pena; XI- exercer outras atribui\u00e7\u00f5es previstas em Lei, Regulamento, Regimento, no \u00e2mbito de sua compet\u00eancia; XII &#8211; solicitar medidas necess\u00e1rias para a realiza\u00e7\u00e3o dos processos seletivos; e XIII &#8211; cumprir e fazer cumprir o presente Regimento S\u00e3o atribui\u00e7\u00f5es da Dire\u00e7\u00e3o:<br>I- planejar, dirigir, superintender e executar os processos e atividades administrativas e&nbsp;pedag\u00f3gicas do Setor Litoral, sempre em conson\u00e2ncia com seu Projeto Pol\u00edtico Pedag\u00f3gico;<br>II- executar as delibera\u00e7\u00f5es do Conselho Setorial e prestar contas de suas a\u00e7\u00f5es;<br>III- convocar e presidir as reuni\u00f5es do Conselho Setorial, com direito a voto, inclusive o de&nbsp;qualidade;<br>IV- zelar pelos bens de uso comum do Setor, ficando os mesmos em suas respectivas cargas&nbsp;patrimoniais;<br>V- emitir documentos referentes a cargos e representa\u00e7\u00f5es com ou sem fun\u00e7\u00f5es gratificadas.<br>VI- aplicar as verbas or\u00e7ament\u00e1rias;<br>VII- ordenar despesas;<br>VIII- organizar a proposta or\u00e7ament\u00e1ria, para os fins do art. 7\u00ba, XI;<br>IX- apresentar ao Conselho Setorial, no final de cada exerc\u00edcio, relat\u00f3rio e presta\u00e7\u00e3o de contas e&nbsp;encaminh\u00e1-los \u00e0 Reitoria;<br>X- instaurar procedimento administrativo disciplinar e propor aplica\u00e7\u00e3o de pena;<br>XI- exercer outras atribui\u00e7\u00f5es previstas em Lei, Regulamento, Regimento, no \u00e2mbito de sua&nbsp;compet\u00eancia;<br>XII- solicitar medidas necess\u00e1rias para a realiza\u00e7\u00e3o dos processos seletivos;<br>XIII- cumprir e fazer cumprir o presente Regimento.<\/p>\n\n\n\n<p>S\u00e3o Atribui\u00e7\u00f5es da  Se\u00e7\u00e3o de Gest\u00e3o Administrativa do Gabinete da Dire\u00e7\u00e3o:<br> I &#8211; administrar os servi\u00e7os do Gabinete da Dire\u00e7\u00e3o; <br>II &#8211; despachar com a Dire\u00e7\u00e3o os processos pertinentes ao Setor; <br>III &#8211; divulgar informativos da Dire\u00e7\u00e3o no \u00e2mbito do Setor; <br>IV &#8211; divulgar e\/ou encaminhar atos da administra\u00e7\u00e3o para ci\u00eancia e\/ou provid\u00eancias \u00e0s unidades administrativas, acad\u00eamicas e pedag\u00f3gicas pertinentes; <br>V &#8211; encaminhar provid\u00eancias relativas \u00e0s correspond\u00eancias do Setor que n\u00e3o sejam privativas da Dire\u00e7\u00e3o Setorial; <br>VI &#8211; protocolar documentos relacionados \u00e0 Dire\u00e7\u00e3o; <br>VII &#8211; elaborar e remeter a correspond\u00eancia do Gabinete da Dire\u00e7\u00e3o; <br>VIII &#8211; administrar a agenda da Dire\u00e7\u00e3o; <br>IX &#8211; assessorar a Dire\u00e7\u00e3o em projetos especiais; <br>X &#8211; distribuir e redistribuir processos; <br>XI &#8211; implantar, acompanhar e avaliar rotinas, normas de trabalhos e manuais inerentes ao Gabinete da Dire\u00e7\u00e3o; <br>XII &#8211; elaborar estudos inerentes ao Gabinete da Dire\u00e7\u00e3o; e <br>XIII &#8211; desempenhar outras compet\u00eancias pr\u00f3prias da unidade, delegadas pela Dire\u00e7\u00e3o Setorial ou estabelecidas atrav\u00e9s de normas. <\/p>\n\n\n\n<p><br> <\/p>\n\n\n\n<hr class=\"wp-block-separator has-css-opacity\" \/>\n\n\n\n<div class=\"wp-block-group\"><div class=\"wp-block-group__inner-container is-layout-flow wp-block-group-is-layout-flow\"><\/div><\/div>\n\n\n\n<p><\/p>\n","protected":false},"excerpt":{"rendered":"<p>Gest\u00e3o 2024-2028 Diretora: Vanessa Marion AndreoliVice-diretor: Luis Eduardo Cunha Thomassim Se\u00e7\u00e3o de Gest\u00e3o Administrativa do Gabinete da Dire\u00e7\u00e3oMariane WippelVanessa Padilha Wosniak Hor\u00e1rio de atendimento: 08h00 \u00e0s 12h00 \/ 13h00 \u00e0s 17h00e-mail: dir.ufprlitoral@ufpr.brteams: @dir.ufprlitoralTelefone: 41 9 8406-8343 (tamb\u00e9m atendemos via whatsapp) _________________________________________ Gest\u00e3o 2020-2024 Dire\u00e7\u00e3o SetorialDiretora:\u00a0Elisiani Vit\u00f3ria TiepoloVice-diretor:\u00a0Lourival de Moraes Fidelis Planejamento Setorial (PES) Gest\u00e3o 2016-2020Diretor:\u00a0Renato [&hellip;]<\/p>\n","protected":false},"author":3,"featured_media":0,"parent":0,"menu_order":0,"comment_status":"closed","ping_status":"closed","template":"","meta":{"_acf_changed":false,"footnotes":""},"class_list":["post-1442","page","type-page","status-publish","hentry"],"acf":[],"_links":{"self":[{"href":"https:\/\/litoral.ufpr.br\/direcao\/wp-json\/wp\/v2\/pages\/1442","targetHints":{"allow":["GET"]}}],"collection":[{"href":"https:\/\/litoral.ufpr.br\/direcao\/wp-json\/wp\/v2\/pages"}],"about":[{"href":"https:\/\/litoral.ufpr.br\/direcao\/wp-json\/wp\/v2\/types\/page"}],"author":[{"embeddable":true,"href":"https:\/\/litoral.ufpr.br\/direcao\/wp-json\/wp\/v2\/users\/3"}],"replies":[{"embeddable":true,"href":"https:\/\/litoral.ufpr.br\/direcao\/wp-json\/wp\/v2\/comments?post=1442"}],"version-history":[{"count":25,"href":"https:\/\/litoral.ufpr.br\/direcao\/wp-json\/wp\/v2\/pages\/1442\/revisions"}],"predecessor-version":[{"id":14585,"href":"https:\/\/litoral.ufpr.br\/direcao\/wp-json\/wp\/v2\/pages\/1442\/revisions\/14585"}],"wp:attachment":[{"href":"https:\/\/litoral.ufpr.br\/direcao\/wp-json\/wp\/v2\/media?parent=1442"}],"curies":[{"name":"wp","href":"https:\/\/api.w.org\/{rel}","templated":true}]}}