{"id":13912,"date":"2021-04-05T10:24:38","date_gmt":"2021-04-05T13:24:38","guid":{"rendered":"https:\/\/litoral.ufpr.br\/direcao\/?page_id=13912"},"modified":"2022-10-14T15:56:26","modified_gmt":"2022-10-14T18:56:26","slug":"audios","status":"publish","type":"page","link":"https:\/\/litoral.ufpr.br\/direcao\/audios\/","title":{"rendered":""},"content":{"rendered":"\n<figure class=\"wp-block-image size-large is-style-default\"><img loading=\"lazy\" decoding=\"async\" width=\"1024\" height=\"256\" src=\"https:\/\/litoral.ufpr.br\/direcao\/wp-content\/uploads\/sites\/22\/2021\/04\/DropsDirec\u0327a\u0303o_banner-1024x256.png\" alt=\"\" class=\"wp-image-13954\" srcset=\"https:\/\/litoral.ufpr.br\/direcao\/wp-content\/uploads\/sites\/22\/2021\/04\/DropsDirec\u0327a\u0303o_banner-1024x256.png 1024w, https:\/\/litoral.ufpr.br\/direcao\/wp-content\/uploads\/sites\/22\/2021\/04\/DropsDirec\u0327a\u0303o_banner-300x75.png 300w, https:\/\/litoral.ufpr.br\/direcao\/wp-content\/uploads\/sites\/22\/2021\/04\/DropsDirec\u0327a\u0303o_banner-768x192.png 768w, https:\/\/litoral.ufpr.br\/direcao\/wp-content\/uploads\/sites\/22\/2021\/04\/DropsDirec\u0327a\u0303o_banner-1536x384.png 1536w, https:\/\/litoral.ufpr.br\/direcao\/wp-content\/uploads\/sites\/22\/2021\/04\/DropsDirec\u0327a\u0303o_banner-2048x512.png 2048w\" sizes=\"auto, (max-width: 1024px) 100vw, 1024px\" \/><\/figure>\n\n\n\n<p>Nesta p\u00e1gina o visitante encontrar\u00e1 mensagens em \u00e1udio da dire\u00e7\u00e3o do Setor Litoral da UFPR como mais um canal de comunica\u00e7\u00e3o entre a gest\u00e3o da UFPR Litoral e com a comunidade acad\u00eamica e a comunidade externa. Comunicados, an\u00fancios, mensagens conectando, ainda mais, a Universidade \u00e0 voc\u00ea por meio de informes aud\u00edveis a qualquer momento.<em> <\/em><\/p>\n\n\n\n<p class=\"has-text-align-right\"><a href=\"https:\/\/www.youtube.com\/watch?v=DZwdOJXFhkc&amp;list=PLO--lHzAQOIuhIUF9tKqcUso3JiTv7-rn\" target=\"_blank\" rel=\"noreferrer noopener\">Vers\u00e3o em L\u00edngua Brasileira de Sinais &#8211; Libras (Clique Aqui &#8211; Youtube<\/a>)<\/p>\n\n\n\n<hr class=\"wp-block-separator has-css-opacity\"\/>\n\n\n\n<div class=\"wp-block-columns is-layout-flex wp-container-core-columns-is-layout-9d6595d7 wp-block-columns-is-layout-flex\">\n<div class=\"wp-block-column is-layout-flow wp-block-column-is-layout-flow\" style=\"flex-basis:20%\">\n<figure class=\"wp-block-image size-full\"><img loading=\"lazy\" decoding=\"async\" width=\"465\" height=\"465\" src=\"https:\/\/litoral.ufpr.br\/direcao\/wp-content\/uploads\/sites\/22\/2022\/10\/image.png\" alt=\"\" class=\"wp-image-14101\" srcset=\"https:\/\/litoral.ufpr.br\/direcao\/wp-content\/uploads\/sites\/22\/2022\/10\/image.png 465w, https:\/\/litoral.ufpr.br\/direcao\/wp-content\/uploads\/sites\/22\/2022\/10\/image-300x300.png 300w, https:\/\/litoral.ufpr.br\/direcao\/wp-content\/uploads\/sites\/22\/2022\/10\/image-150x150.png 150w\" sizes=\"auto, (max-width: 465px) 100vw, 465px\" \/><\/figure>\n<\/div>\n\n\n\n<div class=\"wp-block-column is-layout-flow wp-block-column-is-layout-flow\" style=\"flex-basis:66.66%\">\n<figure class=\"wp-block-audio\"><audio controls src=\"https:\/\/litoral.ufpr.br\/direcao\/wp-content\/uploads\/sites\/22\/2022\/10\/Audio-do-WhatsApp-de-2022-10-14-a_s_-14.57.53.mp3\"><\/audio><figcaption>#015 (14\/10\/2022) \u2013 Informa\u00e7\u00f5es sobre o retorno das atividades letivas dia 17 de outubro e sobre o calend\u00e1rio acad\u00eamico 2022-2.<\/figcaption><\/figure>\n<\/div>\n<\/div>\n\n\n\n<div class=\"wp-block-columns is-layout-flex wp-container-core-columns-is-layout-9d6595d7 wp-block-columns-is-layout-flex\">\n<div class=\"wp-block-column is-layout-flow wp-block-column-is-layout-flow\" style=\"flex-basis:20%\">\n<figure class=\"wp-block-image size-large\"><img loading=\"lazy\" decoding=\"async\" width=\"465\" height=\"465\" src=\"https:\/\/litoral.ufpr.br\/direcao\/wp-content\/uploads\/sites\/22\/2021\/04\/DropsDirecao.png\" alt=\"\" class=\"wp-image-13920\" srcset=\"https:\/\/litoral.ufpr.br\/direcao\/wp-content\/uploads\/sites\/22\/2021\/04\/DropsDirecao.png 465w, https:\/\/litoral.ufpr.br\/direcao\/wp-content\/uploads\/sites\/22\/2021\/04\/DropsDirecao-300x300.png 300w, https:\/\/litoral.ufpr.br\/direcao\/wp-content\/uploads\/sites\/22\/2021\/04\/DropsDirecao-150x150.png 150w\" sizes=\"auto, (max-width: 465px) 100vw, 465px\" \/><\/figure>\n<\/div>\n\n\n\n<div class=\"wp-block-column is-layout-flow wp-block-column-is-layout-flow\" style=\"flex-basis:66.66%\">\n<figure class=\"wp-block-audio\"><audio controls src=\"https:\/\/litoral.ufpr.br\/direcao\/wp-content\/uploads\/sites\/22\/2022\/03\/WhatsApp-Audio-2022-03-29-at-10.15.05.mp3\"><\/audio><figcaption>#014 (29\/03\/2022) \u2013 <em>Avalia\u00e7\u00e3o MEC para Adm P\u00fablica e  LiGeo.<\/em><\/figcaption><\/figure>\n<\/div>\n<\/div>\n\n\n\n<hr class=\"wp-block-separator has-css-opacity\"\/>\n\n\n\n<div class=\"wp-block-columns is-layout-flex wp-container-core-columns-is-layout-9d6595d7 wp-block-columns-is-layout-flex\">\n<div class=\"wp-block-column is-layout-flow wp-block-column-is-layout-flow\" style=\"flex-basis:20%\">\n<figure class=\"wp-block-image size-full\"><img loading=\"lazy\" decoding=\"async\" width=\"465\" height=\"465\" src=\"https:\/\/litoral.ufpr.br\/direcao\/wp-content\/uploads\/sites\/22\/2021\/04\/DropsDirecao2.png\" alt=\"\" class=\"wp-image-13914\" srcset=\"https:\/\/litoral.ufpr.br\/direcao\/wp-content\/uploads\/sites\/22\/2021\/04\/DropsDirecao2.png 465w, https:\/\/litoral.ufpr.br\/direcao\/wp-content\/uploads\/sites\/22\/2021\/04\/DropsDirecao2-300x300.png 300w, https:\/\/litoral.ufpr.br\/direcao\/wp-content\/uploads\/sites\/22\/2021\/04\/DropsDirecao2-150x150.png 150w\" sizes=\"auto, (max-width: 465px) 100vw, 465px\" \/><\/figure>\n<\/div>\n\n\n\n<div class=\"wp-block-column is-layout-flow wp-block-column-is-layout-flow\" style=\"flex-basis:66.66%\">\n<figure class=\"wp-block-audio\"><audio controls src=\"https:\/\/litoral.ufpr.br\/direcao\/wp-content\/uploads\/sites\/22\/2022\/03\/WhatsApp-Audio-2022-03-03-at-11.09.14.mp3\"><\/audio><figcaption>#013 (03\/03\/2022) \u2013 <em>Nosso percurso a partir da pandemia e o retorno presencial \u00e0s atividades presenciais no Setor Litoral da UFPR no dia 7 de mar\u00e7o.<\/em><\/figcaption><\/figure>\n<\/div>\n<\/div>\n\n\n\n<hr class=\"wp-block-separator has-css-opacity\"\/>\n\n\n\n<div class=\"wp-block-columns is-layout-flex wp-container-core-columns-is-layout-9d6595d7 wp-block-columns-is-layout-flex\">\n<div class=\"wp-block-column is-layout-flow wp-block-column-is-layout-flow\" style=\"flex-basis:20%\">\n<figure class=\"wp-block-image size-large\"><img loading=\"lazy\" decoding=\"async\" width=\"465\" height=\"465\" src=\"https:\/\/litoral.ufpr.br\/direcao\/wp-content\/uploads\/sites\/22\/2021\/04\/DropsDirecao.png\" alt=\"\" class=\"wp-image-13920\" srcset=\"https:\/\/litoral.ufpr.br\/direcao\/wp-content\/uploads\/sites\/22\/2021\/04\/DropsDirecao.png 465w, https:\/\/litoral.ufpr.br\/direcao\/wp-content\/uploads\/sites\/22\/2021\/04\/DropsDirecao-300x300.png 300w, https:\/\/litoral.ufpr.br\/direcao\/wp-content\/uploads\/sites\/22\/2021\/04\/DropsDirecao-150x150.png 150w\" sizes=\"auto, (max-width: 465px) 100vw, 465px\" \/><\/figure>\n<\/div>\n\n\n\n<div class=\"wp-block-column is-layout-flow wp-block-column-is-layout-flow\" style=\"flex-basis:66.66%\">\n<figure class=\"wp-block-audio\"><audio controls src=\"https:\/\/litoral.ufpr.br\/direcao\/wp-content\/uploads\/sites\/22\/2022\/02\/WhatsApp-Audio-2022-02-03-at-15.02.38.mp3\"><\/audio><figcaption>#012 (03\/02\/2022) \u2013 <em>PRIC Cai\u00e7ara e comprovante vacinal.<\/em><\/figcaption><\/figure>\n<\/div>\n<\/div>\n\n\n\n<hr class=\"wp-block-separator has-css-opacity\"\/>\n\n\n\n<div class=\"wp-block-columns is-layout-flex wp-container-core-columns-is-layout-9d6595d7 wp-block-columns-is-layout-flex\">\n<div class=\"wp-block-column is-layout-flow wp-block-column-is-layout-flow\" style=\"flex-basis:20%\">\n<figure class=\"wp-block-image size-large\"><img loading=\"lazy\" decoding=\"async\" width=\"465\" height=\"465\" src=\"https:\/\/litoral.ufpr.br\/direcao\/wp-content\/uploads\/sites\/22\/2021\/04\/DropsDirecao2.png\" alt=\"\" class=\"wp-image-13914\" srcset=\"https:\/\/litoral.ufpr.br\/direcao\/wp-content\/uploads\/sites\/22\/2021\/04\/DropsDirecao2.png 465w, https:\/\/litoral.ufpr.br\/direcao\/wp-content\/uploads\/sites\/22\/2021\/04\/DropsDirecao2-300x300.png 300w, https:\/\/litoral.ufpr.br\/direcao\/wp-content\/uploads\/sites\/22\/2021\/04\/DropsDirecao2-150x150.png 150w\" sizes=\"auto, (max-width: 465px) 100vw, 465px\" \/><\/figure>\n<\/div>\n\n\n\n<div class=\"wp-block-column is-layout-flow wp-block-column-is-layout-flow\" style=\"flex-basis:66.66%\">\n<figure class=\"wp-block-audio\"><audio controls src=\"https:\/\/litoral.ufpr.br\/direcao\/wp-content\/uploads\/sites\/22\/2021\/12\/WhatsApp-Audio-2021-12-22-at-09.00.03.mp3\"><\/audio><figcaption>#011 (22\/12\/2021) \u2013 <em>Orienta\u00e7\u00f5es sobre o calend\u00e1rio acad\u00eamico.<\/em><\/figcaption><\/figure>\n<\/div>\n<\/div>\n\n\n\n<hr class=\"wp-block-separator has-css-opacity\"\/>\n\n\n\n<div class=\"wp-block-columns is-layout-flex wp-container-core-columns-is-layout-9d6595d7 wp-block-columns-is-layout-flex\">\n<div class=\"wp-block-column is-layout-flow wp-block-column-is-layout-flow\" style=\"flex-basis:20%\">\n<figure class=\"wp-block-image size-large\"><img loading=\"lazy\" decoding=\"async\" width=\"465\" height=\"465\" src=\"https:\/\/litoral.ufpr.br\/direcao\/wp-content\/uploads\/sites\/22\/2021\/04\/DropsDirecao.png\" alt=\"\" class=\"wp-image-13920\" srcset=\"https:\/\/litoral.ufpr.br\/direcao\/wp-content\/uploads\/sites\/22\/2021\/04\/DropsDirecao.png 465w, https:\/\/litoral.ufpr.br\/direcao\/wp-content\/uploads\/sites\/22\/2021\/04\/DropsDirecao-300x300.png 300w, https:\/\/litoral.ufpr.br\/direcao\/wp-content\/uploads\/sites\/22\/2021\/04\/DropsDirecao-150x150.png 150w\" sizes=\"auto, (max-width: 465px) 100vw, 465px\" \/><\/figure>\n<\/div>\n\n\n\n<div class=\"wp-block-column is-layout-flow wp-block-column-is-layout-flow\" style=\"flex-basis:66.66%\">\n<figure class=\"wp-block-audio\"><audio controls src=\"https:\/\/litoral.ufpr.br\/direcao\/wp-content\/uploads\/sites\/22\/2021\/11\/audio_direcao_n10_18_11.mp3\"><\/audio><figcaption>#010 (18\/11\/2021) \u2013 <em>Orienta\u00e7\u00f5es sobre a entrada na UFPR, Setor Litoral: restri\u00e7\u00e3o parcial<\/em>.<\/figcaption><\/figure>\n\n\n\n<p><\/p>\n<\/div>\n<\/div>\n\n\n\n<hr class=\"wp-block-separator has-css-opacity\"\/>\n\n\n\n<div class=\"wp-block-columns is-layout-flex wp-container-core-columns-is-layout-9d6595d7 wp-block-columns-is-layout-flex\">\n<div class=\"wp-block-column is-layout-flow wp-block-column-is-layout-flow\" style=\"flex-basis:20%\">\n<figure class=\"wp-block-image size-large\"><img loading=\"lazy\" decoding=\"async\" width=\"465\" height=\"465\" src=\"https:\/\/litoral.ufpr.br\/direcao\/wp-content\/uploads\/sites\/22\/2021\/04\/DropsDirecao2.png\" alt=\"\" class=\"wp-image-13914\" srcset=\"https:\/\/litoral.ufpr.br\/direcao\/wp-content\/uploads\/sites\/22\/2021\/04\/DropsDirecao2.png 465w, https:\/\/litoral.ufpr.br\/direcao\/wp-content\/uploads\/sites\/22\/2021\/04\/DropsDirecao2-300x300.png 300w, https:\/\/litoral.ufpr.br\/direcao\/wp-content\/uploads\/sites\/22\/2021\/04\/DropsDirecao2-150x150.png 150w\" sizes=\"auto, (max-width: 465px) 100vw, 465px\" \/><\/figure>\n<\/div>\n\n\n\n<div class=\"wp-block-column is-layout-flow wp-block-column-is-layout-flow\" style=\"flex-basis:66.66%\">\n<figure class=\"wp-block-audio\"><audio controls src=\"https:\/\/litoral.ufpr.br\/direcao\/wp-content\/uploads\/sites\/22\/2021\/10\/WhatsApp-Audio-2021-10-20-at-15.47.45.mp3\"><\/audio><figcaption>#009 (20\/10\/2021) \u2013 <em>Informa\u00e7\u00f5es sobre a Portaria n\u00ba 836, que estabelece diretrizes e outras provid\u00eancias sobre o retorno gradual e seguro das atividades dos servidores da UFPR.<\/em><\/figcaption><\/figure>\n<\/div>\n<\/div>\n\n\n\n<hr class=\"wp-block-separator has-css-opacity\"\/>\n\n\n\n<div class=\"wp-block-columns is-layout-flex wp-container-core-columns-is-layout-9d6595d7 wp-block-columns-is-layout-flex\">\n<div class=\"wp-block-column is-layout-flow wp-block-column-is-layout-flow\" style=\"flex-basis:20%\">\n<figure class=\"wp-block-image size-large\"><img loading=\"lazy\" decoding=\"async\" width=\"465\" height=\"465\" src=\"https:\/\/litoral.ufpr.br\/direcao\/wp-content\/uploads\/sites\/22\/2021\/04\/DropsDirecao.png\" alt=\"\" class=\"wp-image-13920\" srcset=\"https:\/\/litoral.ufpr.br\/direcao\/wp-content\/uploads\/sites\/22\/2021\/04\/DropsDirecao.png 465w, https:\/\/litoral.ufpr.br\/direcao\/wp-content\/uploads\/sites\/22\/2021\/04\/DropsDirecao-300x300.png 300w, https:\/\/litoral.ufpr.br\/direcao\/wp-content\/uploads\/sites\/22\/2021\/04\/DropsDirecao-150x150.png 150w\" sizes=\"auto, (max-width: 465px) 100vw, 465px\" \/><\/figure>\n<\/div>\n\n\n\n<div class=\"wp-block-column is-layout-flow wp-block-column-is-layout-flow\" style=\"flex-basis:66.66%\">\n<figure class=\"wp-block-audio\"><audio controls src=\"https:\/\/litoral.ufpr.br\/direcao\/wp-content\/uploads\/sites\/22\/2021\/09\/audios_direcao_008_24_09_2021.mp3\"><\/audio><figcaption>#008 (24\/09\/2021) \u2013 <em>Informa\u00e7\u00f5es sobre <\/em>a manuten\u00e7\u00e3o do trabalho remoto, das atividades acad\u00eamicas remotas e do acesso restrito ao Setor.<\/figcaption><\/figure>\n<\/div>\n<\/div>\n\n\n\n<hr class=\"wp-block-separator has-css-opacity\"\/>\n\n\n\n<div class=\"wp-block-columns is-layout-flex wp-container-core-columns-is-layout-9d6595d7 wp-block-columns-is-layout-flex\">\n<div class=\"wp-block-column is-layout-flow wp-block-column-is-layout-flow\" style=\"flex-basis:20%\">\n<figure class=\"wp-block-image size-large\"><img loading=\"lazy\" decoding=\"async\" width=\"465\" height=\"465\" src=\"https:\/\/litoral.ufpr.br\/direcao\/wp-content\/uploads\/sites\/22\/2021\/04\/DropsDirecao2.png\" alt=\"\" class=\"wp-image-13914\" srcset=\"https:\/\/litoral.ufpr.br\/direcao\/wp-content\/uploads\/sites\/22\/2021\/04\/DropsDirecao2.png 465w, https:\/\/litoral.ufpr.br\/direcao\/wp-content\/uploads\/sites\/22\/2021\/04\/DropsDirecao2-300x300.png 300w, https:\/\/litoral.ufpr.br\/direcao\/wp-content\/uploads\/sites\/22\/2021\/04\/DropsDirecao2-150x150.png 150w\" sizes=\"auto, (max-width: 465px) 100vw, 465px\" \/><\/figure>\n<\/div>\n\n\n\n<div class=\"wp-block-column is-layout-flow wp-block-column-is-layout-flow\" style=\"flex-basis:66.66%\">\n<figure class=\"wp-block-audio\"><audio controls src=\"https:\/\/litoral.ufpr.br\/direcao\/wp-content\/uploads\/sites\/22\/2021\/07\/WhatsApp-Audio-2021-07-13-at-11.48.35.mp3\"><\/audio><figcaption>#007 (13\/07\/2021) \u2013 <em>Informa\u00e7\u00f5es sobre o processo de planejamento e cronograma de trabalho para 2021 do Setor Litoral<\/em>.<\/figcaption><\/figure>\n<\/div>\n<\/div>\n\n\n\n<hr class=\"wp-block-separator has-css-opacity\"\/>\n\n\n\n<div class=\"wp-block-columns is-layout-flex wp-container-core-columns-is-layout-9d6595d7 wp-block-columns-is-layout-flex\">\n<div class=\"wp-block-column is-layout-flow wp-block-column-is-layout-flow\" style=\"flex-basis:20%\">\n<figure class=\"wp-block-image size-large\"><img loading=\"lazy\" decoding=\"async\" width=\"465\" height=\"465\" src=\"https:\/\/litoral.ufpr.br\/direcao\/wp-content\/uploads\/sites\/22\/2021\/04\/DropsDirecao.png\" alt=\"\" class=\"wp-image-13920\" srcset=\"https:\/\/litoral.ufpr.br\/direcao\/wp-content\/uploads\/sites\/22\/2021\/04\/DropsDirecao.png 465w, https:\/\/litoral.ufpr.br\/direcao\/wp-content\/uploads\/sites\/22\/2021\/04\/DropsDirecao-300x300.png 300w, https:\/\/litoral.ufpr.br\/direcao\/wp-content\/uploads\/sites\/22\/2021\/04\/DropsDirecao-150x150.png 150w\" sizes=\"auto, (max-width: 465px) 100vw, 465px\" \/><\/figure>\n<\/div>\n\n\n\n<div class=\"wp-block-column is-layout-flow wp-block-column-is-layout-flow\" style=\"flex-basis:66.66%\">\n<figure class=\"wp-block-audio\"><audio controls src=\"https:\/\/litoral.ufpr.br\/direcao\/wp-content\/uploads\/sites\/22\/2021\/06\/WhatsApp-Audio-2021-06-11-at-17.30.42.mp3\"><\/audio><figcaption>#006 (11\/06\/2021) \u2013 <em>Informa\u00e7\u00f5es sobre as negocia\u00e7\u00f5es relativas ao espa\u00e7o do Centro Cultura\/Centran e chamamento para reuni\u00e3o tem\u00e1tica<\/em> para discuss\u00e3o e encaminhamentos. <a href=\"https:\/\/www.youtube.com\/watch?v=OZ_zyXd2w-8\" target=\"_blank\" rel=\"noreferrer noopener\">Em Libras<\/a><\/figcaption><\/figure>\n<\/div>\n<\/div>\n\n\n\n<hr class=\"wp-block-separator has-css-opacity\"\/>\n\n\n\n<div class=\"wp-block-columns is-layout-flex wp-container-core-columns-is-layout-9d6595d7 wp-block-columns-is-layout-flex\">\n<div class=\"wp-block-column is-layout-flow wp-block-column-is-layout-flow\" style=\"flex-basis:20%\">\n<figure class=\"wp-block-image size-large\"><img loading=\"lazy\" decoding=\"async\" width=\"465\" height=\"465\" src=\"https:\/\/litoral.ufpr.br\/direcao\/wp-content\/uploads\/sites\/22\/2021\/04\/DropsDirecao2.png\" alt=\"\" class=\"wp-image-13914\" srcset=\"https:\/\/litoral.ufpr.br\/direcao\/wp-content\/uploads\/sites\/22\/2021\/04\/DropsDirecao2.png 465w, https:\/\/litoral.ufpr.br\/direcao\/wp-content\/uploads\/sites\/22\/2021\/04\/DropsDirecao2-300x300.png 300w, https:\/\/litoral.ufpr.br\/direcao\/wp-content\/uploads\/sites\/22\/2021\/04\/DropsDirecao2-150x150.png 150w\" sizes=\"auto, (max-width: 465px) 100vw, 465px\" \/><\/figure>\n<\/div>\n\n\n\n<div class=\"wp-block-column is-layout-flow wp-block-column-is-layout-flow\" style=\"flex-basis:66.66%\">\n<figure class=\"wp-block-audio\"><audio controls src=\"https:\/\/litoral.ufpr.br\/direcao\/wp-content\/uploads\/sites\/22\/2021\/06\/WhatsApp-Audio-2021-06-07-at-16.48.05.mp3\"><\/audio><figcaption>#005 (07\/06\/2021) \u2013 <em>Informa\u00e7\u00f5es sobre o processo de <em>vacina\u00e7\u00e3o da COVID19 das-dos servidores-as e terceirizados-as da UFPR Litoral<\/em><\/em>. <a href=\"https:\/\/www.youtube.com\/watch?v=M58nhlk_AYc\" target=\"_blank\" rel=\"noreferrer noopener\">Em Libras<\/a><\/figcaption><\/figure>\n<\/div>\n<\/div>\n\n\n\n<hr class=\"wp-block-separator has-css-opacity\"\/>\n\n\n\n<div class=\"wp-block-columns is-layout-flex wp-container-core-columns-is-layout-9d6595d7 wp-block-columns-is-layout-flex\">\n<div class=\"wp-block-column is-layout-flow wp-block-column-is-layout-flow\" style=\"flex-basis:20%\">\n<figure class=\"wp-block-image size-large\"><img loading=\"lazy\" decoding=\"async\" width=\"465\" height=\"465\" src=\"https:\/\/litoral.ufpr.br\/direcao\/wp-content\/uploads\/sites\/22\/2021\/04\/DropsDirecao.png\" alt=\"\" class=\"wp-image-13920\" srcset=\"https:\/\/litoral.ufpr.br\/direcao\/wp-content\/uploads\/sites\/22\/2021\/04\/DropsDirecao.png 465w, https:\/\/litoral.ufpr.br\/direcao\/wp-content\/uploads\/sites\/22\/2021\/04\/DropsDirecao-300x300.png 300w, https:\/\/litoral.ufpr.br\/direcao\/wp-content\/uploads\/sites\/22\/2021\/04\/DropsDirecao-150x150.png 150w\" sizes=\"auto, (max-width: 465px) 100vw, 465px\" \/><\/figure>\n<\/div>\n\n\n\n<div class=\"wp-block-column is-layout-flow wp-block-column-is-layout-flow\" style=\"flex-basis:66.66%\">\n<figure class=\"wp-block-audio\"><audio controls src=\"https:\/\/litoral.ufpr.br\/direcao\/wp-content\/uploads\/sites\/22\/2021\/06\/Audio-2021-06-01.mp3\"><\/audio><figcaption>#004 (01\/06\/2021) \u2013 <em>Informa\u00e7\u00f5es sobre inclus\u00e3o e cronograma de vacina\u00e7\u00e3o da COVID19 das-dos servidores-as da UFPR Litoral no calend\u00e1rio do Munic\u00edpio de Matinhos<\/em>. <a href=\"https:\/\/www.youtube.com\/watch?v=DZwdOJXFhkc\" target=\"_blank\" rel=\"noreferrer noopener\">Em Libras<\/a><\/figcaption><\/figure>\n<\/div>\n<\/div>\n\n\n\n<hr class=\"wp-block-separator has-css-opacity\"\/>\n\n\n\n<div class=\"wp-block-columns is-layout-flex wp-container-core-columns-is-layout-9d6595d7 wp-block-columns-is-layout-flex\">\n<div class=\"wp-block-column is-layout-flow wp-block-column-is-layout-flow\" style=\"flex-basis:20%\">\n<figure class=\"wp-block-image size-large\"><img loading=\"lazy\" decoding=\"async\" width=\"465\" height=\"465\" src=\"https:\/\/litoral.ufpr.br\/direcao\/wp-content\/uploads\/sites\/22\/2021\/04\/DropsDirecao2.png\" alt=\"\" class=\"wp-image-13914\" srcset=\"https:\/\/litoral.ufpr.br\/direcao\/wp-content\/uploads\/sites\/22\/2021\/04\/DropsDirecao2.png 465w, https:\/\/litoral.ufpr.br\/direcao\/wp-content\/uploads\/sites\/22\/2021\/04\/DropsDirecao2-300x300.png 300w, https:\/\/litoral.ufpr.br\/direcao\/wp-content\/uploads\/sites\/22\/2021\/04\/DropsDirecao2-150x150.png 150w\" sizes=\"auto, (max-width: 465px) 100vw, 465px\" \/><\/figure>\n<\/div>\n\n\n\n<div class=\"wp-block-column is-layout-flow wp-block-column-is-layout-flow\" style=\"flex-basis:66.66%\">\n<figure class=\"wp-block-audio\"><audio controls src=\"https:\/\/litoral.ufpr.br\/direcao\/wp-content\/uploads\/sites\/22\/2021\/05\/WhatsApp-Audio-2021-05-14-at-10.25.09.mp3\"><\/audio><figcaption>#003 (13\/05\/2021) \u2013 <em>Informa\u00e7\u00f5es sobre o acompanhamento do cronograma de vacina\u00e7\u00e3o dos munic\u00edpios e sobre reuni\u00e3o com Integra para avaliar a conjuntura da vacina\u00e7\u00e3o nos campi fora de sede da UFPR<\/em>. <a href=\"https:\/\/youtu.be\/PclVVNBU4T8\" target=\"_blank\" rel=\"noreferrer noopener\">Em Libras<\/a><\/figcaption><\/figure>\n<\/div>\n<\/div>\n\n\n\n<hr class=\"wp-block-separator has-css-opacity\"\/>\n\n\n\n<div class=\"wp-block-columns is-layout-flex wp-container-core-columns-is-layout-9d6595d7 wp-block-columns-is-layout-flex\">\n<div class=\"wp-block-column is-layout-flow wp-block-column-is-layout-flow\" style=\"flex-basis:20%\">\n<figure class=\"wp-block-image size-large\"><img loading=\"lazy\" decoding=\"async\" width=\"465\" height=\"465\" src=\"https:\/\/litoral.ufpr.br\/direcao\/wp-content\/uploads\/sites\/22\/2021\/04\/DropsDirecao.png\" alt=\"\" class=\"wp-image-13920\" srcset=\"https:\/\/litoral.ufpr.br\/direcao\/wp-content\/uploads\/sites\/22\/2021\/04\/DropsDirecao.png 465w, https:\/\/litoral.ufpr.br\/direcao\/wp-content\/uploads\/sites\/22\/2021\/04\/DropsDirecao-300x300.png 300w, https:\/\/litoral.ufpr.br\/direcao\/wp-content\/uploads\/sites\/22\/2021\/04\/DropsDirecao-150x150.png 150w\" sizes=\"auto, (max-width: 465px) 100vw, 465px\" \/><\/figure>\n<\/div>\n\n\n\n<div class=\"wp-block-column is-layout-flow wp-block-column-is-layout-flow\" style=\"flex-basis:66.66%\">\n<figure class=\"wp-block-audio\"><audio controls src=\"https:\/\/litoral.ufpr.br\/direcao\/wp-content\/uploads\/sites\/22\/2021\/04\/2WhatsApp-Audio-2021-04-13-at-17.37.08-online-audio-converter.com-1.mp3\"><\/audio><figcaption>#002 (14\/04\/2021) \u2013 <em>Informa\u00e7\u00f5es sobre a abertura do Semin\u00e1rio 15 Anos de Setor Litoral da UFPR e como ser\u00e1 a programa\u00e7\u00e3o da semana<\/em>. <a href=\"https:\/\/youtu.be\/Ol2eltu3mzk\" target=\"_blank\" rel=\"noreferrer noopener\">Em Libras<\/a><\/figcaption><\/figure>\n<\/div>\n<\/div>\n\n\n\n<hr class=\"wp-block-separator has-css-opacity\"\/>\n\n\n\n<div class=\"wp-block-columns is-layout-flex wp-container-core-columns-is-layout-9d6595d7 wp-block-columns-is-layout-flex\">\n<div class=\"wp-block-column is-layout-flow wp-block-column-is-layout-flow\" style=\"flex-basis:20%\">\n<figure class=\"wp-block-image size-large\"><img loading=\"lazy\" decoding=\"async\" width=\"465\" height=\"465\" src=\"https:\/\/litoral.ufpr.br\/direcao\/wp-content\/uploads\/sites\/22\/2021\/04\/DropsDirecao2.png\" alt=\"\" class=\"wp-image-13914\" srcset=\"https:\/\/litoral.ufpr.br\/direcao\/wp-content\/uploads\/sites\/22\/2021\/04\/DropsDirecao2.png 465w, https:\/\/litoral.ufpr.br\/direcao\/wp-content\/uploads\/sites\/22\/2021\/04\/DropsDirecao2-300x300.png 300w, https:\/\/litoral.ufpr.br\/direcao\/wp-content\/uploads\/sites\/22\/2021\/04\/DropsDirecao2-150x150.png 150w\" sizes=\"auto, (max-width: 465px) 100vw, 465px\" \/><\/figure>\n<\/div>\n\n\n\n<div class=\"wp-block-column is-layout-flow wp-block-column-is-layout-flow\" style=\"flex-basis:66.66%\">\n<figure class=\"wp-block-audio\"><audio controls src=\"https:\/\/litoral.ufpr.br\/direcao\/wp-content\/uploads\/sites\/22\/2021\/04\/WhatsApp-Audio-2021-04-08-at-11.47.05.mp3\"><\/audio><figcaption>#001 (08\/04\/2021) \u2013 <em>Informa\u00e7\u00f5es sobre parcerias do Setor Litoral com a Secretaria de Sa\u00fade de Matinhos nas a\u00e7\u00f5es de combate \u00e0 pandemia<\/em>. <a href=\"https:\/\/youtu.be\/xmjEOxt-6V4\" target=\"_blank\" rel=\"noreferrer noopener\">Em Libras<\/a><\/figcaption><\/figure>\n<\/div>\n<\/div>\n\n\n\n<hr class=\"wp-block-separator has-css-opacity\"\/>\n","protected":false},"excerpt":{"rendered":"<p>Nesta p\u00e1gina o visitante encontrar\u00e1 mensagens em \u00e1udio da dire\u00e7\u00e3o do Setor Litoral da UFPR como mais um canal de comunica\u00e7\u00e3o entre a gest\u00e3o da UFPR Litoral e com a comunidade acad\u00eamica e a comunidade externa. Comunicados, an\u00fancios, mensagens conectando, ainda mais, a Universidade \u00e0 voc\u00ea por meio de informes aud\u00edveis a qualquer momento. Vers\u00e3o [&hellip;]<\/p>\n","protected":false},"author":3,"featured_media":0,"parent":0,"menu_order":0,"comment_status":"closed","ping_status":"closed","template":"","meta":{"_acf_changed":false,"footnotes":""},"class_list":["post-13912","page","type-page","status-publish","hentry"],"acf":[],"_links":{"self":[{"href":"https:\/\/litoral.ufpr.br\/direcao\/wp-json\/wp\/v2\/pages\/13912","targetHints":{"allow":["GET"]}}],"collection":[{"href":"https:\/\/litoral.ufpr.br\/direcao\/wp-json\/wp\/v2\/pages"}],"about":[{"href":"https:\/\/litoral.ufpr.br\/direcao\/wp-json\/wp\/v2\/types\/page"}],"author":[{"embeddable":true,"href":"https:\/\/litoral.ufpr.br\/direcao\/wp-json\/wp\/v2\/users\/3"}],"replies":[{"embeddable":true,"href":"https:\/\/litoral.ufpr.br\/direcao\/wp-json\/wp\/v2\/comments?post=13912"}],"version-history":[{"count":73,"href":"https:\/\/litoral.ufpr.br\/direcao\/wp-json\/wp\/v2\/pages\/13912\/revisions"}],"predecessor-version":[{"id":14106,"href":"https:\/\/litoral.ufpr.br\/direcao\/wp-json\/wp\/v2\/pages\/13912\/revisions\/14106"}],"wp:attachment":[{"href":"https:\/\/litoral.ufpr.br\/direcao\/wp-json\/wp\/v2\/media?parent=13912"}],"curies":[{"name":"wp","href":"https:\/\/api.w.org\/{rel}","templated":true}]}}