{"id":952,"date":"2025-10-16T15:21:30","date_gmt":"2025-10-16T18:21:30","guid":{"rendered":"https:\/\/litoral.ufpr.br\/ciencias\/?page_id=952"},"modified":"2025-10-17T21:22:43","modified_gmt":"2025-10-18T00:22:43","slug":"indicadores-do-curso","status":"publish","type":"page","link":"https:\/\/litoral.ufpr.br\/ciencias\/indicadores-do-curso\/","title":{"rendered":"Indicadores do Curso"},"content":{"rendered":"\n<p><\/p>\n\n\n\n<h2 class=\"has-text-align-center wp-block-heading\">LICENCIATURA EM CI\u00caNCIAS<\/h2>\n\n\n\n<p>C\u00d3DIGO: 115440<\/p>\n\n\n\n<p>Data de in\u00edcio: 28\/07\/2008<\/p>\n\n\n\n<figure class=\"wp-block-table\"><table><tbody><tr><td><strong>ATO REGULAT\u00d3RIO<\/strong><\/td><td class=\"has-text-align-center\" data-align=\"center\"><strong>Tipo de Documento<\/strong><\/td><td class=\"has-text-align-center\" data-align=\"center\"><strong>N\u00famero do documento<\/strong><\/td><td class=\"has-text-align-center\" data-align=\"center\"><strong>Data do documento<\/strong><\/td><td class=\"has-text-align-center\" data-align=\"center\"><strong>Data de Publica\u00e7\u00e3o&nbsp;<\/strong><\/td><td><strong>Prazo de validade<\/strong><\/td><\/tr><tr><td>Renova\u00e7\u00e3o de Reconhecimento de Curso<\/td><td class=\"has-text-align-center\" data-align=\"center\">Portaria (2024)<\/td><td class=\"has-text-align-center\" data-align=\"center\">315<\/td><td class=\"has-text-align-center\" data-align=\"center\">05\/07\/24<\/td><td class=\"has-text-align-center\" data-align=\"center\">08\/07\/24<\/td><td>Vinculado ao Ciclo Avaliativo<\/td><\/tr><tr><td>Reconhecimento de Curso<\/td><td class=\"has-text-align-center\" data-align=\"center\">Portaria (2014)<\/td><td class=\"has-text-align-center\" data-align=\"center\">545<\/td><td class=\"has-text-align-center\" data-align=\"center\">12\/09\/14<\/td><td class=\"has-text-align-center\" data-align=\"center\">16\/09\/14<\/td><td>Vinculado ao Ciclo Avaliativo<\/td><\/tr><tr><td>Autoriza\u00e7\u00e3o<\/td><td class=\"has-text-align-center\" data-align=\"center\">Resolu\u00e7\u00e3o (2013)<\/td><td class=\"has-text-align-center\" data-align=\"center\">24<\/td><td class=\"has-text-align-center\" data-align=\"center\">16\/06\/08<\/td><td class=\"has-text-align-center\" data-align=\"center\">16\/06\/08<\/td><td>Art. 35 Decreto 5.773\/06 (Reda\u00e7\u00e3o dada pelo Art. 2 Decreto 6.303\/07)<\/td><\/tr><\/tbody><\/table><\/figure>\n\n\n\n<p>Link: <a href=\"https:\/\/emec.mec.gov.br\/emec\/consulta-cadastro\/detalhamento\/d96957f455f6405d14c6542552b0f6eb\/NTcx\/c1b85ea4d704f246bcced664fdaeddb6\/Q0nKTkNJQVM=\">https:\/\/emec.mec.gov.br\/emec\/consulta-cadastro\/detalhamento\/d96957f455f6405d14c6542552b0f6eb\/NTcx\/c1b85ea4d704f246bcced664fdaeddb6\/Q0nKTkNJQVM=<\/a><\/p>\n\n\n\n<p><\/p>\n\n\n\n<figure class=\"wp-block-table aligncenter\"><table><tbody><tr><td><strong>ENADE<\/strong><\/td><td><strong>CPC<\/strong><\/td><td><strong>Conceito de Curso &#8211; Avalia\u00e7\u00e3o do MEC<\/strong><\/td><td><strong>IDD<\/strong><\/td><\/tr><tr><td>&#8211;<\/td><td>&#8211;<\/td><td>2023 &#8211; 4<\/td><td>&#8211;<\/td><\/tr><tr><td>&#8211;<\/td><td>&#8211;<\/td><td>2012 &#8211; 4<\/td><td>&#8211;<\/td><\/tr><\/tbody><\/table><\/figure>\n","protected":false},"excerpt":{"rendered":"<p>LICENCIATURA EM CI\u00caNCIAS C\u00d3DIGO: 115440 Data de in\u00edcio: 28\/07\/2008 ATO REGULAT\u00d3RIO Tipo de Documento N\u00famero do documento Data do documento Data de Publica\u00e7\u00e3o&nbsp; Prazo de validade Renova\u00e7\u00e3o de Reconhecimento de Curso Portaria (2024) 315 05\/07\/24 08\/07\/24 Vinculado ao Ciclo Avaliativo Reconhecimento de Curso Portaria (2014) 545 12\/09\/14 16\/09\/14 Vinculado ao Ciclo Avaliativo Autoriza\u00e7\u00e3o Resolu\u00e7\u00e3o (2013) [&hellip;]<\/p>\n","protected":false},"author":1660,"featured_media":0,"parent":0,"menu_order":0,"comment_status":"closed","ping_status":"closed","template":"","meta":{"_acf_changed":false,"footnotes":""},"class_list":["post-952","page","type-page","status-publish","hentry"],"acf":[],"_links":{"self":[{"href":"https:\/\/litoral.ufpr.br\/ciencias\/wp-json\/wp\/v2\/pages\/952","targetHints":{"allow":["GET"]}}],"collection":[{"href":"https:\/\/litoral.ufpr.br\/ciencias\/wp-json\/wp\/v2\/pages"}],"about":[{"href":"https:\/\/litoral.ufpr.br\/ciencias\/wp-json\/wp\/v2\/types\/page"}],"author":[{"embeddable":true,"href":"https:\/\/litoral.ufpr.br\/ciencias\/wp-json\/wp\/v2\/users\/1660"}],"replies":[{"embeddable":true,"href":"https:\/\/litoral.ufpr.br\/ciencias\/wp-json\/wp\/v2\/comments?post=952"}],"version-history":[{"count":5,"href":"https:\/\/litoral.ufpr.br\/ciencias\/wp-json\/wp\/v2\/pages\/952\/revisions"}],"predecessor-version":[{"id":1075,"href":"https:\/\/litoral.ufpr.br\/ciencias\/wp-json\/wp\/v2\/pages\/952\/revisions\/1075"}],"wp:attachment":[{"href":"https:\/\/litoral.ufpr.br\/ciencias\/wp-json\/wp\/v2\/media?parent=952"}],"curies":[{"name":"wp","href":"https:\/\/api.w.org\/{rel}","templated":true}]}}