{"id":664,"date":"2021-12-01T16:35:52","date_gmt":"2021-12-01T19:35:52","guid":{"rendered":"https:\/\/litoral.ufpr.br\/ciencias\/?page_id=664"},"modified":"2025-10-17T20:23:51","modified_gmt":"2025-10-17T23:23:51","slug":"grade-completa-do-curso","status":"publish","type":"page","link":"https:\/\/litoral.ufpr.br\/ciencias\/grade-completa-do-curso\/","title":{"rendered":"Periodiza\u00e7\u00e3o Recomendada"},"content":{"rendered":"\n<p><strong>Curr\u00edculo 2025<\/strong><\/p>\n\n\n\n<p><a href=\"https:\/\/litoral.ufpr.br\/ciencias\/wp-content\/uploads\/sites\/9\/2024\/10\/documento-8.pdf\">RESOLU\u00c7\u00c3O N\u00ba 15\/24-CEPE<\/a> fixa o Curr\u00edculo Pleno do Curso de Licenciatura em Ci\u00eancias do Setor Litoral.<\/p>\n\n\n\n<p><strong>Representa\u00e7\u00e3o Gr\u00e1fica da Matriz Curricular<\/strong><\/p>\n","protected":false},"excerpt":{"rendered":"<p>Curr\u00edculo 2025 RESOLU\u00c7\u00c3O N\u00ba 15\/24-CEPE fixa o Curr\u00edculo Pleno do Curso de Licenciatura em Ci\u00eancias do Setor Litoral. Representa\u00e7\u00e3o Gr\u00e1fica da Matriz Curricular<\/p>\n","protected":false},"author":9,"featured_media":0,"parent":0,"menu_order":0,"comment_status":"closed","ping_status":"closed","template":"","meta":{"_acf_changed":false,"footnotes":""},"class_list":["post-664","page","type-page","status-publish","hentry"],"acf":[],"_links":{"self":[{"href":"https:\/\/litoral.ufpr.br\/ciencias\/wp-json\/wp\/v2\/pages\/664","targetHints":{"allow":["GET"]}}],"collection":[{"href":"https:\/\/litoral.ufpr.br\/ciencias\/wp-json\/wp\/v2\/pages"}],"about":[{"href":"https:\/\/litoral.ufpr.br\/ciencias\/wp-json\/wp\/v2\/types\/page"}],"author":[{"embeddable":true,"href":"https:\/\/litoral.ufpr.br\/ciencias\/wp-json\/wp\/v2\/users\/9"}],"replies":[{"embeddable":true,"href":"https:\/\/litoral.ufpr.br\/ciencias\/wp-json\/wp\/v2\/comments?post=664"}],"version-history":[{"count":11,"href":"https:\/\/litoral.ufpr.br\/ciencias\/wp-json\/wp\/v2\/pages\/664\/revisions"}],"predecessor-version":[{"id":1062,"href":"https:\/\/litoral.ufpr.br\/ciencias\/wp-json\/wp\/v2\/pages\/664\/revisions\/1062"}],"wp:attachment":[{"href":"https:\/\/litoral.ufpr.br\/ciencias\/wp-json\/wp\/v2\/media?parent=664"}],"curies":[{"name":"wp","href":"https:\/\/api.w.org\/{rel}","templated":true}]}}