{"id":333,"date":"2019-04-16T20:34:42","date_gmt":"2019-04-16T23:34:42","guid":{"rendered":"https:\/\/litoral.ufpr.br\/ciencias\/?page_id=333"},"modified":"2019-04-16T21:16:25","modified_gmt":"2019-04-17T00:16:25","slug":"certificados","status":"publish","type":"page","link":"https:\/\/litoral.ufpr.br\/ciencias\/formularios\/certificados\/","title":{"rendered":"Certificados"},"content":{"rendered":"\n<p><strong>Semalic I<\/strong><\/p>\n\n\n\n<p><a href=\"https:\/\/litoral.ufpr.br\/ciencias\/wp-content\/uploads\/sites\/9\/2019\/04\/CERTIFICADOs-SEMALIC-A-C.pdf\">A-C<\/a><\/p>\n\n\n\n<p><a href=\"https:\/\/litoral.ufpr.br\/ciencias\/wp-content\/uploads\/sites\/9\/2019\/04\/CERTIFICADO-SEMALIC-D-F.pdf\">D-F<\/a><\/p>\n\n\n\n<p><a href=\"https:\/\/litoral.ufpr.br\/ciencias\/wp-content\/uploads\/sites\/9\/2019\/04\/CERTIFICADO-SEMALIC-G-K.pdf\">G-K<\/a><\/p>\n\n\n\n<p><a href=\"https:\/\/litoral.ufpr.br\/ciencias\/wp-content\/uploads\/sites\/9\/2019\/04\/CERTIFICADO-SEMALIC-L-P.pdf\">L-P<\/a><\/p>\n\n\n\n<p><a href=\"https:\/\/litoral.ufpr.br\/ciencias\/wp-content\/uploads\/sites\/9\/2019\/04\/CERTIFICADO-SEMALIC-R-Z.pdf\">R-Z<\/a><\/p>\n\n\n\n<p><a href=\"https:\/\/litoral.ufpr.br\/ciencias\/wp-content\/uploads\/sites\/9\/2019\/04\/CERTIFICADO-comiss\u00e3o-organiza\u00e7\u00e3o.pdf\">Organiza\u00e7\u00e3o<\/a><\/p>\n\n\n\n<p><a href=\"https:\/\/litoral.ufpr.br\/ciencias\/wp-content\/uploads\/sites\/9\/2019\/04\/CERTIFICADO-SEMALIC-Comiss\u00e3o-organizadora.pdf\">Comiss\u00e3o Organizadora<\/a><\/p>\n\n\n\n<p> <\/p>\n\n\n\n<p><strong>Semalic II<\/strong><\/p>\n\n\n\n<p><a href=\"https:\/\/litoral.ufpr.br\/ciencias\/wp-content\/uploads\/sites\/9\/2019\/04\/II-SEMALIC-e-I-SEMACAMPO-CERTIFICADO-A-D.pdf\">A-D<\/a><\/p>\n\n\n\n<p><a href=\"https:\/\/litoral.ufpr.br\/ciencias\/wp-content\/uploads\/sites\/9\/2019\/04\/II-SEMALIC-e-I-SEMACAMPO-CERTIFICADO-E-I.pdf\">E-I<\/a><\/p>\n\n\n\n<p><a href=\"https:\/\/litoral.ufpr.br\/ciencias\/wp-content\/uploads\/sites\/9\/2019\/04\/II-SEMALIC-e-I-SEMACAMPO-CERTIFICADO-J-N.pdf\">J-N<\/a><\/p>\n\n\n\n<p><a href=\"https:\/\/litoral.ufpr.br\/ciencias\/wp-content\/uploads\/sites\/9\/2019\/04\/II-SEMALIC-e-I-SEMACAMPO-CERTIFICADO-O-Z.pdf\">O-Z<\/a><\/p>\n\n\n\n<p><a href=\"https:\/\/litoral.ufpr.br\/ciencias\/wp-content\/uploads\/sites\/9\/2019\/04\/II-SEMALIC-e-I-SEMACAMPO-CERTIFICADO-COMISS\u00c3O.pdf\">Comiss\u00e3o<\/a><\/p>\n\n\n\n<p><a href=\"https:\/\/litoral.ufpr.br\/ciencias\/wp-content\/uploads\/sites\/9\/2019\/04\/II-SEMALIC-e-I-SEMACAMPO-CERTIFICADO-EXTERNOS.pdf\">Externos<\/a><\/p>\n\n\n\n<p><a href=\"https:\/\/litoral.ufpr.br\/ciencias\/wp-content\/uploads\/sites\/9\/2019\/04\/II-SEMALIC-e-I-SEMACAMPO-CERTIFICADO-PALESTRANTES.pdf\">Palestrantes<\/a><\/p>\n\n\n\n<p><a href=\"https:\/\/litoral.ufpr.br\/ciencias\/wp-content\/uploads\/sites\/9\/2019\/04\/II-SEMALIC-e-I-SEMACAMPO-CERTIFICADO-ORGANIZA\u00c7\u00c3O.pdf\">Organiza\u00e7\u00e3o<\/a><\/p>\n\n\n\n<p><\/p>\n\n\n\n<p><strong>Semalic III<\/strong><\/p>\n\n\n\n<p><a href=\"https:\/\/litoral.ufpr.br\/ciencias\/wp-content\/uploads\/sites\/9\/2019\/04\/certificados_colaboradores_III_SEMALIC.pdf\">Colaboradores<\/a><\/p>\n\n\n\n<p><a href=\"https:\/\/litoral.ufpr.br\/ciencias\/wp-content\/uploads\/sites\/9\/2019\/04\/certificados_participantes_III_SEMALIC.pdf\">Participantes<\/a><\/p>\n\n\n\n<p><strong>Mostra P.A. 2017<\/strong><\/p>\n\n\n\n<p><a href=\"https:\/\/litoral.ufpr.br\/ciencias\/wp-content\/uploads\/sites\/9\/2019\/04\/CERTIFICADO-participantes.pdf\">Participantes<\/a><\/p>\n\n\n\n<p><a href=\"https:\/\/litoral.ufpr.br\/ciencias\/wp-content\/uploads\/sites\/9\/2019\/04\/CERTIFICADO-comiss\u00e3o-organiza\u00e7\u00e3o.pdf\">Comiss\u00e3o Organizadora<\/a><\/p>\n","protected":false},"excerpt":{"rendered":"<p>Semalic I A-C D-F G-K L-P R-Z Organiza\u00e7\u00e3o Comiss\u00e3o Organizadora Semalic II A-D E-I J-N O-Z Comiss\u00e3o Externos Palestrantes Organiza\u00e7\u00e3o Semalic III Colaboradores Participantes Mostra P.A. 2017 Participantes Comiss\u00e3o Organizadora<\/p>\n","protected":false},"author":9,"featured_media":0,"parent":195,"menu_order":0,"comment_status":"closed","ping_status":"closed","template":"","meta":{"_acf_changed":false,"footnotes":""},"class_list":["post-333","page","type-page","status-publish","hentry"],"acf":[],"_links":{"self":[{"href":"https:\/\/litoral.ufpr.br\/ciencias\/wp-json\/wp\/v2\/pages\/333","targetHints":{"allow":["GET"]}}],"collection":[{"href":"https:\/\/litoral.ufpr.br\/ciencias\/wp-json\/wp\/v2\/pages"}],"about":[{"href":"https:\/\/litoral.ufpr.br\/ciencias\/wp-json\/wp\/v2\/types\/page"}],"author":[{"embeddable":true,"href":"https:\/\/litoral.ufpr.br\/ciencias\/wp-json\/wp\/v2\/users\/9"}],"replies":[{"embeddable":true,"href":"https:\/\/litoral.ufpr.br\/ciencias\/wp-json\/wp\/v2\/comments?post=333"}],"version-history":[{"count":5,"href":"https:\/\/litoral.ufpr.br\/ciencias\/wp-json\/wp\/v2\/pages\/333\/revisions"}],"predecessor-version":[{"id":364,"href":"https:\/\/litoral.ufpr.br\/ciencias\/wp-json\/wp\/v2\/pages\/333\/revisions\/364"}],"up":[{"embeddable":true,"href":"https:\/\/litoral.ufpr.br\/ciencias\/wp-json\/wp\/v2\/pages\/195"}],"wp:attachment":[{"href":"https:\/\/litoral.ufpr.br\/ciencias\/wp-json\/wp\/v2\/media?parent=333"}],"curies":[{"name":"wp","href":"https:\/\/api.w.org\/{rel}","templated":true}]}}