{"id":291,"date":"2019-03-15T14:22:43","date_gmt":"2019-03-15T17:22:43","guid":{"rendered":"https:\/\/litoral.ufpr.br\/ciencias\/?page_id=291"},"modified":"2025-10-16T17:57:07","modified_gmt":"2025-10-16T20:57:07","slug":"comissoes","status":"publish","type":"page","link":"https:\/\/litoral.ufpr.br\/ciencias\/docentes-e-contatos\/comissoes\/","title":{"rendered":"Comiss\u00f5es"},"content":{"rendered":"\n<p><strong>Comiss\u00e3o de Orienta\u00e7\u00e3o Acad\u00eamica (COA):<\/strong><\/p>\n\n\n\n<p>Ana Maria Franco,<\/p>\n\n\n\n<p>Camila Domit<\/p>\n\n\n\n<p>Christiano Nogueira<\/p>\n\n\n\n<p>Denise Aparecida Lima Pereira<\/p>\n\n\n\n<p>Emerson Joucoski<\/p>\n\n\n\n<p>Luiz Fernando de Carli Lautert<\/p>\n\n\n\n<p>Rangel Angelotti<\/p>\n\n\n\n<p>Suzana Cini Freitas Nicolodi<\/p>\n\n\n\n<p>Valentim da Silva<\/p>\n\n\n\n<p>Vitor Fabr\u00edcio Machado Souza<\/p>\n\n\n\n<p><a href=\"https:\/\/litoral.ufpr.br\/ciencias\/wp-content\/uploads\/sites\/9\/2025\/10\/Coa.pdf\">Portaria N\u00ba 1991\/2025 SETOR LITORAL, DE 25 DE setembro DE 2025<\/a><\/p>\n\n\n\n<p><a href=\"https:\/\/litoral.ufpr.br\/ciencias\/wp-content\/uploads\/sites\/9\/2022\/06\/proposta-LC-Programa-de-Orientacao-Academica.pdf\">PROGRAMA DE ORIENTA\u00c7\u00c3O ACAD\u00caMICA DO<br>CURSO DE GRADUA\u00c7\u00c3O EM LICENCIATURA EM CI\u00caNCIAS<\/a><\/p>\n\n\n\n<p><\/p>\n\n\n\n<p><strong>Comiss\u00e3o Orientadora de Est\u00e1gio (COE): <\/strong><\/p>\n\n\n\n<ul class=\"wp-block-list\"><li>Denise Aparecida Lima Pereira<\/li><li>Vitor Fabr\u00edcio Machado Souza<\/li><li>Emerson Joucoski<\/li><li>Valentim da Silva<\/li><\/ul>\n\n\n\n<p><a href=\"https:\/\/litoral.ufpr.br\/ciencias\/wp-content\/uploads\/sites\/9\/2025\/10\/COE.pdf\" data-type=\"URL\" data-id=\"https:\/\/litoral.ufpr.br\/ciencias\/wp-content\/uploads\/sites\/9\/2025\/10\/COE.pdf\">Portaria N\u00ba 1988\/2025 SETOR LITORAL, DE 22 DE setembro DE 2025<\/a><\/p>\n\n\n\n<p><\/p>\n\n\n\n<p><strong>Comiss\u00e3o Permanente de Acompanhamento de Atividades Formativas e de Extens\u00e3o (CPAAF)<\/strong><\/p>\n\n\n\n<p><a href=\"https:\/\/litoral.ufpr.br\/ciencias\/wp-content\/uploads\/sites\/9\/2025\/10\/CPAFF.pdf\">Portaria N\u00ba 1976\/2025 SETOR LITORAL, DE 28 DE agosto DE 2025<\/a><\/p>\n\n\n\n<p>Rangel Angelotti;<\/p>\n\n\n\n<p>Suzana Cini Freitas Nicolodi;<\/p>\n\n\n\n<p>Valentim da Silva.<\/p>\n","protected":false},"excerpt":{"rendered":"<p>Comiss\u00e3o de Orienta\u00e7\u00e3o Acad\u00eamica (COA): Ana Maria Franco, Camila Domit Christiano Nogueira Denise Aparecida Lima Pereira Emerson Joucoski Luiz Fernando de Carli Lautert Rangel Angelotti Suzana Cini Freitas Nicolodi Valentim da Silva Vitor Fabr\u00edcio Machado Souza Portaria N\u00ba 1991\/2025 SETOR LITORAL, DE 25 DE setembro DE 2025 PROGRAMA DE ORIENTA\u00c7\u00c3O ACAD\u00caMICA DOCURSO DE GRADUA\u00c7\u00c3O EM [&hellip;]<\/p>\n","protected":false},"author":3,"featured_media":0,"parent":199,"menu_order":0,"comment_status":"closed","ping_status":"closed","template":"","meta":{"_acf_changed":false,"footnotes":""},"class_list":["post-291","page","type-page","status-publish","hentry"],"acf":[],"_links":{"self":[{"href":"https:\/\/litoral.ufpr.br\/ciencias\/wp-json\/wp\/v2\/pages\/291","targetHints":{"allow":["GET"]}}],"collection":[{"href":"https:\/\/litoral.ufpr.br\/ciencias\/wp-json\/wp\/v2\/pages"}],"about":[{"href":"https:\/\/litoral.ufpr.br\/ciencias\/wp-json\/wp\/v2\/types\/page"}],"author":[{"embeddable":true,"href":"https:\/\/litoral.ufpr.br\/ciencias\/wp-json\/wp\/v2\/users\/3"}],"replies":[{"embeddable":true,"href":"https:\/\/litoral.ufpr.br\/ciencias\/wp-json\/wp\/v2\/comments?post=291"}],"version-history":[{"count":14,"href":"https:\/\/litoral.ufpr.br\/ciencias\/wp-json\/wp\/v2\/pages\/291\/revisions"}],"predecessor-version":[{"id":994,"href":"https:\/\/litoral.ufpr.br\/ciencias\/wp-json\/wp\/v2\/pages\/291\/revisions\/994"}],"up":[{"embeddable":true,"href":"https:\/\/litoral.ufpr.br\/ciencias\/wp-json\/wp\/v2\/pages\/199"}],"wp:attachment":[{"href":"https:\/\/litoral.ufpr.br\/ciencias\/wp-json\/wp\/v2\/media?parent=291"}],"curies":[{"name":"wp","href":"https:\/\/api.w.org\/{rel}","templated":true}]}}