{"id":289,"date":"2019-03-15T14:21:59","date_gmt":"2019-03-15T17:21:59","guid":{"rendered":"https:\/\/litoral.ufpr.br\/ciencias\/?page_id=289"},"modified":"2025-10-16T18:42:40","modified_gmt":"2025-10-16T21:42:40","slug":"corpo-docente","status":"publish","type":"page","link":"https:\/\/litoral.ufpr.br\/ciencias\/docentes-e-contatos\/corpo-docente\/","title":{"rendered":"Corpo Docente"},"content":{"rendered":"<p>Docentes do curso de Licenciatura em Ci\u00eancias\u00a0 \u2013 clique em cada docente para ver o curr\u00edculo Lattes:<\/p>\n<ul>\n<li><a href=\"http:\/\/buscatextual.cnpq.br\/buscatextual\/visualizacv.do?id=K4120627P6\" target=\"_blank\" rel=\"noopener noreferrer\">M.a. Ana Maria Franco<\/a> (franco.aninha@gmail.com)- Possui gradua\u00e7\u00e3o em Ci\u00eancias Biol\u00f3gicas pela Universidade Federal de Mato Grosso do Sul (1997) e mestrado em Mestrado Em Ecologia e Conserva\u00e7\u00e3o da Natureza pela Universidade Federal do Paran\u00e1 (2008). &#8211; Data de admiss\u00e3o no cargo: 12\/01\/2009 \/ Data exerc\u00edcio Setor Litoral: 26\/01\/2009. M\u00f3dulos que ministra no curso: SLCI001 &#8211; Integra\u00e7\u00e3o e Reconhecimento; SLCI002 &#8211; Concep\u00e7\u00f5es de Ci\u00eancia e Educa\u00e7\u00e3o; SLCI003 &#8211; Doc\u00eancia, Diversidade e Inclus\u00e3o; SLCI004 &#8211; Ci\u00eancias F\u00edsicas e Qu\u00edmicas, cotidiano e pr\u00e1tica de ensino; SLCI005 &#8211; Est\u00e1gio Supervisionado I; SLCI006 &#8211; Ci\u00eancias Qu\u00edmicas e Biol\u00f3gicas, cotidiano e pr\u00e1tica de ensino; SLCI007 &#8211; Est\u00e1gio Supervisionado II, SLCI008 &#8211; Ci\u00eancias Biol\u00f3gicas e F\u00edsicas, cotidiano e pr\u00e1tica de ensino; SLCI009 &#8211; Est\u00e1gio Supervisionado III, SLCI010 &#8211; Ci\u00eancias da Natureza e educa\u00e7\u00e3o; SLCI011 &#8211; Est\u00e1gio Supervisionado IV; SLCI012 &#8211; Viv\u00eancias de Doc\u00eancia, rela\u00e7\u00e3o Ci\u00eancias e Sociedade e Pr\u00e1tica de Ensino; SLCI013 &#8211; Viv\u00eancias de Doc\u00eancia, Rela\u00e7\u00e3o Ci\u00eancias e Meio Ambiente e Pr\u00e1tica de Ensino; Projeto de Aprendizagem; Intera\u00e7\u00f5es Culturais e Human\u00edsticas.<\/li>\n<li><a href=\"http:\/\/lattes.cnpq.br\/9880461552410692\">Dra. Camila Domit<\/a> (camila.lec@ufpr.br) &#8211; Possui Licenciatura e Bacharelado em Ci\u00eancias Biol\u00f3gicas pela Universidade Estadual de Londrina (2002\/2003), mestrado (2006) e doutorado (2010) em Zoologia pela Universidade Federal do Paran\u00e1. Data de admiss\u00e3o no cargo: \/ Data exerc\u00edcio Setor Litoral:<\/li>\n<li><a href=\"http:\/\/lattes.cnpq.br\/0651194607795099\" target=\"_blank\" rel=\"noopener noreferrer\">Dr. Christiano Nogueira<\/a> (christiano@ufpr.br) &#8211; Doutor em Educa\u00e7\u00e3o Ambiental pela Universidade Federal do Rio Grande, Mestre em Educa\u00e7\u00e3o pela Universidade Federal do Paran\u00e1 (2004) e Licenciado em F\u00edsica pela Universidade Federal do Paran\u00e1 (1998).\u00a0 &#8211; Data de admiss\u00e3o no cargo: 01\/10\/2007 \/ Data exerc\u00edcio Setor Litoral: 03\/04\/2014. M\u00f3dulos que ministra no curso: SLCI001 &#8211; Integra\u00e7\u00e3o e Reconhecimento; SLCI002 &#8211; Concep\u00e7\u00f5es de Ci\u00eancia e Educa\u00e7\u00e3o; SLCI003 &#8211; Doc\u00eancia, Diversidade e Inclus\u00e3o; SLCI004 &#8211; Ci\u00eancias F\u00edsicas e Qu\u00edmicas, cotidiano e pr\u00e1tica de ensino; SLCI005 &#8211; Est\u00e1gio Supervisionado I; SLCI006 &#8211; Ci\u00eancias Qu\u00edmicas e Biol\u00f3gicas, cotidiano e pr\u00e1tica de ensino; SLCI007 &#8211; Est\u00e1gio Supervisionado II, SLCI008 &#8211; Ci\u00eancias Biol\u00f3gicas e F\u00edsicas, cotidiano e pr\u00e1tica de ensino; SLCI009 &#8211; Est\u00e1gio Supervisionado III, SLCI010 &#8211; Ci\u00eancias da Natureza e educa\u00e7\u00e3o; SLCI011 &#8211; Est\u00e1gio Supervisionado IV; SLCI012 &#8211; Viv\u00eancias de Doc\u00eancia, rela\u00e7\u00e3o Ci\u00eancias e Sociedade e Pr\u00e1tica de Ensino; SLCI013 &#8211; Viv\u00eancias de Doc\u00eancia, Rela\u00e7\u00e3o Ci\u00eancias e Meio Ambiente e Pr\u00e1tica de Ensino; Projeto de Aprendizagem; Intera\u00e7\u00f5es Culturais e Human\u00edsticas.<\/li>\n<li><a href=\"http:\/\/lattes.cnpq.br\/4839586468362451\">M.a. Denise Aparecida Lima Pereira<\/a> (denise.lima@ufpr.br) &#8211; Licenciada em Ci\u00eancias pela Universidade Federal do Paran\u00e1 setor Litoral UFPR Litoral (2012), mestre em Educa\u00e7\u00e3o em Ci\u00eancias e em Matem\u00e1tica pela Universidade Federal do Paran\u00e1 UFPR (2015). Atualmente \u00e9 docente do Curso de Licenciatura em Educa\u00e7\u00e3o do Campo com habilita\u00e7\u00e3o em Ci\u00eancias da Natureza na Universidade Federal do Paran\u00e1 &#8211; Setor Litoral. Atuou como professora da Educa\u00e7\u00e3o B\u00e1sica na Rede Estadual do Paran\u00e1 nas escolas das ilhas no litoral do Paran\u00e1. Tem atuado na \u00e1rea de Ensino de Ci\u00eancia, de modo integrado, principalmente com: Forma\u00e7\u00e3o Humana e Forma\u00e7\u00e3o de Professores; atuando principalmente nos seguintes temas ecosofia; educa\u00e7\u00e3o e processos de forma\u00e7\u00e3o; educa\u00e7\u00e3o do campo e o ensino de ci\u00eancias. M\u00f3dulos que ministra no curso: SLCI004 &#8211; Ci\u00eancias F\u00edsicas e Qu\u00edmicas, cotidiano e pr\u00e1tica de ensino; SLCI008 &#8211; Ci\u00eancias Biol\u00f3gicas e F\u00edsicas, cotidiano e pr\u00e1tica de ensino;<\/li>\n<li><a href=\"http:\/\/lattes.cnpq.br\/3137238168546861\" target=\"_blank\" rel=\"noopener noreferrer\">Dr. Emerson Joucoski<\/a> (joucoski@ufpr.br) &#8211; Gradua\u00e7\u00e3o em F\u00edsica. Universidade Federal do Paran\u00e1, UFPR, Brasil. Mestrado em F\u00edsica<span class=\"ajaxCAPES\" data-param=\"&amp;codigoCurso=40001016020P4&amp;nivelCurso=M\">\u00a0(Conceito CAPES 6)<\/span>. Universidade Federal do Paran\u00e1, UFPR, Brasil. Doutorado em Programa de P\u00f3s Gradua\u00e7\u00e3o em Ci\u00eancia Universidade de S\u00e3o Paulo, USP, Brasil, com\u00a0<b>per\u00edodo\u00a0<\/b><b>sandu\u00edche\u00a0<\/b>em Universidade do Porto &#8211; Data de admiss\u00e3o no cargo: 09\/03\/2006 \/ Data exerc\u00edcio Setor Litoral: 09\/03\/2006. M\u00f3dulos que ministra no curso: SLCI001 &#8211; Integra\u00e7\u00e3o e Reconhecimento; SLCI002 &#8211; Concep\u00e7\u00f5es de Ci\u00eancia e Educa\u00e7\u00e3o; SLCI003 &#8211; Doc\u00eancia, Diversidade e Inclus\u00e3o; SLCI004 &#8211; Ci\u00eancias F\u00edsicas e Qu\u00edmicas, cotidiano e pr\u00e1tica de ensino; SLCI005 &#8211; Est\u00e1gio Supervisionado I; SLCI006 &#8211; Ci\u00eancias Qu\u00edmicas e Biol\u00f3gicas, cotidiano e pr\u00e1tica de ensino; SLCI007 &#8211; Est\u00e1gio Supervisionado II, SLCI008 &#8211; Ci\u00eancias Biol\u00f3gicas e F\u00edsicas, cotidiano e pr\u00e1tica de ensino; SLCI009 &#8211; Est\u00e1gio Supervisionado III, SLCI010 &#8211; Ci\u00eancias da Natureza e educa\u00e7\u00e3o; SLCI011 &#8211; Est\u00e1gio Supervisionado IV; SLCI012 &#8211; Viv\u00eancias de Doc\u00eancia, rela\u00e7\u00e3o Ci\u00eancias e Sociedade e Pr\u00e1tica de Ensino; SLCI013 &#8211; Viv\u00eancias de Doc\u00eancia, Rela\u00e7\u00e3o Ci\u00eancias e Meio Ambiente e Pr\u00e1tica de Ensino; Projeto de Aprendizagem; Intera\u00e7\u00f5es Culturais e Human\u00edsticas.<\/li>\n<li><a href=\"http:\/\/buscatextual.cnpq.br\/buscatextual\/visualizacv.do?metodo=apresentar&amp;id=K4791178H9\" target=\"_blank\" rel=\"noopener noreferrer\">Dr. Luiz Fernando de Carli Lautert<\/a> (luizlautert@ufpr.br) &#8211; Coordenador do curso &#8211;\u00a0 Possui bacharelado e Licenciatura em Geografia pela Universidade Federal do Paran\u00e1 (1996) , mestrado em Geografia pela Universidade Estadual Paulista J\u00falio de Mesquita Filho (2000) e doutorado em Ci\u00eancias pelo Departamento de Geografia da USP. &#8211; Data de admiss\u00e3o no cargo: 29\/01\/2007 \/ Data exerc\u00edcio Setor Litoral: 01\/02\/2007. M\u00f3dulos que ministra no curso: SLCI001 &#8211; Integra\u00e7\u00e3o e Reconhecimento; SLCI002 &#8211; Concep\u00e7\u00f5es de Ci\u00eancia e Educa\u00e7\u00e3o; SLCI003 &#8211; Doc\u00eancia, Diversidade e Inclus\u00e3o; SLCI004 &#8211; Ci\u00eancias F\u00edsicas e Qu\u00edmicas, cotidiano e pr\u00e1tica de ensino; SLCI005 &#8211; Est\u00e1gio Supervisionado I; SLCI006 &#8211; Ci\u00eancias Qu\u00edmicas e Biol\u00f3gicas, cotidiano e pr\u00e1tica de ensino; SLCI007 &#8211; Est\u00e1gio Supervisionado II, SLCI008 &#8211; Ci\u00eancias Biol\u00f3gicas e F\u00edsicas, cotidiano e pr\u00e1tica de ensino; SLCI009 &#8211; Est\u00e1gio Supervisionado III, SLCI010 &#8211; Ci\u00eancias da Natureza e educa\u00e7\u00e3o; SLCI011 &#8211; Est\u00e1gio Supervisionado IV; SLCI012 &#8211; Viv\u00eancias de Doc\u00eancia, rela\u00e7\u00e3o Ci\u00eancias e Sociedade e Pr\u00e1tica de Ensino; SLCI013 &#8211; Viv\u00eancias de Doc\u00eancia, Rela\u00e7\u00e3o Ci\u00eancias e Meio Ambiente e Pr\u00e1tica de Ensino; Projeto de Aprendizagem; Intera\u00e7\u00f5es Culturais e Human\u00edsticas.<\/li>\n<li><a href=\"http:\/\/buscatextual.cnpq.br\/buscatextual\/visualizacv.do?id=K4704985J6\" target=\"_blank\" rel=\"noopener noreferrer\">Dr. Rangel Angelotti<\/a>\u00a0 (rangelpontal@gmail.com) &#8211; Doutor em Meio Ambiente e Desenvolvimento (UFPR 2018), Mestre em Sistemas Costeiros e Oce\u00e2nicos (UFPR, 2007), Ocean\u00f3grafo (2004). &#8211; Data de admiss\u00e3o no cargo: 21\/10\/2009 \/ Data exerc\u00edcio Setor Litoral: 21\/10\/2009. M\u00f3dulos que ministra no curso: SLCI001 &#8211; Integra\u00e7\u00e3o e Reconhecimento; SLCI002 &#8211; Concep\u00e7\u00f5es de Ci\u00eancia e Educa\u00e7\u00e3o; SLCI003 &#8211; Doc\u00eancia, Diversidade e Inclus\u00e3o; SLCI004 &#8211; Ci\u00eancias F\u00edsicas e Qu\u00edmicas, cotidiano e pr\u00e1tica de ensino; SLCI005 &#8211; Est\u00e1gio Supervisionado I; SLCI006 &#8211; Ci\u00eancias Qu\u00edmicas e Biol\u00f3gicas, cotidiano e pr\u00e1tica de ensino; SLCI007 &#8211; Est\u00e1gio Supervisionado II, SLCI008 &#8211; Ci\u00eancias Biol\u00f3gicas e F\u00edsicas, cotidiano e pr\u00e1tica de ensino; SLCI009 &#8211; Est\u00e1gio Supervisionado III, SLCI010 &#8211; Ci\u00eancias da Natureza e educa\u00e7\u00e3o; SLCI011 &#8211; Est\u00e1gio Supervisionado IV; SLCI012 &#8211; Viv\u00eancias de Doc\u00eancia, rela\u00e7\u00e3o Ci\u00eancias e Sociedade e Pr\u00e1tica de Ensino; SLCI013 &#8211; Viv\u00eancias de Doc\u00eancia, Rela\u00e7\u00e3o Ci\u00eancias e Meio Ambiente e Pr\u00e1tica de Ensino; Projeto de Aprendizagem; Intera\u00e7\u00f5es Culturais e Human\u00edsticas.<\/li>\n<li><a href=\"http:\/\/buscatextual.cnpq.br\/buscatextual\/visualizacv.do?metodo=apresentar&amp;id=K4593291Y0\" target=\"_blank\" rel=\"noopener noreferrer\">Dra. Suzana Cini F Nicolodi<\/a> (suzanacfn@yahoo.com.br) &#8211; Bacharel em Direito pela Universidade de Cruz Alta &#8211; UNICRUZ. Especialista em Interdisciplinaridade e Linguagens e com forma\u00e7\u00e3o no Programa Especial de Forma\u00e7\u00e3o Pedag\u00f3gica pela mesma universidade. Mestre em Educa\u00e7\u00e3o pela Universidade Vale do Rio dos Sinos &#8211; UNISINOS &#8211; na linha de pesquisa II: Forma\u00e7\u00e3o de Professores, Saberes Docentes e Media\u00e7\u00f5es Pedag\u00f3gicas. Doutora em Educa\u00e7\u00e3o pela Universidade Vale do Rio dos Sinos &#8211; UNISINOS. P\u00f3s Doutora em Educa\u00e7\u00e3o pela UNISINOS e Pela Universidade Federal de Pelotas -UFPel &#8211; Data de admiss\u00e3o no cargo: 18\/01\/2011 \/ Data exerc\u00edcio Setor Litoral: 19\/01\/2011. M\u00f3dulos que ministra no curso: SLCI001 &#8211; Integra\u00e7\u00e3o e Reconhecimento; SLCI002 &#8211; Concep\u00e7\u00f5es de Ci\u00eancia e Educa\u00e7\u00e3o; SLCI003 &#8211; Doc\u00eancia, Diversidade e Inclus\u00e3o; SLCI004 &#8211; Ci\u00eancias F\u00edsicas e Qu\u00edmicas, cotidiano e pr\u00e1tica de ensino; SLCI005 &#8211; Est\u00e1gio Supervisionado I; SLCI006 &#8211; Ci\u00eancias Qu\u00edmicas e Biol\u00f3gicas, cotidiano e pr\u00e1tica de ensino; SLCI007 &#8211; Est\u00e1gio Supervisionado II, SLCI008 &#8211; Ci\u00eancias Biol\u00f3gicas e F\u00edsicas, cotidiano e pr\u00e1tica de ensino; SLCI009 &#8211; Est\u00e1gio Supervisionado III, SLCI010 &#8211; Ci\u00eancias da Natureza e educa\u00e7\u00e3o; SLCI011 &#8211; Est\u00e1gio Supervisionado IV; SLCI012 &#8211; Viv\u00eancias de Doc\u00eancia, rela\u00e7\u00e3o Ci\u00eancias e Sociedade e Pr\u00e1tica de Ensino; SLCI013 &#8211; Viv\u00eancias de Doc\u00eancia, Rela\u00e7\u00e3o Ci\u00eancias e Meio Ambiente e Pr\u00e1tica de Ensino; Projeto de Aprendizagem; Intera\u00e7\u00f5es Culturais e Human\u00edsticas.<\/li>\n<li><a href=\"http:\/\/buscatextual.cnpq.br\/buscatextual\/visualizacv.do?id=K4235931D8\" target=\"_blank\" rel=\"noopener noreferrer\">Dr. Valentim da Silva<\/a> (valentimdasilva@gmail.com) &#8211; Gradua\u00e7\u00e3o em Faculdade de Ci\u00eancias: Habilita\u00e7\u00e3o em Qu\u00edmica. Centro Pastoral Educacional e Assist\u00eancia Dom Carlos, CPEADC, Brasil. Mestrado em Ci\u00eancias do Solo<span class=\"ajaxCAPES\" data-param=\"&amp;codigoCurso=40001016014P4&amp;nivelCurso=M\">\u00a0(Conceito CAPES 5)<\/span>. Universidade Federal do Paran\u00e1, UFPR, Brasil. Doutorado em Qu\u00edmica<span class=\"ajaxCAPES\" data-param=\"&amp;codigoCurso=40001016026P2&amp;nivelCurso=D\">\u00a0(Conceito CAPES 7)<\/span>. Universidade Federal do Paran\u00e1, UFPR, Brasil. Data de admiss\u00e3o no cargo: 09\/01\/2009 \/ Data exerc\u00edcio Setor Litoral: 13\/01\/2009. M\u00f3dulos que ministra no curso: SLCI001 &#8211; Integra\u00e7\u00e3o e Reconhecimento; SLCI002 &#8211; Concep\u00e7\u00f5es de Ci\u00eancia e Educa\u00e7\u00e3o; SLCI003 &#8211; Doc\u00eancia, Diversidade e Inclus\u00e3o; SLCI004 &#8211; Ci\u00eancias F\u00edsicas e Qu\u00edmicas, cotidiano e pr\u00e1tica de ensino; SLCI005 &#8211; Est\u00e1gio Supervisionado I; SLCI006 &#8211; Ci\u00eancias Qu\u00edmicas e Biol\u00f3gicas, cotidiano e pr\u00e1tica de ensino; SLCI007 &#8211; Est\u00e1gio Supervisionado II, SLCI008 &#8211; Ci\u00eancias Biol\u00f3gicas e F\u00edsicas, cotidiano e pr\u00e1tica de ensino; SLCI009 &#8211; Est\u00e1gio Supervisionado III, SLCI010 &#8211; Ci\u00eancias da Natureza e educa\u00e7\u00e3o; SLCI011 &#8211; Est\u00e1gio Supervisionado IV; SLCI012 &#8211; Viv\u00eancias de Doc\u00eancia, rela\u00e7\u00e3o Ci\u00eancias e Sociedade e Pr\u00e1tica de Ensino; SLCI013 &#8211; Viv\u00eancias de Doc\u00eancia, Rela\u00e7\u00e3o Ci\u00eancias e Meio Ambiente e Pr\u00e1tica de Ensino; Projeto de Aprendizagem; Intera\u00e7\u00f5es Culturais e Human\u00edsticas.<\/li>\n<li><a href=\"http:\/\/lattes.cnpq.br\/6069709850542832\">Vitor Fabr\u00edcio Machado Souza<\/a> (vitormachado1@ufpr.br) &#8211; Vice-Coordenador do curso &#8211; P\u00f3s-doutorando pela Universidade de S\u00e3o Paulo, onde desenvolve a pesquisa &#8220;Investiga\u00e7\u00e3o cient\u00edfica \u00e0 luz dos saberes ind\u00edgenas e do pensamento decolonial&#8221;. \u00c9 doutor em Educa\u00e7\u00e3o pela Universidade de S\u00e3o Paulo (FEUSP &#8211; 2020), Mestre em Ensino de Ci\u00eancias, modalidade, ensino de F\u00edsica pela Universidade de S\u00e3o Paulo (IFUSP &#8211; 2012); Bacharel em Filosofia pela Universidade Federal do ABC. (UFABC &#8211; 2018); Bacharel em Ci\u00eancias e Humanidades pela Universidade Federal do ABC (UFABC &#8211; 2016) e Licenciado em F\u00edsica no Instituto Federal de Educa\u00e7\u00e3o Ci\u00eancia e Tecnologia de S\u00e3o Paulo (IFSP &#8211; 2009). &#8211; Data de admiss\u00e3o no cargo: ; Data exerc\u00edcio Setor Litoral:14\/02\/2022. M\u00f3dulos que ministra no curso: SLCI009 &#8211; Est\u00e1gio Supervisionado III SLCI010 &#8211; Ci\u00eancias da Natureza e educa\u00e7\u00e3o.<\/li>\n<li><a href=\"http:\/\/buscatextual.cnpq.br\/buscatextual\/visualizacv.do?id=K4269217D4\">M.a. Patr\u00edcia Paula Schelp<\/a>\u00a0 (patricia@schelp.com.br) &#8211; Graduada em Licenciatura em Pedagogia pela Universidade Regional do Noroeste do Estado do Rio Grande do Sul UNIJU\u00cd (2002). Forma\u00e7\u00e3o em Tradutor e Int\u00e9rprete de L\u00edngua Brasileira de Sinais (LIBRAS) pela Universidade Federal de Santa Maria &#8211; UFSM (2006). Mestre em Educa\u00e7\u00e3o nas Ci\u00eancias &#8211; UNIJUI (2008). Doutoranda no Programa de P\u00f3s-Gradua\u00e7\u00e3o em Educa\u00e7\u00e3o da Universidade Tuiuti do Paran\u00e1. Profici\u00eancia em Tradu\u00e7\u00e3o e Interpreta\u00e7\u00e3o da LIBRAS\/L\u00edngua Portuguesa\/LIBRAS e no Uso e Ensino &#8211; PROLIBRAS &#8211; reconhecido pelo MEC. Data de admiss\u00e3o no cargo: 24\/03\/2014 \/ Data exerc\u00edcio Setor Litoral: 31\/03\/2014. M\u00f3dulos que ministra no curso: SL84 &#8211; Introdu\u00e7\u00e3o ao estudo da L\u00edngua Brasileira de Sinais &#8211; Libras; Projeto de Aprendizagem; Intera\u00e7\u00f5es Culturais e Human\u00edsticas.<\/li>\n<\/ul>\n\n\n<p>P\u00e1gina atualizada em 28\/09\/2022<\/p>\n","protected":false},"excerpt":{"rendered":"<p>Docentes do curso de Licenciatura em Ci\u00eancias\u00a0 \u2013 clique em cada docente para ver o curr\u00edculo Lattes: M.a. Ana Maria Franco (franco.aninha@gmail.com)- Possui gradua\u00e7\u00e3o em Ci\u00eancias Biol\u00f3gicas pela Universidade Federal de Mato Grosso do Sul (1997) e mestrado em Mestrado Em Ecologia e Conserva\u00e7\u00e3o da Natureza pela Universidade Federal do Paran\u00e1 (2008). &#8211; Data de [&hellip;]<\/p>\n","protected":false},"author":3,"featured_media":0,"parent":199,"menu_order":0,"comment_status":"closed","ping_status":"closed","template":"","meta":{"_acf_changed":false,"footnotes":""},"class_list":["post-289","page","type-page","status-publish","hentry"],"acf":[],"_links":{"self":[{"href":"https:\/\/litoral.ufpr.br\/ciencias\/wp-json\/wp\/v2\/pages\/289","targetHints":{"allow":["GET"]}}],"collection":[{"href":"https:\/\/litoral.ufpr.br\/ciencias\/wp-json\/wp\/v2\/pages"}],"about":[{"href":"https:\/\/litoral.ufpr.br\/ciencias\/wp-json\/wp\/v2\/types\/page"}],"author":[{"embeddable":true,"href":"https:\/\/litoral.ufpr.br\/ciencias\/wp-json\/wp\/v2\/users\/3"}],"replies":[{"embeddable":true,"href":"https:\/\/litoral.ufpr.br\/ciencias\/wp-json\/wp\/v2\/comments?post=289"}],"version-history":[{"count":17,"href":"https:\/\/litoral.ufpr.br\/ciencias\/wp-json\/wp\/v2\/pages\/289\/revisions"}],"predecessor-version":[{"id":1007,"href":"https:\/\/litoral.ufpr.br\/ciencias\/wp-json\/wp\/v2\/pages\/289\/revisions\/1007"}],"up":[{"embeddable":true,"href":"https:\/\/litoral.ufpr.br\/ciencias\/wp-json\/wp\/v2\/pages\/199"}],"wp:attachment":[{"href":"https:\/\/litoral.ufpr.br\/ciencias\/wp-json\/wp\/v2\/media?parent=289"}],"curies":[{"name":"wp","href":"https:\/\/api.w.org\/{rel}","templated":true}]}}