{"id":287,"date":"2019-03-15T14:21:36","date_gmt":"2019-03-15T17:21:36","guid":{"rendered":"https:\/\/litoral.ufpr.br\/ciencias\/?page_id=287"},"modified":"2025-10-16T18:14:07","modified_gmt":"2025-10-16T21:14:07","slug":"coordenacao","status":"publish","type":"page","link":"https:\/\/litoral.ufpr.br\/ciencias\/docentes-e-contatos\/coordenacao\/","title":{"rendered":"Coordena\u00e7\u00e3o de Ci\u00eancias"},"content":{"rendered":"<p>Coordenador:<\/p>\n<ul>\n<li><a href=\"http:\/\/lattes.cnpq.br\/1124000795676509\">Professor Luiz Fernando de Carli Lautert<\/a> (luizlautert@ufpr.br)<\/li>\n<\/ul>\n<p><a href=\"https:\/\/litoral.ufpr.br\/ciencias\/wp-content\/uploads\/sites\/9\/2025\/10\/luiz.pdf\">&nbsp; &nbsp; &nbsp; &nbsp; &nbsp;Portaria UFPR n\u00ba 1.110, de 18 de setembro de 2024<\/a><\/p>\n<p>Vice-coordenador:<\/p>\n<ul>\n<li><a href=\"http:\/\/lattes.cnpq.br\/6069709850542832\">Professor Vitor Fabricio Machado Souza<\/a> (vitormachado1@ufpr.br)&nbsp;<\/li>\n<\/ul>\n<p><a href=\"https:\/\/litoral.ufpr.br\/ciencias\/wp-content\/uploads\/sites\/9\/2025\/10\/vitor.pdf\">&nbsp; &nbsp; &nbsp; &nbsp; &nbsp;Portaria UFPR n\u00ba 1.111, de 18 de setembro de 2024<\/a><\/p>\n<p><\/p>\n<p><a href=\"https:\/\/litoral.ufpr.br\/ciencias\/wp-content\/uploads\/sites\/9\/2023\/05\/Modelo-Plano-de-Acoes-final28082019-2.xlsx\">Clique aqui<\/a> para acessar o Plano de A\u00e7\u00e3o da Gest\u00e3o<\/p>\n\n\n<p><\/p>\n\n\n\n<p><\/p>\n","protected":false},"excerpt":{"rendered":"<p>Coordenador: Professor Luiz Fernando de Carli Lautert (luizlautert@ufpr.br) &nbsp; &nbsp; &nbsp; &nbsp; &nbsp;Portaria UFPR n\u00ba 1.110, de 18 de setembro de 2024 Vice-coordenador: Professor Vitor Fabricio Machado Souza (vitormachado1@ufpr.br)&nbsp; &nbsp; &nbsp; &nbsp; &nbsp; &nbsp;Portaria UFPR n\u00ba 1.111, de 18 de setembro de 2024 Clique aqui para acessar o Plano de A\u00e7\u00e3o da Gest\u00e3o<\/p>\n","protected":false},"author":3,"featured_media":0,"parent":199,"menu_order":0,"comment_status":"closed","ping_status":"closed","template":"","meta":{"_acf_changed":false,"footnotes":""},"class_list":["post-287","page","type-page","status-publish","hentry"],"acf":[],"_links":{"self":[{"href":"https:\/\/litoral.ufpr.br\/ciencias\/wp-json\/wp\/v2\/pages\/287","targetHints":{"allow":["GET"]}}],"collection":[{"href":"https:\/\/litoral.ufpr.br\/ciencias\/wp-json\/wp\/v2\/pages"}],"about":[{"href":"https:\/\/litoral.ufpr.br\/ciencias\/wp-json\/wp\/v2\/types\/page"}],"author":[{"embeddable":true,"href":"https:\/\/litoral.ufpr.br\/ciencias\/wp-json\/wp\/v2\/users\/3"}],"replies":[{"embeddable":true,"href":"https:\/\/litoral.ufpr.br\/ciencias\/wp-json\/wp\/v2\/comments?post=287"}],"version-history":[{"count":16,"href":"https:\/\/litoral.ufpr.br\/ciencias\/wp-json\/wp\/v2\/pages\/287\/revisions"}],"predecessor-version":[{"id":999,"href":"https:\/\/litoral.ufpr.br\/ciencias\/wp-json\/wp\/v2\/pages\/287\/revisions\/999"}],"up":[{"embeddable":true,"href":"https:\/\/litoral.ufpr.br\/ciencias\/wp-json\/wp\/v2\/pages\/199"}],"wp:attachment":[{"href":"https:\/\/litoral.ufpr.br\/ciencias\/wp-json\/wp\/v2\/media?parent=287"}],"curies":[{"name":"wp","href":"https:\/\/api.w.org\/{rel}","templated":true}]}}