{"id":280,"date":"2019-03-15T14:18:57","date_gmt":"2019-03-15T17:18:57","guid":{"rendered":"https:\/\/litoral.ufpr.br\/ciencias\/?page_id=280"},"modified":"2019-09-20T15:29:31","modified_gmt":"2019-09-20T18:29:31","slug":"extensao","status":"publish","type":"page","link":"https:\/\/litoral.ufpr.br\/ciencias\/programas-e-projetos\/extensao\/","title":{"rendered":"Extens\u00e3o"},"content":{"rendered":"\n<p>O Curso de Licenciatura em Ci\u00eancia da UFPR Litoral, como proposta metodol\u00f3gica alternativa de aprendizagem para o ensino superior, se constitui com prop\u00f3sitos nas a\u00e7\u00f5es educacionais que articulam e que possam fomentar a regi\u00e3o na qual se instala, propondo uma experi\u00eancia curricular no Paradigma Emancipat\u00f3rio.&nbsp;<\/p>\n\n\n\n<p>Deste modo, nas proposi\u00e7\u00f5es de planejamento educacional busca-se pela efici\u00eancia acad\u00eamica, integrando a forma\u00e7\u00e3o profissional, humana e cidad\u00e3 na socializa\u00e7\u00e3o do conhecimento. E nessa busca, a Universidade p\u00fablica, gratuita, de qualidade e comprometida socialmente, consolida a indissociabilidade entre ensino, pesquisa e extens\u00e3o.&nbsp;<\/p>\n\n\n\n<p>A indissociabilidade, nesse caso, \u00e9 a centralidade dos processos em que os licenciandos de ci\u00eancias s\u00e3o os protagonistas de sua pr\u00f3pria forma\u00e7\u00e3o, construindo compet\u00eancias necess\u00e1rias \u00e0 atua\u00e7\u00e3o profissional e \u00e0 forma\u00e7\u00e3o humana e o exerc\u00eddio da cidadania, o qual lhe permite se reconhecer como agente de garantia de direitos, deveres e transforma\u00e7\u00e3o social.<\/p>\n\n\n\n<p>Essa vis\u00e3o, forma\u00e7\u00e3o profissional, humana e cidad\u00e3, deve ser estendida na a\u00e7\u00e3o da extens\u00e3o a todos os envolvidos, promovendo uma alternativa de compreens\u00e3o do que \u00e9 \u201csala de aula\u201d, que n\u00e3o mais se limita ao espa\u00e7o f\u00edsico tradicional de ensino e de aprendizagem, promovido pela universidade, mas contempla todos os espa\u00e7os, compreendidos, dentro e fora das institui\u00e7\u00f5es de ensino, em que se apreende e se (re)constr\u00f3i o processo hist\u00f3rico social em suas m\u00faltiplas determina\u00e7\u00f5es vivenciados pelos sujeitos na sua realidade.<\/p>\n\n\n\n<p>Desta forma, essa estrutura pedagogicamente concebe a constru\u00e7\u00e3o do conhecimento como uma totalidade articulada, decorrentes de movimentos curriculares em tr\u00eas fases: conhecer e compreender; compreender e propor, e propor e agir. Essas fases, articuladas aos diferentes espa\u00e7os pedag\u00f3gicos, dialeticamente se constituem e organizam o Curso de Licenciatura em Ci\u00eancias.&nbsp;<\/p>\n\n\n\n<p>Portanto, este Projeto pretende ser muito mais do que uma formalidade institu\u00edda, uma reflex\u00e3o sobre a educa\u00e7\u00e3o superior, a produ\u00e7\u00e3o e a socializa\u00e7\u00e3o dos conhecimentos que se realiza na universidade. Essa proposta \u00e9 um exerc\u00edcio emancipat\u00f3rio, integrado \u00e0 forma\u00e7\u00e3o org\u00e2nica dos sujeitos em seus lugares, compreendidos como uma totalidade concreta, admitindo que sua constitui\u00e7\u00e3o se d\u00e1 no conjunto das rela\u00e7\u00f5es sociais no mundo presente.<\/p>\n\n\n\n<p>Deste modo, a proposta pedag\u00f3gica contempla a curriculariza\u00e7\u00e3o da extens\u00e3o nos processos de ensino e pesquisa, desde o in\u00edcio do curso, e essa tr\u00edptica dimensional (ensino-pesquisa-extens\u00e3o), na qual as rela\u00e7\u00f5es entre universidade e sociedade s\u00e3o dial\u00f3gicas, buscam a transforma\u00e7\u00e3o social, e, mais recentemente, o entendimento de que as demandas, advindas da sociedade, s\u00e3o tomadas como estrat\u00e9gicas para a consolida\u00e7\u00e3o de aprendizagens associadas \u00e0 realidade e pr\u00f3xima das quest\u00f5es sociais vividas pela popula\u00e7\u00e3o local. Objetivo este que marca o compromisso com a realidade e com a intera\u00e7\u00e3o entre teoria e pr\u00e1tica, com car\u00e1ter interdisciplinar e transversal, numa perspectiva que se desafia cotidianamente na articula\u00e7\u00e3o entre os n\u00edveis educacionais, desde o ensino fundamental at\u00e9 a p\u00f3s-gradua\u00e7\u00e3o.&nbsp;<\/p>\n\n\n\n<p>A constru\u00e7\u00e3o e atualiza\u00e7\u00e3o permanente da organiza\u00e7\u00e3o curricular pressup\u00f5em a universidade como l\u00f3cus de constru\u00e7\u00e3o e dissemina\u00e7\u00e3o de conhecimento, o discente como sujeito part\u00edcipe da aprendizagem, o docente como mediador do processo e a transforma\u00e7\u00e3o da realidade local como prioridade, pois \u00e9 o elemento que se coloca e se antecipa \u00e0 multiplicidade e \u00e0 singularidade nos processos de atividades formativas.&nbsp;<\/p>\n\n\n\n<p><\/p>\n\n\n\n<p><strong>Projetos de Extens\u00e3o do Curso:<\/strong><\/p>\n\n\n\n<p>Projeto: Solo na Escola<\/p>\n\n\n\n<p>Coordenador\/Colaboradores: Valentim da Silva<\/p>\n\n\n\n<p>Link: <a href=\"http:\/\/www.escola.agrarias.ufpr.br\/\">http:\/\/www.escola.agrarias.ufpr.br\/<\/a><br><\/p>\n\n\n\n<p>Projeto: ANE &#8211; ALTERNATIVAS PARA UMA NOVA EDUCA\u00c7\u00c3O<\/p>\n\n\n\n<p>Coordenador \/ Colaboradores: Lenir Maristela Silva \/ Valdo Cavallet \/ Valentim da Silva<br><\/p>\n\n\n\n<p><\/p>\n","protected":false},"excerpt":{"rendered":"<p>O Curso de Licenciatura em Ci\u00eancia da UFPR Litoral, como proposta metodol\u00f3gica alternativa de aprendizagem para o ensino superior, se constitui com prop\u00f3sitos nas a\u00e7\u00f5es educacionais que articulam e que possam fomentar a regi\u00e3o na qual se instala, propondo uma experi\u00eancia curricular no Paradigma Emancipat\u00f3rio.&nbsp; Deste modo, nas proposi\u00e7\u00f5es de planejamento educacional busca-se pela efici\u00eancia [&hellip;]<\/p>\n","protected":false},"author":3,"featured_media":0,"parent":274,"menu_order":0,"comment_status":"closed","ping_status":"closed","template":"","meta":{"_acf_changed":false,"footnotes":""},"class_list":["post-280","page","type-page","status-publish","hentry"],"acf":[],"_links":{"self":[{"href":"https:\/\/litoral.ufpr.br\/ciencias\/wp-json\/wp\/v2\/pages\/280","targetHints":{"allow":["GET"]}}],"collection":[{"href":"https:\/\/litoral.ufpr.br\/ciencias\/wp-json\/wp\/v2\/pages"}],"about":[{"href":"https:\/\/litoral.ufpr.br\/ciencias\/wp-json\/wp\/v2\/types\/page"}],"author":[{"embeddable":true,"href":"https:\/\/litoral.ufpr.br\/ciencias\/wp-json\/wp\/v2\/users\/3"}],"replies":[{"embeddable":true,"href":"https:\/\/litoral.ufpr.br\/ciencias\/wp-json\/wp\/v2\/comments?post=280"}],"version-history":[{"count":5,"href":"https:\/\/litoral.ufpr.br\/ciencias\/wp-json\/wp\/v2\/pages\/280\/revisions"}],"predecessor-version":[{"id":413,"href":"https:\/\/litoral.ufpr.br\/ciencias\/wp-json\/wp\/v2\/pages\/280\/revisions\/413"}],"up":[{"embeddable":true,"href":"https:\/\/litoral.ufpr.br\/ciencias\/wp-json\/wp\/v2\/pages\/274"}],"wp:attachment":[{"href":"https:\/\/litoral.ufpr.br\/ciencias\/wp-json\/wp\/v2\/media?parent=280"}],"curies":[{"name":"wp","href":"https:\/\/api.w.org\/{rel}","templated":true}]}}