{"id":1164,"date":"2025-10-20T21:31:22","date_gmt":"2025-10-21T00:31:22","guid":{"rendered":"https:\/\/litoral.ufpr.br\/ciencias\/?page_id=1164"},"modified":"2025-10-20T21:32:27","modified_gmt":"2025-10-21T00:32:27","slug":"estude-na-ufpr","status":"publish","type":"page","link":"https:\/\/litoral.ufpr.br\/ciencias\/estude-na-ufpr\/","title":{"rendered":"Estude na UFPR"},"content":{"rendered":"\n<p>A Universidade Federal do Paran\u00e1 possui, em sua estrutura organizacional, o&nbsp;<a rel=\"noreferrer noopener\" href=\"http:\/\/nc.ufpr.br\/\" target=\"_blank\">N\u00facleo de Concursos<\/a>, que faz parte da&nbsp;<a rel=\"noreferrer noopener\" href=\"http:\/\/www.prograd.ufpr.br\/\" target=\"_blank\">Pr\u00f3-Reitoria de Gradua\u00e7\u00e3o<\/a>, e \u00e9 respons\u00e1vel por realizar os processos seletivos da UFPR e tamb\u00e9m oferece seus servi\u00e7os para a realiza\u00e7\u00e3o de processos de sele\u00e7\u00e3o para terceiros. Modalidades, como a p\u00f3s-gradua\u00e7\u00e3o, realizam seu processo seletivo direto na coordena\u00e7\u00e3o do Programa, seguindo determina\u00e7\u00f5es de sele\u00e7\u00e3o pr\u00f3prias.<\/p>\n\n\n\n<h4 class=\"wp-block-heading\"><strong>Ensino M\u00e9dio e Profissionalizante<\/strong><\/h4>\n\n\n\n<p>O&nbsp;<a href=\"http:\/\/www.sept.ufpr.br\/portal\/\">Setor de Educa\u00e7\u00e3o Profissional e Tecnol\u00f3gica (SEPT)<\/a>&nbsp;da UFPR oferece cursos profissionalizantes e t\u00e9cnicos em parceria com entidades espec\u00edficas. A sele\u00e7\u00e3o para os cursos regulares do SEPT segue os mesmos procedimentos do Vestibular, com inscri\u00e7\u00e3o e provas seletivas atrav\u00e9s do&nbsp;<a href=\"https:\/\/servicos.nc.ufpr.br\/PortalNC\/Home\">N\u00facleo de Concursos<\/a>. Os cursos espec\u00edficos seguem sele\u00e7\u00e3o determinada pelo conv\u00eanio que o determina. Mais informa\u00e7\u00f5es em:&nbsp;<a href=\"http:\/\/www.sept.ufpr.br\/portal\/\" target=\"_blank\" rel=\"noreferrer noopener\">www.sept.ufpr.br<\/a><\/p>\n\n\n\n<p><a href=\"http:\/\/www.sept.ufpr.br\/portal\/petroleogas\/sobre-o-curso\/\" target=\"_blank\" rel=\"noreferrer noopener\">T\u00e9cnico em Petr\u00f3leo e G\u00e1s<\/a><\/p>\n\n\n\n<h4 class=\"wp-block-heading\"><strong>Cursos de Gradua\u00e7\u00e3o<\/strong><\/h4>\n\n\n\n<p>1. O exame Vestibular \u00e9 realizado anualmente pela UFPR para selecionar candidatos a uma vaga nos cursos de gradua\u00e7\u00e3o. Normalmente, as inscri\u00e7\u00f5es ao processo seletivo s\u00e3o abertas em agosto e, as provas, realizadas em dezembro. Mais informa\u00e7\u00f5es em:&nbsp;<a href=\"http:\/\/www.nc.ufpr.br\/\" target=\"_blank\" rel=\"noreferrer noopener\">www.nc.ufpr.br<\/a><\/p>\n\n\n\n<p>2. O Sistema de Sele\u00e7\u00e3o Unificada (Sisu) re\u00fane em um sistema eletr\u00f4nico gerido pelo MEC as vagas ofertadas por institui\u00e7\u00f5es p\u00fablicas de ensino superior de todo o Brasil, sendo a grande maioria delas ofertada por institui\u00e7\u00f5es federais (universidades e institutos). O sistema executa a sele\u00e7\u00e3o dos estudantes com base na nota do Exame Nacional do Ensino M\u00e9dio (Enem). At\u00e9 o limite da oferta das vagas, por curso e modalidade de concorr\u00eancia, de acordo com as escolhas dos candidatos inscritos, eles s\u00e3o selecionados por ordem de maior classifica\u00e7\u00e3o, em cada uma das duas edi\u00e7\u00f5es anuais do Sisu.<\/p>\n\n\n\n<p>3. O Processo de Ocupa\u00e7\u00e3o de Vagas Remanescentes (Provar) \u00e9 uma sele\u00e7\u00e3o anual da UFPR para preencher as vagas remanescentes a partir do 2\u00ba ano dos cursos. O Provar atende os alunos da pr\u00f3pria UFPR \u2013 com troca de turno e habilita\u00e7\u00e3o; alunos de outras institui\u00e7\u00f5es; e ex-alunos da UFPR que queiram voltar para seus cursos ou mesmo aqueles profissionais que queiram fazer outro curso de gradua\u00e7\u00e3o. Mais informa\u00e7\u00f5es no site&nbsp;<a href=\"http:\/\/www.provar.ufpr.br\/\" target=\"_blank\" rel=\"noreferrer noopener\">www.provar.ufpr.br<\/a><\/p>\n\n\n\n<h4 class=\"wp-block-heading\"><strong>Cursos de P\u00f3s-Gradua\u00e7\u00e3o<\/strong><\/h4>\n\n\n\n<p>A UFPR, por meio da Pr\u00f3-Reitoria de Pesquisa e P\u00f3s-Gradua\u00e7\u00e3o oferece cursos de especializa\u00e7\u00e3o, mestrado, doutorado, p\u00f3s-doutorado e resid\u00eancia m\u00e9dica. A sele\u00e7\u00e3o para os cursos ofertados em qualquer uma destas modalidades \u00e9 feita pelas coordena\u00e7\u00f5es de cursos e mais informa\u00e7\u00f5es podem ser obtidas no&nbsp;<a href=\"http:\/\/www.prppg.ufpr.br\/\" target=\"_blank\" rel=\"noreferrer noopener\">www.prppg.ufpr.br<\/a><\/p>\n\n\n\n<p>Fonte: <a href=\"https:\/\/ufpr.br\/estude-na-ufpr\/\">https:\/\/ufpr.br\/estude-na-ufpr\/<\/a><\/p>\n","protected":false},"excerpt":{"rendered":"<p>A Universidade Federal do Paran\u00e1 possui, em sua estrutura organizacional, o&nbsp;N\u00facleo de Concursos, que faz parte da&nbsp;Pr\u00f3-Reitoria de Gradua\u00e7\u00e3o, e \u00e9 respons\u00e1vel por realizar os processos seletivos da UFPR e tamb\u00e9m oferece seus servi\u00e7os para a realiza\u00e7\u00e3o de processos de sele\u00e7\u00e3o para terceiros. Modalidades, como a p\u00f3s-gradua\u00e7\u00e3o, realizam seu processo seletivo direto na coordena\u00e7\u00e3o do [&hellip;]<\/p>\n","protected":false},"author":1660,"featured_media":0,"parent":0,"menu_order":0,"comment_status":"closed","ping_status":"closed","template":"","meta":{"_acf_changed":false,"footnotes":""},"class_list":["post-1164","page","type-page","status-publish","hentry"],"acf":[],"_links":{"self":[{"href":"https:\/\/litoral.ufpr.br\/ciencias\/wp-json\/wp\/v2\/pages\/1164","targetHints":{"allow":["GET"]}}],"collection":[{"href":"https:\/\/litoral.ufpr.br\/ciencias\/wp-json\/wp\/v2\/pages"}],"about":[{"href":"https:\/\/litoral.ufpr.br\/ciencias\/wp-json\/wp\/v2\/types\/page"}],"author":[{"embeddable":true,"href":"https:\/\/litoral.ufpr.br\/ciencias\/wp-json\/wp\/v2\/users\/1660"}],"replies":[{"embeddable":true,"href":"https:\/\/litoral.ufpr.br\/ciencias\/wp-json\/wp\/v2\/comments?post=1164"}],"version-history":[{"count":2,"href":"https:\/\/litoral.ufpr.br\/ciencias\/wp-json\/wp\/v2\/pages\/1164\/revisions"}],"predecessor-version":[{"id":1166,"href":"https:\/\/litoral.ufpr.br\/ciencias\/wp-json\/wp\/v2\/pages\/1164\/revisions\/1166"}],"wp:attachment":[{"href":"https:\/\/litoral.ufpr.br\/ciencias\/wp-json\/wp\/v2\/media?parent=1164"}],"curies":[{"name":"wp","href":"https:\/\/api.w.org\/{rel}","templated":true}]}}