{"id":1101,"date":"2025-10-20T19:08:29","date_gmt":"2025-10-20T22:08:29","guid":{"rendered":"https:\/\/litoral.ufpr.br\/ciencias\/?page_id=1101"},"modified":"2026-02-24T11:45:44","modified_gmt":"2026-02-24T14:45:44","slug":"transporte","status":"publish","type":"page","link":"https:\/\/litoral.ufpr.br\/ciencias\/transporte\/","title":{"rendered":"INTERCAMPI"},"content":{"rendered":"\n<p>O Interpraias \u00e9 um servi\u00e7o ofertado pela UFPR, por meio da Central de Transportes, de uso exclusivo de estudantes e servidores da institui\u00e7\u00e3o. A linha Litoral visa atender principalmente a comunidade acad\u00eamica do Setor Litoral e do Centro de Estudos do Mar (Pontal do Paran\u00e1).<\/p>\n\n\n\n<p>O trajeto realizado \u00e9: CEM (Pontal do Paran\u00e1) &lt;\u2013&gt; Setor Litoral (Matinhos).<\/p>\n\n\n\n<p>Confira os pontos e hor\u00e1rios das paradas:<\/p>\n\n\n\n<figure class=\"wp-block-image size-large\"><img loading=\"lazy\" decoding=\"async\" width=\"655\" height=\"1024\" src=\"https:\/\/litoral.ufpr.br\/ciencias\/wp-content\/uploads\/sites\/9\/2026\/02\/WhatsApp-Image-2026-02-24-at-11.42.01-655x1024.jpeg\" alt=\"\" class=\"wp-image-1205\" srcset=\"https:\/\/litoral.ufpr.br\/ciencias\/wp-content\/uploads\/sites\/9\/2026\/02\/WhatsApp-Image-2026-02-24-at-11.42.01-655x1024.jpeg 655w, https:\/\/litoral.ufpr.br\/ciencias\/wp-content\/uploads\/sites\/9\/2026\/02\/WhatsApp-Image-2026-02-24-at-11.42.01-192x300.jpeg 192w, https:\/\/litoral.ufpr.br\/ciencias\/wp-content\/uploads\/sites\/9\/2026\/02\/WhatsApp-Image-2026-02-24-at-11.42.01.jpeg 767w\" sizes=\"auto, (max-width: 655px) 100vw, 655px\" \/><\/figure>\n\n\n\n<p>P\u00e1gina atualizada em:\u00a0<strong>24\/02\/2026.<\/strong><\/p>\n\n\n\n<p><\/p>\n","protected":false},"excerpt":{"rendered":"<p>O Interpraias \u00e9 um servi\u00e7o ofertado pela UFPR, por meio da Central de Transportes, de uso exclusivo de estudantes e servidores da institui\u00e7\u00e3o. A linha Litoral visa atender principalmente a comunidade acad\u00eamica do Setor Litoral e do Centro de Estudos do Mar (Pontal do Paran\u00e1). O trajeto realizado \u00e9: CEM (Pontal do Paran\u00e1) &lt;\u2013&gt; Setor [&hellip;]<\/p>\n","protected":false},"author":1660,"featured_media":0,"parent":0,"menu_order":0,"comment_status":"closed","ping_status":"closed","template":"","meta":{"_acf_changed":false,"footnotes":""},"class_list":["post-1101","page","type-page","status-publish","hentry"],"acf":[],"_links":{"self":[{"href":"https:\/\/litoral.ufpr.br\/ciencias\/wp-json\/wp\/v2\/pages\/1101","targetHints":{"allow":["GET"]}}],"collection":[{"href":"https:\/\/litoral.ufpr.br\/ciencias\/wp-json\/wp\/v2\/pages"}],"about":[{"href":"https:\/\/litoral.ufpr.br\/ciencias\/wp-json\/wp\/v2\/types\/page"}],"author":[{"embeddable":true,"href":"https:\/\/litoral.ufpr.br\/ciencias\/wp-json\/wp\/v2\/users\/1660"}],"replies":[{"embeddable":true,"href":"https:\/\/litoral.ufpr.br\/ciencias\/wp-json\/wp\/v2\/comments?post=1101"}],"version-history":[{"count":4,"href":"https:\/\/litoral.ufpr.br\/ciencias\/wp-json\/wp\/v2\/pages\/1101\/revisions"}],"predecessor-version":[{"id":1207,"href":"https:\/\/litoral.ufpr.br\/ciencias\/wp-json\/wp\/v2\/pages\/1101\/revisions\/1207"}],"wp:attachment":[{"href":"https:\/\/litoral.ufpr.br\/ciencias\/wp-json\/wp\/v2\/media?parent=1101"}],"curies":[{"name":"wp","href":"https:\/\/api.w.org\/{rel}","templated":true}]}}