{"id":1088,"date":"2025-10-20T19:01:00","date_gmt":"2025-10-20T22:01:00","guid":{"rendered":"https:\/\/litoral.ufpr.br\/ciencias\/?page_id=1088"},"modified":"2025-10-20T19:15:53","modified_gmt":"2025-10-20T22:15:53","slug":"saps","status":"publish","type":"page","link":"https:\/\/litoral.ufpr.br\/ciencias\/saps\/","title":{"rendered":"SAPS"},"content":{"rendered":"\n<p>A Se\u00e7\u00e3o de Aten\u00e7\u00e3o e Promo\u00e7\u00e3o \u00e0 Sa\u00fade (SAPS) \u00e9 respons\u00e1vel por ofertar atendimento m\u00e9dico e de enfermagem \u00e0 Comunidade Universit\u00e1ria do Setor Litoral, bem como desenvolver projetos em conjunto com os cursos de gradua\u00e7\u00e3o e p\u00f3s-gradua\u00e7\u00e3o.&nbsp;&nbsp;<\/p>\n\n\n\n<p><strong>Atendimentos especialidades<\/strong><\/p>\n\n\n\n<p>Al\u00e9m dos atendimentos pr\u00f3prios da SAPS, temos parceria com o CASA 3 e CASA 4 e Unidade Escola de Curitiba com atendimentos Odontol\u00f3gicos, Cl\u00ednicos, Ginecol\u00f3gicos, Fisioter\u00e1picos, Nutri\u00e7\u00e3o, Psiqui\u00e1tricos e Psicol\u00f3gicos. Para esses atendimentos \u00e9 necess\u00e1rio entrar em contato com a SAPS para orienta\u00e7\u00f5es de como agendar consulta, bem como o transporte at\u00e9 Curitiba (o formul\u00e1rio deve ser enviado at\u00e9 12h do dia anterior ao da consulta).&nbsp;<\/p>\n\n\n\n<p><strong>Hor\u00e1rio de atendimento:<\/strong><br>Segundas e ter\u00e7as: 9h \u00e0s 12h \u2013 13h \u00e0s 21h<br>Quartas, quintas e sextas: 8:30h \u00e0s 12h \u2013 13h \u00e0s 19h<\/p>\n\n\n\n<hr class=\"wp-block-separator has-alpha-channel-opacity\" \/>\n\n\n\n<p><strong><mark>CONTATOS:<\/mark><\/strong><\/p>\n\n\n\n<p><strong>Whatsapp:&nbsp;<\/strong><a href=\"http:\/\/wa.me\/41988627888\">41 98862-7888<\/a><\/p>\n\n\n\n<p><strong>Email:<\/strong>&nbsp;<a rel=\"noreferrer noopener\" href=\"mailto:sapslitoral@ufpr.br\" target=\"_blank\">sapslitoral@ufpr.br<\/a><\/p>\n\n\n\n<p><strong>Outras informa\u00e7\u00f5es importantes<\/strong><\/p>\n\n\n\n<p>&nbsp;<a href=\"https:\/\/litoral.ufpr.br\/wp-content\/uploads\/2024\/02\/CADERNO-DE-ATRIBUICOES-DA-SAPS-2023.pdf\">Caderno de atribui\u00e7\u00f5es SAPS<\/a><\/p>\n\n\n\n<p>&nbsp;<a href=\"https:\/\/litoral.ufpr.br\/blog\/noticia\/procedimentos-sobre-infeccao-confirmada\/\">COVID-19: Procedimentos sobre infec\u00e7\u00e3o confirmada<\/a><\/p>\n\n\n\n<p>&nbsp;<a href=\"https:\/\/litoral.ufpr.br\/wp-content\/uploads\/2022\/07\/Agendamentos-de-transporte-para-saudeconsultas.pdf\">Orienta\u00e7\u00f5es sobre transporte<\/a><\/p>\n\n\n\n<p>P\u00e1gina atualizada em:&nbsp;<strong>18 de ago. de 2025.<\/strong><\/p>\n","protected":false},"excerpt":{"rendered":"<p>A Se\u00e7\u00e3o de Aten\u00e7\u00e3o e Promo\u00e7\u00e3o \u00e0 Sa\u00fade (SAPS) \u00e9 respons\u00e1vel por ofertar atendimento m\u00e9dico e de enfermagem \u00e0 Comunidade Universit\u00e1ria do Setor Litoral, bem como desenvolver projetos em conjunto com os cursos de gradua\u00e7\u00e3o e p\u00f3s-gradua\u00e7\u00e3o.&nbsp;&nbsp; Atendimentos especialidades Al\u00e9m dos atendimentos pr\u00f3prios da SAPS, temos parceria com o CASA 3 e CASA 4 e [&hellip;]<\/p>\n","protected":false},"author":1660,"featured_media":0,"parent":0,"menu_order":0,"comment_status":"closed","ping_status":"closed","template":"","meta":{"_acf_changed":false,"footnotes":""},"class_list":["post-1088","page","type-page","status-publish","hentry"],"acf":[],"_links":{"self":[{"href":"https:\/\/litoral.ufpr.br\/ciencias\/wp-json\/wp\/v2\/pages\/1088","targetHints":{"allow":["GET"]}}],"collection":[{"href":"https:\/\/litoral.ufpr.br\/ciencias\/wp-json\/wp\/v2\/pages"}],"about":[{"href":"https:\/\/litoral.ufpr.br\/ciencias\/wp-json\/wp\/v2\/types\/page"}],"author":[{"embeddable":true,"href":"https:\/\/litoral.ufpr.br\/ciencias\/wp-json\/wp\/v2\/users\/1660"}],"replies":[{"embeddable":true,"href":"https:\/\/litoral.ufpr.br\/ciencias\/wp-json\/wp\/v2\/comments?post=1088"}],"version-history":[{"count":3,"href":"https:\/\/litoral.ufpr.br\/ciencias\/wp-json\/wp\/v2\/pages\/1088\/revisions"}],"predecessor-version":[{"id":1114,"href":"https:\/\/litoral.ufpr.br\/ciencias\/wp-json\/wp\/v2\/pages\/1088\/revisions\/1114"}],"wp:attachment":[{"href":"https:\/\/litoral.ufpr.br\/ciencias\/wp-json\/wp\/v2\/media?parent=1088"}],"curies":[{"name":"wp","href":"https:\/\/api.w.org\/{rel}","templated":true}]}}