{"id":1048,"date":"2025-10-17T19:55:12","date_gmt":"2025-10-17T22:55:12","guid":{"rendered":"https:\/\/litoral.ufpr.br\/ciencias\/?page_id=1048"},"modified":"2025-10-21T19:32:02","modified_gmt":"2025-10-21T22:32:02","slug":"trabalho-de-conclusao","status":"publish","type":"page","link":"https:\/\/litoral.ufpr.br\/ciencias\/trabalho-de-conclusao\/","title":{"rendered":"Trabalho de Conclus\u00e3o"},"content":{"rendered":"\n<h2 class=\"wp-block-heading\">Memorial Acad\u00eamico<\/h2>\n\n\n\n<p>O<strong> Memorial Acad\u00eamico<\/strong> \u00e9 um documento de sistematiza\u00e7\u00e3o e reflex\u00e3o dos processos formativos pelos quais o estudante ou a estudante passou ao longo de toda a sua trajet\u00f3ria. Isso compreende as aprendizagens constru\u00eddas nos FTP, suas intera\u00e7\u00f5es na ICHs e o desenvolvimento dos sucessivos projetos de aprendizagem (P.A.) e as experi\u00eancias dos est\u00e1gios curriculares obrigat\u00f3rios. Mas tamb\u00e9m pode compreender projetos de extens\u00e3o e de pesquisa, trabalhos comunit\u00e1rios, culturais, esportivos, experi\u00eancias com outros cursos e modalidades de ensino. O memorial acad\u00eamico, portanto, \u00e9 um documento obrigat\u00f3rio, assim como a sua publiciza\u00e7\u00e3o e apresenta\u00e7\u00e3o na Semana de apresenta\u00e7\u00e3o de memorial acad\u00eamico (SAM) a ser realizada todo semestre. Tal documento precisa projetar a pessoa formada ao caminho que a tornou docente.\u00a0<\/p>\n\n\n\n<p>A constru\u00e7\u00e3o do Memorial Acad\u00eamico dever\u00e1 ser orientada de maneira a privilegiar o registro das mem\u00f3rias, experi\u00eancias, viv\u00eancias e reflex\u00f5es que se mostraram fundamentais na forma\u00e7\u00e3o do futuro profissional, refletindo seus pensamentos e sentimentos, de forma a compartilhar com o p\u00fablico o conhecimento que foi produzido no cotidiano educacional do licenciando.<\/p>\n\n\n\n<p>A inten\u00e7\u00e3o \u00e9 que ao refletir sobre a hist\u00f3ria seja poss\u00edvel exercitar a verdadeira pr\u00e1xis, na qual teoria e pr\u00e1tica caminham juntas. Nesse sentido, o memorial acad\u00eamico possibilitar\u00e1 ao seu autor ou autora a reconstru\u00e7\u00e3o e an\u00e1lise de sua trajet\u00f3ria acad\u00eamica e pessoal \u00e0 luz de teorias e metodologias que compuseram os percursos formativos em que esteve imerso e o encaminharam \u00e0 doc\u00eancia.<\/p>\n\n\n\n<p>Espera-se que o licenciando seja capaz de olhar para seu percurso formativo e aponte como o mesmo contribuiu, ou n\u00e3o, para o profissional que est\u00e1 se formando, indicando seus principais aprendizados, assim como seus maiores temores e desafios ao longo do trajeto, bem como os espa\u00e7os curriculares que mais contribu\u00edram com sua forma\u00e7\u00e3o e reflex\u00e3o.<\/p>\n\n\n\n<p>A ideia \u00e9 que o documento transpare\u00e7a a reflex\u00e3o cr\u00edtica acerca do profissional que deseja ser e que demonstre como as viv\u00eancias e experi\u00eancias transformaram o estudante em professor.<\/p>\n","protected":false},"excerpt":{"rendered":"<p>Memorial Acad\u00eamico O Memorial Acad\u00eamico \u00e9 um documento de sistematiza\u00e7\u00e3o e reflex\u00e3o dos processos formativos pelos quais o estudante ou a estudante passou ao longo de toda a sua trajet\u00f3ria. Isso compreende as aprendizagens constru\u00eddas nos FTP, suas intera\u00e7\u00f5es na ICHs e o desenvolvimento dos sucessivos projetos de aprendizagem (P.A.) e as experi\u00eancias dos est\u00e1gios [&hellip;]<\/p>\n","protected":false},"author":1660,"featured_media":0,"parent":0,"menu_order":0,"comment_status":"closed","ping_status":"closed","template":"","meta":{"_acf_changed":false,"footnotes":""},"class_list":["post-1048","page","type-page","status-publish","hentry"],"acf":[],"_links":{"self":[{"href":"https:\/\/litoral.ufpr.br\/ciencias\/wp-json\/wp\/v2\/pages\/1048","targetHints":{"allow":["GET"]}}],"collection":[{"href":"https:\/\/litoral.ufpr.br\/ciencias\/wp-json\/wp\/v2\/pages"}],"about":[{"href":"https:\/\/litoral.ufpr.br\/ciencias\/wp-json\/wp\/v2\/types\/page"}],"author":[{"embeddable":true,"href":"https:\/\/litoral.ufpr.br\/ciencias\/wp-json\/wp\/v2\/users\/1660"}],"replies":[{"embeddable":true,"href":"https:\/\/litoral.ufpr.br\/ciencias\/wp-json\/wp\/v2\/comments?post=1048"}],"version-history":[{"count":2,"href":"https:\/\/litoral.ufpr.br\/ciencias\/wp-json\/wp\/v2\/pages\/1048\/revisions"}],"predecessor-version":[{"id":1176,"href":"https:\/\/litoral.ufpr.br\/ciencias\/wp-json\/wp\/v2\/pages\/1048\/revisions\/1176"}],"wp:attachment":[{"href":"https:\/\/litoral.ufpr.br\/ciencias\/wp-json\/wp\/v2\/media?parent=1048"}],"curies":[{"name":"wp","href":"https:\/\/api.w.org\/{rel}","templated":true}]}}