{"id":1000,"date":"2025-10-16T18:18:54","date_gmt":"2025-10-16T21:18:54","guid":{"rendered":"https:\/\/litoral.ufpr.br\/ciencias\/?page_id=1000"},"modified":"2026-02-20T17:38:19","modified_gmt":"2026-02-20T20:38:19","slug":"ensino","status":"publish","type":"page","link":"https:\/\/litoral.ufpr.br\/ciencias\/ensino\/","title":{"rendered":"Calend\u00e1rio Acad\u00eamico"},"content":{"rendered":"\n<h4 class=\"wp-block-heading\">CALEND\u00c1RIO ACAD\u00caMICO VIGENTE<\/h4>\n\n\n\n<div data-wp-interactive=\"core\/file\" class=\"wp-block-file\"><object data-wp-bind--hidden=\"!state.hasPdfPreview\" hidden class=\"wp-block-file__embed\" data=\"https:\/\/litoral.ufpr.br\/ciencias\/wp-content\/uploads\/sites\/9\/2026\/02\/Res.-no-22-25-CEPE-.pdf\" type=\"application\/pdf\" style=\"width:100%;height:600px\" aria-label=\"Incorporado de Res.-no-22-25-CEPE-.\"><\/object><a id=\"wp-block-file--media-b3269b76-9480-4b43-81c1-9bc07c8a66dc\" href=\"https:\/\/litoral.ufpr.br\/ciencias\/wp-content\/uploads\/sites\/9\/2026\/02\/Res.-no-22-25-CEPE-.pdf\">Res.-no-22-25-CEPE-<\/a><a href=\"https:\/\/litoral.ufpr.br\/ciencias\/wp-content\/uploads\/sites\/9\/2026\/02\/Res.-no-22-25-CEPE-.pdf\" class=\"wp-block-file__button wp-element-button\" download aria-describedby=\"wp-block-file--media-b3269b76-9480-4b43-81c1-9bc07c8a66dc\">Baixar<\/a><\/div>\n\n\n\n<p><\/p>\n\n\n\n<p><\/p>\n\n\n\n<p><a href=\"https:\/\/litoral.ufpr.br\/admpublica\/wp-content\/uploads\/sites\/6\/2024\/12\/Calendario-2025-15-a-18-semanas-RESOLUCAO-No-19-24-CEPE.pdf\">Calend\u00e1rio 2025 \u2013 15 a 18 semanas RESOLUCAO-No-19-24-CEPE<\/a><br><br><a href=\"http:\/\/resolucao_12_24_cepe-calendario-2024-pos-greve-litoral.pdf\/\"><strong>Resolucao_12_24_CEPE-Calendario-2024-Pos-greve-Litoral.pdf<\/strong><\/a><\/p>\n\n\n\n<h4 class=\"wp-block-heading\"><a href=\"https:\/\/litoral.ufpr.br\/admpublica\/wp-content\/uploads\/sites\/6\/2022\/05\/RESOLUC%CC%A7A%CC%83O-No-31-22-CEPE.pdf\"><strong>RESOLU\u00c7\u00c3O N\u00ba 31-22 \u2013 CEPE Calend\u00e1rio 2022-1 e 2022-2<\/strong><\/a><br><strong><a href=\"https:\/\/litoral.ufpr.br\/admpublica\/wp-content\/uploads\/sites\/6\/2022\/05\/Calenda%CC%81rio-Acade%CC%82mico-20221.pdf\">Calend\u00e1rio Acad\u00eamico 2022-1<\/a><\/strong><\/h4>\n\n\n\n<h4 class=\"wp-block-heading\"><strong><a href=\"https:\/\/litoral.ufpr.br\/admpublica\/wp-content\/uploads\/sites\/6\/2022\/01\/Calendario-UFPR-2021-1.pdf\">RESOLU\u00c7\u00c3O N\u00ba 52-2021 \u2013 CEPE Calend\u00e1rio 2021-1 e 2021-2<\/a><\/strong><\/h4>\n\n\n\n<p><a href=\"https:\/\/litoral.ufpr.br\/admpublica\/wp-content\/uploads\/sites\/6\/2021\/11\/RESOLUC%CC%A7A%CC%83O-No-65-21-CEPE.pdf\">RESOLU\u00c7\u00c3O N\u00ba-65-21- CEPE<\/a><\/p>\n\n\n\n<p><a href=\"https:\/\/litoral.ufpr.br\/admpublica\/wp-content\/uploads\/sites\/6\/2021\/11\/RESOLUCAO-No-22-21-CEPE.pdf\">RESOLU\u00c7\u00c3O N\u00ba-22-21-CEPE<\/a><\/p>\n\n\n\n<p><a href=\"https:\/\/litoral.ufpr.br\/admpublica\/wp-content\/uploads\/sites\/6\/2021\/04\/RESOLUCAO-No-23-21-CEPE.pdf\">Resolu\u00e7\u00e3o N\u00ba-23-21- CEPE<\/a><\/p>\n\n\n\n<p><a href=\"https:\/\/litoral.ufpr.br\/admpublica\/wp-content\/uploads\/sites\/6\/2021\/04\/RESOLUCAO-No-65-2020-CEPE_Periodo-Especial-2.pdf\">Resolu\u00e7\u00e3o-N\u00ba-65-2020-CEPE_Per\u00edodo Especial 2<\/a><\/p>\n\n\n\n<p><a href=\"https:\/\/litoral.ufpr.br\/admpublica\/wp-content\/uploads\/sites\/6\/2021\/04\/Resolucao-No-59-2020-CEPE_Periodo-Especial-1.pdf\">Resolu\u00e7\u00e3o-N\u00ba-59-2020-CEPE_Per\u00edodo Especial 1<\/a><\/p>\n\n\n\n<p><a href=\"https:\/\/litoral.ufpr.br\/admpublica\/wp-content\/uploads\/sites\/6\/2021\/04\/RESOLUCAO-No-44-2020-CEPE-regulamenta-atividades-durante-suspensao-do-calendario.pdf\">Resolu\u00e7\u00e3o-N\u00ba-44-2020-CEPE-regulamenta atividades durante suspens\u00e3o do calend\u00e1rio<\/a><\/p>\n\n\n\n<p><a href=\"https:\/\/litoral.ufpr.br\/admpublica\/wp-content\/uploads\/sites\/6\/2021\/04\/RESOLUCAO-42-2020-CEPE_suspensao-calendario-prazo-indeterminado.pdf\">Resolu\u00e7\u00e3o-N\u00ba-42-2020-CEPE_suspens\u00e3o calend\u00e1rio prazo indeterminado<\/a><\/p>\n\n\n\n<p><a href=\"https:\/\/litoral.ufpr.br\/admpublica\/wp-content\/uploads\/sites\/6\/2021\/04\/CEPE-Prorrogacao-da-suspensao-dos-Calendarios-Academicos-da-UFPR.pdf-2.pdf\">CEPE-Prorroga\u00e7\u00e3o-da-suspens\u00e3o-dos-Calend\u00e1rios-Acad\u00eamicos-da-UFPR.pdf-2<\/a><\/p>\n\n\n\n<p><a href=\"https:\/\/litoral.ufpr.br\/admpublica\/wp-content\/uploads\/sites\/6\/2021\/04\/Res.-26-2020-CEPE-suspensao-calendario-por-14-dias.pdf\">Resolu\u00e7\u00e3o-N\u00ba-26-2020-CEPE-suspens\u00e3o-calend\u00e1rio por 14 dias<\/a><\/p>\n\n\n\n<p><a href=\"https:\/\/litoral.ufpr.br\/admpublica\/wp-content\/uploads\/sites\/6\/2020\/03\/Novos-prazos-calend%C3%A1rio-acad%C3%AAmico.pdf\">Novos prazos Calend\u00e1rio Acad\u00eamico 2020<\/a><\/p>\n\n\n\n<p><a href=\"https:\/\/litoral.ufpr.br\/admpublica\/wp-content\/uploads\/sites\/6\/2019\/11\/Res.25-19-CEPE-Calendario_2020_SL.pdf\">Resolu\u00e7\u00e3o-N\u00ba-.25-19-CEPE \u2013 Calend\u00e1rio Acad\u00eamico_2020_SL<\/a><\/p>\n\n\n\n<p><a href=\"https:\/\/litoral.ufpr.br\/admpublica\/wp-content\/uploads\/sites\/6\/2019\/02\/Res.66-18-CEPE_Calendario_Academico_SL_2019.pdf\">Resolu\u00e7\u00e3o-N\u00ba-66-18-CEPE_Calendario_Academico_SL_2019.pdf<\/a><\/p>\n\n\n\n<p><br><\/p>\n","protected":false},"excerpt":{"rendered":"<p>CALEND\u00c1RIO ACAD\u00caMICO VIGENTE Calend\u00e1rio 2025 \u2013 15 a 18 semanas RESOLUCAO-No-19-24-CEPE Resolucao_12_24_CEPE-Calendario-2024-Pos-greve-Litoral.pdf RESOLU\u00c7\u00c3O N\u00ba 31-22 \u2013 CEPE Calend\u00e1rio 2022-1 e 2022-2Calend\u00e1rio Acad\u00eamico 2022-1 RESOLU\u00c7\u00c3O N\u00ba 52-2021 \u2013 CEPE Calend\u00e1rio 2021-1 e 2021-2 RESOLU\u00c7\u00c3O N\u00ba-65-21- CEPE RESOLU\u00c7\u00c3O N\u00ba-22-21-CEPE Resolu\u00e7\u00e3o N\u00ba-23-21- CEPE Resolu\u00e7\u00e3o-N\u00ba-65-2020-CEPE_Per\u00edodo Especial 2 Resolu\u00e7\u00e3o-N\u00ba-59-2020-CEPE_Per\u00edodo Especial 1 Resolu\u00e7\u00e3o-N\u00ba-44-2020-CEPE-regulamenta atividades durante suspens\u00e3o do calend\u00e1rio Resolu\u00e7\u00e3o-N\u00ba-42-2020-CEPE_suspens\u00e3o calend\u00e1rio prazo [&hellip;]<\/p>\n","protected":false},"author":1660,"featured_media":0,"parent":0,"menu_order":0,"comment_status":"closed","ping_status":"closed","template":"","meta":{"_acf_changed":false,"footnotes":""},"class_list":["post-1000","page","type-page","status-publish","hentry"],"acf":[],"_links":{"self":[{"href":"https:\/\/litoral.ufpr.br\/ciencias\/wp-json\/wp\/v2\/pages\/1000","targetHints":{"allow":["GET"]}}],"collection":[{"href":"https:\/\/litoral.ufpr.br\/ciencias\/wp-json\/wp\/v2\/pages"}],"about":[{"href":"https:\/\/litoral.ufpr.br\/ciencias\/wp-json\/wp\/v2\/types\/page"}],"author":[{"embeddable":true,"href":"https:\/\/litoral.ufpr.br\/ciencias\/wp-json\/wp\/v2\/users\/1660"}],"replies":[{"embeddable":true,"href":"https:\/\/litoral.ufpr.br\/ciencias\/wp-json\/wp\/v2\/comments?post=1000"}],"version-history":[{"count":5,"href":"https:\/\/litoral.ufpr.br\/ciencias\/wp-json\/wp\/v2\/pages\/1000\/revisions"}],"predecessor-version":[{"id":1204,"href":"https:\/\/litoral.ufpr.br\/ciencias\/wp-json\/wp\/v2\/pages\/1000\/revisions\/1204"}],"wp:attachment":[{"href":"https:\/\/litoral.ufpr.br\/ciencias\/wp-json\/wp\/v2\/media?parent=1000"}],"curies":[{"name":"wp","href":"https:\/\/api.w.org\/{rel}","templated":true}]}}