{"id":816,"date":"2021-10-21T12:56:23","date_gmt":"2021-10-21T15:56:23","guid":{"rendered":"https:\/\/litoral.ufpr.br\/artes\/?page_id=816"},"modified":"2022-01-19T17:04:55","modified_gmt":"2022-01-19T20:04:55","slug":"producoes-artisticas-culturais","status":"publish","type":"page","link":"https:\/\/litoral.ufpr.br\/artes\/producoes\/producoes-artisticas-culturais\/","title":{"rendered":"Produ\u00e7\u00f5es art\u00edsticas \/ culturais"},"content":{"rendered":"\n<figure class=\"wp-block-embed is-type-video is-provider-youtube wp-block-embed-youtube wp-embed-aspect-16-9 wp-has-aspect-ratio\"><div class=\"wp-block-embed__wrapper\">\n<iframe loading=\"lazy\" title=\"Carla Ruschmann\" width=\"500\" height=\"281\" src=\"https:\/\/www.youtube.com\/embed\/eQ5qAlqdPgc?feature=oembed\" frameborder=\"0\" allow=\"accelerometer; autoplay; clipboard-write; encrypted-media; gyroscope; picture-in-picture; web-share\" referrerpolicy=\"strict-origin-when-cross-origin\" allowfullscreen><\/iframe>\n<\/div><figcaption>Carla Ruschmann<\/figcaption><\/figure>\n\n\n\n<figure class=\"wp-block-embed is-type-video is-provider-youtube wp-block-embed-youtube wp-embed-aspect-16-9 wp-has-aspect-ratio\"><div class=\"wp-block-embed__wrapper\">\n<iframe loading=\"lazy\" title=\"Luciana Ferreira. Processos criativos e obras.\" width=\"500\" height=\"281\" src=\"https:\/\/www.youtube.com\/embed\/btP6Twger9w?feature=oembed\" frameborder=\"0\" allow=\"accelerometer; autoplay; clipboard-write; encrypted-media; gyroscope; picture-in-picture; web-share\" referrerpolicy=\"strict-origin-when-cross-origin\" allowfullscreen><\/iframe>\n<\/div><figcaption>Luciana Ferreira &#8211; Processos criativos e obras<\/figcaption><\/figure>\n\n\n\n<figure class=\"wp-block-embed is-type-video is-provider-youtube wp-block-embed-youtube wp-embed-aspect-16-9 wp-has-aspect-ratio\"><div class=\"wp-block-embed__wrapper\">\n<iframe loading=\"lazy\" title=\"Michele Louise Schiocchet. Obras e processos de cria\u00e7\u00e3o.\" width=\"500\" height=\"281\" src=\"https:\/\/www.youtube.com\/embed\/xtFCNkGkvx0?feature=oembed\" frameborder=\"0\" allow=\"accelerometer; autoplay; clipboard-write; encrypted-media; gyroscope; picture-in-picture; web-share\" referrerpolicy=\"strict-origin-when-cross-origin\" allowfullscreen><\/iframe>\n<\/div><figcaption>Michele Louise Schiocchet. Obras e processos de cria\u00e7\u00e3o.<\/figcaption><\/figure>\n\n\n\n<p><\/p>\n","protected":false},"excerpt":{"rendered":"","protected":false},"author":3,"featured_media":0,"parent":813,"menu_order":0,"comment_status":"closed","ping_status":"closed","template":"","meta":{"_acf_changed":false,"footnotes":""},"class_list":["post-816","page","type-page","status-publish","hentry"],"acf":[],"_links":{"self":[{"href":"https:\/\/litoral.ufpr.br\/artes\/wp-json\/wp\/v2\/pages\/816","targetHints":{"allow":["GET"]}}],"collection":[{"href":"https:\/\/litoral.ufpr.br\/artes\/wp-json\/wp\/v2\/pages"}],"about":[{"href":"https:\/\/litoral.ufpr.br\/artes\/wp-json\/wp\/v2\/types\/page"}],"author":[{"embeddable":true,"href":"https:\/\/litoral.ufpr.br\/artes\/wp-json\/wp\/v2\/users\/3"}],"replies":[{"embeddable":true,"href":"https:\/\/litoral.ufpr.br\/artes\/wp-json\/wp\/v2\/comments?post=816"}],"version-history":[{"count":3,"href":"https:\/\/litoral.ufpr.br\/artes\/wp-json\/wp\/v2\/pages\/816\/revisions"}],"predecessor-version":[{"id":914,"href":"https:\/\/litoral.ufpr.br\/artes\/wp-json\/wp\/v2\/pages\/816\/revisions\/914"}],"up":[{"embeddable":true,"href":"https:\/\/litoral.ufpr.br\/artes\/wp-json\/wp\/v2\/pages\/813"}],"wp:attachment":[{"href":"https:\/\/litoral.ufpr.br\/artes\/wp-json\/wp\/v2\/media?parent=816"}],"curies":[{"name":"wp","href":"https:\/\/api.w.org\/{rel}","templated":true}]}}