{"id":283,"date":"2019-02-27T13:41:48","date_gmt":"2019-02-27T16:41:48","guid":{"rendered":"https:\/\/litoral.ufpr.br\/artes\/?page_id=283"},"modified":"2023-03-20T11:02:17","modified_gmt":"2023-03-20T14:02:17","slug":"contato","status":"publish","type":"page","link":"https:\/\/litoral.ufpr.br\/artes\/contato\/","title":{"rendered":"Equipe"},"content":{"rendered":"<p>Coordena\u00e7\u00e3o: Alaor de Carvalho (2022-2024)<br \/>\nVice-coordena\u00e7\u00e3o: Ana Elisa de Castro Freitas (2022-2024)<br \/>\nAssessoria: Marcos dos Anjos<br \/>\nContato: camaraartes@ufpr.br<\/p>\n<p>Rela\u00e7\u00e3o de professores do Curso (link para Lattes):<\/p>\n<p><a href=\"http:\/\/lattes.cnpq.br\/5680524406916765\">Alaor de Carvalho<\/a><br \/>\n<a href=\"http:\/\/lattes.cnpq.br\/8479880989089713\">Ana Elisa de Castro Freitas<\/a><br \/>\n<a href=\"http:\/\/lattes.cnpq.br\/4480431196822099\">Carla Beatriz Franco Ruschmann<\/a><br \/>\n<a href=\"http:\/\/lattes.cnpq.br\/5694754137339356\">D\u00e9bora Regina Opolski<\/a><br \/>\n<a href=\"http:\/\/lattes.cnpq.br\/8372580056990987\">Gisele Kliemann<\/a><br \/>\n<a href=\"http:\/\/lattes.cnpq.br\/9843583356648145\">Giselly Brasil<\/a><a href=\"http:\/\/lattes.cnpq.br\/5171215277004572\"><br \/>\n<\/a><a href=\"http:\/\/lattes.cnpq.br\/0399787210253464\">Luciana Ferreira<\/a><br \/>\n<a href=\"http:\/\/lattes.cnpq.br\/9906974416084351\">Michele Louise Schiocchet<\/a><br \/>\n<a href=\"http:\/\/lattes.cnpq.br\/0285421632971107\">Nat\u00e1lia Gomes dos Santos<\/a><\/p>\n","protected":false},"excerpt":{"rendered":"<p>Coordena\u00e7\u00e3o: Alaor de Carvalho (2022-2024) Vice-coordena\u00e7\u00e3o: Ana Elisa de Castro Freitas (2022-2024) Assessoria: Marcos dos Anjos Contato: camaraartes@ufpr.br Rela\u00e7\u00e3o de professores do Curso (link para Lattes): Alaor de Carvalho Ana Elisa de Castro Freitas Carla Beatriz Franco Ruschmann D\u00e9bora Regina Opolski Gisele Kliemann Giselly Brasil Luciana Ferreira Michele Louise Schiocchet Nat\u00e1lia Gomes dos Santos<\/p>\n","protected":false},"author":3,"featured_media":0,"parent":0,"menu_order":0,"comment_status":"closed","ping_status":"closed","template":"","meta":{"_acf_changed":false,"footnotes":""},"class_list":["post-283","page","type-page","status-publish","hentry"],"acf":[],"_links":{"self":[{"href":"https:\/\/litoral.ufpr.br\/artes\/wp-json\/wp\/v2\/pages\/283","targetHints":{"allow":["GET"]}}],"collection":[{"href":"https:\/\/litoral.ufpr.br\/artes\/wp-json\/wp\/v2\/pages"}],"about":[{"href":"https:\/\/litoral.ufpr.br\/artes\/wp-json\/wp\/v2\/types\/page"}],"author":[{"embeddable":true,"href":"https:\/\/litoral.ufpr.br\/artes\/wp-json\/wp\/v2\/users\/3"}],"replies":[{"embeddable":true,"href":"https:\/\/litoral.ufpr.br\/artes\/wp-json\/wp\/v2\/comments?post=283"}],"version-history":[{"count":9,"href":"https:\/\/litoral.ufpr.br\/artes\/wp-json\/wp\/v2\/pages\/283\/revisions"}],"predecessor-version":[{"id":1077,"href":"https:\/\/litoral.ufpr.br\/artes\/wp-json\/wp\/v2\/pages\/283\/revisions\/1077"}],"wp:attachment":[{"href":"https:\/\/litoral.ufpr.br\/artes\/wp-json\/wp\/v2\/media?parent=283"}],"curies":[{"name":"wp","href":"https:\/\/api.w.org\/{rel}","templated":true}]}}