{"id":170,"date":"2018-06-27T09:03:34","date_gmt":"2018-06-27T12:03:34","guid":{"rendered":"https:\/\/litoral.ufpr.br\/artes\/?page_id=170"},"modified":"2025-05-21T12:05:32","modified_gmt":"2025-05-21T15:05:32","slug":"docentes","status":"publish","type":"page","link":"https:\/\/litoral.ufpr.br\/artes\/docentes\/","title":{"rendered":"Documentos"},"content":{"rendered":"<h6>Documentos oficiais do Curso:<br \/><a href=\"https:\/\/litoral.ufpr.br\/artes\/wp-content\/uploads\/sites\/8\/2024\/02\/planejamento-estrategico-2024-2026.pdf\">Planejamento Estrat\u00e9gico do Curso<\/a><br \/><a href=\"https:\/\/litoral.ufpr.br\/artes\/wp-content\/uploads\/sites\/8\/2020\/02\/PPC-de-Artes-2020.pdf\">Projeto Pol\u00edtico Pedag\u00f3gico do Curso (PPC) de 2020<\/a><br \/><a href=\"https:\/\/litoral.ufpr.br\/artes\/wp-content\/uploads\/sites\/8\/2025\/05\/Portaria-de-reconhecimento-2023.pdf\">Portaria N\u00ba 315 &#8211; Reconhecimento pelo MEC<\/a><br \/><a href=\"https:\/\/litoral.ufpr.br\/wp-content\/uploads\/2015\/04\/Artes.pdf\" target=\"_blank\" rel=\"noreferrer noopener\" data-rich-text-format-boundary=\"true\">Projeto Pol\u00edtico Pedag\u00f3gico do Curso (PPC) de 2015<\/a> <br \/><a href=\"https:\/\/litoral.ufpr.br\/wp-content\/uploads\/2015\/05\/Artes-Litoral-Port299-14.04.2015.pdf\">Portaria N\u00ba 299 \u2013 Reconhecimento pelo MEC<\/a><\/h6>\n<h6><a href=\"https:\/\/litoral.ufpr.br\/artes\/wp-content\/uploads\/sites\/8\/2019\/02\/DOCENTES_E_CODIGOS.pdf\">C\u00f3digo_Professores p\/ PA<\/a><br \/><a href=\"https:\/\/litoral.ufpr.br\/artes\/wp-content\/uploads\/sites\/8\/2023\/04\/Plano-de-Acoes-Artes-2019-2023.xlsx\">Plano de a\u00e7\u00f5es<\/a><\/h6>\n\n\n<p><strong>Per\u00edodo Especial:<br><\/strong><a href=\"https:\/\/litoral.ufpr.br\/artes\/wp-content\/uploads\/sites\/8\/2020\/08\/ARTES-Informativo-alunos-sobre-Per\u00edodo-especial-2020-2-1.pdf\">Informativo sobre as matr\u00edculas nos m\u00f3dulos do per\u00edodo especial<\/a><br><a href=\"https:\/\/litoral.ufpr.br\/artes\/wp-content\/uploads\/sites\/8\/2020\/08\/HORARIOS-PERIODO-ESPECIAL-ARTES-1.pdf\">Grade hor\u00e1ria e cronograma dos m\u00f3dulos<\/a><\/p>\n\n\n\n<p><\/p>\n\n\n\n<p><\/p>\n","protected":false},"excerpt":{"rendered":"<p>Documentos oficiais do Curso:Planejamento Estrat\u00e9gico do CursoProjeto Pol\u00edtico Pedag\u00f3gico do Curso (PPC) de 2020Portaria N\u00ba 315 &#8211; Reconhecimento pelo MECProjeto Pol\u00edtico Pedag\u00f3gico do Curso (PPC) de 2015 Portaria N\u00ba 299 \u2013 Reconhecimento pelo MEC C\u00f3digo_Professores p\/ PAPlano de a\u00e7\u00f5es Per\u00edodo Especial:Informativo sobre as matr\u00edculas nos m\u00f3dulos do per\u00edodo especialGrade hor\u00e1ria e cronograma dos m\u00f3dulos<\/p>\n","protected":false},"author":3,"featured_media":0,"parent":0,"menu_order":0,"comment_status":"closed","ping_status":"closed","template":"","meta":{"_acf_changed":false,"footnotes":""},"class_list":["post-170","page","type-page","status-publish","hentry"],"acf":[],"_links":{"self":[{"href":"https:\/\/litoral.ufpr.br\/artes\/wp-json\/wp\/v2\/pages\/170","targetHints":{"allow":["GET"]}}],"collection":[{"href":"https:\/\/litoral.ufpr.br\/artes\/wp-json\/wp\/v2\/pages"}],"about":[{"href":"https:\/\/litoral.ufpr.br\/artes\/wp-json\/wp\/v2\/types\/page"}],"author":[{"embeddable":true,"href":"https:\/\/litoral.ufpr.br\/artes\/wp-json\/wp\/v2\/users\/3"}],"replies":[{"embeddable":true,"href":"https:\/\/litoral.ufpr.br\/artes\/wp-json\/wp\/v2\/comments?post=170"}],"version-history":[{"count":19,"href":"https:\/\/litoral.ufpr.br\/artes\/wp-json\/wp\/v2\/pages\/170\/revisions"}],"predecessor-version":[{"id":1247,"href":"https:\/\/litoral.ufpr.br\/artes\/wp-json\/wp\/v2\/pages\/170\/revisions\/1247"}],"wp:attachment":[{"href":"https:\/\/litoral.ufpr.br\/artes\/wp-json\/wp\/v2\/media?parent=170"}],"curies":[{"name":"wp","href":"https:\/\/api.w.org\/{rel}","templated":true}]}}