{"id":168,"date":"2018-06-27T09:03:17","date_gmt":"2018-06-27T12:03:17","guid":{"rendered":"https:\/\/litoral.ufpr.br\/artes\/?page_id=168"},"modified":"2019-07-11T16:11:03","modified_gmt":"2019-07-11T19:11:03","slug":"curso","status":"publish","type":"page","link":"https:\/\/litoral.ufpr.br\/artes\/curso\/","title":{"rendered":"Curso"},"content":{"rendered":"<p>Tipo: Licenciatura<br \/>\nModalidade: Presencial<br \/>\nDenomina\u00e7\u00e3o: Licenciatura em Artes<br \/>\nLocal de oferta: Setor Litoral<br \/>\nRegime de matr\u00edcula: Semestral com entrada anual<br \/>\nTurno de funcionamento: Matutino com 420 horas de estagio curricular<br \/>\nobrigat\u00f3rio no contra turno<br \/>\nN\u00famero total de vagas\/ano: 30 vagas<br \/>\nCarga hor\u00e1ria total: 3200 horas<br \/>\nPrazo de integraliza\u00e7\u00e3o curricular: M\u00ednimo de 08 semestres e m\u00e1ximo de 12<br \/>\nsemestres.<\/p>\n","protected":false},"excerpt":{"rendered":"<p>Tipo: Licenciatura Modalidade: Presencial Denomina\u00e7\u00e3o: Licenciatura em Artes Local de oferta: Setor Litoral Regime de matr\u00edcula: Semestral com entrada anual Turno de funcionamento: Matutino com 420 horas de estagio curricular obrigat\u00f3rio no contra turno N\u00famero total de vagas\/ano: 30 vagas Carga hor\u00e1ria total: 3200 horas Prazo de integraliza\u00e7\u00e3o curricular: M\u00ednimo de 08 semestres e m\u00e1ximo [&hellip;]<\/p>\n","protected":false},"author":3,"featured_media":0,"parent":0,"menu_order":0,"comment_status":"closed","ping_status":"closed","template":"","meta":{"_acf_changed":false,"footnotes":""},"class_list":["post-168","page","type-page","status-publish","hentry"],"acf":[],"_links":{"self":[{"href":"https:\/\/litoral.ufpr.br\/artes\/wp-json\/wp\/v2\/pages\/168","targetHints":{"allow":["GET"]}}],"collection":[{"href":"https:\/\/litoral.ufpr.br\/artes\/wp-json\/wp\/v2\/pages"}],"about":[{"href":"https:\/\/litoral.ufpr.br\/artes\/wp-json\/wp\/v2\/types\/page"}],"author":[{"embeddable":true,"href":"https:\/\/litoral.ufpr.br\/artes\/wp-json\/wp\/v2\/users\/3"}],"replies":[{"embeddable":true,"href":"https:\/\/litoral.ufpr.br\/artes\/wp-json\/wp\/v2\/comments?post=168"}],"version-history":[{"count":8,"href":"https:\/\/litoral.ufpr.br\/artes\/wp-json\/wp\/v2\/pages\/168\/revisions"}],"predecessor-version":[{"id":367,"href":"https:\/\/litoral.ufpr.br\/artes\/wp-json\/wp\/v2\/pages\/168\/revisions\/367"}],"wp:attachment":[{"href":"https:\/\/litoral.ufpr.br\/artes\/wp-json\/wp\/v2\/media?parent=168"}],"curies":[{"name":"wp","href":"https:\/\/api.w.org\/{rel}","templated":true}]}}