{"id":162,"date":"2018-06-27T08:54:16","date_gmt":"2018-06-27T11:54:16","guid":{"rendered":"https:\/\/litoral.ufpr.br\/artes\/?page_id=162"},"modified":"2021-06-18T11:28:23","modified_gmt":"2021-06-18T14:28:23","slug":"informativos","status":"publish","type":"page","link":"https:\/\/litoral.ufpr.br\/artes\/informativos\/","title":{"rendered":"O Projeto de Extens\u00e3o Conhecendo e Vivenciando as Artes Visuais seleciona bolsistas para o ano de 2021"},"content":{"rendered":"\n<p><a href=\"https:\/\/litoral.ufpr.br\/artes\/wp-content\/uploads\/sites\/8\/2021\/06\/edital-bolsa-Conhecendo-e-Vivenciando-2021.pdf\" data-type=\"URL\" data-id=\"https:\/\/litoral.ufpr.br\/artes\/wp-content\/uploads\/sites\/8\/2021\/06\/edital-bolsa-Conhecendo-e-Vivenciando-2021.pdf\" target=\"_blank\" rel=\"noreferrer noopener\">Link para edital <\/a><\/p>\n\n\n\n<p><strong>Inscri\u00e7\u00f5es at\u00e9 dia 24 de junho de 2021<\/strong><\/p>\n\n\n\n<p>PROJETO: Conhecendo e Vivenciando as Artes Visuais<br>Modalidade de Bolsa: BOLSAS DE EXTENS\u00c3O<br>Departamento\/Curso de Origem: C\u00e2mara de Artes \u2013 Curso de Licenciatura em Artes<br>COORDENADOR\/ COORDENADORA: Carla Beatriz Franco Ruschmann<\/p>\n\n\n\n<ol class=\"wp-block-list\"><li>DISCENTES PROVENIENTES DE:<br>Curso de Licenciatura em Artes<br>Curso de Linguagem e Comunica\u00e7\u00e3o<br>Curso de Servi\u00e7o Social<\/li><li>ATIVIDADES A SEREM DESENVOLVIDAS<\/li><\/ol>\n\n\n\n<ul class=\"wp-block-list\"><li>Pesquisa, divulga\u00e7\u00e3o e incentivo \u00e0 produ\u00e7\u00e3o de Artes Visuais realizada no litoral do<br>Paran\u00e1.<br>-Aux\u00edlio na realiza\u00e7\u00e3o e divulga\u00e7\u00e3o de produtos extensionistas.<\/li><\/ul>\n\n\n\n<ol class=\"wp-block-list\"><li>LOCAL\/LOCAIS DE DESENVOLVIMENTO DAS ATIVIDADES:<br>Atividades remotas, desde a casa do bolsista<br>4.CARGA HOR\u00c1RIA DEDICADA PELO\/A ALUNO\/A AO PROJETO: 12 H SEMANAIS<\/li><li>VALOR DA BOLSA: R$ 400, 00\/M\u00caS<\/li><li>PER\u00cdODO DE ATUA\u00c7\u00c3O NO PROJETO:<br>A vig\u00eancia de participa\u00e7\u00e3o no projeto &#8211; 07\/2021 a 12\/2021<br><\/li><\/ol>\n\n\n\n<ol class=\"wp-block-list\" start=\"7\"><li>REQUISITOS PARA PARTICIPA\u00c7\u00c3O:<\/li><\/ol>\n\n\n\n<ul class=\"wp-block-list\"><li>Preencher formul\u00e1rio de inscri\u00e7\u00e3o<\/li><li>Estar regularmente matriculado\/a em um dos cursos descritos no item 1 do edital<\/li><li>N\u00e3o receber bolsa ou qualquer outro aux\u00edlio financeiro da UFPR, de outra institui\u00e7\u00e3o de<br>ensino ou ag\u00eancia de fomento, nacional ou internacional, que exija exclusividade<\/li><li>Ter computador e rede ampla de internet e telefonia<\/li><li>Ter experiencia em m\u00eddias digitais e programas de diagrama\u00e7\u00e3o e ou edi\u00e7\u00e3o de imagens.<\/li><\/ul>\n\n\n\n<ol class=\"wp-block-list\" start=\"7\"><li>FASES DA SELE\u00c7\u00c3O<br>O(a) aluno(a) dever\u00e1 enviar no e-mail: carlaruschmann@ufpr.br<br>Nome:<br>E-mail UFPR:<br>WhatsApp:<br>Nome do curso:<br>N\u00famero de matr\u00edcula:<br>CPF:<br>Dados banc\u00e1rios (Banco, conta corrente, ag\u00eancia):<\/li><\/ol>\n\n\n\n<ul class=\"wp-block-list\"><li>Envio de curr\u00edculo com forma\u00e7\u00e3o e ou experiencias relacionadas as atividades propostas.<\/li><li>Carta de interesse em participar do projeto.<\/li><li>Comprovante atualizado de matr\u00edcula e hist\u00f3rico escolar.<\/li><\/ul>\n\n\n\n<ol class=\"wp-block-list\" start=\"7\"><li>CRIT\u00c9RIOS DE SELE\u00c7\u00c3O<\/li><\/ol>\n\n\n\n<ul class=\"wp-block-list\"><li>Como crit\u00e9rio de sele\u00e7\u00e3o curr\u00edculo com experiencia m\u00eddias digitais e programas de<br>diagrama\u00e7\u00e3o e ou edi\u00e7\u00e3o de imagens.<\/li><li>Carta de interesse em participar do projeto.<br>-Hist\u00f3rico escolar.<\/li><\/ul>\n\n\n\n<ol class=\"wp-block-list\" start=\"7\"><li>CALEND\u00c1RIO<br>Envio de propostas at\u00e9 o dia 24 de junho de 2021.<br>Resultados ser\u00e3o informados no dia 25 de junho de 2021, na p\u00e1gina do Curso de Licenciatura<br>em Artes https:\/\/litoral.ufpr.br\/artes\/<\/li><\/ol>\n\n\n\n<p><\/p>\n","protected":false},"excerpt":{"rendered":"<p>Link para edital Inscri\u00e7\u00f5es at\u00e9 dia 24 de junho de 2021 PROJETO: Conhecendo e Vivenciando as Artes VisuaisModalidade de Bolsa: BOLSAS DE EXTENS\u00c3ODepartamento\/Curso de Origem: C\u00e2mara de Artes \u2013 Curso de Licenciatura em ArtesCOORDENADOR\/ COORDENADORA: Carla Beatriz Franco Ruschmann DISCENTES PROVENIENTES DE:Curso de Licenciatura em ArtesCurso de Linguagem e Comunica\u00e7\u00e3oCurso de Servi\u00e7o Social ATIVIDADES A [&hellip;]<\/p>\n","protected":false},"author":3,"featured_media":0,"parent":0,"menu_order":0,"comment_status":"closed","ping_status":"closed","template":"informativos.php","meta":{"_acf_changed":false,"footnotes":""},"class_list":["post-162","page","type-page","status-publish","hentry"],"acf":[],"_links":{"self":[{"href":"https:\/\/litoral.ufpr.br\/artes\/wp-json\/wp\/v2\/pages\/162","targetHints":{"allow":["GET"]}}],"collection":[{"href":"https:\/\/litoral.ufpr.br\/artes\/wp-json\/wp\/v2\/pages"}],"about":[{"href":"https:\/\/litoral.ufpr.br\/artes\/wp-json\/wp\/v2\/types\/page"}],"author":[{"embeddable":true,"href":"https:\/\/litoral.ufpr.br\/artes\/wp-json\/wp\/v2\/users\/3"}],"replies":[{"embeddable":true,"href":"https:\/\/litoral.ufpr.br\/artes\/wp-json\/wp\/v2\/comments?post=162"}],"version-history":[{"count":4,"href":"https:\/\/litoral.ufpr.br\/artes\/wp-json\/wp\/v2\/pages\/162\/revisions"}],"predecessor-version":[{"id":752,"href":"https:\/\/litoral.ufpr.br\/artes\/wp-json\/wp\/v2\/pages\/162\/revisions\/752"}],"wp:attachment":[{"href":"https:\/\/litoral.ufpr.br\/artes\/wp-json\/wp\/v2\/media?parent=162"}],"curies":[{"name":"wp","href":"https:\/\/api.w.org\/{rel}","templated":true}]}}