{"id":1443,"date":"2025-11-17T10:12:13","date_gmt":"2025-11-17T13:12:13","guid":{"rendered":"https:\/\/litoral.ufpr.br\/artes\/?page_id=1443"},"modified":"2025-11-18T11:28:22","modified_gmt":"2025-11-18T14:28:22","slug":"siga","status":"publish","type":"page","link":"https:\/\/litoral.ufpr.br\/artes\/siga\/","title":{"rendered":"SIGA"},"content":{"rendered":"\n<p>Para acessar o hist\u00f3rico escolar, fazer matr\u00edculas em m\u00f3dulos e verificar situa\u00e7\u00e3o acad\u00eamica acesse o SIGA-UFPR no endere\u00e7o:&nbsp;<a href=\"https:\/\/sistemas.ufpr.br\/\">Portal de Sistemas UFPR<\/a><\/p>\n\n\n\n<p>Para acessar o SIGA UFPR voc\u00ea precisa ter:<\/p>\n\n\n\n<ul class=\"wp-block-list\">\n<li>Email UFPR cadastrado<\/li>\n\n\n\n<li>Senha de acesso ao sistema atualizada<\/li>\n<\/ul>\n\n\n\n<p>Se quer aprender mais sobre o SIGA UFPR, acesse:&nbsp;<a href=\"https:\/\/ufpraberta.ufpr.br\/course\/view.php?id=9\">https:\/\/ufpraberta.ufpr.br\/course\/view.php?id=9<\/a><\/p>\n\n\n\n<p>Recupera\u00e7\u00e3o senha e-mail &nbsp;UFPR:&nbsp;<a href=\"https:\/\/intranet.ufpr.br\/intranet\/public\/senha!input.action\">https:\/\/intranet.ufpr.br\/intranet\/public\/senha!input.action<\/a><\/p>\n\n\n\n<p><a href=\"https:\/\/litoral.ufpr.br\/lecampo\/wp-content\/uploads\/sites\/10\/2025\/04\/MANUAL-DOS-SITEMAS-UFPR-1-2.pdf\">Manual de como acessar os Sistemas UFPR<\/a><\/p>\n\n\n\n<p>P\u00e1gina atualizada em:\u00a0<strong>18 de nov. de 2025.<\/strong><\/p>\n","protected":false},"excerpt":{"rendered":"<p>Para acessar o hist\u00f3rico escolar, fazer matr\u00edculas em m\u00f3dulos e verificar situa\u00e7\u00e3o acad\u00eamica acesse o SIGA-UFPR no endere\u00e7o:&nbsp;Portal de Sistemas UFPR Para acessar o SIGA UFPR voc\u00ea precisa ter: Se quer aprender mais sobre o SIGA UFPR, acesse:&nbsp;https:\/\/ufpraberta.ufpr.br\/course\/view.php?id=9 Recupera\u00e7\u00e3o senha e-mail &nbsp;UFPR:&nbsp;https:\/\/intranet.ufpr.br\/intranet\/public\/senha!input.action Manual de como acessar os Sistemas UFPR P\u00e1gina atualizada em:\u00a018 de nov. de [&hellip;]<\/p>\n","protected":false},"author":1629,"featured_media":0,"parent":0,"menu_order":0,"comment_status":"closed","ping_status":"closed","template":"","meta":{"_acf_changed":false,"footnotes":""},"class_list":["post-1443","page","type-page","status-publish","hentry"],"acf":[],"_links":{"self":[{"href":"https:\/\/litoral.ufpr.br\/artes\/wp-json\/wp\/v2\/pages\/1443","targetHints":{"allow":["GET"]}}],"collection":[{"href":"https:\/\/litoral.ufpr.br\/artes\/wp-json\/wp\/v2\/pages"}],"about":[{"href":"https:\/\/litoral.ufpr.br\/artes\/wp-json\/wp\/v2\/types\/page"}],"author":[{"embeddable":true,"href":"https:\/\/litoral.ufpr.br\/artes\/wp-json\/wp\/v2\/users\/1629"}],"replies":[{"embeddable":true,"href":"https:\/\/litoral.ufpr.br\/artes\/wp-json\/wp\/v2\/comments?post=1443"}],"version-history":[{"count":2,"href":"https:\/\/litoral.ufpr.br\/artes\/wp-json\/wp\/v2\/pages\/1443\/revisions"}],"predecessor-version":[{"id":1478,"href":"https:\/\/litoral.ufpr.br\/artes\/wp-json\/wp\/v2\/pages\/1443\/revisions\/1478"}],"wp:attachment":[{"href":"https:\/\/litoral.ufpr.br\/artes\/wp-json\/wp\/v2\/media?parent=1443"}],"curies":[{"name":"wp","href":"https:\/\/api.w.org\/{rel}","templated":true}]}}