{"id":1278,"date":"2025-08-22T10:22:13","date_gmt":"2025-08-22T13:22:13","guid":{"rendered":"https:\/\/litoral.ufpr.br\/artes\/?page_id=1278"},"modified":"2025-08-22T12:26:48","modified_gmt":"2025-08-22T15:26:48","slug":"indicadores-do-curso","status":"publish","type":"page","link":"https:\/\/litoral.ufpr.br\/artes\/indicadores-do-curso\/","title":{"rendered":"Indicadores do Curso"},"content":{"rendered":"\n<figure class=\"wp-block-table\"><table><tbody><tr><td>Avalia\u00e7\u00e3o MEC 2024<\/td><td>Conceito 5 (conceito m\u00e1ximo)<\/td><\/tr><tr><td>Avalia\u00e7\u00e3o MEC 2015<\/td><td>Conceito 4<\/td><\/tr><\/tbody><\/table><\/figure>\n\n\n\n<p><a rel=\"noreferrer noopener\" href=\"https:\/\/litoral.ufpr.br\/artes\/wp-content\/uploads\/sites\/8\/2025\/08\/MEC-reconhecimento-2020.pdf\" data-type=\"URL\" data-id=\"https:\/\/litoral.ufpr.br\/artes\/wp-content\/uploads\/sites\/8\/2025\/08\/MEC-reconhecimento-2020.pdf\" target=\"_blank\">Reconhecimento do Curso pelo MEC &#8211; 2024<\/a><br><a rel=\"noreferrer noopener\" href=\"https:\/\/litoral.ufpr.br\/artes\/wp-content\/uploads\/sites\/8\/2025\/08\/ARTES-alteracao-de-vagas.pdf\" data-type=\"URL\" data-id=\"https:\/\/litoral.ufpr.br\/artes\/wp-content\/uploads\/sites\/8\/2025\/08\/ARTES-alteracao-de-vagas.pdf\" target=\"_blank\">Altera\u00e7\u00e3o de vagas 2016<\/a><br><a rel=\"noreferrer noopener\" href=\"https:\/\/litoral.ufpr.br\/artes\/wp-content\/uploads\/sites\/8\/2025\/08\/MEC-reconhecimento-2015.pdf\" data-type=\"URL\" data-id=\"https:\/\/litoral.ufpr.br\/artes\/wp-content\/uploads\/sites\/8\/2025\/08\/MEC-reconhecimento-2015.pdf\" target=\"_blank\">Reconhecimento do Curso pelo MEC &#8211; 2015<\/a><\/p>\n\n\n\n<p>Atualizado em 22.08.2025<\/p>\n","protected":false},"excerpt":{"rendered":"<p>Avalia\u00e7\u00e3o MEC 2024 Conceito 5 (conceito m\u00e1ximo) Avalia\u00e7\u00e3o MEC 2015 Conceito 4 Reconhecimento do Curso pelo MEC &#8211; 2024Altera\u00e7\u00e3o de vagas 2016Reconhecimento do Curso pelo MEC &#8211; 2015 Atualizado em 22.08.2025<\/p>\n","protected":false},"author":1629,"featured_media":0,"parent":0,"menu_order":0,"comment_status":"closed","ping_status":"closed","template":"","meta":{"_acf_changed":false,"footnotes":""},"class_list":["post-1278","page","type-page","status-publish","hentry"],"acf":[],"_links":{"self":[{"href":"https:\/\/litoral.ufpr.br\/artes\/wp-json\/wp\/v2\/pages\/1278","targetHints":{"allow":["GET"]}}],"collection":[{"href":"https:\/\/litoral.ufpr.br\/artes\/wp-json\/wp\/v2\/pages"}],"about":[{"href":"https:\/\/litoral.ufpr.br\/artes\/wp-json\/wp\/v2\/types\/page"}],"author":[{"embeddable":true,"href":"https:\/\/litoral.ufpr.br\/artes\/wp-json\/wp\/v2\/users\/1629"}],"replies":[{"embeddable":true,"href":"https:\/\/litoral.ufpr.br\/artes\/wp-json\/wp\/v2\/comments?post=1278"}],"version-history":[{"count":3,"href":"https:\/\/litoral.ufpr.br\/artes\/wp-json\/wp\/v2\/pages\/1278\/revisions"}],"predecessor-version":[{"id":1310,"href":"https:\/\/litoral.ufpr.br\/artes\/wp-json\/wp\/v2\/pages\/1278\/revisions\/1310"}],"wp:attachment":[{"href":"https:\/\/litoral.ufpr.br\/artes\/wp-json\/wp\/v2\/media?parent=1278"}],"curies":[{"name":"wp","href":"https:\/\/api.w.org\/{rel}","templated":true}]}}