{"id":1277,"date":"2025-08-22T10:22:13","date_gmt":"2025-08-22T13:22:13","guid":{"rendered":"https:\/\/litoral.ufpr.br\/artes\/?page_id=1277"},"modified":"2025-08-22T12:27:43","modified_gmt":"2025-08-22T15:27:43","slug":"apresentacao-geral","status":"publish","type":"page","link":"https:\/\/litoral.ufpr.br\/artes\/apresentacao-geral\/","title":{"rendered":"Apresenta\u00e7\u00e3o geral"},"content":{"rendered":"\n<p><strong>INFORMA\u00c7\u00d5ES SOBRE O LICENCIATURA EM ARTES<\/strong><\/p>\n\n\n\n<p>Modalidade: Presencial (Matinhos \u2013 PR)<br>Regime: Semestral<br>N\u00famero total de vagas \/ano : 30 vagas<br>Carga hor\u00e1ria total: 3200 horas, com 420 horas de est\u00e1gio curricular obrigat\u00f3rio no contraturno.<br>Turno de funcionamento: Matutino<br>Prazo de integraliza\u00e7\u00e3o curricular: m\u00ednimo de 8 m\u00e1ximo de 12 semestres<br>Diploma concedido: Licenciado em Artes<\/p>\n\n\n\n<p><strong>HIST\u00d3RICO<\/strong><\/p>\n\n\n\n<p>O Curso de Licenciatura em Artes iniciou as suas atividades em agosto de 2008, visando atender a demanda de profissionais licenciados em Artes para atuar preferencialmente na educa\u00e7\u00e3o p\u00fablica do Litoral do Paran\u00e1 e do Vale do Ribeira. A partir do envolvimento do Setor Litoral da UFPR com as Secretarias de Educa\u00e7\u00e3o dos sete munic\u00edpios do litoral paranaense, constatou-se a necessidade da forma\u00e7\u00e3o continuada dos professores que compunham os quadros de docentes na \u00e9poca.<\/p>\n\n\n\n<p><strong>OBJETIVOS<\/strong><\/p>\n\n\n\n<p>Formar educadores que atuem tanto na educa\u00e7\u00e3o formal quanto na n\u00e3o formal, capazes de abordar e relacionar as pr\u00e1ticas da arte e da educa\u00e7\u00e3o como processos e campos de cria\u00e7\u00e3o e produ\u00e7\u00e3o de conhecimento.<\/p>\n\n\n\n<p><strong>PERFIL DO EGRESSO<\/strong><\/p>\n\n\n\n<p>Educadores que atuem tanto na educa\u00e7\u00e3o formal quanto na n\u00e3o formal, capazes de abordar e relacionar as pr\u00e1ticas da arte e da educa\u00e7\u00e3o como processos e campos de cria\u00e7\u00e3o e produ\u00e7\u00e3o de conhecimento. O profissional egresso dever\u00e1 articular experi\u00eancias como artista e pesquisador a partir de procedimentos e metodologias da arte contempor\u00e2nea<\/p>\n\n\n\n<p><strong>CAMPOS DE ATUA\u00c7\u00c3O<\/strong><\/p>\n\n\n\n<p>Pretende, dessa forma, que seja potencializada a profissionaliza\u00e7\u00e3o do educador, como pesquisador e artista, para que ele possa atuar na Educa\u00e7\u00e3o B\u00e1sica e na educa\u00e7\u00e3o n\u00e3o formal \u2013 realizando a\u00e7\u00f5es educativas seja como monitor, mediador ou organizador em espa\u00e7os culturais, museus, institutos, funda\u00e7\u00f5es, galerias ou casas de cultura; seja como produtor cultural em ateli\u00eas, projetos sociais, oficinas de arte, Organiza\u00e7\u00f5es n\u00e3o Governamentais (ONGs), entre outros.<\/p>\n\n\n\n<p><strong>PROJETOS PEDAG\u00d3GICOS DO CURSO (PPCs)<\/strong><\/p>\n\n\n\n<p>O curso tem atualmente dois PPCs (2015 e 2020), os quais podem ser acessados por meio do&nbsp;<em>link<\/em>&nbsp;abaixo:<br><a rel=\"noreferrer noopener\" href=\"https:\/\/litoral.ufpr.br\/artes\/wp-content\/uploads\/sites\/8\/2025\/08\/Curriculo-2020.pdf\" data-type=\"URL\" data-id=\"https:\/\/litoral.ufpr.br\/artes\/wp-content\/uploads\/sites\/8\/2025\/08\/Curriculo-2020.pdf\" target=\"_blank\">Curr\u00edculo de Licenciatura em Artes 2020<\/a><br><a rel=\"noreferrer noopener\" href=\"https:\/\/litoral.ufpr.br\/artes\/wp-content\/uploads\/sites\/8\/2025\/08\/PPC-de-Artes-2020.pdf\" target=\"_blank\">PPC de Licenciatura em Artes 2020<\/a><br><a rel=\"noreferrer noopener\" href=\"https:\/\/litoral.ufpr.br\/artes\/wp-content\/uploads\/sites\/8\/2025\/08\/EMENTAS-pg-01-30.pdf\" data-type=\"URL\" data-id=\"https:\/\/litoral.ufpr.br\/artes\/wp-content\/uploads\/sites\/8\/2025\/08\/EMENTAS-pg-01-30.pdf\" target=\"_blank\">Ementas (parte 1\/4)<\/a> <br><a rel=\"noreferrer noopener\" href=\"https:\/\/litoral.ufpr.br\/artes\/wp-content\/uploads\/sites\/8\/2025\/08\/EMENTAS-pg-31-62.pdf\" target=\"_blank\">Ementas (parte 2\/4)<\/a> <br><a rel=\"noreferrer noopener\" href=\"https:\/\/litoral.ufpr.br\/artes\/wp-content\/uploads\/sites\/8\/2025\/08\/EMENTAS-pg-63-92.pdf\" target=\"_blank\">Ementas (parte 3\/4)<\/a> <br><a rel=\"noreferrer noopener\" href=\"https:\/\/litoral.ufpr.br\/artes\/wp-content\/uploads\/sites\/8\/2025\/08\/EMENTAS-pg-93-124.pdf\" target=\"_blank\">Ementas (parte 4\/4)<\/a><br><a rel=\"noreferrer noopener\" href=\"https:\/\/litoral.ufpr.br\/artes\/wp-content\/uploads\/sites\/8\/2025\/08\/Curriculo-2015.pdf\" target=\"_blank\">Curr\u00edculo de Licenciatura em Artes 2015<\/a><br><a href=\"https:\/\/litoral.ufpr.br\/artes\/wp-content\/uploads\/sites\/8\/2025\/08\/PPC-de-Artes-2015.pdf\" data-type=\"URL\" data-id=\"https:\/\/litoral.ufpr.br\/artes\/wp-content\/uploads\/sites\/8\/2025\/08\/PPC-de-Artes-2015.pdf\" target=\"_blank\" rel=\"noreferrer noopener\">PPC de Licenciatura em Artes 2015<\/a><\/p>\n\n\n\n<p><strong>PLANO DE DESENVOLVIMENTO INSTITUCIONAL DA UFPR<\/strong><\/p>\n\n\n\n<p><a href=\"https:\/\/litoral.ufpr.br\/admpublica\/wp-content\/uploads\/sites\/6\/2025\/08\/Plano-de-Desenvolvimento-Institucional-UFPR-2022-2026-1.pdf\">Plano de Desenvolvimento Institucional (2022-2026)<\/a><\/p>\n\n\n\n<p class=\"has-text-align-left\">Atualizado em 22.08.2025<\/p>\n","protected":false},"excerpt":{"rendered":"<p>INFORMA\u00c7\u00d5ES SOBRE O LICENCIATURA EM ARTES Modalidade: Presencial (Matinhos \u2013 PR)Regime: SemestralN\u00famero total de vagas \/ano : 30 vagasCarga hor\u00e1ria total: 3200 horas, com 420 horas de est\u00e1gio curricular obrigat\u00f3rio no contraturno.Turno de funcionamento: MatutinoPrazo de integraliza\u00e7\u00e3o curricular: m\u00ednimo de 8 m\u00e1ximo de 12 semestresDiploma concedido: Licenciado em Artes HIST\u00d3RICO O Curso de Licenciatura em [&hellip;]<\/p>\n","protected":false},"author":1629,"featured_media":0,"parent":0,"menu_order":0,"comment_status":"closed","ping_status":"closed","template":"","meta":{"_acf_changed":false,"footnotes":""},"class_list":["post-1277","page","type-page","status-publish","hentry"],"acf":[],"_links":{"self":[{"href":"https:\/\/litoral.ufpr.br\/artes\/wp-json\/wp\/v2\/pages\/1277","targetHints":{"allow":["GET"]}}],"collection":[{"href":"https:\/\/litoral.ufpr.br\/artes\/wp-json\/wp\/v2\/pages"}],"about":[{"href":"https:\/\/litoral.ufpr.br\/artes\/wp-json\/wp\/v2\/types\/page"}],"author":[{"embeddable":true,"href":"https:\/\/litoral.ufpr.br\/artes\/wp-json\/wp\/v2\/users\/1629"}],"replies":[{"embeddable":true,"href":"https:\/\/litoral.ufpr.br\/artes\/wp-json\/wp\/v2\/comments?post=1277"}],"version-history":[{"count":5,"href":"https:\/\/litoral.ufpr.br\/artes\/wp-json\/wp\/v2\/pages\/1277\/revisions"}],"predecessor-version":[{"id":1311,"href":"https:\/\/litoral.ufpr.br\/artes\/wp-json\/wp\/v2\/pages\/1277\/revisions\/1311"}],"wp:attachment":[{"href":"https:\/\/litoral.ufpr.br\/artes\/wp-json\/wp\/v2\/media?parent=1277"}],"curies":[{"name":"wp","href":"https:\/\/api.w.org\/{rel}","templated":true}]}}