{"id":945,"date":"2021-08-17T09:45:00","date_gmt":"2021-08-17T12:45:00","guid":{"rendered":"https:\/\/litoral.ufpr.br\/ambientais\/?page_id=945"},"modified":"2026-03-05T10:29:08","modified_gmt":"2026-03-05T13:29:08","slug":"lamma","status":"publish","type":"page","link":"https:\/\/litoral.ufpr.br\/ambientais\/lamma\/","title":{"rendered":"LAMMA"},"content":{"rendered":"\n<figure class=\"wp-block-image size-large is-resized\"><img loading=\"lazy\" decoding=\"async\" width=\"1024\" height=\"455\" src=\"https:\/\/litoral.ufpr.br\/ambientais\/wp-content\/uploads\/sites\/12\/2021\/08\/LAMMA-1024x455.jpg\" alt=\"\" class=\"wp-image-961\" style=\"width:280px;height:124px\" srcset=\"https:\/\/litoral.ufpr.br\/ambientais\/wp-content\/uploads\/sites\/12\/2021\/08\/LAMMA-1024x455.jpg 1024w, https:\/\/litoral.ufpr.br\/ambientais\/wp-content\/uploads\/sites\/12\/2021\/08\/LAMMA-300x133.jpg 300w, https:\/\/litoral.ufpr.br\/ambientais\/wp-content\/uploads\/sites\/12\/2021\/08\/LAMMA-768x342.jpg 768w, https:\/\/litoral.ufpr.br\/ambientais\/wp-content\/uploads\/sites\/12\/2021\/08\/LAMMA-1536x683.jpg 1536w, https:\/\/litoral.ufpr.br\/ambientais\/wp-content\/uploads\/sites\/12\/2021\/08\/LAMMA.jpg 1943w\" sizes=\"auto, (max-width: 1024px) 100vw, 1024px\" \/><\/figure>\n\n\n\n<p>Com forte atua\u00e7\u00e3o no Bioma Mata Atl\u00e2ntica e \u00eanfase na regi\u00e3o costeira do litoral do Paran\u00e1 e Serra do Mar, desde 2006 o <strong>LAMMA<\/strong> realiza pesquisas e divulga\u00e7\u00e3o cient\u00edfica na Mata Atl\u00e2ntica do Estado do Paran\u00e1, com destaque para as \u00e1reas de sociobiodiversidade, impactos ambientais, conserva\u00e7\u00e3o da natureza, ecologia da paisagem, ecologia de ambientes aqu\u00e1ticos e terrestres, ecologia humana e educa\u00e7\u00e3o ambiental. Nosso laborat\u00f3rio est\u00e1 integrado ao curso de Ci\u00eancias Ambientais e ao Programa de P\u00f3s-gradua\u00e7\u00e3o em Desenvolvimento Territorial Sustent\u00e1vel, ambos no Setor Litoral da Universidade Federal do Paran\u00e1. <\/p>\n\n\n\n<h2 class=\"wp-block-heading\"><strong>Equipe<\/strong><\/h2>\n\n\n\n<p><strong>Pesquisadores<\/strong><\/p>\n\n\n\n<div class=\"wp-block-media-text alignwide is-stacked-on-mobile\" style=\"grid-template-columns:27% auto\"><figure class=\"wp-block-media-text__media\"><img loading=\"lazy\" decoding=\"async\" width=\"888\" height=\"1024\" src=\"https:\/\/litoral.ufpr.br\/ambientais\/wp-content\/uploads\/sites\/12\/2025\/10\/Image.jpg\" alt=\"\" class=\"wp-image-3562 size-full\" srcset=\"https:\/\/litoral.ufpr.br\/ambientais\/wp-content\/uploads\/sites\/12\/2025\/10\/Image.jpg 888w, https:\/\/litoral.ufpr.br\/ambientais\/wp-content\/uploads\/sites\/12\/2025\/10\/Image-260x300.jpg 260w, https:\/\/litoral.ufpr.br\/ambientais\/wp-content\/uploads\/sites\/12\/2025\/10\/Image-768x886.jpg 768w\" sizes=\"auto, (max-width: 888px) 100vw, 888px\" \/><\/figure><div class=\"wp-block-media-text__content\">\n<p><a href=\"http:\/\/lattes.cnpq.br\/6808343383154097\" data-type=\"URL\" data-id=\"http:\/\/lattes.cnpq.br\/6808343383154097\" target=\"_blank\" rel=\"noreferrer noopener\">Dr. Juliana Quadros<\/a><\/p>\n<\/div><\/div>\n\n\n\n<p><\/p>\n\n\n\n<div class=\"wp-block-media-text alignwide is-stacked-on-mobile\" style=\"grid-template-columns:27% auto\"><figure class=\"wp-block-media-text__media\"><img loading=\"lazy\" decoding=\"async\" width=\"960\" height=\"640\" src=\"https:\/\/litoral.ufpr.br\/ambientais\/wp-content\/uploads\/sites\/12\/2025\/10\/lili.jpg\" alt=\"\" class=\"wp-image-3371 size-full\" \/><\/figure><div class=\"wp-block-media-text__content\">\n<p><a href=\"http:\/\/lattes.cnpq.br\/1831402537219327\" data-type=\"URL\" data-id=\"http:\/\/lattes.cnpq.br\/1831402537219327\" target=\"_blank\" rel=\"noreferrer noopener\">Dr. Liliani Tiepolo<\/a><\/p>\n<\/div><\/div>\n\n\n\n<p><\/p>\n\n\n\n<div class=\"wp-block-group alignwide\"><div class=\"wp-block-group__inner-container is-layout-flow wp-block-group-is-layout-flow\">\n<div class=\"wp-block-media-text alignwide is-stacked-on-mobile is-vertically-aligned-center\" style=\"grid-template-columns:27% auto\"><figure class=\"wp-block-media-text__media\"><img loading=\"lazy\" decoding=\"async\" width=\"784\" height=\"800\" src=\"https:\/\/litoral.ufpr.br\/ambientais\/wp-content\/uploads\/sites\/12\/2025\/10\/Image-1-1.jpg\" alt=\"\" class=\"wp-image-3566 size-full\" srcset=\"https:\/\/litoral.ufpr.br\/ambientais\/wp-content\/uploads\/sites\/12\/2025\/10\/Image-1-1.jpg 784w, https:\/\/litoral.ufpr.br\/ambientais\/wp-content\/uploads\/sites\/12\/2025\/10\/Image-1-1-294x300.jpg 294w, https:\/\/litoral.ufpr.br\/ambientais\/wp-content\/uploads\/sites\/12\/2025\/10\/Image-1-1-768x784.jpg 768w\" sizes=\"auto, (max-width: 784px) 100vw, 784px\" \/><\/figure><div class=\"wp-block-media-text__content\">\n<p><a href=\"http:\/\/lattes.cnpq.br\/3531273665021703\" data-type=\"URL\" data-id=\"http:\/\/lattes.cnpq.br\/3531273665021703\" target=\"_blank\" rel=\"noreferrer noopener\">Dr. Paulo Henrique Carneiro Marques<\/a><\/p>\n<\/div><\/div>\n<\/div><\/div>\n\n\n\n<p><\/p>\n\n\n\n<p><strong>T\u00e9cnicas<\/strong><\/p>\n\n\n\n<p><a href=\"http:\/\/lattes.cnpq.br\/9241877810923052\" data-type=\"URL\" data-id=\"http:\/\/lattes.cnpq.br\/9241877810923052\">M.Sc. Mariana Gallucci Naz\u00e1rio<\/a><\/p>\n\n\n\n<p><strong>Inicia\u00e7\u00e3o Cient\u00edfica<\/strong><\/p>\n\n\n\n<p><a href=\"http:\/\/lattes.cnpq.br\/3697563787003165\">Anna Flavia de Lorena<\/a><\/p>\n\n\n\n<p><a href=\"http:\/\/lattes.cnpq.br\/4532355769130249\" data-type=\"URL\" data-id=\"http:\/\/lattes.cnpq.br\/4532355769130249\">Jean Rafael Martins Walesko<\/a><\/p>\n\n\n\n<p><a href=\"http:\/\/lattes.cnpq.br\/9331201335429027\" data-type=\"link\" data-id=\"http:\/\/lattes.cnpq.br\/9331201335429027\">Julia Grein Suchevics<\/a><\/p>\n\n\n\n<p><a href=\"http:\/\/lattes.cnpq.br\/5620468959177236\" data-type=\"URL\" data-id=\"http:\/\/lattes.cnpq.br\/5620468959177236\">Izadora de Souza Lima<\/a><\/p>\n\n\n\n<p><a href=\"http:\/\/lattes.cnpq.br\/2955629294192137\" data-type=\"URL\" data-id=\"http:\/\/lattes.cnpq.br\/2955629294192137\">Thayn\u00e1 Silva Mariano<\/a><\/p>\n\n\n\n<p><strong>Mestrado<\/strong><\/p>\n\n\n\n<p><a href=\"http:\/\/lattes.cnpq.br\/4055935391375957\" data-type=\"link\" data-id=\"http:\/\/lattes.cnpq.br\/4055935391375957\">Analia Bardelas<\/a><\/p>\n\n\n\n<p><a href=\"http:\/\/lattes.cnpq.br\/6033681313975270\" data-type=\"URL\" data-id=\"http:\/\/lattes.cnpq.br\/6033681313975270\">Ast\u00e9rio Soria Heidemann<\/a><\/p>\n\n\n\n<p><a href=\"http:\/\/lattes.cnpq.br\/5966336714742649\" data-type=\"URL\" data-id=\"http:\/\/lattes.cnpq.br\/5966336714742649\" target=\"_blank\" rel=\"noreferrer noopener\">Bruna Matioski<\/a><\/p>\n\n\n\n<p><a href=\"http:\/\/lattes.cnpq.br\/7911527974027285\" data-type=\"URL\" data-id=\"http:\/\/lattes.cnpq.br\/7911527974027285\">Isabela de S\u00e1 Leal<\/a><\/p>\n\n\n\n<p><a href=\"http:\/\/lattes.cnpq.br\/8570064623818541\" data-type=\"URL\" data-id=\"http:\/\/lattes.cnpq.br\/8570064623818541\">Larissa Alexandrino Baran<\/a><\/p>\n\n\n\n<p><a href=\"http:\/\/lattes.cnpq.br\/6325907892085185\" data-type=\"URL\" data-id=\"http:\/\/lattes.cnpq.br\/6325907892085185\">Michelli Cristina Buzzi<\/a><\/p>\n\n\n\n<p><a href=\"http:\/\/lattes.cnpq.br\/6162419712564167\" data-type=\"link\" data-id=\"http:\/\/lattes.cnpq.br\/6162419712564167\">Tainah Cardoso dos Santos<\/a><\/p>\n\n\n\n<p><strong>Doutorado<\/strong><\/p>\n\n\n\n<p><a href=\"http:\/\/lattes.cnpq.br\/2293924421509473\" data-type=\"URL\" data-id=\"http:\/\/lattes.cnpq.br\/2293924421509473\">Franciele Cristina Brunetto<\/a><\/p>\n\n\n\n<p><strong>P\u00f3s-doutorado<\/strong><\/p>\n\n\n\n<p><a href=\"http:\/\/lattes.cnpq.br\/9856762181379354\" data-type=\"URL\" data-id=\"http:\/\/lattes.cnpq.br\/9856762181379354\">Ariane Maria Bas\u00edlio Pigosso<\/a><\/p>\n\n\n\n<h2 class=\"wp-block-heading\"><strong>Laborat\u00f3rios parceiros<\/strong><\/h2>\n\n\n\n<p><a href=\"https:\/\/vitulelab.wixsite.com\/lec-ufpr\">Laborat\u00f3rio de Ecologia e Conserva\u00e7\u00e3o <\/a>(Departamento de Engenharia Ambiental UFPR)<\/p>\n\n\n\n<p><a href=\"https:\/\/lageamb.ufpr.br\/\" data-type=\"URL\" data-id=\"https:\/\/lageamb.ufpr.br\/\">Laborat\u00f3rio de Geoprocessamento e Estudos Ambientais<\/a> (Departamento de Geografia UFPR)<\/p>\n\n\n\n<figure class=\"wp-block-image size-full\"><img loading=\"lazy\" decoding=\"async\" width=\"1024\" height=\"121\" src=\"https:\/\/litoral.ufpr.br\/ambientais\/wp-content\/uploads\/sites\/12\/2025\/09\/1.png\" alt=\"\" class=\"wp-image-3336\" srcset=\"https:\/\/litoral.ufpr.br\/ambientais\/wp-content\/uploads\/sites\/12\/2025\/09\/1.png 1024w, https:\/\/litoral.ufpr.br\/ambientais\/wp-content\/uploads\/sites\/12\/2025\/09\/1-300x35.png 300w, https:\/\/litoral.ufpr.br\/ambientais\/wp-content\/uploads\/sites\/12\/2025\/09\/1-768x91.png 768w\" sizes=\"auto, (max-width: 1024px) 100vw, 1024px\" \/><\/figure>\n\n\n<div class=\"wp-block-image\">\n<figure class=\"aligncenter size-full is-resized\"><img loading=\"lazy\" decoding=\"async\" width=\"1011\" height=\"177\" src=\"https:\/\/litoral.ufpr.br\/ambientais\/wp-content\/uploads\/sites\/12\/2026\/03\/Design-sem-nome.jpg\" alt=\"\" class=\"wp-image-3621\" style=\"width:575px;height:auto\" srcset=\"https:\/\/litoral.ufpr.br\/ambientais\/wp-content\/uploads\/sites\/12\/2026\/03\/Design-sem-nome.jpg 1011w, https:\/\/litoral.ufpr.br\/ambientais\/wp-content\/uploads\/sites\/12\/2026\/03\/Design-sem-nome-300x53.jpg 300w, https:\/\/litoral.ufpr.br\/ambientais\/wp-content\/uploads\/sites\/12\/2026\/03\/Design-sem-nome-768x134.jpg 768w\" sizes=\"auto, (max-width: 1011px) 100vw, 1011px\" \/><\/figure><\/div>\n\n\n<hr class=\"wp-block-separator has-alpha-channel-opacity\" \/>\n\n\n\n<h2 class=\"wp-block-heading\"><strong>Portf\u00f3lio de Projetos do LAMMA<\/strong><\/h2>\n\n\n\n<p>C\u00e3es e Gatos em Unidade de Conserva\u00e7\u00e3o no Litoral do Paran\u00e1 (vigente) (Financiamento: Itaipu Mais que Energia. Execu\u00e7\u00e3o: LAMMA\/ANO\u00c9)<\/p>\n\n\n\n<p>Conserva\u00e7\u00e3o da Biodiversidade no Litoral do Paran\u00e1 &#8211; ConBio Litoral<\/p>\n\n\n\n<p>Contamina\u00e7\u00e3o ambiental sobre a biodiversidade do hotspot Mata Atl\u00e2ntica e ecossistemas associados no Paran\u00e1<\/p>\n\n\n\n<p>PROJETO GUAR\u00c1: Conserva\u00e7\u00e3o do Guar\u00e1 <em>Eudocimus ruber<\/em> (Linnaeus, 1758) (Aves, Ciconiformes, Threskiornithidae) e de seu habitat na ba\u00eda de Guaratuba, Paran\u00e1, Brasil. (Financiamento: Funda\u00e7\u00e3o Arauc\u00e1ria e Funda\u00e7\u00e3o O Botic\u00e1rio de Prote\u00e7\u00e3o \u00e0 Natureza. Execu\u00e7\u00e3o: LAMMA\/Instituto Guaju)<\/p>\n\n\n\n<p>Mam\u00edferos do Ref\u00fagio de Vida Silvestre dos Campos de Palmas e do Parque Nacional dos Campos Gerais: uma an\u00e1lise comparativa sobre a composi\u00e7\u00e3o taxon\u00f4mica, comunidades, zoonoses, gen\u00e9tica e conserva\u00e7\u00e3o. (Financiamento: CNPq. Execu\u00e7\u00e3o LAMMA)<\/p>\n\n\n\n<p>PROLONTRA &#8211; Conserva\u00e7\u00e3o da <em>Lontra Neotropical<\/em> e de seu habitat na bacia do Rio Guaragua\u00e7u, litoral do Paran\u00e1. (Financiamento: Funda\u00e7\u00e3o Arauc\u00e1ria e Funda\u00e7\u00e3o O Botic\u00e1rio de Prote\u00e7\u00e3o \u00e0 Natureza. Execu\u00e7\u00e3o: LAMMA\/ICMBIO).<\/p>\n\n\n\n<p>Paisagens e Ecossistemas Fluviais do Litoral do Paran\u00e1: Pesquisa aplicada a Gest\u00e3o Integrada de Bacias HIdrogr\u00e1ficas.<\/p>\n\n\n\n<h2 class=\"wp-block-heading\"><strong><strong>Parcerias em Projetos<\/strong><\/strong><\/h2>\n\n\n\n<ul class=\"wp-block-list\">\n<li>PELD\/GUAR: Pesquisas Ecol\u00f3gicas de Longa Dura\u00e7\u00e3o no Rio Guaragua\u00e7u, patrim\u00f4nio mundial da humanidade                                                                                                                             <br>Coordena\u00e7\u00e3o: Dr. Andr\u00e9 Padial                                                                                                  <br>Execu\u00e7\u00e3o: Laborat\u00f3rio de S\u00edntese da Biodiversidade. Financiamento: CNPq<br><br><\/li>\n\n\n\n<li>Termo de Execu\u00e7\u00e3o Descentralizada INCRA\/UFPR (TED N\u00ba 27\/2021). <br>Coordena\u00e7\u00e3o de Supervis\u00e3o Ocupacional: Dra. Liliani Marilia Tiepolo e Coordena\u00e7\u00e3o Geral: Dr. Eduardo Vedor de Paula<br>Financiamento: FUNPAR<br>Execu\u00e7\u00e3o: Laborat\u00f3rio de Geoprocessamento e Estudos Ambientais<br><br><\/li>\n\n\n\n<li>Projeto Selva: Turismo Cient\u00edfico e Ci\u00eancia Cidad\u00e3.<br>Coordena\u00e7\u00e3o geral: Bi\u00f3loga Anne Zugman.<br>Financiamento: Funda\u00e7\u00e3o Grupo Botic\u00e1rio de Prote\u00e7\u00e3o \u00e0 Natureza.<br>Execu\u00e7\u00e3o: Mater Natura Instituto de Estudos Ambientais.<br><br><\/li>\n\n\n\n<li>Projeto Reservas Particulares do Lagamar Paranaense. <br>Coordena\u00e7\u00e3o: Bi\u00f3loga Anne Zugman.<br>Financiamento: FUNBIO.<br>Execu\u00e7\u00e3o: Programa Biodiversidade Litoral do Paran\u00e1 e Mater Natura Instituto de Estudos Ambientais.<br><\/li>\n<\/ul>\n\n\n\n<h2 class=\"wp-block-heading\"><strong>Expertise e know how<\/strong><\/h2>\n\n\n\n<p>An\u00e1lise de Estudos de Impactos Ambientais e Relat\u00f3rios de Impactos Ambientais<\/p>\n\n\n\n<p>An\u00e1lise Sin\u00e9rgica de Impactos Ambientais de Grandes Projetos de Investimento<\/p>\n\n\n\n<p>Invent\u00e1rios de biodiversidade<\/p>\n\n\n\n<p>Planos de bacias hidrogr\u00e1ficas<\/p>\n\n\n\n<p>Monitoramento de rios<\/p>\n\n\n\n<p>Monitorameto de fauna<\/p>\n\n\n\n<p>An\u00e1lises r\u00e1pidas de biodiversidade<\/p>\n\n\n\n<p>An\u00e1lises e monitoramento ambiental<\/p>\n\n\n\n<p>Planos de manejo para unidades de conserva\u00e7\u00e3o<\/p>\n\n\n\n<p>Programas de educa\u00e7\u00e3o ambiental<\/p>\n\n\n\n<p>Planos de divulga\u00e7\u00e3o e popularza\u00e7\u00e3o da ci\u00eancia<\/p>\n\n\n\n<p>Parecer t\u00e9cnico socioambiental<\/p>\n\n\n\n<p>Laudos t\u00e9cnicos: qualidade da \u00e1gua, limonologia e fauna<\/p>\n\n\n\n<p>An\u00e1lises f\u00edsico-qu\u00edmicas de contaminantes<\/p>\n\n\n\n<figure class=\"wp-block-gallery has-nested-images columns-default is-cropped wp-block-gallery-1 is-layout-flex wp-block-gallery-is-layout-flex\">\n<figure class=\"wp-block-image size-large\"><img loading=\"lazy\" decoding=\"async\" width=\"1024\" height=\"768\" data-id=\"999\" src=\"https:\/\/litoral.ufpr.br\/ambientais\/wp-content\/uploads\/sites\/12\/2021\/08\/DSCN0048-1024x768.jpg\" alt=\"\" class=\"wp-image-999\" srcset=\"https:\/\/litoral.ufpr.br\/ambientais\/wp-content\/uploads\/sites\/12\/2021\/08\/DSCN0048-1024x768.jpg 1024w, https:\/\/litoral.ufpr.br\/ambientais\/wp-content\/uploads\/sites\/12\/2021\/08\/DSCN0048-300x225.jpg 300w, https:\/\/litoral.ufpr.br\/ambientais\/wp-content\/uploads\/sites\/12\/2021\/08\/DSCN0048-768x576.jpg 768w, https:\/\/litoral.ufpr.br\/ambientais\/wp-content\/uploads\/sites\/12\/2021\/08\/DSCN0048-1536x1152.jpg 1536w, https:\/\/litoral.ufpr.br\/ambientais\/wp-content\/uploads\/sites\/12\/2021\/08\/DSCN0048-2048x1536.jpg 2048w\" sizes=\"auto, (max-width: 1024px) 100vw, 1024px\" \/><\/figure>\n\n\n\n<figure class=\"wp-block-image size-large\"><img loading=\"lazy\" decoding=\"async\" width=\"1024\" height=\"768\" data-id=\"1000\" src=\"https:\/\/litoral.ufpr.br\/ambientais\/wp-content\/uploads\/sites\/12\/2021\/08\/DSCN6386-1024x768.jpg\" alt=\"\" class=\"wp-image-1000\" srcset=\"https:\/\/litoral.ufpr.br\/ambientais\/wp-content\/uploads\/sites\/12\/2021\/08\/DSCN6386-1024x768.jpg 1024w, https:\/\/litoral.ufpr.br\/ambientais\/wp-content\/uploads\/sites\/12\/2021\/08\/DSCN6386-300x225.jpg 300w, https:\/\/litoral.ufpr.br\/ambientais\/wp-content\/uploads\/sites\/12\/2021\/08\/DSCN6386-768x576.jpg 768w, https:\/\/litoral.ufpr.br\/ambientais\/wp-content\/uploads\/sites\/12\/2021\/08\/DSCN6386-1536x1152.jpg 1536w, https:\/\/litoral.ufpr.br\/ambientais\/wp-content\/uploads\/sites\/12\/2021\/08\/DSCN6386-2048x1536.jpg 2048w\" sizes=\"auto, (max-width: 1024px) 100vw, 1024px\" \/><\/figure>\n\n\n\n<figure class=\"wp-block-image size-large\"><img loading=\"lazy\" decoding=\"async\" width=\"1024\" height=\"768\" data-id=\"1001\" src=\"https:\/\/litoral.ufpr.br\/ambientais\/wp-content\/uploads\/sites\/12\/2021\/08\/DSCN9642-1024x768.jpg\" alt=\"\" class=\"wp-image-1001\" srcset=\"https:\/\/litoral.ufpr.br\/ambientais\/wp-content\/uploads\/sites\/12\/2021\/08\/DSCN9642-1024x768.jpg 1024w, https:\/\/litoral.ufpr.br\/ambientais\/wp-content\/uploads\/sites\/12\/2021\/08\/DSCN9642-300x225.jpg 300w, https:\/\/litoral.ufpr.br\/ambientais\/wp-content\/uploads\/sites\/12\/2021\/08\/DSCN9642-768x576.jpg 768w, https:\/\/litoral.ufpr.br\/ambientais\/wp-content\/uploads\/sites\/12\/2021\/08\/DSCN9642-1536x1152.jpg 1536w, https:\/\/litoral.ufpr.br\/ambientais\/wp-content\/uploads\/sites\/12\/2021\/08\/DSCN9642-2048x1536.jpg 2048w\" sizes=\"auto, (max-width: 1024px) 100vw, 1024px\" \/><\/figure>\n\n\n\n<figure class=\"wp-block-image size-large\"><img loading=\"lazy\" decoding=\"async\" width=\"1024\" height=\"577\" data-id=\"1002\" src=\"https:\/\/litoral.ufpr.br\/ambientais\/wp-content\/uploads\/sites\/12\/2021\/08\/RedesneblinaPARNA22082019MAN-3-1-1024x577.jpg\" alt=\"\" class=\"wp-image-1002\" srcset=\"https:\/\/litoral.ufpr.br\/ambientais\/wp-content\/uploads\/sites\/12\/2021\/08\/RedesneblinaPARNA22082019MAN-3-1-1024x577.jpg 1024w, https:\/\/litoral.ufpr.br\/ambientais\/wp-content\/uploads\/sites\/12\/2021\/08\/RedesneblinaPARNA22082019MAN-3-1-300x169.jpg 300w, https:\/\/litoral.ufpr.br\/ambientais\/wp-content\/uploads\/sites\/12\/2021\/08\/RedesneblinaPARNA22082019MAN-3-1-768x432.jpg 768w, https:\/\/litoral.ufpr.br\/ambientais\/wp-content\/uploads\/sites\/12\/2021\/08\/RedesneblinaPARNA22082019MAN-3-1-1536x865.jpg 1536w, https:\/\/litoral.ufpr.br\/ambientais\/wp-content\/uploads\/sites\/12\/2021\/08\/RedesneblinaPARNA22082019MAN-3-1-2048x1153.jpg 2048w\" sizes=\"auto, (max-width: 1024px) 100vw, 1024px\" \/><\/figure>\n\n\n\n<figure class=\"wp-block-image size-large\"><img loading=\"lazy\" decoding=\"async\" width=\"1024\" height=\"768\" data-id=\"1003\" src=\"https:\/\/litoral.ufpr.br\/ambientais\/wp-content\/uploads\/sites\/12\/2021\/08\/PhilanderquicaPARNA180819PRG-1024x768.jpg\" alt=\"\" class=\"wp-image-1003\" srcset=\"https:\/\/litoral.ufpr.br\/ambientais\/wp-content\/uploads\/sites\/12\/2021\/08\/PhilanderquicaPARNA180819PRG-1024x768.jpg 1024w, https:\/\/litoral.ufpr.br\/ambientais\/wp-content\/uploads\/sites\/12\/2021\/08\/PhilanderquicaPARNA180819PRG-300x225.jpg 300w, https:\/\/litoral.ufpr.br\/ambientais\/wp-content\/uploads\/sites\/12\/2021\/08\/PhilanderquicaPARNA180819PRG-768x576.jpg 768w, https:\/\/litoral.ufpr.br\/ambientais\/wp-content\/uploads\/sites\/12\/2021\/08\/PhilanderquicaPARNA180819PRG-1536x1152.jpg 1536w, https:\/\/litoral.ufpr.br\/ambientais\/wp-content\/uploads\/sites\/12\/2021\/08\/PhilanderquicaPARNA180819PRG-2048x1536.jpg 2048w\" sizes=\"auto, (max-width: 1024px) 100vw, 1024px\" \/><\/figure>\n\n\n\n<figure class=\"wp-block-image size-large\"><img loading=\"lazy\" decoding=\"async\" width=\"1024\" height=\"680\" data-id=\"1004\" src=\"https:\/\/litoral.ufpr.br\/ambientais\/wp-content\/uploads\/sites\/12\/2021\/08\/SturniraliliumREVIS22112018VCC-1024x680.jpg\" alt=\"\" class=\"wp-image-1004\" srcset=\"https:\/\/litoral.ufpr.br\/ambientais\/wp-content\/uploads\/sites\/12\/2021\/08\/SturniraliliumREVIS22112018VCC-1024x680.jpg 1024w, https:\/\/litoral.ufpr.br\/ambientais\/wp-content\/uploads\/sites\/12\/2021\/08\/SturniraliliumREVIS22112018VCC-300x199.jpg 300w, https:\/\/litoral.ufpr.br\/ambientais\/wp-content\/uploads\/sites\/12\/2021\/08\/SturniraliliumREVIS22112018VCC-768x510.jpg 768w, https:\/\/litoral.ufpr.br\/ambientais\/wp-content\/uploads\/sites\/12\/2021\/08\/SturniraliliumREVIS22112018VCC-1536x1020.jpg 1536w, https:\/\/litoral.ufpr.br\/ambientais\/wp-content\/uploads\/sites\/12\/2021\/08\/SturniraliliumREVIS22112018VCC-2048x1360.jpg 2048w\" sizes=\"auto, (max-width: 1024px) 100vw, 1024px\" \/><\/figure>\n<\/figure>\n\n\n<div class=\"wp-block-image\">\n<figure class=\"aligncenter size-full is-resized\"><img loading=\"lazy\" decoding=\"async\" width=\"1024\" height=\"1024\" src=\"https:\/\/litoral.ufpr.br\/ambientais\/wp-content\/uploads\/sites\/12\/2021\/09\/LAMMA-nuvem-2.png\" alt=\"\" class=\"wp-image-1030\" style=\"width:511px;height:511px\" srcset=\"https:\/\/litoral.ufpr.br\/ambientais\/wp-content\/uploads\/sites\/12\/2021\/09\/LAMMA-nuvem-2.png 1024w, https:\/\/litoral.ufpr.br\/ambientais\/wp-content\/uploads\/sites\/12\/2021\/09\/LAMMA-nuvem-2-300x300.png 300w, https:\/\/litoral.ufpr.br\/ambientais\/wp-content\/uploads\/sites\/12\/2021\/09\/LAMMA-nuvem-2-150x150.png 150w, https:\/\/litoral.ufpr.br\/ambientais\/wp-content\/uploads\/sites\/12\/2021\/09\/LAMMA-nuvem-2-768x768.png 768w\" sizes=\"auto, (max-width: 1024px) 100vw, 1024px\" \/><\/figure><\/div>\n\n\n<h2 class=\"wp-block-heading\"><strong>Grupos de Pesquisa<\/strong><\/h2>\n\n\n\n<p><a href=\"http:\/\/dgp.cnpq.br\/dgp\/espelhogrupo\/5961917056348321\" data-type=\"URL\" data-id=\"http:\/\/dgp.cnpq.br\/dgp\/espelhogrupo\/5961917056348321\">Biodiversidade de Ecossistemas Subtropicais<\/a><\/p>\n\n\n\n<p><a href=\"http:\/\/dgp.cnpq.br\/dgp\/espelhogrupo\/2797677075762879\">Grupo Interdisciplinar de Estudos e Pesquisas para o Desenvolvimento Sustent\u00e1vel do Litoral do Paran\u00e1<\/a><\/p>\n\n\n\n<h2 class=\"wp-block-heading\"><strong>Acompanhe nossos projetos nas redes sociais<\/strong><\/h2>\n\n\n<div class=\"wp-block-image\">\n<figure class=\"aligncenter size-full is-resized\"><a href=\"https:\/\/www.instagram.com\/projetopromasto\/\"><img loading=\"lazy\" decoding=\"async\" width=\"430\" height=\"203\" src=\"https:\/\/litoral.ufpr.br\/ambientais\/wp-content\/uploads\/sites\/12\/2021\/09\/PROMASTO-1.jpeg\" alt=\"\" class=\"wp-image-1132\" style=\"width:280px;height:132px\" srcset=\"https:\/\/litoral.ufpr.br\/ambientais\/wp-content\/uploads\/sites\/12\/2021\/09\/PROMASTO-1.jpeg 430w, https:\/\/litoral.ufpr.br\/ambientais\/wp-content\/uploads\/sites\/12\/2021\/09\/PROMASTO-1-300x142.jpeg 300w\" sizes=\"auto, (max-width: 430px) 100vw, 430px\" \/><\/a><\/figure><\/div>\n\n\n<p><\/p>\n\n\n\n<p><br><\/p>\n\n\n\n<p><strong>Atualizado em 05 de Mar\u00e7o de 2026<\/strong><\/p>\n","protected":false},"excerpt":{"rendered":"<p>Com forte atua\u00e7\u00e3o no Bioma Mata Atl\u00e2ntica e \u00eanfase na regi\u00e3o costeira do litoral do Paran\u00e1 e Serra do Mar, desde 2006 o LAMMA realiza pesquisas e divulga\u00e7\u00e3o cient\u00edfica na Mata Atl\u00e2ntica do Estado do Paran\u00e1, com destaque para as \u00e1reas de sociobiodiversidade, impactos ambientais, conserva\u00e7\u00e3o da natureza, ecologia da paisagem, ecologia de ambientes aqu\u00e1ticos [&hellip;]<\/p>\n","protected":false},"author":1605,"featured_media":3618,"parent":0,"menu_order":0,"comment_status":"closed","ping_status":"closed","template":"","meta":{"_acf_changed":false,"footnotes":""},"class_list":["post-945","page","type-page","status-publish","has-post-thumbnail","hentry"],"acf":[],"_links":{"self":[{"href":"https:\/\/litoral.ufpr.br\/ambientais\/wp-json\/wp\/v2\/pages\/945","targetHints":{"allow":["GET"]}}],"collection":[{"href":"https:\/\/litoral.ufpr.br\/ambientais\/wp-json\/wp\/v2\/pages"}],"about":[{"href":"https:\/\/litoral.ufpr.br\/ambientais\/wp-json\/wp\/v2\/types\/page"}],"author":[{"embeddable":true,"href":"https:\/\/litoral.ufpr.br\/ambientais\/wp-json\/wp\/v2\/users\/1605"}],"replies":[{"embeddable":true,"href":"https:\/\/litoral.ufpr.br\/ambientais\/wp-json\/wp\/v2\/comments?post=945"}],"version-history":[{"count":90,"href":"https:\/\/litoral.ufpr.br\/ambientais\/wp-json\/wp\/v2\/pages\/945\/revisions"}],"predecessor-version":[{"id":3623,"href":"https:\/\/litoral.ufpr.br\/ambientais\/wp-json\/wp\/v2\/pages\/945\/revisions\/3623"}],"wp:featuredmedia":[{"embeddable":true,"href":"https:\/\/litoral.ufpr.br\/ambientais\/wp-json\/wp\/v2\/media\/3618"}],"wp:attachment":[{"href":"https:\/\/litoral.ufpr.br\/ambientais\/wp-json\/wp\/v2\/media?parent=945"}],"curies":[{"name":"wp","href":"https:\/\/api.w.org\/{rel}","templated":true}]}}