{"id":3502,"date":"2025-10-06T17:53:17","date_gmt":"2025-10-06T20:53:17","guid":{"rendered":"https:\/\/litoral.ufpr.br\/ambientais\/?page_id=3502"},"modified":"2025-10-06T18:34:38","modified_gmt":"2025-10-06T21:34:38","slug":"saps","status":"publish","type":"page","link":"https:\/\/litoral.ufpr.br\/ambientais\/saps\/","title":{"rendered":"SAPS"},"content":{"rendered":"\n<p>A Se\u00e7\u00e3o de Aten\u00e7\u00e3o e Promo\u00e7\u00e3o \u00e0 Sa\u00fade (SAPS) \u00e9 respons\u00e1vel por ofertar atendimento m\u00e9dico e de enfermagem \u00e0 Comunidade Universit\u00e1ria do Setor Litoral, bem como desenvolver projetos em conjunto com os cursos de gradua\u00e7\u00e3o e p\u00f3s-gradua\u00e7\u00e3o.\u00a0Possui parceria com o CASA 3, CASA 4 e Unidade Escola de Curitiba. Para saber mais a respeito dos servi\u00e7os, acesse o site da <a href=\"https:\/\/litoral.ufpr.br\/ufpr-litoral\/estrutura-administrativa\/coordenadoria-de-gestao-academica\/secao-de-atencao-e-promocao-da-saude-saps\/\" data-type=\"URL\" data-id=\"https:\/\/litoral.ufpr.br\/ufpr-litoral\/estrutura-administrativa\/coordenadoria-de-gestao-academica\/secao-de-atencao-e-promocao-da-saude-saps\/\">SAPS<\/a>. <\/p>\n\n\n\n<p><\/p>\n\n\n\n<p>P\u00e1gina atualizada em\u00a0<strong>06 de out de 2025<\/strong><\/p>\n","protected":false},"excerpt":{"rendered":"<p>A Se\u00e7\u00e3o de Aten\u00e7\u00e3o e Promo\u00e7\u00e3o \u00e0 Sa\u00fade (SAPS) \u00e9 respons\u00e1vel por ofertar atendimento m\u00e9dico e de enfermagem \u00e0 Comunidade Universit\u00e1ria do Setor Litoral, bem como desenvolver projetos em conjunto com os cursos de gradua\u00e7\u00e3o e p\u00f3s-gradua\u00e7\u00e3o.\u00a0Possui parceria com o CASA 3, CASA 4 e Unidade Escola de Curitiba. Para saber mais a respeito dos [&hellip;]<\/p>\n","protected":false},"author":1656,"featured_media":0,"parent":0,"menu_order":0,"comment_status":"closed","ping_status":"closed","template":"","meta":{"_acf_changed":false,"footnotes":""},"class_list":["post-3502","page","type-page","status-publish","hentry"],"acf":[],"_links":{"self":[{"href":"https:\/\/litoral.ufpr.br\/ambientais\/wp-json\/wp\/v2\/pages\/3502","targetHints":{"allow":["GET"]}}],"collection":[{"href":"https:\/\/litoral.ufpr.br\/ambientais\/wp-json\/wp\/v2\/pages"}],"about":[{"href":"https:\/\/litoral.ufpr.br\/ambientais\/wp-json\/wp\/v2\/types\/page"}],"author":[{"embeddable":true,"href":"https:\/\/litoral.ufpr.br\/ambientais\/wp-json\/wp\/v2\/users\/1656"}],"replies":[{"embeddable":true,"href":"https:\/\/litoral.ufpr.br\/ambientais\/wp-json\/wp\/v2\/comments?post=3502"}],"version-history":[{"count":3,"href":"https:\/\/litoral.ufpr.br\/ambientais\/wp-json\/wp\/v2\/pages\/3502\/revisions"}],"predecessor-version":[{"id":3521,"href":"https:\/\/litoral.ufpr.br\/ambientais\/wp-json\/wp\/v2\/pages\/3502\/revisions\/3521"}],"wp:attachment":[{"href":"https:\/\/litoral.ufpr.br\/ambientais\/wp-json\/wp\/v2\/media?parent=3502"}],"curies":[{"name":"wp","href":"https:\/\/api.w.org\/{rel}","templated":true}]}}