{"id":3454,"date":"2025-10-06T12:05:56","date_gmt":"2025-10-06T15:05:56","guid":{"rendered":"https:\/\/litoral.ufpr.br\/ambientais\/?page_id=3454"},"modified":"2025-10-06T14:46:45","modified_gmt":"2025-10-06T17:46:45","slug":"diplomas","status":"publish","type":"page","link":"https:\/\/litoral.ufpr.br\/ambientais\/diplomas\/","title":{"rendered":"Diplomas"},"content":{"rendered":"\n<p>Conforme determina\u00e7\u00e3o do MEC, os diplomas emitidos pela UFPR desde 2023 s\u00e3o em formato digital e expedidos via SIGA, no Portal do Egresso da UFPR.<br>O prazo para que o diploma fique dispon\u00edvel \u00e9 de at\u00e9 120 dias ap\u00f3s a ata de cola\u00e7\u00e3o e estando o egresso ou a egressa com a documenta\u00e7\u00e3o pessoal regularizada. Aconselhamos verificar a cada 15 dias.<\/p>\n\n\n\n<p><strong>Tutorial para acesso do diploma:<\/strong><a href=\"https:\/\/prograp.ufpr.br\/udip\/wp-content\/uploads\/sites\/26\/2023\/08\/Tutorial-Diploma-Digital-Perfil-Egresso.pdf\"> https:\/\/prograp.ufpr.br\/udip\/wp-content\/uploads\/sites\/26\/2023\/08\/Tutorial-Diploma-Digital-Perfil-Egresso.pdf<\/a><\/p>\n\n\n\n<p><br><strong>Representa\u00e7\u00e3o visual diploma digital (RVDD):<\/strong><br>Para imprimir a Representa\u00e7\u00e3o Visual do Diploma Digital, com a utiliza\u00e7\u00e3o de papel e tratamento gr\u00e1ficos, \u00e9 necess\u00e1rio o pagamento de taxa que deve ser feito por meio de Guia de Recolhimento da Uni\u00e3o (GRU). O valor da taxa \u00e9 de R$ 70,00 (setenta reais). A solicita\u00e7\u00e3o de impress\u00e3o da RVDD dever\u00e1 ser feita por e-mail, anexando a guia de recolhimento da uni\u00e3o, o comprovante de pagamento e requerimento preenchido e assinado.<\/p>\n\n\n\n<p><a href=\"https:\/\/litoral.ufpr.br\/ambientais\/wp-content\/uploads\/sites\/12\/2025\/10\/Requerimento_RVDD.pdf\" data-type=\"URL\" data-id=\"https:\/\/litoral.ufpr.br\/ambientais\/wp-content\/uploads\/sites\/12\/2025\/10\/Requerimento_RVDD.pdf\">Requerimento de impress\u00e3o da RVDD do diploma digital<\/a><\/p>\n\n\n\n<p><strong>SEGUNDA VIA DE DIPLOMA<\/strong><\/p>\n\n\n\n<p>A emiss\u00e3o de segunda via do diploma \u00e9 especificada pela\u00a0<a href=\"https:\/\/soc.ufpr.br\/wp-content\/uploads\/2017\/07\/Res.-16-17-COPLAD-taxas-diplomas-alterada-pelas-Res.-02-23-COPLAD-03-23-COPLAD-e-12-23-COPLAD.pdf\" data-type=\"URL\" data-id=\"https:\/\/soc.ufpr.br\/wp-content\/uploads\/2017\/07\/Res.-16-17-COPLAD-taxas-diplomas-alterada-pelas-Res.-02-23-COPLAD-03-23-COPLAD-e-12-23-COPLAD.pdf\">Resolu\u00e7\u00e3o 16 2017-COPLAD<\/a> e o custo para emiss\u00e3o \u00e9 de R$ 275,00 (duzentos e setenta e cinco reais). <br>Para solicitar a 2\u00aa via do diploma <a href=\"https:\/\/litoral.ufpr.br\/ambientais\/wp-content\/uploads\/sites\/12\/2025\/10\/Taxas-2a-via.pdf\" data-type=\"URL\" data-id=\"https:\/\/litoral.ufpr.br\/ambientais\/wp-content\/uploads\/sites\/12\/2025\/10\/Taxas-2a-via.pdf\">acesse aqui<\/a>.<\/p>\n\n\n\n<p><br><\/p>\n\n\n\n<p>P\u00e1gina atualizada em <strong>06 de out de 2025<\/strong><\/p>\n","protected":false},"excerpt":{"rendered":"<p>Conforme determina\u00e7\u00e3o do MEC, os diplomas emitidos pela UFPR desde 2023 s\u00e3o em formato digital e expedidos via SIGA, no Portal do Egresso da UFPR.O prazo para que o diploma fique dispon\u00edvel \u00e9 de at\u00e9 120 dias ap\u00f3s a ata de cola\u00e7\u00e3o e estando o egresso ou a egressa com a documenta\u00e7\u00e3o pessoal regularizada. Aconselhamos [&hellip;]<\/p>\n","protected":false},"author":1656,"featured_media":0,"parent":0,"menu_order":0,"comment_status":"closed","ping_status":"closed","template":"","meta":{"_acf_changed":false,"footnotes":""},"class_list":["post-3454","page","type-page","status-publish","hentry"],"acf":[],"_links":{"self":[{"href":"https:\/\/litoral.ufpr.br\/ambientais\/wp-json\/wp\/v2\/pages\/3454","targetHints":{"allow":["GET"]}}],"collection":[{"href":"https:\/\/litoral.ufpr.br\/ambientais\/wp-json\/wp\/v2\/pages"}],"about":[{"href":"https:\/\/litoral.ufpr.br\/ambientais\/wp-json\/wp\/v2\/types\/page"}],"author":[{"embeddable":true,"href":"https:\/\/litoral.ufpr.br\/ambientais\/wp-json\/wp\/v2\/users\/1656"}],"replies":[{"embeddable":true,"href":"https:\/\/litoral.ufpr.br\/ambientais\/wp-json\/wp\/v2\/comments?post=3454"}],"version-history":[{"count":4,"href":"https:\/\/litoral.ufpr.br\/ambientais\/wp-json\/wp\/v2\/pages\/3454\/revisions"}],"predecessor-version":[{"id":3488,"href":"https:\/\/litoral.ufpr.br\/ambientais\/wp-json\/wp\/v2\/pages\/3454\/revisions\/3488"}],"wp:attachment":[{"href":"https:\/\/litoral.ufpr.br\/ambientais\/wp-json\/wp\/v2\/media?parent=3454"}],"curies":[{"name":"wp","href":"https:\/\/api.w.org\/{rel}","templated":true}]}}