{"id":3452,"date":"2025-10-06T12:05:17","date_gmt":"2025-10-06T15:05:17","guid":{"rendered":"https:\/\/litoral.ufpr.br\/ambientais\/?page_id=3452"},"modified":"2025-10-06T13:46:18","modified_gmt":"2025-10-06T16:46:18","slug":"ufpr-aberta","status":"publish","type":"page","link":"https:\/\/litoral.ufpr.br\/ambientais\/ufpr-aberta\/","title":{"rendered":"UFPR Aberta"},"content":{"rendered":"\n<p>A UFPR Aberta \u00e9 uma plataforma com os mais diversos cursos livres para todas as pessoas e de forma online e gratuita.\u00a0<a href=\"https:\/\/ufpraberta.ufpr.br\/\">Acesse aqui<\/a>\u00a0e conhe\u00e7a dezenas de cursos.<\/p>\n\n\n\n<p>No site, voc\u00ea tamb\u00e9m pode aprender mais como utilizar o SIGA (Sistema Integrado de Gest\u00e3o Acad\u00eamica). Para conhecer mais sobre o SIGA,&nbsp;<a href=\"https:\/\/ufpraberta.ufpr.br\/course\/view.php?id=9\">clique aqui<\/a>.<\/p>\n\n\n<div class=\"wp-block-image\">\n<figure class=\"aligncenter size-full is-resized\"><img loading=\"lazy\" decoding=\"async\" src=\"https:\/\/litoral.ufpr.br\/ambientais\/wp-content\/uploads\/sites\/12\/2025\/10\/image-3.png\" alt=\"\" class=\"wp-image-3480\" width=\"837\" height=\"386\" srcset=\"https:\/\/litoral.ufpr.br\/ambientais\/wp-content\/uploads\/sites\/12\/2025\/10\/image-3.png 601w, https:\/\/litoral.ufpr.br\/ambientais\/wp-content\/uploads\/sites\/12\/2025\/10\/image-3-300x138.png 300w\" sizes=\"auto, (max-width: 837px) 100vw, 837px\" \/><\/figure><\/div>\n\n\n<p>P\u00e1gina atualizada em <strong>06 de out de 2025<\/strong><\/p>\n","protected":false},"excerpt":{"rendered":"<p>A UFPR Aberta \u00e9 uma plataforma com os mais diversos cursos livres para todas as pessoas e de forma online e gratuita.\u00a0Acesse aqui\u00a0e conhe\u00e7a dezenas de cursos. No site, voc\u00ea tamb\u00e9m pode aprender mais como utilizar o SIGA (Sistema Integrado de Gest\u00e3o Acad\u00eamica). Para conhecer mais sobre o SIGA,&nbsp;clique aqui. P\u00e1gina atualizada em 06 de [&hellip;]<\/p>\n","protected":false},"author":1656,"featured_media":0,"parent":0,"menu_order":0,"comment_status":"closed","ping_status":"closed","template":"","meta":{"_acf_changed":false,"footnotes":""},"class_list":["post-3452","page","type-page","status-publish","hentry"],"acf":[],"_links":{"self":[{"href":"https:\/\/litoral.ufpr.br\/ambientais\/wp-json\/wp\/v2\/pages\/3452","targetHints":{"allow":["GET"]}}],"collection":[{"href":"https:\/\/litoral.ufpr.br\/ambientais\/wp-json\/wp\/v2\/pages"}],"about":[{"href":"https:\/\/litoral.ufpr.br\/ambientais\/wp-json\/wp\/v2\/types\/page"}],"author":[{"embeddable":true,"href":"https:\/\/litoral.ufpr.br\/ambientais\/wp-json\/wp\/v2\/users\/1656"}],"replies":[{"embeddable":true,"href":"https:\/\/litoral.ufpr.br\/ambientais\/wp-json\/wp\/v2\/comments?post=3452"}],"version-history":[{"count":3,"href":"https:\/\/litoral.ufpr.br\/ambientais\/wp-json\/wp\/v2\/pages\/3452\/revisions"}],"predecessor-version":[{"id":3482,"href":"https:\/\/litoral.ufpr.br\/ambientais\/wp-json\/wp\/v2\/pages\/3452\/revisions\/3482"}],"wp:attachment":[{"href":"https:\/\/litoral.ufpr.br\/ambientais\/wp-json\/wp\/v2\/media?parent=3452"}],"curies":[{"name":"wp","href":"https:\/\/api.w.org\/{rel}","templated":true}]}}