{"id":3450,"date":"2025-10-06T12:04:55","date_gmt":"2025-10-06T15:04:55","guid":{"rendered":"https:\/\/litoral.ufpr.br\/ambientais\/?page_id=3450"},"modified":"2025-10-06T13:43:27","modified_gmt":"2025-10-06T16:43:27","slug":"ufpr-virtual","status":"publish","type":"page","link":"https:\/\/litoral.ufpr.br\/ambientais\/ufpr-virtual\/","title":{"rendered":"UFPR Virtual"},"content":{"rendered":"\n<p>A UFPR Virtual \u00e9 o Ambiente Virtual de Aprendizagem (AVA) oferecido \u00e0 comunidade acad\u00eamica. Voc\u00ea, estudante, ter\u00e1 acesso \u00e0s disciplinas em que est\u00e1 matriculado ou matriculada. Para acessar, entre no seguinte link:\u00a0<a href=\"https:\/\/ufprvirtual.ufpr.br\/\">https:\/\/ufprvirtual.ufpr.br\/<\/a>\u00a0e clique no \u00edcone \u201cacesso\u201d, que est\u00e1 no canto superior direito. Para realizar o login, insira seu CPF na identifica\u00e7\u00e3o e sua data de nascimento (sem abreviatura do ano) na senha.<\/p>\n\n\n\n<p><\/p>\n\n\n<div class=\"wp-block-image is-style-default\">\n<figure class=\"aligncenter size-full is-resized\"><img loading=\"lazy\" decoding=\"async\" src=\"https:\/\/litoral.ufpr.br\/ambientais\/wp-content\/uploads\/sites\/12\/2025\/10\/image.png\" alt=\"P\u00e1gina UFPR Virtual\" class=\"wp-image-3474\" width=\"841\" height=\"399\" srcset=\"https:\/\/litoral.ufpr.br\/ambientais\/wp-content\/uploads\/sites\/12\/2025\/10\/image.png 939w, https:\/\/litoral.ufpr.br\/ambientais\/wp-content\/uploads\/sites\/12\/2025\/10\/image-300x143.png 300w\" sizes=\"auto, (max-width: 841px) 100vw, 841px\" \/><\/figure><\/div>\n\n<div class=\"wp-block-image\">\n<figure class=\"aligncenter size-full is-resized\"><img loading=\"lazy\" decoding=\"async\" src=\"https:\/\/litoral.ufpr.br\/ambientais\/wp-content\/uploads\/sites\/12\/2025\/10\/image-1.png\" alt=\"\" class=\"wp-image-3475\" width=\"840\" height=\"415\" srcset=\"https:\/\/litoral.ufpr.br\/ambientais\/wp-content\/uploads\/sites\/12\/2025\/10\/image-1.png 939w, https:\/\/litoral.ufpr.br\/ambientais\/wp-content\/uploads\/sites\/12\/2025\/10\/image-1-300x148.png 300w, https:\/\/litoral.ufpr.br\/ambientais\/wp-content\/uploads\/sites\/12\/2025\/10\/image-1-768x380.png 768w\" sizes=\"auto, (max-width: 840px) 100vw, 840px\" \/><\/figure><\/div>\n\n\n<p><br><strong>LOGIN NA UFPR VIRTUAL COM O PORTAL DE SISTEMAS<\/strong>:<\/p>\n\n\n\n<p>Na tela de login ir\u00e1 aparecer a op\u00e7\u00e3o: Portal de Sistemas UFPR;<br>Fa\u00e7a seu login usando seu e-mail @ufpr.br (sem o @ufpr.br), e a mesma senha de acesso que usa para o SIGA\/Teams\/Office.<\/p>\n\n\n<div class=\"wp-block-image\">\n<figure class=\"aligncenter size-full\"><img loading=\"lazy\" decoding=\"async\" width=\"403\" height=\"578\" src=\"https:\/\/litoral.ufpr.br\/ambientais\/wp-content\/uploads\/sites\/12\/2025\/10\/image-2.png\" alt=\"\" class=\"wp-image-3476\" srcset=\"https:\/\/litoral.ufpr.br\/ambientais\/wp-content\/uploads\/sites\/12\/2025\/10\/image-2.png 403w, https:\/\/litoral.ufpr.br\/ambientais\/wp-content\/uploads\/sites\/12\/2025\/10\/image-2-209x300.png 209w\" sizes=\"auto, (max-width: 403px) 100vw, 403px\" \/><\/figure><\/div>\n\n\n<p>P\u00e1gina atualizada em <strong>06 de out de 2025<\/strong><\/p>\n","protected":false},"excerpt":{"rendered":"<p>A UFPR Virtual \u00e9 o Ambiente Virtual de Aprendizagem (AVA) oferecido \u00e0 comunidade acad\u00eamica. Voc\u00ea, estudante, ter\u00e1 acesso \u00e0s disciplinas em que est\u00e1 matriculado ou matriculada. Para acessar, entre no seguinte link:\u00a0https:\/\/ufprvirtual.ufpr.br\/\u00a0e clique no \u00edcone \u201cacesso\u201d, que est\u00e1 no canto superior direito. Para realizar o login, insira seu CPF na identifica\u00e7\u00e3o e sua data de [&hellip;]<\/p>\n","protected":false},"author":1656,"featured_media":0,"parent":0,"menu_order":0,"comment_status":"closed","ping_status":"closed","template":"","meta":{"_acf_changed":false,"footnotes":""},"class_list":["post-3450","page","type-page","status-publish","hentry"],"acf":[],"_links":{"self":[{"href":"https:\/\/litoral.ufpr.br\/ambientais\/wp-json\/wp\/v2\/pages\/3450","targetHints":{"allow":["GET"]}}],"collection":[{"href":"https:\/\/litoral.ufpr.br\/ambientais\/wp-json\/wp\/v2\/pages"}],"about":[{"href":"https:\/\/litoral.ufpr.br\/ambientais\/wp-json\/wp\/v2\/types\/page"}],"author":[{"embeddable":true,"href":"https:\/\/litoral.ufpr.br\/ambientais\/wp-json\/wp\/v2\/users\/1656"}],"replies":[{"embeddable":true,"href":"https:\/\/litoral.ufpr.br\/ambientais\/wp-json\/wp\/v2\/comments?post=3450"}],"version-history":[{"count":5,"href":"https:\/\/litoral.ufpr.br\/ambientais\/wp-json\/wp\/v2\/pages\/3450\/revisions"}],"predecessor-version":[{"id":3473,"href":"https:\/\/litoral.ufpr.br\/ambientais\/wp-json\/wp\/v2\/pages\/3450\/revisions\/3473"}],"wp:attachment":[{"href":"https:\/\/litoral.ufpr.br\/ambientais\/wp-json\/wp\/v2\/media?parent=3450"}],"curies":[{"name":"wp","href":"https:\/\/api.w.org\/{rel}","templated":true}]}}