{"id":3327,"date":"2025-09-25T08:56:32","date_gmt":"2025-09-25T11:56:32","guid":{"rendered":"https:\/\/litoral.ufpr.br\/ambientais\/?page_id=3327"},"modified":"2025-09-26T12:42:17","modified_gmt":"2025-09-26T15:42:17","slug":"teste","status":"publish","type":"page","link":"https:\/\/litoral.ufpr.br\/ambientais\/teste\/","title":{"rendered":""},"content":{"rendered":"\n<h2 class=\"wp-block-heading\"><strong><span style=\"color:#0a5105\" class=\"has-inline-color\">I Workshop de de Pesquisa, Monitoramento e A\u00e7\u00f5es para Conserva\u00e7\u00e3o da bacia do Rio Guaragua\u00e7u &#8211; dia 29 de setembro de 2021 das 9h00 \u00e0s 18h00, evento online<\/span><\/strong><\/h2>\n\n\n\n<p>O evento tem como recorte territorial esta importante Bacia do maior rio de plan\u00edcie costeira do Mosaico Lagamar e microbacias adjacentes, compreendidas entre a vertente oce\u00e2nica da Serra da Prata, a plan\u00edcie costeira e a zona urbana de Paranagu\u00e1, Matinhos e Pontal do Paran\u00e1.<\/p>\n\n\n\n<p>O recorte territorial foi pensado em vista das&nbsp;<strong>fun\u00e7\u00f5es ecol\u00f3gicas e servi\u00e7os ambientais<\/strong>&nbsp;desempenhados pela bacia do Guaragua\u00e7u e microbacias adjacentes (Rio Ribeir\u00e3o, Rio Matinhos e Bacia Costeira), principalmente como&nbsp;<strong>manancial<\/strong>&nbsp;de abastecimento p\u00fablico, como&nbsp;<strong>rede de drenagem&nbsp;<\/strong>e como&nbsp;<strong>corpo receptor e diluidor&nbsp;<\/strong>dos efluentes dom\u00e9sticos tratados e difusos dos munic\u00edpios de Paranagu\u00e1, Pontal do Paran\u00e1, Matinhos e parte de Guaratuba. Desempenha tamb\u00e9m um relevante papel ecol\u00f3gico como&nbsp;<strong>corredor de biodiversidade<\/strong>&nbsp;entre florestas, restingas e estu\u00e1rios, interligando Unidades de Conserva\u00e7\u00e3o, como o Parque Nacional de Saint-Hilaire\/Lange, a Esta\u00e7\u00e3o Ecol\u00f3gica do Guaragua\u00e7u, outras UC municipais e estaduais, RPPN e Terras Ind\u00edgenas, \u00e0 Ba\u00eda de Paranagu\u00e1.<\/p>\n\n\n\n<p>Tal diversidade ecossist\u00eamica \u00e9 constantemente pressionada por uma complexa rede de atores sociais e seus territ\u00f3rios (comunidades urbanas, tradicionais, rurais, pesqueiras, ribeirinhas, povos ind\u00edgenas e turistas) e por vetores do desenvolvimento econ\u00f4mico (especialmente empreendimentos que visam a expans\u00e3o das zonas portu\u00e1rias e a ocupa\u00e7\u00e3o dos balne\u00e1rios). Frequentemente, os instrumentos de planejamento territorial s\u00e3o negligenciados pelos agentes econ\u00f4micos, o que nos traz a ideia da import\u00e2ncia de se fortalecer um planejamento integrado embasado em estudos, pesquisas e monitoramento.<\/p>\n\n\n\n<p>Da mesma forma, reconhecemos a necessidade de maior integra\u00e7\u00e3o entre os diversos grupos de pesquisa, com vistas ao compartilhamento de ideias, divulga\u00e7\u00e3o cient\u00edfica e a busca por fontes de financiamento, refor\u00e7ando o papel dos estudos t\u00e9cnico-cient\u00edficos para a efetiva\u00e7\u00e3o das pol\u00edticas p\u00fablicas ambientais e para o planejamento regional.<\/p>\n\n\n\n<figure class=\"wp-block-image\"><img loading=\"lazy\" decoding=\"async\" width=\"1024\" height=\"768\" src=\"https:\/\/litoral.ufpr.br\/ambientais\/wp-content\/uploads\/sites\/12\/2021\/08\/IMG-0846-1024x768.jpg\" alt=\"\" class=\"wp-image-963\" srcset=\"https:\/\/litoral.ufpr.br\/ambientais\/wp-content\/uploads\/sites\/12\/2021\/08\/IMG-0846-1024x768.jpg 1024w, https:\/\/litoral.ufpr.br\/ambientais\/wp-content\/uploads\/sites\/12\/2021\/08\/IMG-0846-300x225.jpg 300w, https:\/\/litoral.ufpr.br\/ambientais\/wp-content\/uploads\/sites\/12\/2021\/08\/IMG-0846-768x576.jpg 768w, https:\/\/litoral.ufpr.br\/ambientais\/wp-content\/uploads\/sites\/12\/2021\/08\/IMG-0846-1536x1152.jpg 1536w, https:\/\/litoral.ufpr.br\/ambientais\/wp-content\/uploads\/sites\/12\/2021\/08\/IMG-0846-2048x1536.jpg 2048w\" sizes=\"auto, (max-width: 1024px) 100vw, 1024px\" \/><\/figure>\n\n\n\n<h2 class=\"wp-block-heading\"><strong>Programa\u00e7\u00e3o<\/strong><\/h2>\n\n\n\n<p><strong>9:00 \u2013 9:30 Abertura<\/strong><\/p>\n\n\n\n<p><strong>Workshop de de Pesquisa, Monitoramento e A\u00e7\u00f5es para Conserva\u00e7\u00e3o da bacia do Rio Guaragua\u00e7uva\u00e7\u00e3o e uso sustent\u00e1vel na bacia do rio Guaragua\u00e7u<\/strong><\/p>\n\n\n\n<blockquote class=\"wp-block-quote is-layout-flow wp-block-quote-is-layout-flow\"><p>Dr. Rodrigo Arantes Reis UFPR Pr\u00f3-reitor de Extens\u00e3o<\/p><\/blockquote>\n\n\n\n<blockquote class=\"wp-block-quote is-layout-flow wp-block-quote-is-layout-flow\"><p>Dr. Renato Bochichio UFPR Integra<\/p><\/blockquote>\n\n\n\n<blockquote class=\"wp-block-quote is-layout-flow wp-block-quote-is-layout-flow\"><p>Anne Zugmann Mater Natura<\/p><\/blockquote>\n\n\n\n<p><strong>9:30 \u2013 10:10 Confer\u00eancia de Abertura<\/strong><\/p>\n\n\n\n<p><strong>Hist\u00f3rias de um pescador, cientista e amante do Rio Guaragua\u00e7u<\/strong><\/p>\n\n\n\n<blockquote class=\"wp-block-quote is-layout-flow wp-block-quote-is-layout-flow\"><p>Dr. Jean Vitulle, UFPR LEC<\/p><\/blockquote>\n\n\n\n<p><strong>10:10 -12:00 Painel de pesquisa<\/strong><\/p>\n\n\n\n<p><strong>Os servi\u00e7os ecossist\u00eamicos da bacia do rio Guaragua\u00e7u<\/strong><\/p>\n\n\n\n<blockquote class=\"wp-block-quote is-layout-flow wp-block-quote-is-layout-flow\"><p><strong>Esp\u00e9cies aqu\u00e1ticas invasoras e monitoramento da biodiversidade aqu\u00e1tica ao longo do gradiente de antropiza\u00e7\u00e3o do rio<\/strong><\/p><cite>Dr. Andr\u00e9 Andrian Padial, UFPR LASB<\/cite><\/blockquote>\n\n\n\n<blockquote class=\"wp-block-quote is-layout-flow wp-block-quote-is-layout-flow\"><p><strong>O papel do Parque Nacional de Saint-Hilaire\/Lange na prote\u00e7\u00e3o dos mananciais h\u00eddricos da bacia do Guaragua\u00e7u<\/strong><\/p><cite>M.Sc. Rodrigo Filipak, ICMBio PARNA Saint Hilaire Lange<\/cite><\/blockquote>\n\n\n\n<blockquote class=\"wp-block-quote is-layout-flow wp-block-quote-is-layout-flow\"><p><strong>Servi\u00e7os Ambientais da Bacia do Guaragua\u00e7u: Quanta \u00e1gua pode fornecer? Quanto lixo e esgoto pode suportar?<\/strong><\/p><cite>Dr. Paulo Henrique Carneiro Marques, UFPR LAMMA<\/cite><\/blockquote>\n\n\n\n<p>14:00 \u2013 15:00 Painel de pesquisa<\/p>\n\n\n\n<p><strong>Planejamento territorial para o ecodesenvolvimento da bacia do rio Guaragua\u00e7u<\/strong><\/p>\n\n\n\n<blockquote class=\"wp-block-quote is-layout-flow wp-block-quote-is-layout-flow\"><p><strong>Aspectos f\u00edsicos da bacia do Guaragua\u00e7u e integra\u00e7\u00e3o de bases de dados geoespaciais<\/strong><\/p><cite>Dr. Eduardo Vedor de Paula, UFPR LAGEAMB<\/cite><\/blockquote>\n\n\n\n<blockquote class=\"wp-block-quote is-layout-flow wp-block-quote-is-layout-flow\"><p><strong>Complexidade territorial e pol\u00edticas p\u00fablicas incidentes na gest\u00e3o costeira integrada da bacia do Guaragua\u00e7u<\/strong><\/p><cite>Dr. Daniel Hauer Queir\u00f3z Telles, UFPR Centro de Estudos do Mar<\/cite><\/blockquote>\n\n\n\n<blockquote class=\"wp-block-quote is-layout-flow wp-block-quote-is-layout-flow\"><p><strong>Grandes Projetos de Desenvolvimento e as evid\u00eancias espaciais de impactos cumulativos na Bacia do Rio Guaragua\u00e7u: um alerta para o Planejamento Territorial<\/strong><\/p><cite>M.Sc. \u00c9rica Vicente Onofre, UFPR LAMMA<\/cite><\/blockquote>\n\n\n\n<blockquote class=\"wp-block-quote is-layout-flow wp-block-quote-is-layout-flow\"><p><strong>Desafios e potencialidades para o ecodesenvolvimento da bacia do Guaragua\u00e7u<\/strong><\/p><cite>Dra. Liliani Tiepolo, UFPR LAMMA<\/cite><\/blockquote>\n\n\n\n<p><strong>15:10-16:00<\/strong><\/p>\n\n\n\n<p><strong>Plen\u00e1ria de encerramento e encaminhamentos<\/strong><\/p>\n\n\n\n<h2 class=\"wp-block-heading\"><strong>Fa\u00e7a sua inscri\u00e7\u00e3o<\/strong><\/h2>\n\n\n\n<figure class=\"wp-block-image\"><img decoding=\"async\" src=\"https:\/\/litoral.ufpr.br\/ambientais\/wp-content\/uploads\/sites\/12\/2021\/09\/QR-Code-do-Guaraguac%CC%A7u-3.png\" alt=\"\" class=\"wp-image-1149\" \/><figcaption><a href=\"https:\/\/url.gratis\/ZVCxmf\" target=\"_blank\" rel=\"noreferrer noopener\">https:\/\/url.gratis\/ZVCxmf<\/a><\/figcaption><\/figure>\n\n\n\n<h2 class=\"wp-block-heading\"><strong>Organiza\u00e7\u00e3o<\/strong><\/h2>\n\n\n\n<p>LAMMA Laborat\u00f3rio de An\u00e1lise e Monitoramento da Mata Atl\u00e2ntica<\/p>\n\n\n\n<p>Mater Natura Instituto de Pesquisas Ambientais<\/p>\n\n\n\n<h2 class=\"wp-block-heading\"><strong>Apoio<\/strong><\/h2>\n\n\n\n<p>Programa de P\u00f3s-gradua\u00e7\u00e3o em Desenvolvimento Territorial Sustent\u00e1vel<\/p>\n\n\n\n<p>Universidade Federal do Paran\u00e1 \u2013 Setor Litoral<\/p>\n\n\n\n<p>Mosaic Fertilizantes<\/p>\n\n\n\n<h2 class=\"wp-block-heading\"><strong>Laborat\u00f3rios parceiros<\/strong><\/h2>\n\n\n\n<p><a href=\"https:\/\/lasbufprbio.wixsite.com\/home\">Laborat\u00f3rio de An\u00e1lise e S\u00edntese em Biodiversidade<\/a>&nbsp;(Departamento de Bot\u00e2nica UFPR)<\/p>\n\n\n\n<p><a href=\"https:\/\/vitulelab.wixsite.com\/lec-ufpr\">Laborat\u00f3rio de Ecologia e Conserva\u00e7\u00e3o&nbsp;<\/a>(Departamento de Engenharia Ambiental UFPR)<\/p>\n\n\n\n<p><a href=\"https:\/\/lageamb.ufpr.br\/\">Laborat\u00f3rio de Geoprocessamento e Estudos Ambientais<\/a>\u00a0(Departamento de Geografia UFPR)<\/p>\n\n\n\n<figure class=\"wp-block-image size-full\"><img loading=\"lazy\" decoding=\"async\" width=\"1024\" height=\"121\" src=\"https:\/\/litoral.ufpr.br\/ambientais\/wp-content\/uploads\/sites\/12\/2025\/09\/1.png\" alt=\"\" class=\"wp-image-3336\" srcset=\"https:\/\/litoral.ufpr.br\/ambientais\/wp-content\/uploads\/sites\/12\/2025\/09\/1.png 1024w, https:\/\/litoral.ufpr.br\/ambientais\/wp-content\/uploads\/sites\/12\/2025\/09\/1-300x35.png 300w, https:\/\/litoral.ufpr.br\/ambientais\/wp-content\/uploads\/sites\/12\/2025\/09\/1-768x91.png 768w\" sizes=\"auto, (max-width: 1024px) 100vw, 1024px\" \/><\/figure>\n","protected":false},"excerpt":{"rendered":"<p>I Workshop de de Pesquisa, Monitoramento e A\u00e7\u00f5es para Conserva\u00e7\u00e3o da bacia do Rio Guaragua\u00e7u &#8211; dia 29 de setembro de 2021 das 9h00 \u00e0s 18h00, evento online O evento tem como recorte territorial esta importante Bacia do maior rio de plan\u00edcie costeira do Mosaico Lagamar e microbacias adjacentes, compreendidas entre a vertente oce\u00e2nica da [&hellip;]<\/p>\n","protected":false},"author":1656,"featured_media":0,"parent":0,"menu_order":0,"comment_status":"closed","ping_status":"closed","template":"","meta":{"_acf_changed":false,"footnotes":""},"class_list":["post-3327","page","type-page","status-publish","hentry"],"acf":[],"_links":{"self":[{"href":"https:\/\/litoral.ufpr.br\/ambientais\/wp-json\/wp\/v2\/pages\/3327","targetHints":{"allow":["GET"]}}],"collection":[{"href":"https:\/\/litoral.ufpr.br\/ambientais\/wp-json\/wp\/v2\/pages"}],"about":[{"href":"https:\/\/litoral.ufpr.br\/ambientais\/wp-json\/wp\/v2\/types\/page"}],"author":[{"embeddable":true,"href":"https:\/\/litoral.ufpr.br\/ambientais\/wp-json\/wp\/v2\/users\/1656"}],"replies":[{"embeddable":true,"href":"https:\/\/litoral.ufpr.br\/ambientais\/wp-json\/wp\/v2\/comments?post=3327"}],"version-history":[{"count":4,"href":"https:\/\/litoral.ufpr.br\/ambientais\/wp-json\/wp\/v2\/pages\/3327\/revisions"}],"predecessor-version":[{"id":3341,"href":"https:\/\/litoral.ufpr.br\/ambientais\/wp-json\/wp\/v2\/pages\/3327\/revisions\/3341"}],"wp:attachment":[{"href":"https:\/\/litoral.ufpr.br\/ambientais\/wp-json\/wp\/v2\/media?parent=3327"}],"curies":[{"name":"wp","href":"https:\/\/api.w.org\/{rel}","templated":true}]}}