{"id":2574,"date":"2022-09-27T20:57:17","date_gmt":"2022-09-27T23:57:17","guid":{"rendered":"https:\/\/litoral.ufpr.br\/ambientais\/?page_id=2574"},"modified":"2022-09-27T21:10:40","modified_gmt":"2022-09-28T00:10:40","slug":"centro-academico","status":"publish","type":"page","link":"https:\/\/litoral.ufpr.br\/ambientais\/centro-academico\/","title":{"rendered":"Centro Acad\u00eamico"},"content":{"rendered":"<div class=\"wp-block-image\">\n<figure class=\"aligncenter size-full is-resized\"><img loading=\"lazy\" decoding=\"async\" src=\"https:\/\/litoral.ufpr.br\/ambientais\/wp-content\/uploads\/sites\/12\/2022\/09\/image-5.png\" alt=\"\" class=\"wp-image-2581\" width=\"440\" height=\"320\" \/><\/figure><\/div>\n\n\n<p>O Centro Acad\u00eamico Teresa Urban \u00e9 a entidade estudantil que representa os discentes do curso de Ci\u00eancias Ambientais da UFPR-Litoral. <\/p>\n\n\n\n<p>Seu objetivo \u00e9 agir em prol os estudantes, servindo como canal direto entre eles, os professores e os \u00f3rg\u00e3os administrativos da universidade. Busca portanto, defender seus interesses e pleitear demandas em seu favor, ao passo que sugere solu\u00e7\u00f5es para os problemas referentes ao ensino. Al\u00e9m disso procura promover uma experi\u00eancia educacional mais rica quando prop\u00f5e reuni\u00f5es, debates e atividades formativas, sem esquecer de eventos para confraterniza\u00e7\u00e3o entre os estudantes.<\/p>\n\n\n\n<p><br>A entidade recebe o nome da jornalista Teresa Urban em homenagem \u00e0 sua brilhante carreira como mulher, jornalista escritora e ativista ambiental. Um personalidade que sempre contribuiu para o crescimento democr\u00e1tico dos movimentos estudantis, al\u00e9m de ter promovido a\u00e7\u00f5es ambientais junto a \u00f3rg\u00e3os e entidades deste g\u00eanero, a\u00e7\u00f5es essas que reverberam mesmo ap\u00f3s o seu falecimento.<\/p>\n\n\n\n<p><\/p>\n\n\n\n<p>Gest\u00e3o Atl\u00e2ntica:<\/p>\n\n\n\n<p>Thais Alliprandini Silva<br>Presidente<br>Email: thais.alliprandini@ufpr.br<\/p>\n\n\n\n<p>Graciela Fernanda Glienke Blanco<br>Vice-presidente<br>Email: gracielablanco@ufpr.br<\/p>\n\n\n\n<p>Gabriela da Silva Belmonte Rodrigues<br>Secret\u00e1ria Geral<br>Email: gabriela.belmonte@ufpr.br<\/p>\n\n\n\n<p>Sarah Barnab\u00e9 Cazeiro<br>1\u00aa Secret\u00e1ria<br>Email: sarahcazeiro@ufpr.br<\/p>\n\n\n\n<p>Bruno de Almeida Costa<br>Tesoureiro<br>Email: brunoalmeida1@ufpr.br<\/p>\n\n\n\n<p>Laura Fonseca Marques<br>1\u00aa Tesoureira<br>Email: laura.marques@ufpr.br<\/p>\n\n\n\n<p>Luan Henrique da Costa Rodrigues<br>Comiss\u00e3o de M\u00eddia<br>Email: luan.costa@ufpr.br<br>&nbsp;<br>Udson Rodrigues da Silva<br>Comiss\u00e3o de M\u00eddia<br>Email: udsonsilva@ufpr.br<\/p>\n\n\n\n<p>Gabriela Matos Pereira de Carvalho<br>Comiss\u00e3o Cultural<br>Email: gbrlcarvalho@ufpr.br<\/p>\n\n\n\n<p>Isabela Collares Belz<br>Comiss\u00e3o Cultural<br>Email: isabela.belz@ufpr.br<\/p>\n\n\n\n<p>Thayn\u00e1 Silva Mariano<br>Comiss\u00e3o de M\u00eddia<br>Email: thaynamariano@ufpr.br<\/p>\n\n\n\n<p>Laura Fernanda Vaz de Oliveira<br>Comiss\u00e3o de Assist\u00eancia Estudantil<br>Email: laura.vaz@ufpr.br&nbsp;<\/p>\n\n\n\n<p>Bianca Menegazzo de Assis<br>Comiss\u00e3o de Assist\u00eancia Estudantil<br>Email: bianca.menegazzo@ambiental<\/p>\n\n\n\n<div data-wp-interactive=\"core\/file\" class=\"wp-block-file\"><object data-wp-bind--hidden=\"!state.hasPdfPreview\" hidden class=\"wp-block-file__embed\" data=\"https:\/\/litoral.ufpr.br\/ambientais\/wp-content\/uploads\/sites\/12\/2022\/09\/pdf_20220923_191851_0000.pdf\" type=\"application\/pdf\" style=\"width:100%;height:424px\" aria-label=\"Incorporado de Incorporado de pdf_20220923_191851_0000..\"><\/object><a id=\"wp-block-file--media-5abc384c-420d-4eeb-92bf-2d425eaec6c4\" href=\"https:\/\/litoral.ufpr.br\/ambientais\/wp-content\/uploads\/sites\/12\/2022\/09\/pdf_20220923_191851_0000.pdf\" target=\"_blank\" rel=\"noreferrer noopener\">pdf_20220923_191851_0000<\/a><a href=\"https:\/\/litoral.ufpr.br\/ambientais\/wp-content\/uploads\/sites\/12\/2022\/09\/pdf_20220923_191851_0000.pdf\" class=\"wp-block-file__button\" download aria-describedby=\"wp-block-file--media-5abc384c-420d-4eeb-92bf-2d425eaec6c4\">Baixar<\/a><\/div>\n\n\n\n<p><strong>Link para a p\u00e1gina do centro acad\u00eamico:<\/strong><\/p>\n\n\n\n<pre class=\"wp-block-code\" style=\"font-size:28px\"><code><a rel=\"noreferrer noopener\" href=\"https:\/\/www.instagram.com\/ciencias.ambientais\/\" target=\"_blank\"><strong>https:\/\/www.instagram.com\/ciencias.ambientais\/<\/strong><\/a><\/code><\/pre>\n","protected":false},"excerpt":{"rendered":"<p>O Centro Acad\u00eamico Teresa Urban \u00e9 a entidade estudantil que representa os discentes do curso de Ci\u00eancias Ambientais da UFPR-Litoral. Seu objetivo \u00e9 agir em prol os estudantes, servindo como canal direto entre eles, os professores e os \u00f3rg\u00e3os administrativos da universidade. Busca portanto, defender seus interesses e pleitear demandas em seu favor, ao passo [&hellip;]<\/p>\n","protected":false},"author":1637,"featured_media":0,"parent":0,"menu_order":0,"comment_status":"closed","ping_status":"closed","template":"","meta":{"_acf_changed":false,"footnotes":""},"class_list":["post-2574","page","type-page","status-publish","hentry"],"acf":[],"_links":{"self":[{"href":"https:\/\/litoral.ufpr.br\/ambientais\/wp-json\/wp\/v2\/pages\/2574","targetHints":{"allow":["GET"]}}],"collection":[{"href":"https:\/\/litoral.ufpr.br\/ambientais\/wp-json\/wp\/v2\/pages"}],"about":[{"href":"https:\/\/litoral.ufpr.br\/ambientais\/wp-json\/wp\/v2\/types\/page"}],"author":[{"embeddable":true,"href":"https:\/\/litoral.ufpr.br\/ambientais\/wp-json\/wp\/v2\/users\/1637"}],"replies":[{"embeddable":true,"href":"https:\/\/litoral.ufpr.br\/ambientais\/wp-json\/wp\/v2\/comments?post=2574"}],"version-history":[{"count":8,"href":"https:\/\/litoral.ufpr.br\/ambientais\/wp-json\/wp\/v2\/pages\/2574\/revisions"}],"predecessor-version":[{"id":2588,"href":"https:\/\/litoral.ufpr.br\/ambientais\/wp-json\/wp\/v2\/pages\/2574\/revisions\/2588"}],"wp:attachment":[{"href":"https:\/\/litoral.ufpr.br\/ambientais\/wp-json\/wp\/v2\/media?parent=2574"}],"curies":[{"name":"wp","href":"https:\/\/api.w.org\/{rel}","templated":true}]}}