{"id":2513,"date":"2022-08-30T10:30:31","date_gmt":"2022-08-30T13:30:31","guid":{"rendered":"https:\/\/litoral.ufpr.br\/ambientais\/?page_id=2513"},"modified":"2025-10-06T11:51:10","modified_gmt":"2025-10-06T14:51:10","slug":"estagios-e-oportunidades","status":"publish","type":"page","link":"https:\/\/litoral.ufpr.br\/ambientais\/estagios-e-oportunidades\/","title":{"rendered":"Est\u00e1gios e Oportunidades"},"content":{"rendered":"\n<p>O Projeto Pedag\u00f3gico do Curso de Ci\u00eancias Ambientais prev\u00ea a realiza\u00e7\u00e3o de&nbsp;<strong>est\u00e1gio n\u00e3o obrigat\u00f3rio<\/strong>, ou seja \u00e9 aquele desenvolvido como atividade opcional, acrescida \u00e0 carga hor\u00e1ria regular e obrigat\u00f3ria.<\/p>\n\n\n\n<p>A carga hor\u00e1ria cumprida pelo estudante no est\u00e1gio n\u00e3o obrigat\u00f3rio poder\u00e1 ser utilizada, mediante an\u00e1lise e deferimento da c\u00e2mara, como horas de atividades formativas complementares (conforme mencionado no item 12, subitem 4, do PPC).<\/p>\n\n\n\n<p><a href=\"http:\/\/www.prograd.ufpr.br\/portal\/coafe\/wp-content\/uploads\/sites\/15\/2019\/08\/Manual-de-Est%C3%A1gios-Vers%C3%A3o-Final.pdf\" data-type=\"URL\" data-id=\"http:\/\/www.prograd.ufpr.br\/portal\/coafe\/wp-content\/uploads\/sites\/15\/2019\/08\/Manual-de-Est%C3%A1gios-Vers%C3%A3o-Final.pdf\" target=\"_blank\" rel=\"noreferrer noopener\">Manual de Est\u00e1gio<\/a><\/p>\n\n\n\n<p><a href=\"http:\/\/www.prograd.ufpr.br\/estagio\/formularios\/\" data-type=\"URL\" data-id=\"http:\/\/www.prograd.ufpr.br\/estagio\/formularios\/\" target=\"_blank\" rel=\"noreferrer noopener\">Formul\u00e1rios<\/a><\/p>\n\n\n\n<p><a href=\"http:\/\/www.prograd.ufpr.br\/portal\/coafe\/ue\/perguntas-frequentes\/\" data-type=\"URL\" data-id=\"http:\/\/www.prograd.ufpr.br\/portal\/coafe\/ue\/perguntas-frequentes\/\" target=\"_blank\" rel=\"noreferrer noopener\">Perguntas Frequentes<\/a><\/p>\n\n\n\n<p><strong>COE \u2013 Comiss\u00e3o Orientadora de Est\u00e1gio e Contatos:<\/strong><\/p>\n\n\n\n<p>Prof\u00ba Antonio Luis Serbena; alserbena@ufpr.br<br>Prof\u00ba Valdir Frigo Denardin; valdirfd@ufpr.br<\/p>\n\n\n\n<p><strong>Contatos Unidade de Est\u00e1gios &#8211; COAFE\/UE<\/strong><\/p>\n\n\n\n<p><a href=\"http:\/\/www.prograd.ufpr.br\/portal\/coafe\/ue\/contato\/\" data-type=\"URL\" data-id=\"http:\/\/www.prograd.ufpr.br\/portal\/coafe\/ue\/contato\/\">http:\/\/www.prograd.ufpr.br\/portal\/coafe\/ue\/contato\/<\/a><\/p>\n\n\n\n<p><br>P\u00e1gina atualizada em <strong>03 de out de 2025.<\/strong><\/p>\n","protected":false},"excerpt":{"rendered":"<p>O Projeto Pedag\u00f3gico do Curso de Ci\u00eancias Ambientais prev\u00ea a realiza\u00e7\u00e3o de&nbsp;est\u00e1gio n\u00e3o obrigat\u00f3rio, ou seja \u00e9 aquele desenvolvido como atividade opcional, acrescida \u00e0 carga hor\u00e1ria regular e obrigat\u00f3ria. A carga hor\u00e1ria cumprida pelo estudante no est\u00e1gio n\u00e3o obrigat\u00f3rio poder\u00e1 ser utilizada, mediante an\u00e1lise e deferimento da c\u00e2mara, como horas de atividades formativas complementares (conforme [&hellip;]<\/p>\n","protected":false},"author":12,"featured_media":0,"parent":0,"menu_order":0,"comment_status":"closed","ping_status":"closed","template":"","meta":{"_acf_changed":false,"footnotes":""},"class_list":["post-2513","page","type-page","status-publish","hentry"],"acf":[],"_links":{"self":[{"href":"https:\/\/litoral.ufpr.br\/ambientais\/wp-json\/wp\/v2\/pages\/2513","targetHints":{"allow":["GET"]}}],"collection":[{"href":"https:\/\/litoral.ufpr.br\/ambientais\/wp-json\/wp\/v2\/pages"}],"about":[{"href":"https:\/\/litoral.ufpr.br\/ambientais\/wp-json\/wp\/v2\/types\/page"}],"author":[{"embeddable":true,"href":"https:\/\/litoral.ufpr.br\/ambientais\/wp-json\/wp\/v2\/users\/12"}],"replies":[{"embeddable":true,"href":"https:\/\/litoral.ufpr.br\/ambientais\/wp-json\/wp\/v2\/comments?post=2513"}],"version-history":[{"count":6,"href":"https:\/\/litoral.ufpr.br\/ambientais\/wp-json\/wp\/v2\/pages\/2513\/revisions"}],"predecessor-version":[{"id":3442,"href":"https:\/\/litoral.ufpr.br\/ambientais\/wp-json\/wp\/v2\/pages\/2513\/revisions\/3442"}],"wp:attachment":[{"href":"https:\/\/litoral.ufpr.br\/ambientais\/wp-json\/wp\/v2\/media?parent=2513"}],"curies":[{"name":"wp","href":"https:\/\/api.w.org\/{rel}","templated":true}]}}