{"id":2511,"date":"2022-08-30T10:30:31","date_gmt":"2022-08-30T13:30:31","guid":{"rendered":"https:\/\/litoral.ufpr.br\/ambientais\/?page_id=2511"},"modified":"2025-10-03T13:11:53","modified_gmt":"2025-10-03T16:11:53","slug":"atividades-complementares","status":"publish","type":"page","link":"https:\/\/litoral.ufpr.br\/ambientais\/atividades-complementares\/","title":{"rendered":"Atividades Formativas Complementares (AFCs)"},"content":{"rendered":"\n<p>As atividades complementares, assim denominadas pelo Conselho Nacional de Educa\u00e7\u00e3o, s\u00e3o regulamentadas na Universidade Federal do Paran\u00e1 pela Resolu\u00e7\u00e3o n\u00ba 70\/04-CEPE com a denomina\u00e7\u00e3o de Atividades Formativas, definindo-as como \u201catividades complementares em rela\u00e7\u00e3o ao eixo fundamental do curr\u00edculo, objetivando sua flexibiliza\u00e7\u00e3o\u201d. Devem contemplar a articula\u00e7\u00e3o entre o ensino, pesquisa e extens\u00e3o, assegurando seu car\u00e1ter interdisciplinar em rela\u00e7\u00e3o \u00e0s diversas \u00e1reas do conhecimento, respeitando, no entanto, o Projeto Pedag\u00f3gico de cada curso.<br><br>A carga hor\u00e1ria das atividades formativas do Curso de Ci\u00eancias Ambientais \u00e9 de\u00a0<strong><strong>240 horas<\/strong>\u00a0(curr\u00edculo vers\u00e3o 2018) <\/strong>e<strong>\u00a0<strong>120 horas<\/strong>\u00a0(curr\u00edculo vers\u00e3o 2024)<\/strong> e  a normatiza\u00e7\u00e3o espec\u00edfica de sua valida\u00e7\u00e3o ser\u00e1 fixada pela c\u00e2mara do curso, a qual validar\u00e1 as atividades apresentadas pelos discentes mediante tabela de converg\u00eancia de horas estruturada segundo o rol de atividades estabelecido pela Resolu\u00e7\u00e3o n\u00ba 70\/04-CEPE em seu Artigo 4\u00ba. Esse rol poder\u00e1 ser completado por outras atividades que a c\u00e2mara de curso vier a aprovar. As Atividades Formativas ser\u00e3o distribu\u00eddas pelos seguintes grupos, sem preju\u00edzo de outros que venham a ser formados:<\/p>\n\n\n\n<ol class=\"wp-block-list\"><li>Atividades de ensino (monitoria, PET, disciplinas eletivas, oficinas did\u00e1ticas, educa\u00e7\u00e3o a dist\u00e2ncia, projetos vinculados \u00e0 licenciatura e outras).<\/li><li>Atividades de pesquisa e inova\u00e7\u00e3o (projetos de pesquisa, inicia\u00e7\u00e3o cient\u00edfica, produtos de inova\u00e7\u00e3o tecnol\u00f3gica e outras).<\/li><li>Atividades de extens\u00e3o e cultura (projetos e cursos de extens\u00e3o e cultura, a\u00e7\u00f5es de voluntariado, participa\u00e7\u00e3o em programas e projetos institucionais e outras).<\/li><li>Atividades voltadas \u00e0 profissionaliza\u00e7\u00e3o (est\u00e1gios n\u00e3o obrigat\u00f3rios, participa\u00e7\u00e3o em Empresa J\u00fanior reconhecida formalmente como tal pela UFPR e outras).<\/li><li>Atividades de representa\u00e7\u00e3o (membro de comiss\u00e3o, representa\u00e7\u00e3o acad\u00eamica em conselhos e outras).<\/li><li>Eventos acad\u00eamico-cient\u00edficos (semin\u00e1rios, jornadas, congressos, simp\u00f3sios e outros).<\/li><\/ol>\n\n\n\n<p><strong>CPAAF \u2013 Comiss\u00e3o Permanente de Acompanhamento de Atividades Formativas:<\/strong><\/p>\n\n\n\n<p class=\"has-text-align-center\">Andrea M\u00e1ximo Esp\u00ednola\u00a0<br>Luiz Augusto Macedo Mestre<br>Evelin da Luz Garcia<\/p>\n\n\n\n<p><\/p>\n\n\n\n<p><strong>Documentos:<\/strong><\/p>\n\n\n\n<div class=\"wp-block-buttons is-layout-flex wp-block-buttons-is-layout-flex\">\n<div class=\"wp-block-button is-style-outline is-style-outline--1\"><a class=\"wp-block-button__link\" href=\"https:\/\/soc.ufpr.br\/wp-content\/uploads\/2016\/07\/cepe-70-04-CEPE-alterada-pela-resolu%C3%A7%C3%A3o-21.18.pdf\" target=\"_blank\" rel=\"noreferrer noopener\">Resolu\u00e7\u00e3o n\u00b0 70\/04<\/a><\/div>\n\n\n\n<div class=\"wp-block-button is-style-outline is-style-outline--2\"><a class=\"wp-block-button__link\" href=\"https:\/\/litoral.ufpr.br\/ambientais\/wp-content\/uploads\/sites\/12\/2025\/10\/PPC-1-29-32.pdf\" target=\"_blank\" rel=\"noreferrer noopener\">Regulamento das AFCs (2024)<\/a><\/div>\n\n\n\n<div class=\"wp-block-button is-style-outline is-style-outline--3\"><a class=\"wp-block-button__link\" href=\"https:\/\/litoral.ufpr.br\/ambientais\/documentos-e-editais\/\" target=\"_blank\" rel=\"noreferrer noopener\">Editais anteriores<\/a><\/div>\n<\/div>\n\n\n\n<p><br>P\u00e1gina atualizada em\u00a0<strong>03\u00a0de out de 2025<\/strong><\/p>\n","protected":false},"excerpt":{"rendered":"<p>As atividades complementares, assim denominadas pelo Conselho Nacional de Educa\u00e7\u00e3o, s\u00e3o regulamentadas na Universidade Federal do Paran\u00e1 pela Resolu\u00e7\u00e3o n\u00ba 70\/04-CEPE com a denomina\u00e7\u00e3o de Atividades Formativas, definindo-as como \u201catividades complementares em rela\u00e7\u00e3o ao eixo fundamental do curr\u00edculo, objetivando sua flexibiliza\u00e7\u00e3o\u201d. Devem contemplar a articula\u00e7\u00e3o entre o ensino, pesquisa e extens\u00e3o, assegurando seu car\u00e1ter interdisciplinar [&hellip;]<\/p>\n","protected":false},"author":12,"featured_media":0,"parent":0,"menu_order":0,"comment_status":"closed","ping_status":"closed","template":"","meta":{"_acf_changed":false,"footnotes":""},"class_list":["post-2511","page","type-page","status-publish","hentry"],"acf":[],"_links":{"self":[{"href":"https:\/\/litoral.ufpr.br\/ambientais\/wp-json\/wp\/v2\/pages\/2511","targetHints":{"allow":["GET"]}}],"collection":[{"href":"https:\/\/litoral.ufpr.br\/ambientais\/wp-json\/wp\/v2\/pages"}],"about":[{"href":"https:\/\/litoral.ufpr.br\/ambientais\/wp-json\/wp\/v2\/types\/page"}],"author":[{"embeddable":true,"href":"https:\/\/litoral.ufpr.br\/ambientais\/wp-json\/wp\/v2\/users\/12"}],"replies":[{"embeddable":true,"href":"https:\/\/litoral.ufpr.br\/ambientais\/wp-json\/wp\/v2\/comments?post=2511"}],"version-history":[{"count":16,"href":"https:\/\/litoral.ufpr.br\/ambientais\/wp-json\/wp\/v2\/pages\/2511\/revisions"}],"predecessor-version":[{"id":3430,"href":"https:\/\/litoral.ufpr.br\/ambientais\/wp-json\/wp\/v2\/pages\/2511\/revisions\/3430"}],"wp:attachment":[{"href":"https:\/\/litoral.ufpr.br\/ambientais\/wp-json\/wp\/v2\/media?parent=2511"}],"curies":[{"name":"wp","href":"https:\/\/api.w.org\/{rel}","templated":true}]}}