{"id":2476,"date":"2022-08-25T23:15:41","date_gmt":"2022-08-26T02:15:41","guid":{"rendered":"https:\/\/litoral.ufpr.br\/ambientais\/?page_id=2476"},"modified":"2025-10-06T11:53:09","modified_gmt":"2025-10-06T14:53:09","slug":"coordenacao-camara","status":"publish","type":"page","link":"https:\/\/litoral.ufpr.br\/ambientais\/coordenacao-camara\/","title":{"rendered":"Coordena\u00e7\u00e3o \/ C\u00e2mara"},"content":{"rendered":"\n<p style=\"font-size:18px\"><strong>Coordena\u00e7\u00e3o:<\/strong> Eduardo Harder &#8211; <a href=\"https:\/\/litoral.ufpr.br\/ambientais\/wp-content\/uploads\/sites\/12\/2025\/09\/Portaria-Coordenacao-2025-2027Retificacao.pdf\" data-type=\"URL\" data-id=\"https:\/\/litoral.ufpr.br\/ambientais\/wp-content\/uploads\/sites\/12\/2025\/09\/Portaria-Coordenacao-2025-2027Retificacao.pdf\">Portaria<\/a><br><strong>Vice-Coordena\u00e7\u00e3o:<\/strong> Paulo Henrique Carneiro Marques &#8211; <a href=\"https:\/\/litoral.ufpr.br\/ambientais\/wp-content\/uploads\/sites\/12\/2025\/09\/Portaria-ViceCoordenacao-2025-2027.pdf\" data-type=\"URL\" data-id=\"https:\/\/litoral.ufpr.br\/ambientais\/wp-content\/uploads\/sites\/12\/2025\/09\/Portaria-ViceCoordenacao-2025-2027.pdf\">Portaria<\/a><\/p>\n\n\n\n<p style=\"font-size:18px\">Vig\u00eancia 11\/09\/2025 a 10\/09\/2027<\/p>\n\n\n\n<p style=\"font-size:18px\">Contato: ciencias.ambientais@ufpr.br <\/p>\n\n\n\n<p><\/p>\n\n\n\n<p class=\"has-medium-font-size\"><strong>PLANO DE A\u00c7\u00c3O DO CURSO DE CI\u00caNCIAS AMBIENTAIS UFPR LITORAL<\/strong><\/p>\n\n\n\n<div data-wp-interactive=\"core\/file\" class=\"wp-block-file\"><object data-wp-bind--hidden=\"!state.hasPdfPreview\" hidden class=\"wp-block-file__embed\" data=\"https:\/\/litoral.ufpr.br\/ambientais\/wp-content\/uploads\/sites\/12\/2023\/05\/PLANO-DE-ACAO-CIENCIAS-AMBIENTAIS.pdf\" type=\"application\/pdf\" style=\"width:100%;height:600px\" aria-label=\"Incorporado de Incorporado de PLANO DE A\u00c7\u00c3O CI\u00caNCIAS AMBIENTAIS..\"><\/object><a id=\"wp-block-file--media-eb23955a-8938-451b-af45-c18acc480f8d\" href=\"https:\/\/litoral.ufpr.br\/ambientais\/wp-content\/uploads\/sites\/12\/2023\/05\/PLANO-DE-ACAO-CIENCIAS-AMBIENTAIS.pdf\">PLANO DE A\u00c7\u00c3O CI\u00caNCIAS AMBIENTAIS<\/a><a href=\"https:\/\/litoral.ufpr.br\/ambientais\/wp-content\/uploads\/sites\/12\/2023\/05\/PLANO-DE-ACAO-CIENCIAS-AMBIENTAIS.pdf\" class=\"wp-block-file__button\" download aria-describedby=\"wp-block-file--media-eb23955a-8938-451b-af45-c18acc480f8d\">Baixar<\/a><\/div>\n\n\n\n<p><\/p>\n\n\n\n<p>P\u00e1gina atualizada em <strong>01 de out de 2025<\/strong><\/p>\n","protected":false},"excerpt":{"rendered":"<p>Coordena\u00e7\u00e3o: Eduardo Harder &#8211; PortariaVice-Coordena\u00e7\u00e3o: Paulo Henrique Carneiro Marques &#8211; Portaria Vig\u00eancia 11\/09\/2025 a 10\/09\/2027 Contato: ciencias.ambientais@ufpr.br PLANO DE A\u00c7\u00c3O DO CURSO DE CI\u00caNCIAS AMBIENTAIS UFPR LITORAL P\u00e1gina atualizada em 01 de out de 2025<\/p>\n","protected":false},"author":12,"featured_media":0,"parent":0,"menu_order":0,"comment_status":"closed","ping_status":"closed","template":"","meta":{"_acf_changed":false,"footnotes":""},"class_list":["post-2476","page","type-page","status-publish","hentry"],"acf":[],"_links":{"self":[{"href":"https:\/\/litoral.ufpr.br\/ambientais\/wp-json\/wp\/v2\/pages\/2476","targetHints":{"allow":["GET"]}}],"collection":[{"href":"https:\/\/litoral.ufpr.br\/ambientais\/wp-json\/wp\/v2\/pages"}],"about":[{"href":"https:\/\/litoral.ufpr.br\/ambientais\/wp-json\/wp\/v2\/types\/page"}],"author":[{"embeddable":true,"href":"https:\/\/litoral.ufpr.br\/ambientais\/wp-json\/wp\/v2\/users\/12"}],"replies":[{"embeddable":true,"href":"https:\/\/litoral.ufpr.br\/ambientais\/wp-json\/wp\/v2\/comments?post=2476"}],"version-history":[{"count":10,"href":"https:\/\/litoral.ufpr.br\/ambientais\/wp-json\/wp\/v2\/pages\/2476\/revisions"}],"predecessor-version":[{"id":3444,"href":"https:\/\/litoral.ufpr.br\/ambientais\/wp-json\/wp\/v2\/pages\/2476\/revisions\/3444"}],"wp:attachment":[{"href":"https:\/\/litoral.ufpr.br\/ambientais\/wp-json\/wp\/v2\/media?parent=2476"}],"curies":[{"name":"wp","href":"https:\/\/api.w.org\/{rel}","templated":true}]}}