{"id":2475,"date":"2022-08-25T23:15:41","date_gmt":"2022-08-26T02:15:41","guid":{"rendered":"https:\/\/litoral.ufpr.br\/ambientais\/?page_id=2475"},"modified":"2025-10-03T11:39:53","modified_gmt":"2025-10-03T14:39:53","slug":"assessoria","status":"publish","type":"page","link":"https:\/\/litoral.ufpr.br\/ambientais\/assessoria\/","title":{"rendered":"Assessoria"},"content":{"rendered":"\n<p><strong>Evelin da Luz Garcia<\/strong><\/p>\n\n\n\n<p>SGAG &#8211; Se\u00e7\u00e3o de Gest\u00e3o Acad\u00eamica da Gradua\u00e7\u00e3o<br>UFPR LITORAL<\/p>\n\n\n\n<p>Hor\u00e1rio de atendimento: Segunda a sexta-feira, das 8h \u00e0s 14h<br><em><strong>E-mail<\/strong><\/em>:  ciencias.ambientais@ufpr.br<br>(41) 99247 &#8211; 5493<\/p>\n","protected":false},"excerpt":{"rendered":"<p>Evelin da Luz Garcia SGAG &#8211; Se\u00e7\u00e3o de Gest\u00e3o Acad\u00eamica da Gradua\u00e7\u00e3oUFPR LITORAL Hor\u00e1rio de atendimento: Segunda a sexta-feira, das 8h \u00e0s 14hE-mail: ciencias.ambientais@ufpr.br(41) 99247 &#8211; 5493<\/p>\n","protected":false},"author":12,"featured_media":0,"parent":0,"menu_order":0,"comment_status":"closed","ping_status":"closed","template":"","meta":{"_acf_changed":false,"footnotes":""},"class_list":["post-2475","page","type-page","status-publish","hentry"],"acf":[],"_links":{"self":[{"href":"https:\/\/litoral.ufpr.br\/ambientais\/wp-json\/wp\/v2\/pages\/2475","targetHints":{"allow":["GET"]}}],"collection":[{"href":"https:\/\/litoral.ufpr.br\/ambientais\/wp-json\/wp\/v2\/pages"}],"about":[{"href":"https:\/\/litoral.ufpr.br\/ambientais\/wp-json\/wp\/v2\/types\/page"}],"author":[{"embeddable":true,"href":"https:\/\/litoral.ufpr.br\/ambientais\/wp-json\/wp\/v2\/users\/12"}],"replies":[{"embeddable":true,"href":"https:\/\/litoral.ufpr.br\/ambientais\/wp-json\/wp\/v2\/comments?post=2475"}],"version-history":[{"count":9,"href":"https:\/\/litoral.ufpr.br\/ambientais\/wp-json\/wp\/v2\/pages\/2475\/revisions"}],"predecessor-version":[{"id":3401,"href":"https:\/\/litoral.ufpr.br\/ambientais\/wp-json\/wp\/v2\/pages\/2475\/revisions\/3401"}],"wp:attachment":[{"href":"https:\/\/litoral.ufpr.br\/ambientais\/wp-json\/wp\/v2\/media?parent=2475"}],"curies":[{"name":"wp","href":"https:\/\/api.w.org\/{rel}","templated":true}]}}