{"id":2454,"date":"2022-08-21T15:06:42","date_gmt":"2022-08-21T18:06:42","guid":{"rendered":"https:\/\/litoral.ufpr.br\/ambientais\/?page_id=2454"},"modified":"2025-12-18T14:19:15","modified_gmt":"2025-12-18T17:19:15","slug":"grade-horaria","status":"publish","type":"page","link":"https:\/\/litoral.ufpr.br\/ambientais\/grade-horaria\/","title":{"rendered":"Grade Hor\u00e1ria"},"content":{"rendered":"\n<p>1\u00b0 semestre de 2026<\/p>\n\n\n\n<ul class=\"wp-block-list\">\n<li><a href=\"https:\/\/litoral.ufpr.br\/ambientais\/wp-content\/uploads\/sites\/12\/2025\/12\/1.png\" data-type=\"link\" data-id=\"https:\/\/litoral.ufpr.br\/ambientais\/wp-content\/uploads\/sites\/12\/2025\/12\/1.png\">Turma 2026<\/a><\/li>\n\n\n\n<li><a href=\"https:\/\/litoral.ufpr.br\/ambientais\/wp-content\/uploads\/sites\/12\/2025\/12\/2.png\" data-type=\"link\" data-id=\"https:\/\/litoral.ufpr.br\/ambientais\/wp-content\/uploads\/sites\/12\/2025\/12\/2.png\">Turma 2025<\/a><\/li>\n\n\n\n<li><a href=\"https:\/\/litoral.ufpr.br\/ambientais\/wp-content\/uploads\/sites\/12\/2025\/12\/3.png\" data-type=\"link\" data-id=\"https:\/\/litoral.ufpr.br\/ambientais\/wp-content\/uploads\/sites\/12\/2025\/12\/3.png\">Turma 2024<\/a><\/li>\n\n\n\n<li><a href=\"https:\/\/litoral.ufpr.br\/ambientais\/wp-content\/uploads\/sites\/12\/2025\/12\/4.png\" data-type=\"link\" data-id=\"https:\/\/litoral.ufpr.br\/ambientais\/wp-content\/uploads\/sites\/12\/2025\/12\/4.png\">Turma 2023<\/a><\/li>\n<\/ul>\n\n\n\n<hr class=\"wp-block-separator has-alpha-channel-opacity\" \/>\n\n\n\n<p><a href=\"https:\/\/litoral.ufpr.br\/ambientais\/wp-content\/uploads\/sites\/12\/2025\/07\/Grade-horaria-final-20252.pdf\" data-type=\"URL\" data-id=\"https:\/\/litoral.ufpr.br\/ambientais\/wp-content\/uploads\/sites\/12\/2025\/07\/Grade-horaria-final-20252.pdf\">Grade hor\u00e1ria 2025\/2 <\/a><\/p>\n\n\n\n<p><a href=\"https:\/\/litoral.ufpr.br\/ambientais\/wp-content\/uploads\/sites\/12\/2024\/12\/GRADE-HORARIA_1\u00b0-semestre-1.pdf\">Grade hor\u00e1ria 2025\/1<\/a><\/p>\n\n\n\n<p><strong>Altera\u00e7\u00e3o no hor\u00e1rio das disciplinas 2025\/1<\/strong><\/p>\n\n\n\n<p>Informamos que os m\u00f3dulos SLCAMEX303 e SLCAM302, do 3\u00b0 per\u00edodo do curso, ter\u00e3o altera\u00e7\u00f5es nos dias dos encontros para o 1\u00b0\/2025. <\/p>\n\n\n\n<p><a href=\"https:\/\/litoral.ufpr.br\/ambientais\/wp-content\/uploads\/sites\/12\/2024\/08\/GRADE-HORARIA-2_2024-FINAL.pdf\">Grade hor\u00e1ria 2024\/2<\/a><\/p>\n\n\n\n<p><a rel=\"noreferrer noopener\" href=\"https:\/\/litoral.ufpr.br\/ambientais\/wp-content\/uploads\/sites\/12\/2025\/02\/Grade-horaria-3periodo-2025.pdf\" data-type=\"URL\" data-id=\"https:\/\/litoral.ufpr.br\/ambientais\/wp-content\/uploads\/sites\/12\/2025\/02\/Grade-horaria-3periodo-2025.pdf\" target=\"_blank\">Confira a nova grade hor\u00e1ria<\/a><\/p>\n\n\n\n<p><a href=\"https:\/\/litoral.ufpr.br\/ambientais\/wp-content\/uploads\/sites\/12\/2024\/02\/GRADE-HORARIA-2024_1-ATUALIZADO.pdf\">Grade hor\u00e1ria 2024\/1<\/a><\/p>\n\n\n\n<p><a href=\"https:\/\/litoral.ufpr.br\/ambientais\/wp-content\/uploads\/sites\/12\/2023\/08\/Tabela-de-ofertas-07-08.pdf\" data-type=\"URL\" data-id=\"https:\/\/litoral.ufpr.br\/ambientais\/wp-content\/uploads\/sites\/12\/2023\/08\/Tabela-de-ofertas-07-08.pdf\">Grade hor\u00e1ria 2023\/2<\/a><\/p>\n\n\n\n<p>P\u00e1gina atualizada em&nbsp;<strong>22&nbsp;de julho de 2025<\/strong><\/p>\n\n\n\n<figure class=\"wp-block-gallery has-nested-images columns-default is-cropped wp-block-gallery-1 is-layout-flex wp-block-gallery-is-layout-flex\">\n<figure class=\"wp-block-image size-large\"><img loading=\"lazy\" decoding=\"async\" width=\"724\" height=\"1024\" data-id=\"3588\" src=\"https:\/\/litoral.ufpr.br\/ambientais\/wp-content\/uploads\/sites\/12\/2025\/12\/1-1-724x1024.png\" alt=\"\" class=\"wp-image-3588\" srcset=\"https:\/\/litoral.ufpr.br\/ambientais\/wp-content\/uploads\/sites\/12\/2025\/12\/1-1-724x1024.png 724w, https:\/\/litoral.ufpr.br\/ambientais\/wp-content\/uploads\/sites\/12\/2025\/12\/1-1-212x300.png 212w, https:\/\/litoral.ufpr.br\/ambientais\/wp-content\/uploads\/sites\/12\/2025\/12\/1-1-768x1086.png 768w, https:\/\/litoral.ufpr.br\/ambientais\/wp-content\/uploads\/sites\/12\/2025\/12\/1-1-1086x1536.png 1086w, https:\/\/litoral.ufpr.br\/ambientais\/wp-content\/uploads\/sites\/12\/2025\/12\/1-1.png 1414w\" sizes=\"auto, (max-width: 724px) 100vw, 724px\" \/><figcaption class=\"wp-element-caption\">turma 2026<\/figcaption><\/figure>\n\n\n\n<figure class=\"wp-block-image size-large\"><img loading=\"lazy\" decoding=\"async\" width=\"724\" height=\"1024\" data-id=\"3589\" src=\"https:\/\/litoral.ufpr.br\/ambientais\/wp-content\/uploads\/sites\/12\/2025\/12\/3-724x1024.png\" alt=\"\" class=\"wp-image-3589\" srcset=\"https:\/\/litoral.ufpr.br\/ambientais\/wp-content\/uploads\/sites\/12\/2025\/12\/3-724x1024.png 724w, https:\/\/litoral.ufpr.br\/ambientais\/wp-content\/uploads\/sites\/12\/2025\/12\/3-212x300.png 212w, https:\/\/litoral.ufpr.br\/ambientais\/wp-content\/uploads\/sites\/12\/2025\/12\/3-768x1086.png 768w, https:\/\/litoral.ufpr.br\/ambientais\/wp-content\/uploads\/sites\/12\/2025\/12\/3-1086x1536.png 1086w, https:\/\/litoral.ufpr.br\/ambientais\/wp-content\/uploads\/sites\/12\/2025\/12\/3.png 1414w\" sizes=\"auto, (max-width: 724px) 100vw, 724px\" \/><figcaption class=\"wp-element-caption\">Turma 2025<\/figcaption><\/figure>\n\n\n\n<figure class=\"wp-block-image size-large\"><img loading=\"lazy\" decoding=\"async\" width=\"1414\" height=\"2000\" data-id=\"3590\" src=\"https:\/\/litoral.ufpr.br\/ambientais\/wp-content\/uploads\/sites\/12\/2025\/12\/4-724x1024.png\" alt=\"\" class=\"wp-image-3590\" srcset=\"https:\/\/litoral.ufpr.br\/ambientais\/wp-content\/uploads\/sites\/12\/2025\/12\/4-724x1024.png 724w, https:\/\/litoral.ufpr.br\/ambientais\/wp-content\/uploads\/sites\/12\/2025\/12\/4-212x300.png 212w, https:\/\/litoral.ufpr.br\/ambientais\/wp-content\/uploads\/sites\/12\/2025\/12\/4-768x1086.png 768w, https:\/\/litoral.ufpr.br\/ambientais\/wp-content\/uploads\/sites\/12\/2025\/12\/4-1086x1536.png 1086w, https:\/\/litoral.ufpr.br\/ambientais\/wp-content\/uploads\/sites\/12\/2025\/12\/4.png 1414w\" sizes=\"auto, (max-width: 1414px) 100vw, 1414px\" \/><figcaption class=\"wp-element-caption\">Turma 2024<\/figcaption><\/figure>\n<\/figure>\n","protected":false},"excerpt":{"rendered":"<p>1\u00b0 semestre de 2026 Grade hor\u00e1ria 2025\/2 Grade hor\u00e1ria 2025\/1 Altera\u00e7\u00e3o no hor\u00e1rio das disciplinas 2025\/1 Informamos que os m\u00f3dulos SLCAMEX303 e SLCAM302, do 3\u00b0 per\u00edodo do curso, ter\u00e3o altera\u00e7\u00f5es nos dias dos encontros para o 1\u00b0\/2025. Grade hor\u00e1ria 2024\/2 Confira a nova grade hor\u00e1ria Grade hor\u00e1ria 2024\/1 Grade hor\u00e1ria 2023\/2 P\u00e1gina atualizada em&nbsp;22&nbsp;de julho [&hellip;]<\/p>\n","protected":false},"author":12,"featured_media":0,"parent":0,"menu_order":0,"comment_status":"closed","ping_status":"closed","template":"","meta":{"_acf_changed":false,"footnotes":""},"class_list":["post-2454","page","type-page","status-publish","hentry"],"acf":[],"_links":{"self":[{"href":"https:\/\/litoral.ufpr.br\/ambientais\/wp-json\/wp\/v2\/pages\/2454","targetHints":{"allow":["GET"]}}],"collection":[{"href":"https:\/\/litoral.ufpr.br\/ambientais\/wp-json\/wp\/v2\/pages"}],"about":[{"href":"https:\/\/litoral.ufpr.br\/ambientais\/wp-json\/wp\/v2\/types\/page"}],"author":[{"embeddable":true,"href":"https:\/\/litoral.ufpr.br\/ambientais\/wp-json\/wp\/v2\/users\/12"}],"replies":[{"embeddable":true,"href":"https:\/\/litoral.ufpr.br\/ambientais\/wp-json\/wp\/v2\/comments?post=2454"}],"version-history":[{"count":21,"href":"https:\/\/litoral.ufpr.br\/ambientais\/wp-json\/wp\/v2\/pages\/2454\/revisions"}],"predecessor-version":[{"id":3594,"href":"https:\/\/litoral.ufpr.br\/ambientais\/wp-json\/wp\/v2\/pages\/2454\/revisions\/3594"}],"wp:attachment":[{"href":"https:\/\/litoral.ufpr.br\/ambientais\/wp-json\/wp\/v2\/media?parent=2454"}],"curies":[{"name":"wp","href":"https:\/\/api.w.org\/{rel}","templated":true}]}}