{"id":2452,"date":"2022-08-21T15:06:42","date_gmt":"2022-08-21T18:06:42","guid":{"rendered":"https:\/\/litoral.ufpr.br\/ambientais\/?page_id=2452"},"modified":"2025-10-03T11:50:50","modified_gmt":"2025-10-03T14:50:50","slug":"corpo-docente-2","status":"publish","type":"page","link":"https:\/\/litoral.ufpr.br\/ambientais\/corpo-docente-2\/","title":{"rendered":"Corpo Docente"},"content":{"rendered":"\n<p class=\"has-medium-font-size\"><strong>DOCENTES DA C\u00c2MARA DE CI\u00caNCIAS AMBIENTAIS<\/strong><\/p>\n\n\n\n<p><a rel=\"noreferrer noopener\" href=\"http:\/\/buscatextual.cnpq.br\/buscatextual\/visualizacv.do?id=K4776321J5&amp;tokenCaptchar=03AGdBq26RkWsRg8SrMsJ5Dxet5ypLjaNkXivD82MqOQRZBBKD9M2PJk7wY-h1wIcZPWMqgdCSHhFTnxioVm2_qrhgrOpE4bcH4T20Mt3Q6_Qd1UYntdQYHlTRoYWd7TyKB6GQg0olZ3tC6IMSeMSpmjE0H-zuh7ZIz9ldaspEJgfFEXI2ZL0VbwykYg7oxTPmTjIeiG0yGLhS1H42b_4RAzebpe0Qim0u3zQe0Kxcz4fP2cJvXbUng_j-YfAd9s0Teyh_UJVCGdgTekuD7JwJuDTxmKMZ31kqzdlpznQkF2PNaqYT-JksBpgmsw8AIk-zXAmshQLlS797iOUklCvLb_bdga4jcH4brBoYWaF2Ii9GlC2cLCmUQggcdUeZAAmbaC_g9IteRDphsrZHFnK3SejI3IWm3rWj0mhurSlv1kwDQ8TAeNhFEx1MSTXF_um0z7ZxM1S-2y5kb29DCSdEhYB6ETG3BLxLWI6-2wd3syfOOefofZw7X8A\" target=\"_blank\"><strong>ANDR\u00c9A MAXIMO ESP\u00cdNOLA<\/strong><\/a><br>Bacharel em Arquitetura; Doutora em Planejamento Urbano e Regional.<\/p>\n\n\n\n<p>Curr\u00edculo Lattes: <a href=\"http:\/\/lattes.cnpq.br\/9703410726901513\"><u>http:\/\/lattes.cnpq.br\/9703410726901513<\/u><\/a><br>Contato: andreaespinola@yahoo.com<\/p>\n\n\n\n<p><\/p>\n\n\n\n<p><a rel=\"noreferrer noopener\" href=\"http:\/\/buscatextual.cnpq.br\/buscatextual\/visualizacv.do?id=K4709072A5\" target=\"_blank\"><strong>ANTONIO LU\u00cdS SERBENA<\/strong><\/a><br>Bacharel e Licenciado em Ci\u00eancias Biol\u00f3gicas; Mestre em Ecologia da Conserva\u00e7\u00e3o.<\/p>\n\n\n\n<p>Curr\u00edculo Lattes: <a href=\"http:\/\/lattes.cnpq.br\/0603308636339497\"><u>http:\/\/lattes.cnpq.br\/0603308636339497<\/u><\/a><br>Contato: alserbena@gmail.com<\/p>\n\n\n\n<p><\/p>\n\n\n\n<p><a rel=\"noreferrer noopener\" href=\"http:\/\/lattes.cnpq.br\/5728857684205160\" target=\"_blank\"><strong>EDUARDO HARDER<\/strong><\/a><br>Bacharel em Direito; Doutor em Direito.<\/p>\n\n\n\n<p>Curr\u00edculo Lattes: <a href=\"http:\/\/lattes.cnpq.br\/5728857684205160\"><u>http:\/\/lattes.cnpq.br\/5728857684205160<\/u><\/a>&nbsp;<br>Contato: eduardoharder@ufpr.br<\/p>\n\n\n\n<p><\/p>\n\n\n\n<p><a rel=\"noreferrer noopener\" href=\"http:\/\/lattes.cnpq.br\/6808343383154097\" target=\"_blank\"><strong>JULIANA QUADROS<\/strong><\/a><br>Licenciada em Ci\u00eancias Biol\u00f3gicas; Doutora em Ci\u00eancias Biol\u00f3gicas (Zoologia).<\/p>\n\n\n\n<p>Curr\u00edculo Lattes: <a href=\"http:\/\/lattes.cnpq.br\/6808343383154097\"><u>http:\/\/lattes.cnpq.br\/6808343383154097<\/u><\/a>&nbsp;<br>Contato: quadros.juliana@hotmail.com<\/p>\n\n\n\n<p><\/p>\n\n\n\n<p><a rel=\"noreferrer noopener\" href=\"http:\/\/lattes.cnpq.br\/1831402537219327\" target=\"_blank\"><strong>LILIANI MARILIA TIEPOLO<\/strong><\/a><br>Bacharelado e Licenciatura em Ci\u00eancias Biol\u00f3gicas; Doutora em Ci\u00eancias Biol\u00f3gicas (Zoologia).<\/p>\n\n\n\n<p>Curr\u00edculo Lattes: <a href=\"http:\/\/lattes.cnpq.br\/1831402537219327\"><u>http:\/\/lattes.cnpq.br\/1831402537219327<\/u><\/a><br>Contato: liliani@ufpr.br<\/p>\n\n\n\n<p><\/p>\n\n\n\n<p><a rel=\"noreferrer noopener\" href=\"http:\/\/lattes.cnpq.br\/1187599583784902\" target=\"_blank\"><strong>LUCIANO FERNANDES HUERGO<\/strong><\/a><br>Bacharel em Ci\u00eancias Biol\u00f3gicas; Doutor em Ci\u00eancias \u2013 Bioqu\u00edmica.<\/p>\n\n\n\n<p>Curr\u00edculo Lattes: <a href=\"http:\/\/lattes.cnpq.br\/1187599583784902\"><u>http:\/\/lattes.cnpq.br\/1187599583784902<\/u><\/a>&nbsp;<br>Contato: luciano.huergo@gmail.com<\/p>\n\n\n\n<p><\/p>\n\n\n\n<p><a rel=\"noreferrer noopener\" href=\"http:\/\/lattes.cnpq.br\/7032727245293131\" target=\"_blank\"><strong>LUIZ AUGUSTO MACEDO MESTRE<\/strong><\/a><br>Bacharel e Licenciado em Ci\u00eancias Biol\u00f3gicas; Doutor em Ci\u00eancias Biol\u00f3gicas (Ecologia).<\/p>\n\n\n\n<p>Curr\u00edculo Lattes: <a href=\"http:\/\/lattes.cnpq.br\/7032727245293131\"><u>http:\/\/lattes.cnpq.br\/7032727245293131<\/u><\/a>&nbsp;<br>Contato: luiz.mestre@ufpr.br<\/p>\n\n\n\n<p><\/p>\n\n\n\n<p><a rel=\"noreferrer noopener\" href=\"http:\/\/lattes.cnpq.br\/3531273665021703\" target=\"_blank\"><strong>PAULO HENRIQUE CARNEIRO MARQUES<\/strong><\/a><br>Bacharel e Licenciado em Ci\u00eancias Biol\u00f3gicas; Doutor em Ecologia e Recursos Naturais.<\/p>\n\n\n\n<p>Curr\u00edculo Lattes: <a href=\"http:\/\/lattes.cnpq.br\/3531273665021703\"><u>http:\/\/lattes.cnpq.br\/3531273665021703<\/u><\/a>&nbsp;<br>Contato: phcm@ufpr.br<\/p>\n\n\n\n<p><\/p>\n\n\n\n<p><a rel=\"noreferrer noopener\" href=\"http:\/\/lattes.cnpq.br\/7405162718514276\" target=\"_blank\"><strong>RENATO BOCHICCHIO<\/strong><\/a><br>Bacharel em Engenharia Florestal; Doutor em Ci\u00eancias \u2013 Bioqu\u00edmica.<\/p>\n\n\n\n<p>Curr\u00edculo Lattes: <a href=\"http:\/\/lattes.cnpq.br\/7405162718514276\"><u>http:\/\/lattes.cnpq.br\/7405162718514276<\/u><\/a>&nbsp;<br>Contato: rebocch@gmail.com<\/p>\n\n\n\n<p><\/p>\n\n\n\n<p><a rel=\"noreferrer noopener\" href=\"http:\/\/lattes.cnpq.br\/0290714285197089\" target=\"_blank\"><strong>VALDIR FRIGO DENARDIN<\/strong><\/a><br>Bacharel em Economia; Doutor em Desenvolvimento, Agricultura e Sociedade.<\/p>\n\n\n\n<p>Curr\u00edculo Lattes: <a href=\"http:\/\/lattes.cnpq.br\/0290714285197089\"><u>http:\/\/lattes.cnpq.br\/0290714285197089<\/u><\/a>&nbsp;<br>Contato: valdirfd@yahoo.com.br<\/p>\n\n\n\n<p><\/p>\n\n\n\n<p class=\"has-medium-font-size\"><strong>DOCENTES COLABORADORES<\/strong><\/p>\n\n\n\n<p><strong>ALAN GUILHERME GON\u00c7ALVES<\/strong><br>Bacharel em Farm\u00e1cia e Bioqu\u00edmica; Doutor em Ci\u00eancias &#8211; Bioqu\u00edmica.<\/p>\n\n\n\n<p><strong>ANA ELISA DE CASTRO FREITAS<\/strong><br>Bacharel em Biologia; Doutora em Antropologia Social.<\/p>\n\n\n\n<p><strong>DANIEL GUSTAVO FLEIG<\/strong><br>Bacharel em Administra\u00e7\u00e3o; Doutor em Sociologia.<\/p>\n\n\n\n<p><strong>ELLEN JOANA NUNES SANTOS CUNHA<\/strong><br>Licenciada em Ci\u00eancias Biol\u00f3gicas; Doutora em Oceanografia.<\/p>\n\n\n\n<p><strong>LUIZ FERNANDO DE CARLI LAUTERT<\/strong><br>Bacharel e Licenciado em Geografia; Doutor em Ci\u00eancias \u2013 Geografia F\u00edsica.<\/p>\n\n\n\n<p><strong>MARCELO CUNHA VARELLA<\/strong><br>Bacharel em Gest\u00e3o Ambiental; Doutor em Geografia.<\/p>\n\n\n\n<p>P\u00e1gina atualizada em:\u00a0<strong>03 de out de 2025<\/strong><\/p>\n","protected":false},"excerpt":{"rendered":"<p>DOCENTES DA C\u00c2MARA DE CI\u00caNCIAS AMBIENTAIS ANDR\u00c9A MAXIMO ESP\u00cdNOLABacharel em Arquitetura; Doutora em Planejamento Urbano e Regional. Curr\u00edculo Lattes: http:\/\/lattes.cnpq.br\/9703410726901513Contato: andreaespinola@yahoo.com ANTONIO LU\u00cdS SERBENABacharel e Licenciado em Ci\u00eancias Biol\u00f3gicas; Mestre em Ecologia da Conserva\u00e7\u00e3o. Curr\u00edculo Lattes: http:\/\/lattes.cnpq.br\/0603308636339497Contato: alserbena@gmail.com EDUARDO HARDERBacharel em Direito; Doutor em Direito. Curr\u00edculo Lattes: http:\/\/lattes.cnpq.br\/5728857684205160&nbsp;Contato: eduardoharder@ufpr.br JULIANA QUADROSLicenciada em Ci\u00eancias Biol\u00f3gicas; Doutora [&hellip;]<\/p>\n","protected":false},"author":12,"featured_media":0,"parent":0,"menu_order":0,"comment_status":"closed","ping_status":"closed","template":"","meta":{"_acf_changed":false,"footnotes":""},"class_list":["post-2452","page","type-page","status-publish","hentry"],"acf":[],"_links":{"self":[{"href":"https:\/\/litoral.ufpr.br\/ambientais\/wp-json\/wp\/v2\/pages\/2452","targetHints":{"allow":["GET"]}}],"collection":[{"href":"https:\/\/litoral.ufpr.br\/ambientais\/wp-json\/wp\/v2\/pages"}],"about":[{"href":"https:\/\/litoral.ufpr.br\/ambientais\/wp-json\/wp\/v2\/types\/page"}],"author":[{"embeddable":true,"href":"https:\/\/litoral.ufpr.br\/ambientais\/wp-json\/wp\/v2\/users\/12"}],"replies":[{"embeddable":true,"href":"https:\/\/litoral.ufpr.br\/ambientais\/wp-json\/wp\/v2\/comments?post=2452"}],"version-history":[{"count":11,"href":"https:\/\/litoral.ufpr.br\/ambientais\/wp-json\/wp\/v2\/pages\/2452\/revisions"}],"predecessor-version":[{"id":3536,"href":"https:\/\/litoral.ufpr.br\/ambientais\/wp-json\/wp\/v2\/pages\/2452\/revisions\/3536"}],"wp:attachment":[{"href":"https:\/\/litoral.ufpr.br\/ambientais\/wp-json\/wp\/v2\/media?parent=2452"}],"curies":[{"name":"wp","href":"https:\/\/api.w.org\/{rel}","templated":true}]}}