{"id":2433,"date":"2022-08-19T21:37:30","date_gmt":"2022-08-20T00:37:30","guid":{"rendered":"https:\/\/litoral.ufpr.br\/ambientais\/?page_id=2433"},"modified":"2025-10-06T11:51:48","modified_gmt":"2025-10-06T14:51:48","slug":"tcc-2","status":"publish","type":"page","link":"https:\/\/litoral.ufpr.br\/ambientais\/tcc-2\/","title":{"rendered":"TCC"},"content":{"rendered":"\n<p id=\"block-5a20ede7-e32d-4012-8f2a-e6bf4d5042de\">O Trabalho de Conclus\u00e3o de Curso (TCC) tem por finalidade oportunizar ao aluno do Curso de Ci\u00eancias Ambientais a integra\u00e7\u00e3o e sistematiza\u00e7\u00e3o de conte\u00fados e experi\u00eancias desenvolvidos e apropriados ao longo da periodiza\u00e7\u00e3o curricular, a partir de fundamenta\u00e7\u00e3o te\u00f3rica e metodol\u00f3gica orientada pelos docentes do curso.<\/p>\n\n\n\n<p id=\"block-27dc6a2b-093e-4bd8-9957-b4e20dd02d64\"><br>A carga hor\u00e1ria ser\u00e1 de 180 horas e a oferta est\u00e1 prevista para o sexto (TCC I), s\u00e9timo (TCC II) e o oitavo per\u00edodos (TCC III), correspondendo respectivamente ao PA VI, PA VII e PA VIII.<\/p>\n\n\n\n<p id=\"block-9aca17c3-bf52-4eee-bc2c-54dd4f6d2a4c\">O Regulamento do TCC consta no Anexo II do PPC, pelo qual s\u00e3o estabelecidas as normas para orienta\u00e7\u00e3o e elabora\u00e7\u00e3o do trabalho, bem como para apresenta\u00e7\u00e3o, defesa e avalia\u00e7\u00e3o.<\/p>\n\n\n\n<p><a rel=\"noreferrer noopener\" href=\"https:\/\/litoral.ufpr.br\/ambientais\/wp-content\/uploads\/sites\/12\/2021\/12\/TCC-CA.pdf\" target=\"_blank\">Regulamento do TCC  Baixar<\/a><\/p>\n\n\n\n<p><br>P\u00e1gina atualizada em <strong>03 de out de 2025<\/strong><\/p>\n","protected":false},"excerpt":{"rendered":"<p>O Trabalho de Conclus\u00e3o de Curso (TCC) tem por finalidade oportunizar ao aluno do Curso de Ci\u00eancias Ambientais a integra\u00e7\u00e3o e sistematiza\u00e7\u00e3o de conte\u00fados e experi\u00eancias desenvolvidos e apropriados ao longo da periodiza\u00e7\u00e3o curricular, a partir de fundamenta\u00e7\u00e3o te\u00f3rica e metodol\u00f3gica orientada pelos docentes do curso. A carga hor\u00e1ria ser\u00e1 de 180 horas e a [&hellip;]<\/p>\n","protected":false},"author":12,"featured_media":0,"parent":0,"menu_order":0,"comment_status":"closed","ping_status":"closed","template":"","meta":{"_acf_changed":false,"footnotes":""},"class_list":["post-2433","page","type-page","status-publish","hentry"],"acf":[],"_links":{"self":[{"href":"https:\/\/litoral.ufpr.br\/ambientais\/wp-json\/wp\/v2\/pages\/2433","targetHints":{"allow":["GET"]}}],"collection":[{"href":"https:\/\/litoral.ufpr.br\/ambientais\/wp-json\/wp\/v2\/pages"}],"about":[{"href":"https:\/\/litoral.ufpr.br\/ambientais\/wp-json\/wp\/v2\/types\/page"}],"author":[{"embeddable":true,"href":"https:\/\/litoral.ufpr.br\/ambientais\/wp-json\/wp\/v2\/users\/12"}],"replies":[{"embeddable":true,"href":"https:\/\/litoral.ufpr.br\/ambientais\/wp-json\/wp\/v2\/comments?post=2433"}],"version-history":[{"count":4,"href":"https:\/\/litoral.ufpr.br\/ambientais\/wp-json\/wp\/v2\/pages\/2433\/revisions"}],"predecessor-version":[{"id":3443,"href":"https:\/\/litoral.ufpr.br\/ambientais\/wp-json\/wp\/v2\/pages\/2433\/revisions\/3443"}],"wp:attachment":[{"href":"https:\/\/litoral.ufpr.br\/ambientais\/wp-json\/wp\/v2\/media?parent=2433"}],"curies":[{"name":"wp","href":"https:\/\/api.w.org\/{rel}","templated":true}]}}