{"id":2421,"date":"2022-08-19T21:13:07","date_gmt":"2022-08-20T00:13:07","guid":{"rendered":"https:\/\/litoral.ufpr.br\/ambientais\/?page_id=2421"},"modified":"2024-09-10T14:06:28","modified_gmt":"2024-09-10T17:06:28","slug":"periodizacao-recomendada","status":"publish","type":"page","link":"https:\/\/litoral.ufpr.br\/ambientais\/periodizacao-recomendada\/","title":{"rendered":"Periodiza\u00e7\u00e3o Recomendada"},"content":{"rendered":"\n<p><strong>N\u00facleo de Forma\u00e7\u00e3o B\u00e1sica (NFB) &#8211; Curr\u00edculo 2018:<\/strong><\/p>\n\n\n\n<p>\u00c9 constitu\u00eddo por m\u00f3dulos integrados, conforme diretrizes do Projeto Pedag\u00f3gico da UFPR Litoral, organizados segundo duas bases de conhecimentos. A primeira \u00e9 formada por conhecimentos caracter\u00edsticos do campo profissional, os quais imprimem visibilidade ao exerc\u00edcio da profiss\u00e3o (m\u00f3dulos aplicados). Ou seja, representa os saberes fundamentais voltados ao perfil profissional e objetivos do curso. A segunda integra saberes de outros campos correlatos, que sustentam esse saber aplicado. Esses m\u00f3dulos surgem a partir das tr\u00eas grandes \u00e1reas que s\u00e3o eixos estruturadores do curso: (1) Ecologia, (2) Territ\u00f3rio e (3) Sociedade, Cultura e Ambiente. Constituem o\u00a0 curr\u00edculo b\u00e1sico obrigat\u00f3rio do curso os FTPs, ICHs e PAs, totalizando 2.400 horas, ofertadas preferencialmente no turno da manh\u00e3.<\/p>\n\n\n\n<div class=\"wp-block-columns is-layout-flex wp-container-core-columns-is-layout-9d6595d7 wp-block-columns-is-layout-flex\">\n<div class=\"wp-block-column is-layout-flow wp-block-column-is-layout-flow\" style=\"flex-basis:100%\">\n<figure class=\"wp-block-table is-style-regular\"><table><tbody><tr><td>FASES<\/td><td>Sem.<\/td><td>FUNDAMENTOS TE\u00d3RICO-PR\u00c1TICOS&nbsp; (1440 h)<\/td><td><\/td><td>PA\u00a0 (480h)<\/td><td>ICH\u00a0 (480h)<\/td><\/tr><tr><td>Conhecer e compreender<\/td><td>1\u00b0<\/td><td>Historia Ambiental<\/td><td>Ecologia da Paisagem<\/td><td>G\u00eanese e Transfor-ma\u00e7\u00e3o Territorial<\/td><td>ICH I<\/td><td>PA\u00a0 I<\/td><\/tr><tr><td><\/td><td>2\u00b0<\/td><td>Biogeografia<\/td><td>Qu\u00edmica e Microbiologia<\/td><td>Sociedade, Cultura e Ambiente<\/td><td>ICH II<\/td><td>PA <br>II<\/td><\/tr><tr><td>Compreender e Propor<\/td><td>3\u00b0<\/td><td>Autoecologia<\/td><td>Biogeoqu\u00edmica<\/td><td>Bens Comuns e Patrim\u00f4nio Ambiental<\/td><td>ICH III<\/td><td>PA III<\/td><\/tr><tr><td><\/td><td>4\u00b0<\/td><td>Demoecologia<\/td><td>Sist. Informa\u00e7\u00f5es Geogr\u00e1ficas<\/td><td>Ambiente e Territ\u00f3rio Urbano<\/td><td>ICH IV<\/td><td>PA IV<\/td><\/tr><tr><td><\/td><td>5\u00b0<\/td><td>Sinecologia<\/td><td>Planejamento Territorial<\/td><td>Economia Ecol\u00f3gica<\/td><td>ICH V<\/td><td>PA V<\/td><\/tr><tr><td>Propor e agir<\/td><td>6\u00b0<\/td><td>Biologia da Conserva\u00e7\u00e3o<\/td><td>Gest\u00e3o Ambiental<\/td><td>Organiza\u00e7\u00f5es e Tecnologias Sociais<\/td><td>ICH VI<\/td><td>PA VI TCC I<\/td><\/tr><tr><td><\/td><td>7\u00b0<\/td><td>Aval. &nbsp;Impactos ambientais<\/td><td>An\u00e1lise integrada Bacias Hidrogr\u00e1ficas<\/td><td>Ecologia Pol\u00edtica e Justi\u00e7a Ambiental<\/td><td>ICH&nbsp; &nbsp;VII<\/td><td>PA VII TCC II<\/td><\/tr><tr><td><\/td><td>8\u00b0<\/td><td>Manejo \u00c1reas protegidas<\/td><td>Projetos de An\u00e1lise e Monitoramento Ambiental<\/td><td>Ecodesenvolvimento e Territ\u00f3rio<\/td><td>ICH VIII<\/td><td>PA VIII TCC III<\/td><\/tr><\/tbody><\/table><\/figure>\n<\/div>\n<\/div>\n\n\n\n<hr class=\"wp-block-separator has-css-opacity\" \/>\n\n\n\n<p><strong>N\u00facleo de Forma\u00e7\u00e3o B\u00e1sica (NFB) &#8211; Curr\u00edculo 2024<\/strong><\/p>\n\n\n\n<p>\u00c9 constitu\u00eddo por m\u00f3dulos integrados, conforme diretrizes do Projeto Pedag\u00f3gico da UFPR Litoral, organizados segundo duas bases de conhecimentos. A primeira \u00e9 formada por conhecimentos caracter\u00edsticos do campo profissional, os quais imprimem visibilidade ao exerc\u00edcio da profiss\u00e3o (m\u00f3dulos aplicados). Ou seja, representa os saberes fundamentais voltados ao perfil profissional e objetivos do curso. A segunda integra saberes de outros campos correlatos, que sustentam esse saber aplicado. Esses m\u00f3dulos surgem a partir das tr\u00eas grandes \u00e1reas que s\u00e3o eixos estruturadores do curso: (1) Ecologia, (2) Territ\u00f3rio e (3) Socioambiental. Constituem o curr\u00edculo b\u00e1sico obrigat\u00f3rio do curso os FTPs, ICHs e PAs, totalizando 2.160 horas, ofertadas no turno da manh\u00e3. Um diagrama da periodiza\u00e7\u00e3o recomendada est\u00e1 representado na seguinte tabela:<\/p>\n\n\n\n<p><\/p>\n\n\n\n<figure class=\"wp-block-image size-full\"><img loading=\"lazy\" decoding=\"async\" width=\"1761\" height=\"960\" src=\"https:\/\/litoral.ufpr.br\/ambientais\/wp-content\/uploads\/sites\/12\/2024\/09\/periodizacao-recomendada-2024-2.png\" alt=\"\" class=\"wp-image-2948\" \/><\/figure>\n","protected":false},"excerpt":{"rendered":"<p>N\u00facleo de Forma\u00e7\u00e3o B\u00e1sica (NFB) &#8211; Curr\u00edculo 2018: \u00c9 constitu\u00eddo por m\u00f3dulos integrados, conforme diretrizes do Projeto Pedag\u00f3gico da UFPR Litoral, organizados segundo duas bases de conhecimentos. A primeira \u00e9 formada por conhecimentos caracter\u00edsticos do campo profissional, os quais imprimem visibilidade ao exerc\u00edcio da profiss\u00e3o (m\u00f3dulos aplicados). Ou seja, representa os saberes fundamentais voltados ao [&hellip;]<\/p>\n","protected":false},"author":1656,"featured_media":0,"parent":0,"menu_order":0,"comment_status":"closed","ping_status":"closed","template":"","meta":{"_acf_changed":false,"footnotes":""},"class_list":["post-2421","page","type-page","status-publish","hentry"],"acf":[],"_links":{"self":[{"href":"https:\/\/litoral.ufpr.br\/ambientais\/wp-json\/wp\/v2\/pages\/2421","targetHints":{"allow":["GET"]}}],"collection":[{"href":"https:\/\/litoral.ufpr.br\/ambientais\/wp-json\/wp\/v2\/pages"}],"about":[{"href":"https:\/\/litoral.ufpr.br\/ambientais\/wp-json\/wp\/v2\/types\/page"}],"author":[{"embeddable":true,"href":"https:\/\/litoral.ufpr.br\/ambientais\/wp-json\/wp\/v2\/users\/1656"}],"replies":[{"embeddable":true,"href":"https:\/\/litoral.ufpr.br\/ambientais\/wp-json\/wp\/v2\/comments?post=2421"}],"version-history":[{"count":5,"href":"https:\/\/litoral.ufpr.br\/ambientais\/wp-json\/wp\/v2\/pages\/2421\/revisions"}],"predecessor-version":[{"id":2954,"href":"https:\/\/litoral.ufpr.br\/ambientais\/wp-json\/wp\/v2\/pages\/2421\/revisions\/2954"}],"wp:attachment":[{"href":"https:\/\/litoral.ufpr.br\/ambientais\/wp-json\/wp\/v2\/media?parent=2421"}],"curies":[{"name":"wp","href":"https:\/\/api.w.org\/{rel}","templated":true}]}}