{"id":215,"date":"2018-08-09T11:05:49","date_gmt":"2018-08-09T14:05:49","guid":{"rendered":"https:\/\/litoral.ufpr.br\/ambientais\/?page_id=215"},"modified":"2025-03-10T09:48:35","modified_gmt":"2025-03-10T12:48:35","slug":"programas-e-projetos","status":"publish","type":"page","link":"https:\/\/litoral.ufpr.br\/ambientais\/programas-e-projetos\/","title":{"rendered":"Programas e Projetos"},"content":{"rendered":"\n<figure class=\"wp-block-table is-style-stripes\"><table class=\"has-black-color has-text-color has-fixed-layout\"><thead><tr><th class=\"has-text-align-left\" data-align=\"left\">Andr\u00e9a Maximo Esp\u00ednola<\/th><\/tr><\/thead><tbody><tr><td class=\"has-text-align-left\" data-align=\"left\">Forma\u00e7\u00e3o:<br>Curr\u00edculo Lattes: <a rel=\"noreferrer noopener\" href=\"http:\/\/lattes.cnpq.br\/9703410726901513\" target=\"_blank\">http:\/\/lattes.cnpq.br\/9703410726901513<\/a><br>Contato: andreaespinola@yahoo.com<br><\/td><\/tr><tr><td class=\"has-text-align-left\" data-align=\"left\"><strong>EXTENS\u00c3O<\/strong>:<\/td><\/tr><tr><td class=\"has-text-align-left\" data-align=\"left\"><strong>PESQUISA<\/strong>:<br>. Forma urbana e apropria\u00e7\u00e3o do espa\u00e7o em cidades litor\u00e2neas<\/td><\/tr><\/tbody><\/table><\/figure>\n\n\n\n<figure class=\"wp-block-table is-style-stripes\"><table class=\"has-black-color has-text-color has-fixed-layout\"><thead><tr><th class=\"has-text-align-left\" data-align=\"left\">Antonio Lu\u00eds Serbena<\/th><\/tr><\/thead><tbody><tr><td class=\"has-text-align-left\" data-align=\"left\">Forma\u00e7\u00e3o: Bacharel e Licenciado em Ci\u00eancias Biol\u00f3gicas; Mestre em Ecologia da Conserva\u00e7\u00e3o.<br>Curr\u00edculo Lattes: <a rel=\"noreferrer noopener\" href=\"http:\/\/lattes.cnpq.br\/0603308636339497\" target=\"_blank\">http:\/\/lattes.cnpq.br\/0603308636339497<\/a><br>Contato: alserbena@gmail.com <\/td><\/tr><tr><td class=\"has-text-align-left\" data-align=\"left\"><strong>EXTENS\u00c3O<\/strong>:<\/td><\/tr><tr><td class=\"has-text-align-left\" data-align=\"left\"><strong>PESQUISA<\/strong>:<\/td><\/tr><\/tbody><\/table><\/figure>\n\n\n\n<figure class=\"wp-block-table is-style-stripes\"><table class=\"has-black-color has-text-color has-fixed-layout\"><thead><tr><th class=\"has-text-align-left\" data-align=\"left\">Eduardo Harder<\/th><\/tr><\/thead><tbody><tr><td class=\"has-text-align-left\" data-align=\"left\">Forma\u00e7\u00e3o: Bacharel em Direito; Doutor em Direito.<br>Curr\u00edculo Lattes: <a rel=\"noreferrer noopener\" href=\"http:\/\/lattes.cnpq.br\/5728857684205160\" target=\"_blank\">http:\/\/lattes.cnpq.br\/5728857684205160<\/a> <br>Contato: eduardoharder@ufpr.br<\/td><\/tr><tr><td class=\"has-text-align-left\" data-align=\"left\"><strong>EXTENS\u00c3O<\/strong>: <\/td><\/tr><tr><td class=\"has-text-align-left\" data-align=\"left\"><strong>PESQUISA<\/strong>: .<br>. Levantamento e An\u00e1lise do Sistema Normativo Brasileiro de Prote\u00e7\u00e3o ao Patrim\u00f4nio Cultural Material e Imaterial.<\/td><\/tr><\/tbody><\/table><\/figure>\n\n\n\n<figure class=\"wp-block-table is-style-stripes\"><table class=\"has-black-color has-text-color has-fixed-layout\"><thead><tr><th class=\"has-text-align-left\" data-align=\"left\">Juliana Quadros<\/th><\/tr><\/thead><tbody><tr><td class=\"has-text-align-left\" data-align=\"left\">Forma\u00e7\u00e3o: Licenciada em Ci\u00eancias Biol\u00f3gicas; Doutora em Ci\u00eancias Biol\u00f3gicas (Zoologia). <br>Curr\u00edculo Lattes: <a rel=\"noreferrer noopener\" href=\"http:\/\/lattes.cnpq.br\/6808343383154097\" target=\"_blank\">http:\/\/lattes.cnpq.br\/6808343383154097<\/a>  <br>Contato: quadros.juliana@hotmail.com<\/td><\/tr><tr><td class=\"has-text-align-left\" data-align=\"left\"><strong>EXTENS\u00c3O<\/strong>: <br>. Projeto SER de prote\u00e7\u00e3o animal: senciencia, empatia e respeito.<\/td><\/tr><tr><td class=\"has-text-align-left\" data-align=\"left\"><strong>PESQUISA<\/strong>: <br>. PROLONTRA: Conserva\u00e7\u00e3o da Lontra Neotropical e de seu habitat na bacia do Rio Guaragua\u00e7u, litoral do Paran\u00e1; <br>. Projeto Guar\u00e1: Conserva\u00e7\u00e3o do Guar\u00e1 <em>Eudocimus ruber<\/em> (Linnaeus, 1758) (Aves, Ciconiformes, Threskiornithidae) e de seu habitat na ba\u00eda de Guaratuba, Paran\u00e1, Brasil.<\/td><\/tr><\/tbody><\/table><\/figure>\n\n\n\n<figure class=\"wp-block-table is-style-stripes\"><table class=\"has-black-color has-text-color has-fixed-layout\"><thead><tr><th class=\"has-text-align-left\" data-align=\"left\">Liliani Marilia Tiepolo<\/th><\/tr><\/thead><tbody><tr><td class=\"has-text-align-left\" data-align=\"left\">Forma\u00e7\u00e3o: Bacharelado e Licenciatura em Ci\u00eancias Biol\u00f3gicas; Doutora em Ci\u00eancias Biol\u00f3gicas (Zoologia).<br>Curr\u00edculo Lattes: <a rel=\"noreferrer noopener\" href=\"http:\/\/lattes.cnpq.br\/1831402537219327\" target=\"_blank\">http:\/\/lattes.cnpq.br\/1831402537219327<\/a><br>Contato: liliani@ufpr.br<\/td><\/tr><tr><td class=\"has-text-align-left\" data-align=\"left\"><strong>EXTENS\u00c3O<\/strong>:<br>. Regulariza\u00e7\u00e3o fundi\u00e1ria em assentamentos de reforma agr\u00e1ria;<br>. Di\u00e1logos de saberes em Ci\u00eancias Ambientais no litoral do Paran\u00e1 e \u00e1reas circunvizinhas.<\/td><\/tr><tr><td class=\"has-text-align-left\" data-align=\"left\"><strong>PESQUISA<\/strong>: <br>. Contamina\u00e7\u00e3o ambiental sobre a biodiversidade do hotspot Mata Atl\u00e2ntica e ecossistemas associados no Paran\u00e1;<br>. Mata Atl\u00e2ntica em An\u00e1lise Multiescala: Biodiversidade, Contamina\u00e7\u00e3o e Possibilidades para o Desenvolvimento Sustent\u00e1vel.<\/td><\/tr><\/tbody><\/table><\/figure>\n\n\n\n<figure class=\"wp-block-table is-style-stripes\"><table class=\"has-black-color has-text-color has-fixed-layout\"><thead><tr><th class=\"has-text-align-left\" data-align=\"left\">Luciano Fernandes Huergo<\/th><\/tr><\/thead><tbody><tr><td class=\"has-text-align-left\" data-align=\"left\">Forma\u00e7\u00e3o: Bacharel em Ci\u00eancias Biol\u00f3gicas; Doutor em Ci\u00eancias \u2013 Bioqu\u00edmica. <br>Curr\u00edculo Lattes: <a rel=\"noreferrer noopener\" href=\"http:\/\/lattes.cnpq.br\/1187599583784902\" target=\"_blank\">http:\/\/lattes.cnpq.br\/1187599583784902<\/a>  <br>Contato: luciano.huergo@gmail.com <\/td><\/tr><tr><td class=\"has-text-align-left\" data-align=\"left\"><strong>EXTENS\u00c3O<\/strong>: <br>. Projeto de Enfrentamento ao COVID-19 &#8211; UFPR Litoral.<\/td><\/tr><tr><td class=\"has-text-align-left\" data-align=\"left\"><strong>PESQUISA<\/strong>: <br>. Polui\u00e7\u00e3o atmosf\u00e9rica relacionada \u00e0s atividades portu\u00e1rias de Paranagu\u00e1: Impactos nas \u00e1reas naturais protegidas da Mata Atl\u00e2ntica paranaense.<\/td><\/tr><\/tbody><tfoot><tr><td class=\"has-text-align-left\" data-align=\"left\"><\/td><\/tr><\/tfoot><\/table><\/figure>\n\n\n\n<figure class=\"wp-block-table is-style-stripes\"><table class=\"has-black-color has-text-color has-fixed-layout\"><thead><tr><th class=\"has-text-align-left\" data-align=\"left\">Luiz Augusto Macedo Mestre<\/th><\/tr><\/thead><tbody><tr><td class=\"has-text-align-left\" data-align=\"left\">Forma\u00e7\u00e3o: Bacharel e Licenciado em Ci\u00eancias Biol\u00f3gicas; Doutor em Ci\u00eancias Biol\u00f3gicas (Ecologia).<br>Curr\u00edculo Lattes: <a rel=\"noreferrer noopener\" href=\"http:\/\/lattes.cnpq.br\/7032727245293131\" target=\"_blank\">http:\/\/lattes.cnpq.br\/7032727245293131<\/a> <br>Contato: luiz.mestre@ufpr.br<\/td><\/tr><tr><td class=\"has-text-align-left\" data-align=\"left\"><strong>EXTENS\u00c3O<\/strong>: <br>. P\u00e1ginas de Biodiversidade: <a rel=\"noreferrer noopener\" href=\"https:\/\/paginasdabio.ufpr.br\/home\/\" target=\"_blank\">https:\/\/paginasdabio.ufpr.br\/home\/<\/a><\/td><\/tr><tr><td class=\"has-text-align-left\" data-align=\"left\"><strong>PESQUISA<\/strong>: <br>. As aves e os ambientes do Litoral do Paran\u00e1.<br>. Aves do Parque Estadual Rio da On\u00e7a.<br>. Geoprocessamento nas Ci\u00eancias Ambientais.<\/td><\/tr><\/tbody><\/table><\/figure>\n\n\n\n<figure class=\"wp-block-table is-style-stripes\"><table class=\"has-black-color has-text-color has-fixed-layout\"><thead><tr><th class=\"has-text-align-left\" data-align=\"left\">Paulo Henrique Carneiro Marques<\/th><\/tr><\/thead><tbody><tr><td class=\"has-text-align-left\" data-align=\"left\">Forma\u00e7\u00e3o: Bacharel e Licenciado em Ci\u00eancias Biol\u00f3gicas; Doutor em Ecologia e Recursos Naturais.<br>Curr\u00edculo Lattes: <a rel=\"noreferrer noopener\" href=\"http:\/\/lattes.cnpq.br\/3531273665021703\" target=\"_blank\">http:\/\/lattes.cnpq.br\/3531273665021703<\/a> <br>Contato: phcm@ufpr.br<\/td><\/tr><tr><td class=\"has-text-align-left\" data-align=\"left\"><strong>EXTENS\u00c3O<\/strong>:<\/td><\/tr><tr><td class=\"has-text-align-left\" data-align=\"left\"><strong>PESQUISA<\/strong>: <br>. Paisagens fluviais, bacias hidrogr\u00e1ficas e desenvolvimento territorial no litoral do Paran\u00e1.<\/td><\/tr><\/tbody><\/table><\/figure>\n\n\n\n<figure class=\"wp-block-table is-style-stripes\"><table class=\"has-black-color has-text-color has-fixed-layout\"><thead><tr><th class=\"has-text-align-left\" data-align=\"left\">Renato Bochicchio<\/th><\/tr><\/thead><tbody><tr><td class=\"has-text-align-left\" data-align=\"left\">Forma\u00e7\u00e3o: <br>Curr\u00edculo Lattes: <a rel=\"noreferrer noopener\" href=\"http:\/\/lattes.cnpq.br\/7405162718514276\" target=\"_blank\">http:\/\/lattes.cnpq.br\/7405162718514276<\/a> <br>Contato: rebocch@gmail.com <\/td><\/tr><tr><td class=\"has-text-align-left\" data-align=\"left\"><strong>EXTENS\u00c3O<\/strong>: <br>. Programa de est\u00edmulo a processos de forma\u00e7\u00e3o r\u00e1pida nos campi avan\u00e7ados;<br>. E-Curso: Equidade e conhecimento &#8211; curso preparat\u00f3rio para os processos de sele\u00e7\u00e3o das institui\u00e7\u00f5es p\u00fablicas de ensino superior;<br>. Universidade na escola: democratiza\u00e7\u00e3o do ensino superior a partir dos campi interiorizados da UFPR.<\/td><\/tr><tr><td class=\"has-text-align-left\" data-align=\"left\"><strong>PESQUISA<\/strong>:<br>. A meliponicultura no litoral do Paran\u00e1: diagn\u00f3sticos, intera\u00e7\u00f5es ecol\u00f3gicas e prospec\u00e7\u00e3o de biomol\u00e9culas.<\/td><\/tr><\/tbody><\/table><\/figure>\n\n\n\n<figure class=\"wp-block-table is-style-stripes\"><table class=\"has-black-color has-text-color has-fixed-layout\"><thead><tr><th class=\"has-text-align-left\" data-align=\"left\">Valdir Frigo Denardin<\/th><\/tr><\/thead><tbody><tr><td class=\"has-text-align-left\" data-align=\"left\">Forma\u00e7\u00e3o: Bacharel em Economia; Doutor em Desenvolvimento, Agricultura e Sociedade. <br>Curr\u00edculo Lattes: <a rel=\"noreferrer noopener\" href=\"http:\/\/lattes.cnpq.br\/0290714285197089\" target=\"_blank\">http:\/\/lattes.cnpq.br\/0290714285197089<\/a> <br>Contato: valdirfd@yahoo.com.br<\/td><\/tr><tr><td class=\"has-text-align-left\" data-align=\"left\"><strong>EXTENS\u00c3O<\/strong>: <br>. Programa de Educa\u00e7\u00e3o Tutorial Comunidades do Campo \u2013 Conex\u00f5es de Saberes.<\/td><\/tr><tr><td class=\"has-text-align-left\" data-align=\"left\"><strong>PESQUISA<\/strong>: <br>. NAPI (Novos Arranjos de Pesquisa e Inova\u00e7\u00e3o): Alimento e territ\u00f3rios;<br>. Territ\u00f3rios Sustent\u00e1veis: desenvolvimentos em espa\u00e7os rurais e intera\u00e7\u00f5es rurais e urbanas.<\/td><\/tr><\/tbody><\/table><\/figure>\n\n\n\n<p><\/p>\n","protected":false},"excerpt":{"rendered":"<p>Andr\u00e9a Maximo Esp\u00ednola Forma\u00e7\u00e3o:Curr\u00edculo Lattes: http:\/\/lattes.cnpq.br\/9703410726901513Contato: andreaespinola@yahoo.com EXTENS\u00c3O: PESQUISA:. Forma urbana e apropria\u00e7\u00e3o do espa\u00e7o em cidades litor\u00e2neas Antonio Lu\u00eds Serbena Forma\u00e7\u00e3o: Bacharel e Licenciado em Ci\u00eancias Biol\u00f3gicas; Mestre em Ecologia da Conserva\u00e7\u00e3o.Curr\u00edculo Lattes: http:\/\/lattes.cnpq.br\/0603308636339497Contato: alserbena@gmail.com EXTENS\u00c3O: PESQUISA: Eduardo Harder Forma\u00e7\u00e3o: Bacharel em Direito; Doutor em Direito.Curr\u00edculo Lattes: http:\/\/lattes.cnpq.br\/5728857684205160 Contato: eduardoharder@ufpr.br EXTENS\u00c3O: PESQUISA: .. Levantamento [&hellip;]<\/p>\n","protected":false},"author":1585,"featured_media":0,"parent":0,"menu_order":0,"comment_status":"closed","ping_status":"closed","template":"","meta":{"_acf_changed":false,"footnotes":""},"class_list":["post-215","page","type-page","status-publish","hentry"],"acf":[],"_links":{"self":[{"href":"https:\/\/litoral.ufpr.br\/ambientais\/wp-json\/wp\/v2\/pages\/215","targetHints":{"allow":["GET"]}}],"collection":[{"href":"https:\/\/litoral.ufpr.br\/ambientais\/wp-json\/wp\/v2\/pages"}],"about":[{"href":"https:\/\/litoral.ufpr.br\/ambientais\/wp-json\/wp\/v2\/types\/page"}],"author":[{"embeddable":true,"href":"https:\/\/litoral.ufpr.br\/ambientais\/wp-json\/wp\/v2\/users\/1585"}],"replies":[{"embeddable":true,"href":"https:\/\/litoral.ufpr.br\/ambientais\/wp-json\/wp\/v2\/comments?post=215"}],"version-history":[{"count":42,"href":"https:\/\/litoral.ufpr.br\/ambientais\/wp-json\/wp\/v2\/pages\/215\/revisions"}],"predecessor-version":[{"id":3220,"href":"https:\/\/litoral.ufpr.br\/ambientais\/wp-json\/wp\/v2\/pages\/215\/revisions\/3220"}],"wp:attachment":[{"href":"https:\/\/litoral.ufpr.br\/ambientais\/wp-json\/wp\/v2\/media?parent=215"}],"curies":[{"name":"wp","href":"https:\/\/api.w.org\/{rel}","templated":true}]}}