{"id":213,"date":"2018-08-09T11:04:23","date_gmt":"2018-08-09T14:04:23","guid":{"rendered":"https:\/\/litoral.ufpr.br\/ambientais\/?page_id=213"},"modified":"2025-04-07T10:41:46","modified_gmt":"2025-04-07T13:41:46","slug":"ppc","status":"publish","type":"page","link":"https:\/\/litoral.ufpr.br\/ambientais\/ppc\/","title":{"rendered":"Projeto Pedag\u00f3gico do Curso"},"content":{"rendered":"<div class=\"wp-block-image is-style-default\">\n<figure class=\"aligncenter size-full is-resized\"><img loading=\"lazy\" decoding=\"async\" src=\"https:\/\/litoral.ufpr.br\/ambientais\/wp-content\/uploads\/sites\/12\/2018\/08\/WhatsApp-Image-2018-08-09-at-13.14.08.jpeg\" alt=\"\" class=\"wp-image-246\" width=\"512\" height=\"512\" srcset=\"https:\/\/litoral.ufpr.br\/ambientais\/wp-content\/uploads\/sites\/12\/2018\/08\/WhatsApp-Image-2018-08-09-at-13.14.08.jpeg 1024w, https:\/\/litoral.ufpr.br\/ambientais\/wp-content\/uploads\/sites\/12\/2018\/08\/WhatsApp-Image-2018-08-09-at-13.14.08-150x150.jpeg 150w, https:\/\/litoral.ufpr.br\/ambientais\/wp-content\/uploads\/sites\/12\/2018\/08\/WhatsApp-Image-2018-08-09-at-13.14.08-300x300.jpeg 300w, https:\/\/litoral.ufpr.br\/ambientais\/wp-content\/uploads\/sites\/12\/2018\/08\/WhatsApp-Image-2018-08-09-at-13.14.08-768x768.jpeg 768w\" sizes=\"auto, (max-width: 512px) 100vw, 512px\" \/><\/figure><\/div>\n\n\n<div class=\"wp-block-buttons is-horizontal is-content-justification-center is-layout-flex wp-container-core-buttons-is-layout-499968f5 wp-block-buttons-is-layout-flex\">\n<div class=\"wp-block-button has-custom-font-size is-style-outline has-medium-font-size is-style-outline--1\"><a class=\"wp-block-button__link has-black-color has-text-color has-background\" href=\"https:\/\/litoral.ufpr.br\/ambientais\/wp-content\/uploads\/sites\/12\/2023\/05\/PPC_CIENCIAS_AMBIENTAIS-com-atualizacao-bibliografica.pdf\" style=\"background:radial-gradient(rgb(238,238,238) 0%,rgb(169,184,195) 100%)\" target=\"_blank\" rel=\"noreferrer noopener\"><strong>PPC<\/strong><\/a><\/div>\n\n\n\n<div class=\"wp-block-button has-custom-font-size is-style-outline has-medium-font-size is-style-outline--2\"><a class=\"wp-block-button__link has-black-color has-text-color has-background\" href=\"https:\/\/litoral.ufpr.br\/ambientais\/wp-content\/uploads\/sites\/12\/2019\/02\/Portaria-n%C2%BA259-PROGRAD.pdf\" style=\"background:radial-gradient(rgb(238,238,238) 0%,rgb(169,184,195) 100%)\" target=\"_blank\" rel=\"noreferrer noopener\"><strong>PORTARIA AJUSTE CURRICULAR<\/strong><\/a><\/div>\n\n\n\n<div class=\"wp-block-button has-custom-font-size is-style-outline has-medium-font-size is-style-outline--3\"><a class=\"wp-block-button__link has-black-color has-text-color has-background\" href=\"https:\/\/litoral.ufpr.br\/ambientais\/wp-content\/uploads\/sites\/12\/2018\/08\/cepe3118_assinada_e_publicada.pdf\" style=\"background:radial-gradient(rgb(238,238,238) 0%,rgb(169,184,195) 100%)\" target=\"_blank\" rel=\"noreferrer noopener\"><strong>RESOLU\u00c7\u00c3O CEPE<\/strong><\/a><\/div>\n<\/div>\n\n\n<hr>\n<p>O curr\u00edculo foi concebido como um sistema articulado de saberes, organizado sob a forma decomponentes curriculares obrigat\u00f3rios (N\u00facleo de Forma\u00e7\u00e3o B\u00e1sica) e optativos (N\u00facleo de Forma\u00e7\u00e3o Livre e N\u00facleo de Forma\u00e7\u00e3o Complementar), de modo a favorecer ao estudante a constru\u00e7\u00e3o de diferentes trajet\u00f3rias formativas dentro de um mesmo per\u00edodo de tempo para integraliza\u00e7\u00e3o curricular (3.000 horas, cursadas em um m\u00ednimo de 8 semestres e um m\u00e1ximo de 12 semestres).<\/p>\n<hr>\n<p><strong>N\u00facleo de Forma\u00e7\u00e3o B\u00e1sica (NFB): <\/strong><\/p>\n<p>\u00e9 constitu\u00eddo por m\u00f3dulos integrados, conforme diretrizes do Projeto Pedag\u00f3gico da UFPR Litoral, organizados segundo duas bases de conhecimentos. A primeira \u00e9 formada por conhecimentos caracter\u00edsticos do campo profissional, os quais imprimem visibilidade ao exerc\u00edcio da profiss\u00e3o (m\u00f3dulos aplicados). Ou seja, representa os saberes fundamentais voltados ao perfil profissional e objetivos do curso. A segunda integra saberes de outros campos correlatos, que sustentam esse saber aplicado. Esses m\u00f3dulos surgem a partir das tr\u00eas grandes \u00e1reas que s\u00e3o eixos estruturadores do curso: (1) Ecologia, (2) Territ\u00f3rio e (3) Sociedade, Cultura e Ambiente. Constituem o&nbsp; curr\u00edculo b\u00e1sico obrigat\u00f3rio do curso os FTPs, ICHs e PAs, totalizando 2.400 horas, ofertadas preferencialmente no turno da manh\u00e3.<\/p>\n<table style=\"height: 933px\" width=\"811\">\n<tbody>\n<tr>\n<td width=\"64\">\n<p style=\"text-align: center\">FASES<\/p>\n<\/td>\n<td style=\"text-align: center\" width=\"41\">Sem.<\/td>\n<td colspan=\"3\" width=\"372\">\n<p style=\"text-align: center\">FUNDAMENTOS TE\u00d3RICO-PR\u00c1TICOS&nbsp; (1440 h)<\/p>\n<\/td>\n<td width=\"50\">\n<p style=\"text-align: center\">ICH&nbsp; (480h)<\/p>\n<\/td>\n<td width=\"54\">\n<p style=\"text-align: center\">PA&nbsp; (480h)<\/p>\n<\/td>\n<\/tr>\n<tr>\n<td rowspan=\"2\" width=\"64\">\n<p style=\"text-align: center\">Conhecer<\/p>\n<p style=\"text-align: center\">e<\/p>\n<p style=\"text-align: center\">compreender<\/p>\n<\/td>\n<td width=\"41\">\n<p style=\"text-align: center\">1\u00b0<\/p>\n<\/td>\n<td width=\"101\">\n<p style=\"text-align: center\">Historia Ambiental<\/p>\n<\/td>\n<td width=\"142\">\n<p style=\"text-align: center\">Ecologia da Paisagem<\/p>\n<\/td>\n<td width=\"130\">\n<p style=\"text-align: center\">G\u00eanese e Transfor-ma\u00e7\u00e3o Territorial<\/p>\n<\/td>\n<td width=\"50\">\n<p style=\"text-align: center\">ICH I<\/p>\n<\/td>\n<td width=\"54\">PA&nbsp; I<\/td>\n<\/tr>\n<tr>\n<td width=\"41\">\n<p style=\"text-align: center\">2\u00b0<\/p>\n<\/td>\n<td width=\"101\">\n<p style=\"text-align: center\">Biogeografia<\/p>\n<\/td>\n<td width=\"142\">\n<p style=\"text-align: center\">Qu\u00edmica e Microbiologia<\/p>\n<\/td>\n<td width=\"130\">\n<p style=\"text-align: center\">Sociedade, Cultura e Ambiente<\/p>\n<\/td>\n<td width=\"50\">ICH II<\/td>\n<td width=\"54\">PA II<\/td>\n<\/tr>\n<tr>\n<td rowspan=\"3\" width=\"64\">\n<p style=\"text-align: center\">Compreender<\/p>\n<p style=\"text-align: center\">e Propor<\/p>\n<\/td>\n<td width=\"41\">\n<p style=\"text-align: center\">3\u00b0<\/p>\n<\/td>\n<td width=\"101\">\n<p style=\"text-align: center\">Autoecologia<\/p>\n<\/td>\n<td width=\"142\">\n<p style=\"text-align: center\">Biogeoqu\u00edmica<\/p>\n<\/td>\n<td width=\"130\">\n<p style=\"text-align: center\">Bens Comuns e Patrim\u00f4nio Ambiental<\/p>\n<\/td>\n<td width=\"50\">ICH III<\/td>\n<td width=\"54\">PA III<\/td>\n<\/tr>\n<tr>\n<td width=\"41\">\n<p style=\"text-align: center\">4\u00b0<\/p>\n<\/td>\n<td width=\"101\">\n<p style=\"text-align: center\">Demoecologia<\/p>\n<\/td>\n<td width=\"142\">\n<p style=\"text-align: center\">Sist. Informa\u00e7\u00f5es Geogr\u00e1ficas<\/p>\n<\/td>\n<td width=\"130\">\n<p style=\"text-align: center\">Ambiente e Territ\u00f3rio Urbano<\/p>\n<\/td>\n<td width=\"50\">ICH IV<\/td>\n<td width=\"54\">PA IV<\/td>\n<\/tr>\n<tr>\n<td width=\"41\">\n<p style=\"text-align: center\">5\u00b0<\/p>\n<\/td>\n<td width=\"101\">Sinecologia<\/td>\n<td width=\"142\">\n<p style=\"text-align: center\">Planejamento Territorial<\/p>\n<\/td>\n<td width=\"130\">\n<p style=\"text-align: center\">Economia Ecol\u00f3gica<\/p>\n<\/td>\n<td width=\"50\">ICH V<\/td>\n<td width=\"54\">PA V<\/td>\n<\/tr>\n<tr>\n<td rowspan=\"3\" width=\"64\">\n<p style=\"text-align: center\">Propor<\/p>\n<p style=\"text-align: center\">e agir<\/p>\n<\/td>\n<td width=\"41\">\n<p style=\"text-align: center\">6\u00b0<\/p>\n<\/td>\n<td width=\"101\">\n<p style=\"text-align: center\">Biologia da Conserva\u00e7\u00e3o<\/p>\n<\/td>\n<td width=\"142\">Gest\u00e3o Ambiental<\/td>\n<td width=\"130\">\n<p style=\"text-align: center\">Organiza\u00e7\u00f5es e Tecnologias Sociais<\/p>\n<\/td>\n<td width=\"50\">ICH VI<\/td>\n<td width=\"54\">PA VI TCC I<\/td>\n<\/tr>\n<tr>\n<td width=\"41\">\n<p style=\"text-align: center\">7\u00b0<\/p>\n<\/td>\n<td width=\"101\">\n<p style=\"text-align: center\">Aval. &nbsp;Impactos ambientais<\/p>\n<\/td>\n<td width=\"142\">\n<p style=\"text-align: center\">An\u00e1lise integrada Bacias Hidrogr\u00e1ficas<\/p>\n<\/td>\n<td width=\"130\">\n<p style=\"text-align: center\">Ecologia Pol\u00edtica e Justi\u00e7a Ambiental<\/p>\n<\/td>\n<td width=\"50\">\n<p style=\"text-align: center\">ICH&nbsp; &nbsp;VII<\/p>\n<\/td>\n<td width=\"54\">PA VII TCC II<\/td>\n<\/tr>\n<tr>\n<td width=\"41\">\n<p style=\"text-align: center\">8\u00b0<\/p>\n<\/td>\n<td width=\"101\">\n<p style=\"text-align: center\">Manejo \u00c1reas protegidas<\/p>\n<\/td>\n<td width=\"142\">\n<p style=\"text-align: center\">Projetos de An\u00e1lise e Monitoramento Amb<\/p>\n<\/td>\n<td width=\"130\">\n<p style=\"text-align: center\">Ecodesenvolvimento e Territ\u00f3rio<\/p>\n<\/td>\n<td width=\"50\">\n<p style=\"text-align: center\">ICH VIII<\/p>\n<\/td>\n<td width=\"54\">PA VIII TCC III<\/td>\n<\/tr>\n<\/tbody>\n<\/table>\n<hr>\n<p><strong>&nbsp;MATRIZ DE OPTATIVAS:<\/strong><\/p>\n<p>A matriz de optativas serve \u00e0s forma\u00e7\u00f5es livres e \u00e0s forma\u00e7\u00f5es complementares, sendo que a sele\u00e7\u00e3o de no m\u00ednimo 180 horas de optativas dentre as op\u00e7\u00f5es (e at\u00e9 360h), com coer\u00eancia pedag\u00f3gica e orientada pelo desejo de um itiner\u00e1rio formativo do estudante, guiado por seu Projeto de Aprendizagem e TCC, conduz a uma Certifica\u00e7\u00e3o Complementar (vide Metodologia).<\/p>\n<p>FTPs optativos do Curso de Bacharelado em Ci\u00eancias Ambientais<br>SLCA01 &#8211; ALTERNATIVIDADES EM ECOSSOCIOECONOMIA (60h)<br>SLCA02 &#8211; AMBIENTE MARINHO E ZONA COSTEIRA (60h)<br>SLCA03 &#8211; AN\u00c1LISE AMBIENTAL DO TURISMO (60h)<br>SLCA04 &#8211; BIOLOGIA EVOLUTIVA (30h)<br>SLCA05 &#8211; BIOPROSPEC\u00c7\u00c3O DE PRODUTOS NATURAIS (60h)<br>SLCA06 &#8211; DIREITO AMBIENTAL (30h)<br>SLCA07 &#8211; DIREITOS HUMANOS, POVOS E COLETIVIDADES TRADICIONAIS (30h)<br>SLCA08 &#8211; ECOLOGIA COMPORTAMENTAL (30h)<br>SLCA09 &#8211; ECOLOGIA DE CAMPO (90h)<br>SLCA10 &#8211; ECOLOGIA PROFUNDA (30h)<br>SLCA11 &#8211; ECOLOGIA VEGETAL (60h)<br>SLCA12 &#8211; EDUCA\u00c7\u00c3O AMBIENTAL (60h)<br>SLCA13 &#8211; ETNOECOLOGIA (30h)<br>SLCA14 &#8211; MASTOZOOLOGIA (60h)<br>SLCA15 &#8211; MICROBIOLOGIA E ECOLOGIA MOLECULAR (60h)<br>SLCA16 &#8211; ORNITOLOGIA (30h)<br>SLCA17 &#8211; QU\u00cdMICA E MICROBIOLOGIA AMBIENTAL ANAL\u00cdTICA E INSTRUMENTAL (60h)<br>SLCA18 &#8211; RECUPERA\u00c7\u00c3O DE \u00c1REAS DEGRADADAS (60h)<br>SLCA19 &#8211; SERVI\u00c7OS ECOSSIST\u00caMICOS (60h)<br>SLCA20 &#8211; TURISMO EM \u00c1REAS PROTEGIDAS (30h)<br>SL85 \u2013 INTRODU\u00c7\u00c3O \u00c0 L\u00cdNGUA BRASILEIRA DE SINAIS \u2013 LIBRAS \u2013 (30h)<\/p>\n<hr>\n<p><b>N\u00daCLEO DE FORMA\u00c7\u00c3O COMPLEMENTAR CERTIFICADA (FCC)<\/b><\/p>\n<p>Considerando a rela\u00e7\u00e3o supracitada de op\u00e7\u00f5es de fundamentos te\u00f3rico-pr\u00e1ticos que podem ser cursadas pelos estudantes no contra turno dos componentes curriculares obrigat\u00f3rios, h\u00e1 numerosas op\u00e7\u00f5es de m\u00f3dulos de um mesmo curso ou de cursos diferentes, que combinados conduzir\u00e3o a uma forma\u00e7\u00e3o complementar. A certifica\u00e7\u00e3o da forma\u00e7\u00e3o complementar ser\u00e1 concedida a(o) estudante que cursar e for aprovada(o) em pelo menos 180 horas de fundamentos te\u00f3rico-pr\u00e1ticos (e at\u00e9 360h) selecionados entre as optativas apresentadas, com coer\u00eancia pedag\u00f3gica com o tema do Projeto de Aprendizagem e com uma das Forma\u00e7\u00f5es Complementares aqui propostas, quais sejam:<\/p>\n<p>1 \u2013 Gest\u00e3o Ambiental<br>2 \u2013 Projetos Socioambientais<br>3 \u2013 Ecologia e An\u00e1lise Ambiental<br>4 \u2013 Gest\u00e3o P\u00fablica<br>5 \u2013 Gest\u00e3o Territorial<\/p>\n<p>Os fios condutores dessa forma\u00e7\u00e3o (e das escolhas) devem ser o Projeto de Aprendizagem (PA) e o Trabalho de Conclus\u00e3o de Curso (TCC). A proposta de obten\u00e7\u00e3o de um Certificado de Forma\u00e7\u00e3o Complementar parte de proposi\u00e7\u00e3o do aluno, sob orienta\u00e7\u00e3o de um(a) docente\/mediador(a), preferencialmente a partir do 5\u00ba per\u00edodo do curso at\u00e9 o 7\u00ba per\u00edodo, condicionada \u00e0 an\u00e1lise e aprova\u00e7\u00e3o da C\u00e2mara do curso. A C\u00e2mara do curso avaliar\u00e1 a proposta com base na sua coer\u00eancia pedag\u00f3gica e na verifica\u00e7\u00e3o da oferta de vagas nos m\u00f3dulos pretendidos, bem como na periodiza\u00e7\u00e3o do estudante e no cronograma e turno de oferta dos m\u00f3dulos, de modo a n\u00e3o aumentar o tempo de integraliza\u00e7\u00e3o curricular (reten\u00e7\u00e3o). Ainda nesse sentido, durante o curso o estudante dever\u00e1 optar por apenas uma forma\u00e7\u00e3o complementar.<\/p>\n<hr>\n<p><strong>TRABALHO DE CONCLUS\u00c3O DE CURSO<\/strong><\/p>\n<p>O Trabalho de Conclus\u00e3o de Curso (TCC) tem por finalidade oportunizar ao aluno do Curso de Ci\u00eancias Ambientais a integra\u00e7\u00e3o e sistematiza\u00e7\u00e3o de conte\u00fadose experi\u00eancias desenvolvidos e apropriados ao longo da periodiza\u00e7\u00e3o curricular, a partir de fundamenta\u00e7\u00e3o te\u00f3rica e metodol\u00f3gica orientada pelos docentes do curso. A carga hor\u00e1ria ser\u00e1 de 180 horas e a oferta est\u00e1 prevista para o sexto (TCC I), s\u00e9timo (TCC II) e o oitavo per\u00edodos (TCC III), correspondendo respectivamente ao PA VI, PA VII e PA VIII. O Regulamento do TCC consta no Anexo II deste PPC, pelo qual s\u00e3o estabelecidas as normas para orienta\u00e7\u00e3o e elabora\u00e7\u00e3o do trabalho, bem como para apresenta\u00e7\u00e3o, defesa e avalia\u00e7\u00e3o.<\/p>\n<hr>\n<p>Acesse o Projeto Pedag\u00f3gico do Curso de Bacharelado em Ci\u00eancias Ambientais<\/p>\n<p><a href=\"https:\/\/litoral.ufpr.br\/ambientais\/wp-content\/uploads\/sites\/12\/2023\/05\/PPC_CIENCIAS_AMBIENTAIS-com-atualizacao-bibliografica.pdf\"><span style=\"color: #000000\"><span style=\"color: #0000ff\">PPC Implanta\u00e7\u00e3o_Ci\u00eancias Ambientais<\/span><\/span><\/a><\/p>\n<p><span style=\"color: #0000ff\"><a href=\"https:\/\/litoral.ufpr.br\/ambientais\/wp-content\/uploads\/sites\/12\/2019\/02\/Portaria-n\u00ba259-PROGRAD.pdf\"><span style=\"color: #0000ff\">Portaria n\u00ba259-PROGRAD<\/span><\/a><\/span><\/p>\n<p><span style=\"color: #0000ff\"><a style=\"color: #0000ff\" href=\"https:\/\/litoral.ufpr.br\/ambientais\/wp-content\/uploads\/sites\/12\/2018\/08\/cepe3118_assinada_e_publicada.pdf\">Resolu\u00e7\u00e3o n\u00ba 31\/18 CEPE<\/a><\/span><\/p>\n\n\n<div data-wp-interactive=\"core\/file\" class=\"wp-block-file\"><object data-wp-bind--hidden=\"!state.hasPdfPreview\" hidden class=\"wp-block-file__embed\" data=\"https:\/\/litoral.ufpr.br\/ambientais\/wp-content\/uploads\/sites\/12\/2024\/02\/Fluxograma-CA-antigo-1.pdf\" type=\"application\/pdf\" style=\"width:100%;height:600px\" aria-label=\"Incorporado de Incorporado de Fluxograma PPC 2017..\"><\/object><a id=\"wp-block-file--media-b4311075-9cac-42c7-b514-503981ea8248\" href=\"https:\/\/litoral.ufpr.br\/ambientais\/wp-content\/uploads\/sites\/12\/2024\/02\/Fluxograma-CA-antigo-1.pdf\">Fluxograma PPC 2017<\/a><a href=\"https:\/\/litoral.ufpr.br\/ambientais\/wp-content\/uploads\/sites\/12\/2024\/02\/Fluxograma-CA-antigo-1.pdf\" class=\"wp-block-file__button\" download aria-describedby=\"wp-block-file--media-b4311075-9cac-42c7-b514-503981ea8248\">Baixar<\/a><\/div>\n\n\n\n<hr class=\"wp-block-separator has-css-opacity\" \/>\n\n\n\n<p>Confira o Projeto Pedag\u00f3gico do Curso  de Ci\u00eancias Ambientais 2024 <\/p>\n\n\n\n<ul class=\"wp-block-list\"><li><a href=\"https:\/\/litoral.ufpr.br\/ambientais\/wp-content\/uploads\/sites\/12\/2025\/02\/PPC.pdf\" data-type=\"URL\" data-id=\"https:\/\/litoral.ufpr.br\/ambientais\/wp-content\/uploads\/sites\/12\/2025\/02\/PPC.pdf\">Projeto Pedag\u00f3gico do Curso (PPC) de 2024<\/a> <\/li><li><a href=\"https:\/\/litoral.ufpr.br\/ambientais\/wp-content\/uploads\/sites\/12\/2025\/04\/Ementas-PPC-2024_Ciencias-Ambientais.pdf\" data-type=\"URL\" data-id=\"https:\/\/litoral.ufpr.br\/ambientais\/wp-content\/uploads\/sites\/12\/2025\/04\/Ementas-PPC-2024_Ciencias-Ambientais.pdf\">Ementas do PPC 2024<\/a><\/li><li><a href=\"https:\/\/litoral.ufpr.br\/ambientais\/wp-content\/uploads\/sites\/12\/2024\/02\/Matriz-curricular-2024-1.pdf\">Matriz curricular de 2024<\/a><\/li><li><a href=\"https:\/\/litoral.ufpr.br\/ambientais\/wp-content\/uploads\/sites\/12\/2024\/02\/Fluxograma-CA-2024.pdf\">Fluxograma<\/a><\/li><\/ul>\n\n\n\n<div data-wp-interactive=\"core\/file\" class=\"wp-block-file\"><object data-wp-bind--hidden=\"!state.hasPdfPreview\" hidden class=\"wp-block-file__embed\" data=\"https:\/\/litoral.ufpr.br\/ambientais\/wp-content\/uploads\/sites\/12\/2024\/02\/Fluxograma-CA-2024.pdf\" type=\"application\/pdf\" style=\"width:100%;height:600px\" aria-label=\"Incorporado de Incorporado de Fluxograma CA 2024..\"><\/object><a id=\"wp-block-file--media-b81dced4-907d-42c8-a447-5a7e9e6bd5c4\" href=\"https:\/\/litoral.ufpr.br\/ambientais\/wp-content\/uploads\/sites\/12\/2024\/02\/Fluxograma-CA-2024.pdf\">Fluxograma CA 2024<\/a><a href=\"https:\/\/litoral.ufpr.br\/ambientais\/wp-content\/uploads\/sites\/12\/2024\/02\/Fluxograma-CA-2024.pdf\" class=\"wp-block-file__button\" download aria-describedby=\"wp-block-file--media-b81dced4-907d-42c8-a447-5a7e9e6bd5c4\">Baixar<\/a><\/div>\n","protected":false},"excerpt":{"rendered":"<p>O curr\u00edculo foi concebido como um sistema articulado de saberes, organizado sob a forma decomponentes curriculares obrigat\u00f3rios (N\u00facleo de Forma\u00e7\u00e3o B\u00e1sica) e optativos (N\u00facleo de Forma\u00e7\u00e3o Livre e N\u00facleo de Forma\u00e7\u00e3o Complementar), de modo a favorecer ao estudante a constru\u00e7\u00e3o de diferentes trajet\u00f3rias formativas dentro de um mesmo per\u00edodo de tempo para integraliza\u00e7\u00e3o curricular (3.000 [&hellip;]<\/p>\n","protected":false},"author":1585,"featured_media":0,"parent":0,"menu_order":0,"comment_status":"closed","ping_status":"closed","template":"","meta":{"_acf_changed":false,"footnotes":""},"class_list":["post-213","page","type-page","status-publish","hentry"],"acf":[],"_links":{"self":[{"href":"https:\/\/litoral.ufpr.br\/ambientais\/wp-json\/wp\/v2\/pages\/213","targetHints":{"allow":["GET"]}}],"collection":[{"href":"https:\/\/litoral.ufpr.br\/ambientais\/wp-json\/wp\/v2\/pages"}],"about":[{"href":"https:\/\/litoral.ufpr.br\/ambientais\/wp-json\/wp\/v2\/types\/page"}],"author":[{"embeddable":true,"href":"https:\/\/litoral.ufpr.br\/ambientais\/wp-json\/wp\/v2\/users\/1585"}],"replies":[{"embeddable":true,"href":"https:\/\/litoral.ufpr.br\/ambientais\/wp-json\/wp\/v2\/comments?post=213"}],"version-history":[{"count":40,"href":"https:\/\/litoral.ufpr.br\/ambientais\/wp-json\/wp\/v2\/pages\/213\/revisions"}],"predecessor-version":[{"id":3227,"href":"https:\/\/litoral.ufpr.br\/ambientais\/wp-json\/wp\/v2\/pages\/213\/revisions\/3227"}],"wp:attachment":[{"href":"https:\/\/litoral.ufpr.br\/ambientais\/wp-json\/wp\/v2\/media?parent=213"}],"curies":[{"name":"wp","href":"https:\/\/api.w.org\/{rel}","templated":true}]}}