{"id":1282,"date":"2021-12-27T10:55:39","date_gmt":"2021-12-27T13:55:39","guid":{"rendered":"https:\/\/litoral.ufpr.br\/ambientais\/?page_id=1282"},"modified":"2021-12-28T11:22:58","modified_gmt":"2021-12-28T14:22:58","slug":"ftp","status":"publish","type":"page","link":"https:\/\/litoral.ufpr.br\/ambientais\/ftp\/","title":{"rendered":"FTP"},"content":{"rendered":"\n<p><strong>Fundamentos Te\u00f3rico Pr\u00e1ticos&nbsp;<\/strong><\/p>\n\n\n\n<p>Na UFPR Litoral os conhecimentos cient\u00edficos s\u00e3o trabalhados como meios no processo de forma\u00e7\u00e3o, em m\u00f3dulos semestrais. <\/p>\n\n\n\n<p>Eles atendem \u00e0s diretrizes curriculares de cada curso e propiciam os saberes necess\u00e1rios ao desenvolvimento dos Projetos de Aprendizagem. <\/p>\n\n\n\n<p>Os estudantes s\u00e3o preparados para a pesquisa cient\u00edfica de car\u00e1ter interdisciplinar e multidisciplinar, al\u00e9m de terem acesso \u00e0 forma\u00e7\u00e3o filos\u00f3fica, pol\u00edtica e humana, para se tornarem capazes de atuar em situa\u00e7\u00f5es concretas na sociedade globalizada.<\/p>\n\n\n\n<p><\/p>\n\n\n\n<figure class=\"wp-block-table\"><table><tbody><tr><td>1\u00ba Per\u00edodo <\/td><td>SLCA101<\/td><td>HIST\u00d3RIA AMBIENTAL<\/td><\/tr><tr><td>1\u00ba Per\u00edodo <\/td><td>SLCA102<\/td><td>ECOLOGIA DA PAISAGEM<\/td><\/tr><tr><td>1\u00ba Per\u00edodo <\/td><td>SLCA103<\/td><td>G\u00caNESE E TRANSFORMA\u00c7\u00c3O TERRITORIAL<\/td><\/tr><tr><td>2\u00ba Per\u00edodo <\/td><td>SLCA201<\/td><td>BIOGEOGRAFIA<\/td><\/tr><tr><td>2\u00ba Per\u00edodo <\/td><td>SLCA202<\/td><td>QU\u00cdMICA E MICROBIOLOGIA AMBIENTAL<\/td><\/tr><tr><td>2\u00ba Per\u00edodo <\/td><td>SLCA203<\/td><td>SOCIEDADE, CULTURA E AMBIENTE<\/td><\/tr><tr><td>3\u00ba Per\u00edodo <\/td><td>SLCA301<\/td><td>AUTOECOLOGIA<\/td><\/tr><tr><td>3\u00ba Per\u00edodo <\/td><td>SLCA302<\/td><td>BIOGEOQU\u00cdMICA<\/td><\/tr><tr><td>3\u00ba Per\u00edodo <\/td><td>SLCA303<\/td><td>BENS COMUNS E PATRIM\u00d4NIO AMBIENTAL<\/td><\/tr><tr><td>4\u00ba Per\u00edodo <\/td><td>SLCA401<\/td><td>DEMOECOLOGIA<\/td><\/tr><tr><td>4\u00ba Per\u00edodo <\/td><td>SLCA402<\/td><td>SISTEMA DE INFORMA\u00c7\u00d5ES GEOGR\u00c1FICAS<\/td><\/tr><tr><td>4\u00ba Per\u00edodo <\/td><td>SLCA403<\/td><td>AMBIENTE E TERRIT\u00d3RIO URBANO<\/td><\/tr><tr><td>5\u00ba Per\u00edodo <\/td><td>SLCA501<\/td><td>SINECOLOGIA<\/td><\/tr><tr><td>5\u00ba Per\u00edodo <\/td><td>SLCA502<\/td><td>PLANEJAMENTO TERRITORIAL<\/td><\/tr><tr><td>5\u00ba Per\u00edodo <\/td><td>SLCA503<\/td><td>ECONOMIA ECOL\u00d3GICA<\/td><\/tr><tr><td>6\u00ba Per\u00edodo <\/td><td>SLCA601<\/td><td>BIOLOGIA DA CONSERVA\u00c7\u00c3O<\/td><\/tr><tr><td>6\u00ba Per\u00edodo <\/td><td>SLCA602<\/td><td>GEST\u00c3O AMBIENTAL<\/td><\/tr><tr><td>6\u00ba Per\u00edodo <\/td><td>SLCA603<\/td><td>ORGANIZA\u00c7\u00d5ES E TECNOLOGIAS SOCIAIS<\/td><\/tr><tr><td>7\u00ba Per\u00edodo <\/td><td>SLCA701<\/td><td>AVALIA\u00c7\u00c3O DE IMPACTOS AMBIENTAIS<\/td><\/tr><tr><td>7\u00ba Per\u00edodo <\/td><td>SLCA702<\/td><td>AN\u00c1LISE INTEGRADA DE BACIAS HIDROGR\u00c1FICAS<\/td><\/tr><tr><td>7\u00ba Per\u00edodo <\/td><td>SLCA703<\/td><td>ECOLOGIA POL\u00cdTICA E JUSTI\u00c7A AMBIENTAL<\/td><\/tr><tr><td>8\u00ba Per\u00edodo <\/td><td>SLCA801<\/td><td>MANEJO DE \u00c1REAS PROTEGIDAS<\/td><\/tr><tr><td>8\u00ba Per\u00edodo <\/td><td>SLCA802<\/td><td>PROJETOS DE AN\u00c1LISE E MONITORAMENTO AMBIENTAL<\/td><\/tr><tr><td>8\u00ba Per\u00edodo <\/td><td>SLCA803<\/td><td>ECODESENVOLVIMENTO E TERRIT\u00d3RIO<\/td><\/tr><\/tbody><\/table><\/figure>\n","protected":false},"excerpt":{"rendered":"<p>Fundamentos Te\u00f3rico Pr\u00e1ticos&nbsp; Na UFPR Litoral os conhecimentos cient\u00edficos s\u00e3o trabalhados como meios no processo de forma\u00e7\u00e3o, em m\u00f3dulos semestrais. Eles atendem \u00e0s diretrizes curriculares de cada curso e propiciam os saberes necess\u00e1rios ao desenvolvimento dos Projetos de Aprendizagem. Os estudantes s\u00e3o preparados para a pesquisa cient\u00edfica de car\u00e1ter interdisciplinar e multidisciplinar, al\u00e9m de terem [&hellip;]<\/p>\n","protected":false},"author":1610,"featured_media":0,"parent":0,"menu_order":0,"comment_status":"closed","ping_status":"closed","template":"","meta":{"_acf_changed":false,"footnotes":""},"class_list":["post-1282","page","type-page","status-publish","hentry"],"acf":[],"_links":{"self":[{"href":"https:\/\/litoral.ufpr.br\/ambientais\/wp-json\/wp\/v2\/pages\/1282","targetHints":{"allow":["GET"]}}],"collection":[{"href":"https:\/\/litoral.ufpr.br\/ambientais\/wp-json\/wp\/v2\/pages"}],"about":[{"href":"https:\/\/litoral.ufpr.br\/ambientais\/wp-json\/wp\/v2\/types\/page"}],"author":[{"embeddable":true,"href":"https:\/\/litoral.ufpr.br\/ambientais\/wp-json\/wp\/v2\/users\/1610"}],"replies":[{"embeddable":true,"href":"https:\/\/litoral.ufpr.br\/ambientais\/wp-json\/wp\/v2\/comments?post=1282"}],"version-history":[{"count":4,"href":"https:\/\/litoral.ufpr.br\/ambientais\/wp-json\/wp\/v2\/pages\/1282\/revisions"}],"predecessor-version":[{"id":1423,"href":"https:\/\/litoral.ufpr.br\/ambientais\/wp-json\/wp\/v2\/pages\/1282\/revisions\/1423"}],"wp:attachment":[{"href":"https:\/\/litoral.ufpr.br\/ambientais\/wp-json\/wp\/v2\/media?parent=1282"}],"curies":[{"name":"wp","href":"https:\/\/api.w.org\/{rel}","templated":true}]}}