{"id":1280,"date":"2021-12-27T10:55:39","date_gmt":"2021-12-27T13:55:39","guid":{"rendered":"https:\/\/litoral.ufpr.br\/ambientais\/?page_id=1280"},"modified":"2022-01-24T09:25:40","modified_gmt":"2022-01-24T12:25:40","slug":"ich","status":"publish","type":"page","link":"https:\/\/litoral.ufpr.br\/ambientais\/ich\/","title":{"rendered":"ICH"},"content":{"rendered":"\n<p><strong>Intera\u00e7\u00f5es Culturais e Human\u00edsticas<\/strong><\/p>\n\n\n\n<div class=\"wp-block-group\"><div class=\"wp-block-group__inner-container is-layout-flow wp-block-group-is-layout-flow\">\n<p>S\u00e3o atividades que promovem a intera\u00e7\u00e3o vertical (estudantes em fases diferentes dos cursos) e horizontal (estudantes de cursos diferentes no mesmo espa\u00e7o). <\/p>\n\n\n\n<p>Nessas Intera\u00e7\u00f5es, constru\u00eddas sim\u00e9trica e dialogicamente entre estudantes, comunidades e servidores, s\u00e3o valorizados os diferentes saberes e lugares culturais que comp\u00f5em a vida social. <\/p>\n\n\n\n<p>Os saberes s\u00e3o problematizados, fortalecendo compromissos \u00e9ticos e pol\u00edticos, visando \u00e0 viv\u00eancia e o adensamento de rela\u00e7\u00f5es autogestion\u00e1rias.<\/p>\n\n\n\n<div class=\"wp-block-group\"><div class=\"wp-block-group__inner-container is-layout-flow wp-block-group-is-layout-flow\">\n<div class=\"wp-block-columns is-layout-flex wp-container-core-columns-is-layout-9d6595d7 wp-block-columns-is-layout-flex\">\n<div class=\"wp-block-column is-layout-flow wp-block-column-is-layout-flow\" style=\"flex-basis:100%\">\n<figure class=\"wp-block-table\"><table><tbody><tr><td>1\u00ba Per\u00edodo<\/td><td>SL52<\/td><td>INTERA\u00c7\u00d5ES CULTURAIS E HUMAN\u00cdSTICAS;<\/td><\/tr><tr><td>2\u00ba Per\u00edodo <\/td><td>SL53<\/td><td>INTERA\u00c7\u00d5ES CULTURAIS E HUMAN\u00cdSTICAS;<\/td><\/tr><tr><td>3\u00ba Per\u00edodo <\/td><td>SL54<\/td><td>INTERA\u00c7\u00d5ES CULTURAIS E HUMAN\u00cdSTICAS;<\/td><\/tr><tr><td>4\u00ba Per\u00edodo <\/td><td>SL55<\/td><td>INTERA\u00c7\u00d5ES CULTURAIS E HUMAN\u00cdSTICAS;<\/td><\/tr><tr><td>5\u00ba Per\u00edodo <\/td><td>SL56<\/td><td>INTERA\u00c7\u00d5ES CULTURAIS E HUMAN\u00cdSTICAS;<\/td><\/tr><tr><td>6\u00ba Per\u00edodo <\/td><td>SL57<\/td><td>INTERA\u00c7\u00d5ES CULTURAIS E HUMAN\u00cdSTICAS;<\/td><\/tr><tr><td>7\u00ba Per\u00edodo <\/td><td>SL58<\/td><td>INTERA\u00c7\u00d5ES CULTURAIS E HUMAN\u00cdSTICAS;<\/td><\/tr><tr><td>8\u00ba Per\u00edodo <\/td><td>SL59<\/td><td>INTERA\u00c7\u00d5ES CULTURAIS E HUMAN\u00cdSTICAS.<\/td><\/tr><\/tbody><\/table><\/figure>\n\n\n\n<p class=\"has-text-align-center\"><strong>CLICK NOS LINKS PARA CONHECER AS OFERTAS DE CADA SEMESTRE<\/strong><\/p>\n\n\n\n<p class=\"has-text-align-center\"><a href=\"https:\/\/litoral.ufpr.br\/ambientais\/2022\/01\/24\/oferta-de-ichs-para-o-semestre-2021-2\/\" data-type=\"URL\" data-id=\"https:\/\/litoral.ufpr.br\/ambientais\/2022\/01\/24\/oferta-de-ichs-para-o-semestre-2021-2\/\">OFERTA ICH &#8211; 2\u00ba SEMESTRE 2021<\/a><\/p>\n<\/div>\n<\/div>\n<\/div><\/div>\n<\/div><\/div>\n","protected":false},"excerpt":{"rendered":"<p>Intera\u00e7\u00f5es Culturais e Human\u00edsticas S\u00e3o atividades que promovem a intera\u00e7\u00e3o vertical (estudantes em fases diferentes dos cursos) e horizontal (estudantes de cursos diferentes no mesmo espa\u00e7o). Nessas Intera\u00e7\u00f5es, constru\u00eddas sim\u00e9trica e dialogicamente entre estudantes, comunidades e servidores, s\u00e3o valorizados os diferentes saberes e lugares culturais que comp\u00f5em a vida social. Os saberes s\u00e3o problematizados, fortalecendo [&hellip;]<\/p>\n","protected":false},"author":1610,"featured_media":0,"parent":0,"menu_order":0,"comment_status":"closed","ping_status":"closed","template":"","meta":{"_acf_changed":false,"footnotes":""},"class_list":["post-1280","page","type-page","status-publish","hentry"],"acf":[],"_links":{"self":[{"href":"https:\/\/litoral.ufpr.br\/ambientais\/wp-json\/wp\/v2\/pages\/1280","targetHints":{"allow":["GET"]}}],"collection":[{"href":"https:\/\/litoral.ufpr.br\/ambientais\/wp-json\/wp\/v2\/pages"}],"about":[{"href":"https:\/\/litoral.ufpr.br\/ambientais\/wp-json\/wp\/v2\/types\/page"}],"author":[{"embeddable":true,"href":"https:\/\/litoral.ufpr.br\/ambientais\/wp-json\/wp\/v2\/users\/1610"}],"replies":[{"embeddable":true,"href":"https:\/\/litoral.ufpr.br\/ambientais\/wp-json\/wp\/v2\/comments?post=1280"}],"version-history":[{"count":4,"href":"https:\/\/litoral.ufpr.br\/ambientais\/wp-json\/wp\/v2\/pages\/1280\/revisions"}],"predecessor-version":[{"id":1729,"href":"https:\/\/litoral.ufpr.br\/ambientais\/wp-json\/wp\/v2\/pages\/1280\/revisions\/1729"}],"wp:attachment":[{"href":"https:\/\/litoral.ufpr.br\/ambientais\/wp-json\/wp\/v2\/media?parent=1280"}],"curies":[{"name":"wp","href":"https:\/\/api.w.org\/{rel}","templated":true}]}}