{"id":1279,"date":"2021-12-27T10:55:39","date_gmt":"2021-12-27T13:55:39","guid":{"rendered":"https:\/\/litoral.ufpr.br\/ambientais\/?page_id=1279"},"modified":"2022-01-12T12:18:57","modified_gmt":"2022-01-12T15:18:57","slug":"projeto-de-aprendizagem","status":"publish","type":"page","link":"https:\/\/litoral.ufpr.br\/ambientais\/projeto-de-aprendizagem\/","title":{"rendered":"Projeto de Aprendizagem"},"content":{"rendered":"\n<p><strong>Projetos de Aprendizagem<\/strong><\/p>\n\n\n\n<p class=\"has-text-align-left\">Na UFPR Litoral, cada estudante constr\u00f3i seu Projeto de Aprendizagem (PA), desde o primeiro ano de ingresso na Universidade. <\/p>\n\n\n\n<p class=\"has-text-align-left\">Os PAs permitem que os indiv\u00edduos construam o seu conhecimento de maneira integrada, percebendo criticamente a realidade. <\/p>\n\n\n\n<p class=\"has-text-align-left\">O estudante alia o aprofundamento metodol\u00f3gico e cient\u00edfico \u00e0 prepara\u00e7\u00e3o para o exerc\u00edcio profissional, desenvolvendo habilidades de auto-organiza\u00e7\u00e3o e produtividade.<\/p>\n\n\n\n<figure class=\"wp-block-table\"><table><tbody><tr><td>1\u00ba Per\u00edodo<\/td><td>SLCA104<\/td><td>PROJETOS DE APRENDIZAGEM I;<\/td><\/tr><tr><td>2\u00ba Per\u00edodo <\/td><td>SLCA204 <\/td><td>PROJETOS DE APRENDIZAGEM II;<\/td><\/tr><tr><td>3\u00ba Per\u00edodo <\/td><td>SLCA304 <\/td><td>PROJETOS DE APRENDIZAGEM III;<\/td><\/tr><tr><td>4\u00ba Per\u00edodo <\/td><td>SLCA404 <\/td><td>PROJETOS DE APRENDIZAGEM IV;<\/td><\/tr><tr><td>5\u00ba Per\u00edodo <\/td><td>SLCA504 <\/td><td>PROJETOS DE APRENDIZAGEM V;<\/td><\/tr><tr><td>6\u00ba Per\u00edodo <\/td><td>SLCA604 <\/td><td>PROJETOS DE APRENDIZAGEM VI &#8211; TCC I;<\/td><\/tr><tr><td>7\u00ba Per\u00edodo <\/td><td>SLCA704 <\/td><td>PROJETOS DE APRENDIZAGEM VII &#8211; TCC II;<\/td><\/tr><tr><td>8\u00ba Per\u00edodo <\/td><td>SLCA804 <\/td><td>PROJETOS DE APRENDIZAGEM VIII &#8211; TCC III;<\/td><\/tr><\/tbody><\/table><\/figure>\n","protected":false},"excerpt":{"rendered":"<p>Projetos de Aprendizagem Na UFPR Litoral, cada estudante constr\u00f3i seu Projeto de Aprendizagem (PA), desde o primeiro ano de ingresso na Universidade. Os PAs permitem que os indiv\u00edduos construam o seu conhecimento de maneira integrada, percebendo criticamente a realidade. O estudante alia o aprofundamento metodol\u00f3gico e cient\u00edfico \u00e0 prepara\u00e7\u00e3o para o exerc\u00edcio profissional, desenvolvendo habilidades [&hellip;]<\/p>\n","protected":false},"author":1610,"featured_media":0,"parent":0,"menu_order":0,"comment_status":"closed","ping_status":"closed","template":"","meta":{"_acf_changed":false,"footnotes":""},"class_list":["post-1279","page","type-page","status-publish","hentry"],"acf":[],"_links":{"self":[{"href":"https:\/\/litoral.ufpr.br\/ambientais\/wp-json\/wp\/v2\/pages\/1279","targetHints":{"allow":["GET"]}}],"collection":[{"href":"https:\/\/litoral.ufpr.br\/ambientais\/wp-json\/wp\/v2\/pages"}],"about":[{"href":"https:\/\/litoral.ufpr.br\/ambientais\/wp-json\/wp\/v2\/types\/page"}],"author":[{"embeddable":true,"href":"https:\/\/litoral.ufpr.br\/ambientais\/wp-json\/wp\/v2\/users\/1610"}],"replies":[{"embeddable":true,"href":"https:\/\/litoral.ufpr.br\/ambientais\/wp-json\/wp\/v2\/comments?post=1279"}],"version-history":[{"count":6,"href":"https:\/\/litoral.ufpr.br\/ambientais\/wp-json\/wp\/v2\/pages\/1279\/revisions"}],"predecessor-version":[{"id":1600,"href":"https:\/\/litoral.ufpr.br\/ambientais\/wp-json\/wp\/v2\/pages\/1279\/revisions\/1600"}],"wp:attachment":[{"href":"https:\/\/litoral.ufpr.br\/ambientais\/wp-json\/wp\/v2\/media?parent=1279"}],"curies":[{"name":"wp","href":"https:\/\/api.w.org\/{rel}","templated":true}]}}